{"id":16959,"date":"2025-01-10T11:37:12","date_gmt":"2025-01-10T03:37:12","guid":{"rendered":"https:\/\/www.luleey.com\/?page_id=16959"},"modified":"2025-01-11T15:53:56","modified_gmt":"2025-01-11T07:53:56","slug":"industrial-switches-engineered-for-extremes-luleey","status":"publish","type":"page","link":"https:\/\/www.luleey.com\/de\/products\/industrial-switches-engineered-for-extremes-luleey\/","title":{"rendered":"Industrielle Schalter f\u00fcr extreme Bedingungen | LuLeey"},"content":{"rendered":"<div id=\"wd-078ce4bd\" class=\"wp-block-wd-section\">\n<div id=\"wd-95e07b63\" class=\"wp-block-wd-row\">\n<div id=\"wd-fc104ae5\" class=\"wp-block-wd-column wd-align\">\n<h2 id=\"wd-75f18b6d\" class=\"wp-block-wd-title title\">Warum Luleey Industrieschalter<\/h2>\n\n\n\n<p id=\"wd-9d0356d0\" class=\"wp-block-wd-paragraph wd-custom-width\">hochwertige Industrieschalter, die extremen Bedingungen standhalten.<\/p>\n\n\n\n<p id=\"wd-d3afcd33\" class=\"wp-block-wd-paragraph\">Erfahren Sie mehr \u00fcber unser Know-how im Bereich der industriellen Netzwerke und wie unsere Switches Ihre betriebliche Effizienz steigern k\u00f6nnen.<\/p>\n\n\n\n<a id=\"wd-efe0a462\" class=\"wp-block-wd-button btn btn-style-default btn-color-primary btn-size-default btn-shape-semi-round\" href=\"https:\/\/www.luleey.com\/de\/produkt-kategorie-2\/switches\/industrial-switches\/\"><span>Industrielle Schalter-Serie<\/span><\/a>\n<\/div>\n\n\n\n<div id=\"wd-890843c1\" class=\"wp-block-wd-column wd-align-is-lg-center\">\n<div id=\"wd-c26a1ad2\" class=\"wp-block-wd-image wd-block-image\"><img loading=\"lazy\" decoding=\"async\" width=\"800\" height=\"800\" class=\"wp-image-16497\" src=\"https:\/\/www.luleey.com\/wp-content\/uploads\/2024\/12\/switches.jpg\" alt=\"\" title=\"\" srcset=\"https:\/\/www.luleey.com\/wp-content\/uploads\/2024\/12\/switches.jpg 800w, https:\/\/www.luleey.com\/wp-content\/uploads\/2024\/12\/switches-400x400.jpg 400w, https:\/\/www.luleey.com\/wp-content\/uploads\/2024\/12\/switches-150x150.jpg 150w, https:\/\/www.luleey.com\/wp-content\/uploads\/2024\/12\/switches-600x600.jpg 600w, https:\/\/www.luleey.com\/wp-content\/uploads\/2024\/12\/switches-768x768.jpg 768w, https:\/\/www.luleey.com\/wp-content\/uploads\/2024\/12\/switches-12x12.jpg 12w\" sizes=\"auto, (max-width: 800px) 100vw, 800px\" \/><\/div>\n<\/div>\n<\/div>\n<\/div>\n\n\n\n<p><\/p>\n\n\n\n<div id=\"wd-34ea49ac\" class=\"wp-block-wd-section\">\n<div id=\"wd-7c4769d4\" class=\"wp-block-wd-row wd-custom-width\">\n<div id=\"wd-5919f385\" class=\"wp-block-wd-column wd-align-is-lg-flex-end\">\n<div id=\"wd-280d243b\" class=\"wp-block-wd-image wd-block-image wd-parallax-on-scroll wd_scroll_x_0 wd_scroll_y_-30 wd_scroll_z_0 wd_scroll_smoothness_30\"><img loading=\"lazy\" decoding=\"async\" width=\"400\" height=\"400\" class=\"wp-image-16995\" src=\"https:\/\/www.luleey.com\/wp-content\/uploads\/2025\/01\/temp.jpg\" alt=\"\" title=\"\" srcset=\"https:\/\/www.luleey.com\/wp-content\/uploads\/2025\/01\/temp.jpg 400w, https:\/\/www.luleey.com\/wp-content\/uploads\/2025\/01\/temp-12x12.jpg 12w, https:\/\/www.luleey.com\/wp-content\/uploads\/2025\/01\/temp-150x150.jpg 150w\" sizes=\"auto, (max-width: 400px) 100vw, 400px\" \/><\/div>\n<\/div>\n\n\n\n<div id=\"wd-506b7c01\" class=\"wp-block-wd-column wd-parallax-on-scroll wd_scroll_x_0 wd_scroll_y_20 wd_scroll_z_0 wd_scroll_smoothness_30\">\n<h2 id=\"wd-2166705f\" class=\"wp-block-wd-title title wd-custom-width\"><strong>Extreme Temperaturbest\u00e4ndigkeit<\/strong><\/h2>\n\n\n\n<p id=\"wd-f5b50ac6\" class=\"wp-block-wd-paragraph wd-custom-width\">Unsere Industrieschalter arbeiten in einem Temperaturbereich von -40\u00b0C bis +85\u00b0C und sind auch unter den h\u00e4rtesten klimatischen Bedingungen leistungsf\u00e4hig.<\/p>\n<\/div>\n<\/div>\n\n\n\n<div id=\"wd-728cbf4b\" class=\"wp-block-wd-row wd-custom-width\">\n<div id=\"wd-ff84d945\" class=\"wp-block-wd-column wd-align wd-parallax-on-scroll wd_scroll_x_0 wd_scroll_y_20 wd_scroll_z_0 wd_scroll_smoothness_30\">\n<h2 id=\"wd-73ddd9c1\" class=\"wp-block-wd-title title wd-custom-width\"><strong>IP40 Bewertung<\/strong><\/h2>\n\n\n\n<p id=\"wd-7c049630\" class=\"wp-block-wd-paragraph wd-custom-width\">Mit einer Schutzart von IP40 sind unsere Schalter staubdicht und k\u00f6nnen in Wasser getaucht werden, was sie ideal f\u00fcr Au\u00dfen- und Industrieanwendungen macht.<\/p>\n<\/div>\n\n\n\n<div id=\"wd-53d905b4\" class=\"wp-block-wd-column\">\n<div id=\"wd-b3167943\" class=\"wp-block-wd-image wd-block-image wd-parallax-on-scroll wd_scroll_x_0 wd_scroll_y_-30 wd_scroll_z_0 wd_scroll_smoothness_30\"><img loading=\"lazy\" decoding=\"async\" width=\"400\" height=\"400\" class=\"wp-image-16997\" src=\"https:\/\/www.luleey.com\/wp-content\/uploads\/2025\/01\/shine.jpg\" alt=\"\" title=\"\" srcset=\"https:\/\/www.luleey.com\/wp-content\/uploads\/2025\/01\/shine.jpg 400w, https:\/\/www.luleey.com\/wp-content\/uploads\/2025\/01\/shine-12x12.jpg 12w, https:\/\/www.luleey.com\/wp-content\/uploads\/2025\/01\/shine-150x150.jpg 150w\" sizes=\"auto, (max-width: 400px) 100vw, 400px\" \/><\/div>\n<\/div>\n<\/div>\n<\/div>\n\n\n\n<p><\/p>\n\n\n\n<div id=\"wd-9ec6c96b\" class=\"wp-block-wd-row\">\n<div id=\"wd-ab5f291f\" class=\"wp-block-wd-column wd-animation wd-transform wd-animation-slide-from-left wd_delay_100\"><\/div>\n\n\n\n<div id=\"wd-1ca11418\" class=\"wp-block-wd-column wd-align\">\n<div id=\"wd-03a64cea\" class=\"wp-block-wd-container wd-dir-col\">\n<h2 id=\"wd-1e5738df\" class=\"wp-block-wd-title title\">Starkes Netzwerkmanagement<\/h2>\n\n\n\n<p id=\"wd-7ebc2c9f\" class=\"wp-block-wd-paragraph wd-custom-width\">Leistungsstarke Gateway-Funktionen mit 802.1Q VLAN, eine Vielzahl von STP \/ RSTP \/ MSTP \/ Ring-Protokolle, NTP-Timing, IGMP-Multicast, Unterst\u00fctzung f\u00fcr Layer 3 statische Routing-Protokolle, Gateway-Plattformen, ein hohes Ma\u00df an Sicherheit zu verhindern ACL-Politik, Echtzeit-\u00dcberwachung der Laufzeit, CPU-Auslastung, Speicherauslastung, Betriebstemperatur, Versorgungsspannung und so weiter ausgestattet.<\/p>\n<\/div>\n<\/div>\n\n\n\n<div id=\"wd-226afb1a\" class=\"wp-block-wd-column wd-animation wd-transform wd-animation-slide-from-right wd_delay_100\"><\/div>\n<\/div>\n\n\n\n<div id=\"wd-5dd000bb\" class=\"wp-block-wd-row\">\n<div id=\"wd-41b64747\" class=\"wp-block-wd-column wd-align\">\n<div id=\"wd-b3074824\" class=\"wp-block-wd-container wd-dir-col\">\n<h2 id=\"wd-1134419f\" class=\"wp-block-wd-title title\">Doppelnetzteil<\/h2>\n\n\n\n<p id=\"wd-606481f1\" class=\"wp-block-wd-paragraph wd-custom-width\">Unterst\u00fctzt AC\/DC-Stromversorgung, kompatibel mit DC9~36V\/DC18~60V DC-Eingang, auch kompatibel mit AC110~240V AC-Stromversorgung, so dass das Projekt eine Vielzahl von Power-Unterst\u00fctzung.<\/p>\n<\/div>\n<\/div>\n\n\n\n<div id=\"wd-53da0596\" class=\"wp-block-wd-column wd-animation wd-transform wd-animation-slide-from-bottom wd_delay_100\"><\/div>\n\n\n\n<div id=\"wd-8433ee3d\" class=\"wp-block-wd-column wd-align\">\n<div id=\"wd-af801979\" class=\"wp-block-wd-container wd-dir-col\">\n<h2 id=\"wd-0f45e2c8\" class=\"wp-block-wd-title title\">EM4 Ebene<\/h2>\n\n\n\n<p id=\"wd-a1ee0e44\" class=\"wp-block-wd-paragraph\">Entspricht den EMV-Industriestandards der Stufe 4, um die Anforderungen an die elektromagnetische Vertr\u00e4glichkeit, 15 kV Luftentladung, 8 kV Kontaktentladung, 6 kV Port-Blitzschutz, 4 kV Stromversorgungs-Blitzschutz zu erf\u00fcllen, die den Auswirkungen pl\u00f6tzlicher Spannungs\u00e4nderungen und transienter \u00dcberspannungen wirksam widerstehen k\u00f6nnen, um die elektrische Sicherheit in Hochspannungsumgebungen zu gew\u00e4hrleisten.<\/p>\n<\/div>\n<\/div>\n<\/div>\n\n\n\n<p><\/p>\n\n\n\n<div id=\"wd-9c87a9c4\" class=\"wp-block-wd-container wd-dir-col wd-align\">\n<p id=\"wd-26f543a3\" class=\"wp-block-wd-paragraph wd-align\">Szenarien f\u00fcr industrielle Schalter<\/p>\n\n\n\n<h2 id=\"wd-c9f5795a\" class=\"wp-block-wd-title title wd-align wd-align-s-center\">Leistungsstarkes Networking<\/h2>\n\n\n\n<p id=\"wd-aa182ec4\" class=\"wp-block-wd-paragraph\">Hierarchische Netzarchitektur: Annahme einer dreistufigen Netzarchitektur mit Zugriffsschicht, Aggregationsschicht und Kernschicht. Die Switches der Zugangsebene sind f\u00fcr die Erfassung von Daten von verschiedenen Ger\u00e4ten vor Ort zust\u00e4ndig (z. B. Fahrzeugvideo, Alarminformationen usw.).<br>Der Switch der Zugriffsschicht ist f\u00fcr das Sammeln von Daten von verschiedenen Ger\u00e4ten vor Ort verantwortlich (z. B. Fahrzeugvideo, Alarminformationen usw.) und l\u00e4dt die Daten \u00fcber den Switch der Aggregationsschicht in das Backend-Managementsystem hoch.<br>Der Switch der Zugriffsschicht ist f\u00fcr das Sammeln von Daten von verschiedenen Ger\u00e4ten vor Ort verantwortlich (z. B. Fahrzeugvideo, Alarminformationen usw.) und l\u00e4dt die Daten \u00fcber den Switch der Aggregationsschicht in das Backend-Managementsystem hoch.<\/p>\n<\/div>\n\n\n\n<div id=\"wd-2dd48387\" class=\"wp-block-wd-row\">\n<div id=\"wd-47e6d6aa\" class=\"wp-block-wd-column\">\n<div id=\"wd-57c553bb\" class=\"wp-block-wd-infobox wd-hover-parent wd-align wd-icon-top\"><a class=\"wd-block-infobox-link wd-fill\" href=\"#\" aria-label=\"Infobox-Link\"><\/a>\n<div id=\"wd-b6ce95ca\" class=\"wp-block-wd-icon\"><img loading=\"lazy\" decoding=\"async\" width=\"642\" height=\"368\" class=\"wp-image-16987\" src=\"https:\/\/www.luleey.com\/wp-content\/uploads\/2025\/01\/ai-video.png\" alt=\"\" title=\"\" srcset=\"https:\/\/www.luleey.com\/wp-content\/uploads\/2025\/01\/ai-video.png 642w, https:\/\/www.luleey.com\/wp-content\/uploads\/2025\/01\/ai-video-18x10.png 18w, https:\/\/www.luleey.com\/wp-content\/uploads\/2025\/01\/ai-video-150x86.png 150w\" sizes=\"auto, (max-width: 642px) 100vw, 642px\" \/><\/div>\n\n\n\n<div id=\"wd-a363eda2\" class=\"wp-block-wd-container wd-dir-col\">\n<h2 id=\"wd-bf457b59\" class=\"wp-block-wd-title title\">Smart Car Netzwerk<\/h2>\n\n\n\n<p id=\"wd-4caec2cb\" class=\"wp-block-wd-paragraph\">Bieten stabile und zuverl\u00e4ssige Netzwerk\u00fcbertragung, unterst\u00fctzen hohe Bandbreite und gro\u00dfe Daten\u00fcbertragung, reichhaltige Port-Konfiguration und flexible Vernetzung, bieten Sicherheitsschutz und Management-Funktionen und unterst\u00fctzen POE-Stromversorgung und andere Aspekte der Rolle der Vereinfachung der Verkabelung und die Kosten zu senken, um den stabilen Betrieb und die effiziente Verwaltung des Campus-Video\u00fcberwachungssystem zu gew\u00e4hrleisten<\/p>\n<\/div>\n<\/div>\n\n\n\n<div id=\"wd-b33a67b0\" class=\"wp-block-wd-infobox wd-hover-parent wd-align wd-icon-top\"><a class=\"wd-block-infobox-link wd-fill\" href=\"#\" aria-label=\"Infobox-Link\"><\/a>\n<div id=\"wd-571f37c0\" class=\"wp-block-wd-icon\"><img loading=\"lazy\" decoding=\"async\" width=\"641\" height=\"311\" class=\"wp-image-16990\" src=\"https:\/\/www.luleey.com\/wp-content\/uploads\/2025\/01\/high-way.png\" alt=\"\" title=\"\" srcset=\"https:\/\/www.luleey.com\/wp-content\/uploads\/2025\/01\/high-way.png 641w, https:\/\/www.luleey.com\/wp-content\/uploads\/2025\/01\/high-way-18x9.png 18w, https:\/\/www.luleey.com\/wp-content\/uploads\/2025\/01\/high-way-150x73.png 150w\" sizes=\"auto, (max-width: 641px) 100vw, 641px\" \/><\/div>\n\n\n\n<div id=\"wd-404b8d4a\" class=\"wp-block-wd-container wd-dir-col\">\n<h2 id=\"wd-c2cbc29a\" class=\"wp-block-wd-title title\">Intelligente Verwaltung von Autobahnen<\/h2>\n\n\n\n<p id=\"wd-1de0f216\" class=\"wp-block-wd-paragraph\">Die Produkte werden erfolgreich in Schl\u00fcsselbereichen wie Mautstellen, Fahrzeug-Video\u00fcberwachungssystemen, \u00dcbertragungssystemen, Beleuchtungssystemen und Alarmsystemen eingesetzt. Durch Video\u00fcberwachung in Echtzeit, Daten\u00fcbertragung und intelligente Analyse erm\u00f6glicht es eine umfassende Kontrolle und zeitnahe Reaktion auf den Betriebszustand von Autobahnen und bietet eine solide technische Unterst\u00fctzung f\u00fcr die intelligente Verwaltung und den Betrieb von Autobahnen.<\/p>\n<\/div>\n<\/div>\n<\/div>\n\n\n\n<div id=\"wd-093c30f6\" class=\"wp-block-wd-column wd-align-is-lg-center wd-hide-md-sm wd-hide-sm wd-animation wd-transform wd-animation-zoom-in wd_delay_100\">\n<div id=\"wd-46ff9c62\" class=\"wp-block-wd-image wd-block-image\"><img loading=\"lazy\" decoding=\"async\" width=\"839\" height=\"497\" class=\"wp-image-16991\" src=\"https:\/\/www.luleey.com\/wp-content\/uploads\/2025\/01\/switches-lan.png\" alt=\"\" title=\"\" srcset=\"https:\/\/www.luleey.com\/wp-content\/uploads\/2025\/01\/switches-lan.png 839w, https:\/\/www.luleey.com\/wp-content\/uploads\/2025\/01\/switches-lan-800x474.png 800w, https:\/\/www.luleey.com\/wp-content\/uploads\/2025\/01\/switches-lan-768x455.png 768w, https:\/\/www.luleey.com\/wp-content\/uploads\/2025\/01\/switches-lan-18x12.png 18w, https:\/\/www.luleey.com\/wp-content\/uploads\/2025\/01\/switches-lan-150x89.png 150w\" sizes=\"auto, (max-width: 839px) 100vw, 839px\" \/><\/div>\n<\/div>\n\n\n\n<div id=\"wd-0b4d674f\" class=\"wp-block-wd-column\">\n<div id=\"wd-e7fcea0f\" class=\"wp-block-wd-infobox wd-hover-parent wd-icon-top\"><a class=\"wd-block-infobox-link wd-fill\" href=\"#\" aria-label=\"Infobox-Link\"><\/a>\n<div id=\"wd-d9989520\" class=\"wp-block-wd-icon\"><img loading=\"lazy\" decoding=\"async\" width=\"628\" height=\"471\" class=\"wp-image-16988\" src=\"https:\/\/www.luleey.com\/wp-content\/uploads\/2025\/01\/ai-worker.png\" alt=\"\" title=\"\" srcset=\"https:\/\/www.luleey.com\/wp-content\/uploads\/2025\/01\/ai-worker.png 628w, https:\/\/www.luleey.com\/wp-content\/uploads\/2025\/01\/ai-worker-16x12.png 16w, https:\/\/www.luleey.com\/wp-content\/uploads\/2025\/01\/ai-worker-150x113.png 150w\" sizes=\"auto, (max-width: 628px) 100vw, 628px\" \/><\/div>\n\n\n\n<div id=\"wd-65397649\" class=\"wp-block-wd-container wd-dir-col\">\n<h2 id=\"wd-91bb8283\" class=\"wp-block-wd-title title\">Intelligente Produktionslinie<\/h2>\n\n\n\n<p id=\"wd-ba0a1d6c\" class=\"wp-block-wd-paragraph\">Mit der kontinuierlichen Innovation der Ethernet-Technologie, der Netzwerkprotokolle und anderer Aspekte werden industrielle Switches den Merkmalen der Intelligenz, der Anpassungsf\u00e4higkeit und anderen Aspekten mehr Aufmerksamkeit schenken, um den kontinuierlichen Modernisierungsbedarf des industriellen Internets zu erf\u00fcllen. 40 typische Anwendungsszenarien der intelligenten Fertigung in 15 Bereichen, darunter Fabrikbau, Produktdesign, Prozessdesign, Planung und Terminierung sowie Produktionsabl\u00e4ufe, wurden zusammengefasst<\/p>\n<\/div>\n<\/div>\n\n\n\n<div id=\"wd-128d8e78\" class=\"wp-block-wd-infobox wd-hover-parent wd-icon-top\"><a class=\"wd-block-infobox-link wd-fill\" href=\"#\" aria-label=\"Infobox-Link\"><\/a>\n<div id=\"wd-b7999916\" class=\"wp-block-wd-icon\"><img loading=\"lazy\" decoding=\"async\" width=\"639\" height=\"360\" class=\"wp-image-16989\" src=\"https:\/\/www.luleey.com\/wp-content\/uploads\/2025\/01\/electric-power-plant.png\" alt=\"\" title=\"\" srcset=\"https:\/\/www.luleey.com\/wp-content\/uploads\/2025\/01\/electric-power-plant.png 639w, https:\/\/www.luleey.com\/wp-content\/uploads\/2025\/01\/electric-power-plant-18x10.png 18w, https:\/\/www.luleey.com\/wp-content\/uploads\/2025\/01\/electric-power-plant-150x85.png 150w\" sizes=\"auto, (max-width: 639px) 100vw, 639px\" \/><\/div>\n\n\n\n<div id=\"wd-8f8631a6\" class=\"wp-block-wd-container wd-dir-col\">\n<h2 id=\"wd-44d9c6d3\" class=\"wp-block-wd-title title\">Kraftwerk-Intelligenz<\/h2>\n\n\n\n<p id=\"wd-2749a5fa\" class=\"wp-block-wd-paragraph\">Als Kernkomponente des Kraftwerkskommunikationsnetzes muss ein industrieller Switch mehrere Eigenschaften wie hohe Zuverl\u00e4ssigkeit, starke Anpassungsf\u00e4higkeit, Echtzeit\u00fcbertragung und Sicherheitsschutz aufweisen, um eine reibungslose Kommunikation und effiziente Zusammenarbeit zwischen den verschiedenen Systemen im Kraftwerk zu gew\u00e4hrleisten.<\/p>\n<\/div>\n<\/div>\n<\/div>\n<\/div>\n\n\n\n<p><\/p>","protected":false},"excerpt":{"rendered":"","protected":false},"author":1,"featured_media":16497,"parent":16956,"menu_order":0,"comment_status":"closed","ping_status":"closed","template":"","meta":{"footnotes":""},"class_list":["post-16959","page","type-page","status-publish","has-post-thumbnail","hentry"],"_links":{"self":[{"href":"https:\/\/www.luleey.com\/de\/wp-json\/wp\/v2\/pages\/16959","targetHints":{"allow":["GET"]}}],"collection":[{"href":"https:\/\/www.luleey.com\/de\/wp-json\/wp\/v2\/pages"}],"about":[{"href":"https:\/\/www.luleey.com\/de\/wp-json\/wp\/v2\/types\/page"}],"author":[{"embeddable":true,"href":"https:\/\/www.luleey.com\/de\/wp-json\/wp\/v2\/users\/1"}],"replies":[{"embeddable":true,"href":"https:\/\/www.luleey.com\/de\/wp-json\/wp\/v2\/comments?post=16959"}],"version-history":[{"count":0,"href":"https:\/\/www.luleey.com\/de\/wp-json\/wp\/v2\/pages\/16959\/revisions"}],"up":[{"embeddable":true,"href":"https:\/\/www.luleey.com\/de\/wp-json\/wp\/v2\/pages\/16956"}],"wp:featuredmedia":[{"embeddable":true,"href":"https:\/\/www.luleey.com\/de\/wp-json\/wp\/v2\/media\/16497"}],"wp:attachment":[{"href":"https:\/\/www.luleey.com\/de\/wp-json\/wp\/v2\/media?parent=16959"}],"curies":[{"name":"wp","href":"https:\/\/api.w.org\/{rel}","templated":true}]}}