{"id":4714,"date":"2023-06-11T21:55:09","date_gmt":"2023-06-11T13:55:09","guid":{"rendered":"https:\/\/www.luleey.com\/?page_id=4714"},"modified":"2023-06-11T21:55:09","modified_gmt":"2023-06-11T13:55:09","slug":"terms-and-conditions","status":"publish","type":"page","link":"https:\/\/www.luleey.com\/de\/terms-and-conditions\/","title":{"rendered":"Bedingungen und Konditionen"},"content":{"rendered":"<h4 id=\"introduction\" class=\"wp-block-heading\">EINF\u00dcHRUNG<\/h4>\n\n\n\n<p>Willkommen bei www.luleey.com. Durch den Zugriff auf diese Website und ihre Nutzung erkl\u00e4ren Sie sich mit den Bedingungen dieser Website einverstanden. Wenn Sie nicht mit allen Bedingungen einverstanden sind, d\u00fcrfen Sie diese Website in keiner Weise nutzen. Die Bedingungen und Konditionen der Website gelten f\u00fcr alle Artikel in allen Kategorien, die auf der Website vorhanden sind.<\/p>\n\n\n\n<p>Jeder Verweis auf diese Website oder auf eine andere Website, die hier auf der Website verlinkt ist, unterliegt allen genannten Bedingungen und Konditionen.<\/p>\n\n\n\n<p>LuLeey Now beh\u00e4lt sich das Recht vor, die Bedingungen ganz oder teilweise zu \u00e4ndern, zu modifizieren, zu erg\u00e4nzen oder zu k\u00fcrzen. Die \u00c4nderungen treten in Kraft, sobald sie auf der Website ver\u00f6ffentlicht werden, ohne dass es einer weiteren oder vorherigen Ank\u00fcndigung bedarf. Durch die Nutzung der Website erkl\u00e4ren Sie sich mit den \u00c4nderungen der Gesch\u00e4ftsbedingungen einverstanden.<\/p>\n\n\n\n<h4 id=\"termsamp-conditions\" class=\"wp-block-heading\">BEDINGUNGEN UND KONDITIONEN<\/h4>\n\n\n\n<p>Mit der Registrierung auf unserer Website erkl\u00e4ren Sie sich mit den folgenden Bestimmungen einverstanden:<\/p>\n\n\n\n<p>Sie werden wahrheitsgem\u00e4\u00dfe, genaue, aktuelle und vollst\u00e4ndige Angaben zu Ihrer Person machen.<\/p>\n\n\n\n<p>Bestimmte Funktionen sind nur verf\u00fcgbar, wenn Sie sich registrieren. Wenn Sie sich registrieren, sind Sie verpflichtet, Ihre Angaben nach bestem Wissen und Gewissen zu machen. Sollten sich diese Informationen \u00e4ndern, m\u00fcssen Sie diese \u00c4nderungen unverz\u00fcglich vornehmen. Die Mitglieder sind pers\u00f6nlich f\u00fcr die sichere Aufbewahrung ihrer Konten und Passw\u00f6rter verantwortlich und werden gebeten, diese unter keinen Umst\u00e4nden weiterzugeben. F\u00fcr illegale Aktivit\u00e4ten, die unter dem Benutzernamen eines Nutzers durchgef\u00fchrt werden, haftet dieser pers\u00f6nlich.<\/p>\n\n\n\n<h4 id=\"privacy\" class=\"wp-block-heading\">PRIVACY<\/h4>\n\n\n\n<p>Bitte lesen Sie unsere Datenschutzvereinbarung, die auch f\u00fcr Ihren Besuch auf der Website gilt. Die pers\u00f6nlichen Informationen\/Daten, die Sie uns durch Ihre Nutzung der Website zur Verf\u00fcgung stellen, werden in \u00dcbereinstimmung mit der Datenschutzvereinbarung und den geltenden Gesetzen und Vorschriften streng vertraulich behandelt. Wenn Sie damit nicht einverstanden sind, dass Ihre Daten in der in der Datenschutzvereinbarung beschriebenen Weise \u00fcbertragen oder verwendet werden, nutzen Sie die Website bitte nicht.<\/p>\n\n\n\n<h4 id=\"continued-availability-of-the-site\" class=\"wp-block-heading\">ST\u00c4NDIGE VERF\u00dcGBARKEIT DES STANDORTS<\/h4>\n\n\n\n<p>Wir werden unser M\u00f6glichstes tun, um sicherzustellen, dass der Zugriff auf die Website durchg\u00e4ngig, ohne Unterbrechungen und fehlerfrei m\u00f6glich ist. Aufgrund der Natur des Internets und der Beschaffenheit der Website kann dies jedoch nicht garantiert werden. Dar\u00fcber hinaus kann Ihr Zugriff auf die Website gelegentlich ausgesetzt oder eingeschr\u00e4nkt werden, um Reparaturen, Wartungsarbeiten oder die Einf\u00fchrung neuer Einrichtungen oder Dienste jederzeit und ohne vorherige Ank\u00fcndigung zu erm\u00f6glichen. Wir werden versuchen, die H\u00e4ufigkeit und Dauer solcher Aussetzungen oder Beschr\u00e4nkungen zu begrenzen.<\/p>\n\n\n\n<h4 id=\"your-conduct\" class=\"wp-block-heading\">IHR VERHALTEN<\/h4>\n\n\n\n<p>Sie d\u00fcrfen die Website nicht in einer Weise nutzen, die zu einer Unterbrechung, Besch\u00e4digung oder Beeintr\u00e4chtigung der Website oder des Zugangs zu ihr f\u00fchrt oder f\u00fchren kann. Sie d\u00fcrfen sich nicht an Aktivit\u00e4ten beteiligen, die der Website, ihren Mitarbeitern, leitenden Angestellten, Vertretern, Interessenvertretern oder anderen Parteien, die direkt oder indirekt mit der Unterbrechung, Besch\u00e4digung oder Beeintr\u00e4chtigung der Website oder des Zugangs zu ihr in Verbindung stehen, schaden oder potenziell schaden k\u00f6nnten. Sie verstehen, dass Sie, und nicht wir, f\u00fcr alle elektronischen Mitteilungen und Inhalte, die von Ihrem Computer an uns gesendet werden, verantwortlich sind und dass Sie die Website nur f\u00fcr rechtm\u00e4\u00dfige Zwecke nutzen d\u00fcrfen.<\/p>\n\n\n\n<h4 id=\"shipping\" class=\"wp-block-heading\">SHIPPING<\/h4>\n\n\n\n<p>Wir k\u00f6nnen in die meisten L\u00e4nder der Welt liefern. Beachten Sie, dass es f\u00fcr einige Produkte Beschr\u00e4nkungen gibt und dass einige Produkte nicht in bestimmte L\u00e4nder versandt werden k\u00f6nnen.<\/p>\n\n\n\n<p>Wenn Sie eine Bestellung aufgeben, sch\u00e4tzen wir die Versand- und Liefertermine f\u00fcr Sie auf der Grundlage der Verf\u00fcgbarkeit Ihrer Artikel und der von Ihnen gew\u00e4hlten Versandoptionen.<\/p>\n\n\n\n<p>Bitte beachten Sie auch, dass die Versandtarife f\u00fcr viele Artikel, die wir verkaufen, gewichtsabh\u00e4ngig sind. Das Gewicht eines solchen Artikels finden Sie auf seiner Detailseite. Um die Richtlinien der von uns eingesetzten Versandunternehmen zu ber\u00fccksichtigen, werden alle Gewichte auf die n\u00e4chsten vollen 0,5 kg aufgerundet.<\/p>\n\n\n\n<h4 id=\"process-order\" class=\"wp-block-heading\">PROZESSAUFTRITT<\/h4>\n\n\n\n<p>Wir bearbeiten Ihre Bestellung innerhalb von 24 Stunden und liefern die Ware in der Regel innerhalb von 48 Stunden an das internationale Logistikunternehmen.<\/p>","protected":false},"excerpt":{"rendered":"<p>EINLEITUNG Willkommen bei www.luleey.com. Mit dem Zugriff auf diese Website und ihrer Nutzung erkl\u00e4ren Sie sich mit den Bedingungen und Konditionen dieser Website einverstanden.<\/p>","protected":false},"author":1,"featured_media":0,"parent":0,"menu_order":0,"comment_status":"closed","ping_status":"closed","template":"","meta":{"footnotes":""},"class_list":["post-4714","page","type-page","status-publish","hentry"],"_links":{"self":[{"href":"https:\/\/www.luleey.com\/de\/wp-json\/wp\/v2\/pages\/4714","targetHints":{"allow":["GET"]}}],"collection":[{"href":"https:\/\/www.luleey.com\/de\/wp-json\/wp\/v2\/pages"}],"about":[{"href":"https:\/\/www.luleey.com\/de\/wp-json\/wp\/v2\/types\/page"}],"author":[{"embeddable":true,"href":"https:\/\/www.luleey.com\/de\/wp-json\/wp\/v2\/users\/1"}],"replies":[{"embeddable":true,"href":"https:\/\/www.luleey.com\/de\/wp-json\/wp\/v2\/comments?post=4714"}],"version-history":[{"count":0,"href":"https:\/\/www.luleey.com\/de\/wp-json\/wp\/v2\/pages\/4714\/revisions"}],"wp:attachment":[{"href":"https:\/\/www.luleey.com\/de\/wp-json\/wp\/v2\/media?parent=4714"}],"curies":[{"name":"wp","href":"https:\/\/api.w.org\/{rel}","templated":true}]}}