{"id":671,"date":"2023-05-29T23:44:25","date_gmt":"2023-05-29T15:44:25","guid":{"rendered":"https:\/\/www.luleey.com\/?page_id=3"},"modified":"2025-09-22T11:11:39","modified_gmt":"2025-09-22T03:11:39","slug":"privacy-policy","status":"publish","type":"page","link":"https:\/\/www.luleey.com\/de\/privacy-policy\/","title":{"rendered":"Datenschutzbestimmungen"},"content":{"rendered":"<h1 id=\"last-updated-on-17aug2024effective-date-01jan2023\" class=\"wp-block-heading has-medium-font-size\"><strong>Zuletzt aktualisiert am 17-Aug-2024<\/strong><br><strong>Datum des Inkrafttretens 01-Jan-2023<\/strong><\/h1>\n\n\n\n<p>Diese Datenschutzrichtlinie beschreibt die Richtlinien von Shenzhen LuLeey ELEC Co., Ltd, Yangmei Crossroads, Bantian Street, Longgang District, Shenzhen, Guangdong 518000, China, E-Mail: support@luleey.com, <strong>Tel.<\/strong>: +8617328762617 \u00fcber die Erfassung, Verwendung und Weitergabe Ihrer Daten, die wir bei der Nutzung unserer Website ( https:\/\/www.luleey.com ) erfassen. (der \u201cDienst\u201d). Indem Sie auf den Service zugreifen oder ihn nutzen, erkl\u00e4ren Sie sich mit der Erfassung, Verwendung und Weitergabe Ihrer Daten in \u00dcbereinstimmung mit dieser Datenschutzerkl\u00e4rung einverstanden. Wenn Sie damit nicht einverstanden sind, bitten wir Sie, den Dienst nicht zu nutzen.<\/p>\n\n\n\n<p>Wir k\u00f6nnen diese Datenschutzrichtlinie jederzeit ohne vorherige Benachrichtigung an Sie \u00e4ndern und werden die \u00fcberarbeitete Datenschutzrichtlinie im Dienst ver\u00f6ffentlichen. Die ge\u00e4nderte Richtlinie tritt 180 Tage nach der Ver\u00f6ffentlichung der ge\u00e4nderten Richtlinie im Dienst in Kraft, und wenn Sie nach diesem Zeitpunkt weiterhin auf den Dienst zugreifen oder ihn nutzen, erkl\u00e4ren Sie sich mit der ge\u00e4nderten Datenschutzrichtlinie einverstanden. Wir empfehlen Ihnen daher, diese Seite regelm\u00e4\u00dfig zu \u00fcberpr\u00fcfen.<\/p>\n\n\n\n<ol class=\"wp-block-list\">\n<li>INFORMATIONEN, DIE WIR ERFASSEN:Wir werden die folgenden pers\u00f6nlichen Daten \u00fcber Sie erfassen und verarbeiten:\n<ol class=\"wp-block-list\">\n<li>Name<\/li>\n\n\n\n<li>E-Mail<\/li>\n\n\n\n<li>Mobil<\/li>\n\n\n\n<li>Profil f\u00fcr soziale Medien<\/li>\n\n\n\n<li>Zahlungsinformationen<\/li>\n\n\n\n<li>Lieferadresse<\/li>\n<\/ol>\n<\/li>\n\n\n\n<li>WIE WIR IHRE INFORMATIONEN ERHALTEN:Wir sammeln\/erhalten Informationen \u00fcber Sie auf folgende Weise:\n<ol class=\"wp-block-list\">\n<li>Wenn ein Nutzer das Registrierungsformular ausf\u00fcllt oder auf andere Weise pers\u00f6nliche Informationen \u00fcbermittelt<\/li>\n\n\n\n<li>Interaktion mit der Website<\/li>\n\n\n\n<li>Aus \u00f6ffentlichen Quellen<\/li>\n<\/ol>\n<\/li>\n\n\n\n<li>WIE WIR IHRE INFORMATIONEN VERWENDEN:Wir verwenden die Informationen, die wir \u00fcber Sie sammeln, f\u00fcr die folgenden Zwecke:<ol><li>Marketing\/Werbung<\/li><li>Benutzerkonto erstellen<\/li><li>Testimonials<\/li><li>Sammlung von Kundenfeedback<\/li><li>Bearbeitung der Zahlung<\/li><li>Unterst\u00fctzung<\/li><li>Informationen zur Verwaltung<\/li><li>Verwalten von Kundenauftr\u00e4gen<\/li><li>Kommentare von Benutzer zu Benutzer<\/li><li>Benutzerkonto verwalten<\/li><\/ol>Wenn wir Ihre Daten f\u00fcr einen anderen Zweck verwenden wollen, werden wir Sie um Ihre Zustimmung bitten und Ihre Daten nur nach Erhalt Ihrer Zustimmung und dann nur f\u00fcr den\/die Zweck(e) verwenden, f\u00fcr den\/die Sie Ihre Zustimmung erteilt haben, es sei denn, wir sind gesetzlich zu etwas anderem verpflichtet.<\/li>\n\n\n\n<li>WIE WIR IHRE INFORMATIONEN WEITERGEBEN:Wir werden Ihre pers\u00f6nlichen Daten nicht an Dritte weitergeben, ohne Ihre Zustimmung einzuholen, au\u00dfer unter den unten beschriebenen, begrenzten Umst\u00e4nden:<ol><li>Analytik<\/li><li>Datenerhebung und -verarbeitung<\/li><\/ol>Wir verlangen von diesen Dritten, dass sie die personenbezogenen Daten, die wir an sie weitergeben, nur f\u00fcr den Zweck verwenden, f\u00fcr den sie weitergegeben wurden, und sie nicht l\u00e4nger aufbewahren, als es f\u00fcr die Erf\u00fcllung des besagten Zwecks erforderlich ist.Wir k\u00f6nnen Ihre personenbezogenen Daten auch aus folgenden Gr\u00fcnden offenlegen: (1) zur Einhaltung geltender Gesetze, Vorschriften, gerichtlicher Anordnungen oder anderer rechtlicher Verfahren; (2) zur Durchsetzung Ihrer Vereinbarungen mit uns, einschlie\u00dflich dieser Datenschutzrichtlinie; oder (3) um auf Behauptungen zu reagieren, dass Ihre Nutzung des Dienstes die Rechte Dritter verletzt. Wenn der Dienst oder unser Unternehmen mit einem anderen Unternehmen fusioniert oder \u00fcbernommen wird, geh\u00f6ren Ihre Daten zu den Verm\u00f6genswerten, die auf den neuen Eigent\u00fcmer \u00fcbertragen werden.<\/li>\n\n\n\n<li>AUFBEWAHRUNG IHRER DATEN: Wir bewahren Ihre pers\u00f6nlichen Daten 90 Tage bis 2 Jahre nach Beendigung des Benutzerkontos oder so lange auf, wie wir sie ben\u00f6tigen, um die Zwecke zu erf\u00fcllen, f\u00fcr die sie gesammelt wurden, wie in dieser Datenschutzrichtlinie beschrieben. Es kann sein, dass wir bestimmte Daten l\u00e4nger aufbewahren m\u00fcssen, z. B. f\u00fcr Aufzeichnungen\/Berichte in \u00dcbereinstimmung mit geltendem Recht oder aus anderen legitimen Gr\u00fcnden, wie z. B. zur Durchsetzung gesetzlicher Rechte, zur Betrugsbek\u00e4mpfung usw. Anonyme Restdaten und zusammengefasste Daten, die Sie nicht (direkt oder indirekt) identifizieren, k\u00f6nnen auf unbestimmte Zeit gespeichert werden.<\/li>\n\n\n\n<li>IHRE RECHTE:Je nach geltendem Recht haben Sie das Recht, auf Ihre personenbezogenen Daten zuzugreifen und sie zu berichtigen oder zu l\u00f6schen oder eine Kopie Ihrer personenbezogenen Daten zu erhalten, die aktive Verarbeitung Ihrer Daten einzuschr\u00e4nken oder ihr zu widersprechen, uns aufzufordern, Ihre personenbezogenen Daten an eine andere Stelle weiterzugeben (zu portieren), die von Ihnen erteilte Zustimmung zur Verarbeitung Ihrer Daten zu widerrufen, das Recht, eine Beschwerde bei einer gesetzlichen Beh\u00f6rde einzureichen, sowie weitere Rechte, die nach geltendem Recht relevant sein k\u00f6nnen. Um diese Rechte auszu\u00fcben, k\u00f6nnen Sie sich schriftlich an uns wenden: support@luleey.com. Sie haben die M\u00f6glichkeit, sich von der Direktwerbung oder der Profilerstellung f\u00fcr Marketingzwecke abzumelden, indem Sie uns unter support@luleey.com.Do schreiben. Beachten Sie bitte, dass Sie m\u00f6glicherweise nicht in der Lage sind, auf die Dienste zuzugreifen oder diese zu nutzen, f\u00fcr die Ihre Daten angefordert wurden, wenn Sie uns nicht gestatten, die erforderlichen personenbezogenen Daten zu erheben oder zu verarbeiten, oder wenn Sie Ihre Zustimmung zur Verarbeitung dieser Daten f\u00fcr die erforderlichen Zwecke widerrufen.<\/li>\n\n\n\n<li>COOKIES ETC. Um mehr dar\u00fcber zu erfahren, wie wir diese verwenden und welche M\u00f6glichkeiten Sie in Bezug auf diese Tracking-Technologien haben, lesen Sie bitte unsere&nbsp;<a href=\"https:\/\/www.luleey.com\/de\/cookie-policy\/\">Cookie-Richtlinie.<\/a><\/li>\n\n\n\n<li>SICHERHEIT: Die Sicherheit Ihrer Daten ist uns wichtig, und wir werden angemessene Sicherheitsma\u00dfnahmen ergreifen, um den Verlust, den Missbrauch oder die unbefugte \u00c4nderung Ihrer Daten unter unserer Kontrolle zu verhindern. In Anbetracht der inh\u00e4renten Risiken k\u00f6nnen wir jedoch keine absolute Sicherheit garantieren. Folglich k\u00f6nnen wir die Sicherheit von Informationen, die Sie an uns \u00fcbermitteln, nicht gew\u00e4hrleisten oder garantieren, und Sie tun dies auf eigenes Risiko.<\/li>\n\n\n\n<li>LINKS ZU DRITTEN &amp; VERWENDUNG IHRER INFORMATIONEN: Unser Service kann Links zu anderen Websites enthalten, die nicht von uns betrieben werden. Diese Datenschutzrichtlinie bezieht sich nicht auf die Datenschutzrichtlinien und andere Praktiken Dritter, einschlie\u00dflich Dritter, die eine Website oder einen Dienst betreiben, der \u00fcber einen Link auf dem Dienst zug\u00e4nglich ist. Wir empfehlen Ihnen dringend, die Datenschutzrichtlinien jeder Website, die Sie besuchen, zu \u00fcberpr\u00fcfen. Wir haben keine Kontrolle \u00fcber und \u00fcbernehmen keine Verantwortung f\u00fcr die Inhalte, Datenschutzrichtlinien oder Praktiken von Websites oder Diensten Dritter.<\/li>\n\n\n\n<li>GRIEVANZ \/ DATENSCHUTZBEAUFTRAGTER: Wenn Sie Fragen oder Bedenken bez\u00fcglich der Verarbeitung Ihrer bei uns vorhandenen Daten haben, k\u00f6nnen Sie sich per E-Mail an unseren Beschwerdebeauftragten in Shenzhen LuLeey ELEC Co., Ltd, Yangmei Crossroads , Bantian Street, Longgang District, Shenzhen, wenden, E-Mail: support@luleey.com. Wir werden Ihr Anliegen in \u00dcbereinstimmung mit dem geltenden Recht behandeln.<\/li>\n<\/ol>","protected":false},"excerpt":{"rendered":"<p>Zuletzt aktualisiert am 17-Aug-2024G\u00fcltig ab 01-Jan-2023 Diese Datenschutzrichtlinie beschreibt die Richtlinien von Shenzhen LuLeey ELEC Co, Ltd, Yangmei Crossroads<\/p>","protected":false},"author":1,"featured_media":0,"parent":0,"menu_order":0,"comment_status":"closed","ping_status":"closed","template":"","meta":{"footnotes":""},"class_list":["post-671","page","type-page","status-publish","hentry"],"_links":{"self":[{"href":"https:\/\/www.luleey.com\/de\/wp-json\/wp\/v2\/pages\/671","targetHints":{"allow":["GET"]}}],"collection":[{"href":"https:\/\/www.luleey.com\/de\/wp-json\/wp\/v2\/pages"}],"about":[{"href":"https:\/\/www.luleey.com\/de\/wp-json\/wp\/v2\/types\/page"}],"author":[{"embeddable":true,"href":"https:\/\/www.luleey.com\/de\/wp-json\/wp\/v2\/users\/1"}],"replies":[{"embeddable":true,"href":"https:\/\/www.luleey.com\/de\/wp-json\/wp\/v2\/comments?post=671"}],"version-history":[{"count":0,"href":"https:\/\/www.luleey.com\/de\/wp-json\/wp\/v2\/pages\/671\/revisions"}],"wp:attachment":[{"href":"https:\/\/www.luleey.com\/de\/wp-json\/wp\/v2\/media?parent=671"}],"curies":[{"name":"wp","href":"https:\/\/api.w.org\/{rel}","templated":true}]}}