{"id":12442,"date":"2024-07-19T00:47:07","date_gmt":"2024-07-18T16:47:07","guid":{"rendered":"https:\/\/www.luleey.com\/?post_type=product&#038;p=12442"},"modified":"2026-04-28T14:02:18","modified_gmt":"2026-04-28T06:02:18","slug":"2-5g-xpon-stick-sfp-onu","status":"publish","type":"product","link":"https:\/\/www.luleey.com\/de\/produkt-2\/2-5g-xpon-stick-sfp-onu\/","title":{"rendered":"2.5G XPON STICK SFP ONU"},"content":{"rendered":"<h3>Eigenschaften<\/h3>\n<ol>\n<li>XPON STICK=GPON ONU+ EPON ONU, Auto-kompatibel, optisches Glasfasermodem<\/li>\n<li>Unterst\u00fctzung von MAC\/SN\/LOID-\u00c4nderungen, Sie k\u00f6nnen den Inhalt der alten ONU \u00fcber das Web-Management in die neue ONU kopieren.<\/li>\n<li>XPON STICK ist eine ONU mit SFP-Schnittstelle, unterst\u00fctzt GPON SFP oder EPON SFP<\/li>\n<li>klein und exquisit<\/li>\n<li>Plug and Play<\/li>\n<li>mit guter W\u00e4rmeableitung und Abschirmwirkung<\/li>\n<li>Hot-Swap-f\u00e4hig, um in den SFP-Slots von Switches, Kameras und anderen Ger\u00e4ten zu arbeiten, kompatibel mit mehreren Ger\u00e4ten, so dass die gesamte Maschine direkt an das GPON oder EPON optische Netzwerk angeschlossen werden kann, die die externe ONU ersetzen kann und verbessern die Systemintegration Spend.<\/li>\n<li><span class=\"a-list-item\"><span class=\"a-size-base\">Unterst\u00fctzung WEB-Management<\/span><\/span><\/li>\n<li><span class=\"a-list-item\"><span class=\"a-size-base\">Unterst\u00fctzt die Konfiguration der VLAN-Funktion<\/span><\/span><\/li>\n<li><span class=\"a-list-item\"><span class=\"a-size-base\">Unterst\u00fctzung der Schleifenerkennung<\/span><\/span><\/li>\n<li><span class=\"a-list-item\"><span class=\"a-size-base\">Modul geh\u00f6rt zum Bridge-Modus<\/span><\/span><\/li>\n<li><span class=\"a-list-item\"><span class=\"a-size-base\">Unterst\u00fctzung der dynamischen Bandbreitenzuweisung<\/span><\/span><\/li>\n<li>OLT-Markenkompatibilit\u00e4t Ubiquiti HUAWEI MikroTik ZTE BDCOM und mehr...UDM-SE, UDM-PRO<\/li>\n<\/ol>\n<p><strong>\u00dcber die Version: Sowohl die erweiterte DDM-Version als auch die generische Version haben die gleiche Funktion und Kompatibilit\u00e4t, aber die erweiterte DDM-Version mit einem separaten DDM-Chip, so dass sie die Anzeige von XPON STICK DDM-Informationen in Routern wie dem Mikrotik RouterOS unterst\u00fctzen kann.<\/strong><\/p>\n<p><span style=\"color: #ff00ff;\"><strong><a style=\"color: #ff00ff;\" href=\"\/de\/2-5g-gpon-onu-solution\/\" target=\"_blank\" rel=\"noopener\">wie zu verwenden<\/a><\/strong><\/span><\/p>\n<h3>Spezifikation<\/h3>\n<ul>\n<li><span class=\"a-list-item\"><span class=\"a-size-base\">Gr\u00f6\u00dfe:31.10*5.51*5.51 Zoll<\/span><\/span><\/li>\n<li><span class=\"a-list-item\"><span class=\"a-size-base\">3,3 V TTL-Stromversorgung<\/span><\/span><\/li>\n<li>Digitale Diagnosemonitor-Schnittstelle kompatibel mit SFF-8472<\/li>\n<li>SFP MSA-Konformit\u00e4t<\/li>\n<li>Niedriger EMI-Wert und ausgezeichneter ESD-Schutz<\/li>\n<li>Lasersicherheitsstandard der Klasse l gem\u00e4\u00df IEC-60825<\/li>\n<li>RoHS-Konformit\u00e4t<\/li>\n<li>Entspricht SFP Multi-Source Agreement (MSA) SFF-8074i<\/li>\n<li>Entspricht ITUT-T G.984.2,G.984.2 Amendment 1<\/li>\n<li>Entspricht der Spezifikation ITUT G.988 ONU Management and Control Interface (OMCI)<\/li>\n<\/ul>\n<table width=\"518\">\n<tbody>\n<tr>\n<td width=\"159\">Anmeldung<\/td>\n<td width=\"359\">FTTX-Systeme CCTV-L\u00f6sungen<\/td>\n<\/tr>\n<tr>\n<td width=\"159\">Anwendungsszenarien<\/td>\n<td width=\"359\">FTTH, FTTB, FTTX, Netzwerkl\u00f6sung<\/td>\n<\/tr>\n<tr>\n<td>Chipsatz<\/td>\n<td>Realtek RTL9601D<\/td>\n<\/tr>\n<tr>\n<td width=\"159\">Anschluss<\/td>\n<td width=\"359\">SC UPC \/ SC APC<\/td>\n<\/tr>\n<tr>\n<td width=\"159\">Herkunftsland<\/td>\n<td width=\"359\">Guangdong, China<\/td>\n<\/tr>\n<tr>\n<td width=\"159\">Datenrate<\/td>\n<td width=\"359\">GPON:1,25G \/ 2,5G<br \/>\nEPON:1,25G \/ 1,25G<\/td>\n<\/tr>\n<tr>\n<td width=\"159\">DDM-Unterst\u00fctzung<\/td>\n<td width=\"359\">Ja<\/td>\n<\/tr>\n<tr>\n<td>Blitzlicht<\/td>\n<td>8 MB<\/td>\n<\/tr>\n<tr>\n<td width=\"159\">Maximale Entfernung<\/td>\n<td width=\"359\">20km<\/td>\n<\/tr>\n<tr>\n<td width=\"159\">Modell<\/td>\n<td width=\"359\">LL-XS2510<\/td>\n<\/tr>\n<tr>\n<td width=\"159\">Betriebstemperatur<\/td>\n<td width=\"359\">0~70\u2103<\/td>\n<\/tr>\n<tr>\n<td>RAM<\/td>\n<td>64 MB<\/td>\n<\/tr>\n<tr>\n<td width=\"159\">Empfindlichkeit des Empf\u00e4ngers<\/td>\n<td width=\"359\">\u2264-28dBm<\/td>\n<\/tr>\n<\/tbody>\n<\/table>","protected":false},"excerpt":{"rendered":"<ul>\n<li><span class=\"a-list-item\">\u3010Maximale \u00dcbertragungsdistanz\u3011Die maximale Entfernung zwischen der ONU und dem OLT betr\u00e4gt 20 km, und die Entfernung zwischen dem Netzwerkkabel und Ihrer Route betr\u00e4gt 100 Meter.<\/span><\/li>\n<li><span class=\"a-list-item\">\u30102.5G ONU Fiber Optical Modem\u3011SFP XPON STICK+ Media Converter=2.5G XPON ONU Verbinden Sie EPON OLT, es ist 1.25G EPON ONU; Verbinden Sie GPON OLT, es wird wie eine 2.5G GPON ONU sein <\/span><span class=\"a-list-item\">XPON ONU, unterst\u00fctzt GPON \/ EPON<\/span><\/li>\n<li><span class=\"a-list-item\">\u3010Easy to Use\u3011Support MAC\/SN\/LOID Modify,You can copy the content from the old ONU to the new one through the web management.<\/span><\/li>\n<li><span class=\"a-list-item\">\u3010OLT-Kompatibilit\u00e4t\u3011Die ONU ist mit den wichtigsten GPON\/EPON-OLT-Marken auf dem Markt kompatibel. In der Regel kann das OLT automatisch registriert werden, abh\u00e4ngig von den Funktionen des OLTs.<\/span><\/li>\n<\/ul>","protected":false},"featured_media":12480,"comment_status":"open","ping_status":"closed","template":"","meta":[],"product_brand":[],"product_cat":[350],"product_tag":[203,253,304,329,343],"class_list":{"0":"post-12442","1":"product","2":"type-product","3":"status-publish","4":"has-post-thumbnail","6":"product_cat-2-5g-gpon-epon-onu","7":"product_tag-dfp-34x-2c2","8":"product_tag-ll-xs2510","9":"product_tag-rtl960x","10":"product_tag-stick","11":"product_tag-xpon","13":"first","14":"instock","15":"sale","16":"featured","17":"shipping-taxable","18":"purchasable","19":"product-type-variable","20":"has-default-attributes"},"_links":{"self":[{"href":"https:\/\/www.luleey.com\/de\/wp-json\/wp\/v2\/product\/12442","targetHints":{"allow":["GET"]}}],"collection":[{"href":"https:\/\/www.luleey.com\/de\/wp-json\/wp\/v2\/product"}],"about":[{"href":"https:\/\/www.luleey.com\/de\/wp-json\/wp\/v2\/types\/product"}],"replies":[{"embeddable":true,"href":"https:\/\/www.luleey.com\/de\/wp-json\/wp\/v2\/comments?post=12442"}],"wp:featuredmedia":[{"embeddable":true,"href":"https:\/\/www.luleey.com\/de\/wp-json\/wp\/v2\/media\/12480"}],"wp:attachment":[{"href":"https:\/\/www.luleey.com\/de\/wp-json\/wp\/v2\/media?parent=12442"}],"wp:term":[{"taxonomy":"product_brand","embeddable":true,"href":"https:\/\/www.luleey.com\/de\/wp-json\/wp\/v2\/product_brand?post=12442"},{"taxonomy":"product_cat","embeddable":true,"href":"https:\/\/www.luleey.com\/de\/wp-json\/wp\/v2\/product_cat?post=12442"},{"taxonomy":"product_tag","embeddable":true,"href":"https:\/\/www.luleey.com\/de\/wp-json\/wp\/v2\/product_tag?post=12442"}],"curies":[{"name":"wp","href":"https:\/\/api.w.org\/{rel}","templated":true}]}}