{"id":12444,"date":"2024-07-19T00:47:08","date_gmt":"2024-07-18T16:47:08","guid":{"rendered":"https:\/\/www.luleey.com\/?post_type=product&#038;p=12444"},"modified":"2025-02-22T11:25:51","modified_gmt":"2025-02-22T03:25:51","slug":"lc-apc-to-sc-upc-single-mode-sc-upcmale-to-lc-apcfemale-sm-9-125","status":"publish","type":"product","link":"https:\/\/www.luleey.com\/de\/produkt-2\/lc-apc-to-sc-upc-single-mode-sc-upcmale-to-lc-apcfemale-sm-9-125\/","title":{"rendered":"LC\/APC auf SC\/UPC Single Mode SC\/UPC(Stecker) auf LC\/APC(Buchse) SM-9\/125 Konverter"},"content":{"rendered":"<h3>Eigenschaften<\/h3>\n<ol>\n<li>Verbindungsstruktur, einfach zu bedienen.<\/li>\n<li>Hohe Austauschbarkeit, hohe Zuverl\u00e4ssigkeit.<\/li>\n<li>geringe Einf\u00fcgungsd\u00e4mpfung, hohe R\u00fcckflussd\u00e4mpfung.<\/li>\n<\/ol>\n<h3>Spezifikation<\/h3>\n<table style=\"width: 100%; height: 275px;\" width=\"323\">\n<tbody>\n<tr style=\"height: 53px;\">\n<td style=\"height: 53px;\">Marke<\/td>\n<td style=\"height: 53px;\">LuLeey<\/td>\n<\/tr>\n<tr style=\"height: 53px;\">\n<td style=\"height: 53px;\" width=\"101\">Produktname<\/td>\n<td style=\"height: 53px;\" width=\"222\">LC\/APC an SC\/UPC<\/td>\n<\/tr>\n<tr style=\"height: 53px;\">\n<td style=\"height: 53px;\">Adapter Typ<\/td>\n<td style=\"height: 53px;\">SM-9\/125 LC auf SC Faseradapter<\/td>\n<\/tr>\n<tr>\n<td>Material<\/td>\n<td>Keramikkern<\/td>\n<\/tr>\n<tr>\n<td>Betriebstemperatur<\/td>\n<td>-40\u2103~75\u2103<\/td>\n<\/tr>\n<tr style=\"height: 53px;\">\n<td style=\"height: 53px;\">Einf\u00fcged\u00e4mpfung<\/td>\n<td style=\"height: 53px;\">\u22640,3dB<\/td>\n<\/tr>\n<tr style=\"height: 53px;\">\n<td style=\"height: 53px;\">R\u00fcckflussd\u00e4mpfung<\/td>\n<td style=\"height: 53px;\">\u226550dB<\/td>\n<\/tr>\n<tr style=\"height: 379px;\">\n<td style=\"height: 10px;\">Verwendungsszenarien<\/td>\n<td style=\"height: 10px;\">Faseroptische Instrumente, Kommunikationsger\u00e4te,<br \/>\nUmwandlung der Schnittstelle eines faseroptischen Fehlerdetektors.<br \/>\nUmwandlung von Glasfaseranschl\u00fcssen.<br \/>\nPr\u00fcfung der optischen Daten.<br \/>\nOptische Daten\u00fcbertragung.<br \/>\nTelekommunikation, Radio- und Fernsehnetze<\/td>\n<\/tr>\n<\/tbody>\n<\/table>","protected":false},"excerpt":{"rendered":"<ul>\n<li><strong>Plug-and-Play<\/strong> - F\u00fcr die schnelle Umwandlung von LC\/APC in SC\/UPC sind keine Werkzeuge erforderlich.<\/li>\n<li><strong>Ultra-niedriger Signalverlust<\/strong> - Die Einf\u00fcgungsd\u00e4mpfung von 0,3 dB gew\u00e4hrleistet maximale Datenintegrit\u00e4t.<\/li>\n<\/ul>","protected":false},"featured_media":14337,"comment_status":"open","ping_status":"closed","template":"","meta":[],"product_brand":[],"product_cat":[365],"product_tag":[221,247,308,325],"class_list":{"0":"post-12444","1":"product","2":"type-product","3":"status-publish","4":"has-post-thumbnail","6":"product_cat-optical-adapters-and-flange-connectors-and-attenuator","7":"product_tag-fiber-adapter","8":"product_tag-lc-apc","9":"product_tag-sc-upc","10":"product_tag-sm","12":"first","13":"instock","14":"shipping-taxable","15":"purchasable","16":"product-type-variable","17":"has-default-attributes"},"_links":{"self":[{"href":"https:\/\/www.luleey.com\/de\/wp-json\/wp\/v2\/product\/12444","targetHints":{"allow":["GET"]}}],"collection":[{"href":"https:\/\/www.luleey.com\/de\/wp-json\/wp\/v2\/product"}],"about":[{"href":"https:\/\/www.luleey.com\/de\/wp-json\/wp\/v2\/types\/product"}],"replies":[{"embeddable":true,"href":"https:\/\/www.luleey.com\/de\/wp-json\/wp\/v2\/comments?post=12444"}],"wp:featuredmedia":[{"embeddable":true,"href":"https:\/\/www.luleey.com\/de\/wp-json\/wp\/v2\/media\/14337"}],"wp:attachment":[{"href":"https:\/\/www.luleey.com\/de\/wp-json\/wp\/v2\/media?parent=12444"}],"wp:term":[{"taxonomy":"product_brand","embeddable":true,"href":"https:\/\/www.luleey.com\/de\/wp-json\/wp\/v2\/product_brand?post=12444"},{"taxonomy":"product_cat","embeddable":true,"href":"https:\/\/www.luleey.com\/de\/wp-json\/wp\/v2\/product_cat?post=12444"},{"taxonomy":"product_tag","embeddable":true,"href":"https:\/\/www.luleey.com\/de\/wp-json\/wp\/v2\/product_tag?post=12444"}],"curies":[{"name":"wp","href":"https:\/\/api.w.org\/{rel}","templated":true}]}}