{"id":12448,"date":"2024-07-19T00:47:10","date_gmt":"2024-07-18T16:47:10","guid":{"rendered":"https:\/\/www.luleey.com\/?post_type=product&#038;p=12448"},"modified":"2026-04-02T10:22:30","modified_gmt":"2026-04-02T02:22:30","slug":"sc-lc-fc-upc-apc-optic-patch-cord","status":"publish","type":"product","link":"https:\/\/www.luleey.com\/de\/produkt-2\/sc-lc-fc-upc-apc-optic-patch-cord\/","title":{"rendered":"SC LC FC UPC APC Optic Patch Cord Kabel einadrig"},"content":{"rendered":"<h3>Eigenschaften<\/h3>\n<ol>\n<li>Standardisierte Produktionswerkstatt, Forschung und Entwicklung, Verarbeitung und Produktion, Pr\u00fcfung.<\/li>\n<li>Hochpr\u00e4zise Schleifger\u00e4te, Hafenmikroskop-Inspektion, Verlusterkennung.<\/li>\n<li>Hochwertiger Keramikkern, der die Einf\u00fcgungsd\u00e4mpfung effektiv reduziert, geringe Einf\u00fcgungsd\u00e4mpfung, hohe R\u00fcckflussd\u00e4mpfung.<\/li>\n<li>Gute Wiederholbarkeit und Austauschbarkeit.<\/li>\n<li>Ausgezeichnete mechanische Best\u00e4ndigkeit.<\/li>\n<li>Hohe Glaubw\u00fcrdigkeit und Stabilit\u00e4t.<\/li>\n<li>Ausgezeichnete Anpassungsf\u00e4higkeit an die Umwelt.<\/li>\n<li>100% Einf\u00fcgungsd\u00e4mpfungstest, R\u00fcckflussd\u00e4mpfungstest, Endfl\u00e4cheninspektion und St\u00f6rungserkennung<\/li>\n<\/ol>\n<h3>Spezifikation<\/h3>\n<table width=\"366\">\n<tbody>\n<tr>\n<td width=\"224\">Fugenart<\/td>\n<td width=\"142\">SC\/FC\/LC UPC\/APC<\/td>\n<\/tr>\n<tr>\n<td>L\u00e4nge des Kabels<\/td>\n<td>1-100m<\/td>\n<\/tr>\n<tr>\n<td>Arbeitstemperatur<\/td>\n<td>-40 \u2103~85 \u2103<\/td>\n<\/tr>\n<tr>\n<td>Zugfestigkeit<\/td>\n<td>&gt;=200N<\/td>\n<\/tr>\n<tr>\n<td>Arbeits-Wellenl\u00e4nge<\/td>\n<td>1300-1600nm<\/td>\n<\/tr>\n<tr>\n<td>Au\u00dfendurchmesser der optischen Faser<\/td>\n<td>3,0 mm<\/td>\n<\/tr>\n<tr>\n<td>Anzahl der Stecker und Steckdosen<\/td>\n<td>&gt;=1000 Mal<\/td>\n<\/tr>\n<tr>\n<td>Fugenmaterial<\/td>\n<td>Keramikkern<\/td>\n<\/tr>\n<tr>\n<td>Einf\u00fcgungsd\u00e4mpfung<\/td>\n<td>0,3~0,6dB<\/td>\n<\/tr>\n<tr>\n<td>SM\/MM<\/td>\n<td width=\"142\">Einzelmodus<\/td>\n<\/tr>\n<tr>\n<td>Anzahl der Kerne<\/td>\n<td>Einzelkern<\/td>\n<\/tr>\n<\/tbody>\n<\/table>\n<div class=\"MachTrans__textWrap__1NtxT\">\n<div class=\"MachTrans__text__duH8w\">\n<p><span class=\"\">Unterst\u00fctzung der Anpassung von L\u00e4ngen unter 0,5m~100m<\/span><\/p>\n<\/div>\n<\/div>\n<div class=\"MachTrans__textWrap__1NtxT MachTrans__textWrapSmall__26E1Q MachTrans__textWrapCal__Bh8Vh\">\n<div class=\"MachTrans__text__duH8w\"><\/div>\n<\/div>","protected":false},"excerpt":{"rendered":"<p>Optisches Patchkabel<\/p>\n<ul>\n<li>Hochpr\u00e4zise Keramikh\u00fclse.<\/li>\n<li>Geringe Einf\u00fcgungsd\u00e4mpfung, hohe R\u00fcckflussd\u00e4mpfung.<\/li>\n<li>Gute Wiederholbarkeit und Austauschbarkeit.<\/li>\n<li>Ausgezeichnete mechanische Best\u00e4ndigkeit.<\/li>\n<li>Hohe Glaubw\u00fcrdigkeit und Stabilit\u00e4t.<\/li>\n<li>Ausgezeichnete Anpassungsf\u00e4higkeit an die Umwelt.<\/li>\n<li>100% Einf\u00fcgungsd\u00e4mpfungstest, R\u00fcckflussd\u00e4mpfungstest, Endfl\u00e4chenpr\u00fcfung und Interferenzerkennung.<\/li>\n<\/ul>","protected":false},"featured_media":12718,"comment_status":"open","ping_status":"closed","template":"","meta":[],"product_brand":[],"product_cat":[364],"product_tag":[182,213,245,273,305,336],"class_list":{"0":"post-12448","1":"product","2":"type-product","3":"status-publish","4":"has-post-thumbnail","6":"product_cat-optic-cables-and-fiber-pigtails","7":"product_tag-apc","8":"product_tag-fc","9":"product_tag-lc","10":"product_tag-optic-patch-cord","11":"product_tag-sc","12":"product_tag-upc","14":"first","15":"instock","16":"featured","17":"shipping-taxable","18":"purchasable","19":"product-type-variable"},"_links":{"self":[{"href":"https:\/\/www.luleey.com\/de\/wp-json\/wp\/v2\/product\/12448","targetHints":{"allow":["GET"]}}],"collection":[{"href":"https:\/\/www.luleey.com\/de\/wp-json\/wp\/v2\/product"}],"about":[{"href":"https:\/\/www.luleey.com\/de\/wp-json\/wp\/v2\/types\/product"}],"replies":[{"embeddable":true,"href":"https:\/\/www.luleey.com\/de\/wp-json\/wp\/v2\/comments?post=12448"}],"wp:featuredmedia":[{"embeddable":true,"href":"https:\/\/www.luleey.com\/de\/wp-json\/wp\/v2\/media\/12718"}],"wp:attachment":[{"href":"https:\/\/www.luleey.com\/de\/wp-json\/wp\/v2\/media?parent=12448"}],"wp:term":[{"taxonomy":"product_brand","embeddable":true,"href":"https:\/\/www.luleey.com\/de\/wp-json\/wp\/v2\/product_brand?post=12448"},{"taxonomy":"product_cat","embeddable":true,"href":"https:\/\/www.luleey.com\/de\/wp-json\/wp\/v2\/product_cat?post=12448"},{"taxonomy":"product_tag","embeddable":true,"href":"https:\/\/www.luleey.com\/de\/wp-json\/wp\/v2\/product_tag?post=12448"}],"curies":[{"name":"wp","href":"https:\/\/api.w.org\/{rel}","templated":true}]}}