{"id":12450,"date":"2024-07-19T00:47:10","date_gmt":"2024-07-18T16:47:10","guid":{"rendered":"https:\/\/www.luleey.com\/?post_type=product&#038;p=12450"},"modified":"2026-01-10T20:30:46","modified_gmt":"2026-01-10T12:30:46","slug":"1000m-mini-smf-sc-bidi-fiber-media-converter","status":"publish","type":"product","link":"https:\/\/www.luleey.com\/de\/produkt-2\/1000m-mini-smf-sc-bidi-fiber-media-converter\/","title":{"rendered":"1000M mini SMF SC BIDI Glasfaser Medienkonverter"},"content":{"rendered":"<h4 data-spm-anchor-id=\"a2g0o.detail.1000023.i0.525da32aC35IUk\">Eigenschaften<\/h4>\n<ol>\n<li><span class=\"a-list-item\">Dies ist der SMF BIDI Mini Gigabit Glasfaser Medienkonverter - Ihre L\u00f6sung f\u00fcr eine effiziente und zuverl\u00e4ssige Daten\u00fcbertragung. Dieses Produkt wird als Paar geliefert und ist f\u00fcr A\/B-Glasfaser-Transceiver-Anwendungen konzipiert. Mit seiner geringen Gr\u00f6\u00dfe von nur 69x37x22mm ist es eine gro\u00dfartige platzsparende Option f\u00fcr Netzwerk-Setups.<\/span><\/li>\n<li><span class=\"a-list-item\">Dieser Mini-Gigabit-Transceiver ist mit einem 1-Port SC 1.25G Single Fiber Anschluss und einem 1-Port RJ45 10\/100\/1000Mbps Medienkonverter ausgestattet - so k\u00f6nnen Sie sich schnell und nahtlos mit Ihrem Netzwerk verbinden. Er hat au\u00dferdem eine beeindruckende \u00dcbertragungsreichweite von 20 km, was ihn ideal f\u00fcr Daten\u00fcbertragungen \u00fcber gro\u00dfe Entfernungen macht.<\/span><\/li>\n<li><span class=\"a-list-item\">Plug-and-Play-Ger\u00e4t, das keine komplizierte Einrichtung oder Konfiguration erfordert. Schlie\u00dfen Sie das Ger\u00e4t einfach an, und schon k\u00f6nnen Sie loslegen!<\/span><\/li>\n<\/ol>\n<div class=\"a-column a-span6\">\n<h3>Spezifikation<\/h3>\n<\/div>\n<div class=\"a-column a-span6 a-span-last\">\n<table width=\"701\">\n<tbody>\n<tr>\n<td width=\"229\">Modell<\/td>\n<td width=\"472\">LL-BDMC1000<\/td>\n<\/tr>\n<tr>\n<td width=\"229\">Ethernet-Anschluss<\/td>\n<td width=\"472\">RJ45 100\/1000M adaptiv<\/td>\n<\/tr>\n<tr>\n<td width=\"229\">Glasfaseranschluss<\/td>\n<td width=\"472\">SC UPC 1,25Gb\/s<\/td>\n<\/tr>\n<tr>\n<td>SM\/MM<\/td>\n<td width=\"472\">Einzelner Modus<\/td>\n<\/tr>\n<tr>\n<td width=\"229\">Arbeit Wellenl\u00e4nge<\/td>\n<td width=\"472\">1310nm\/1550nm<\/td>\n<\/tr>\n<tr>\n<td width=\"229\">Arbeitstemperatur:<\/td>\n<td width=\"472\">0\u2103-50\u2103<\/td>\n<\/tr>\n<tr>\n<td width=\"229\">Lagertemperatur<\/td>\n<td width=\"472\">-20\u2103~70\u2103<\/td>\n<\/tr>\n<tr>\n<td width=\"229\">\u00dcbertragungsentfernung<\/td>\n<td width=\"472\">20km<\/td>\n<\/tr>\n<tr>\n<td width=\"229\">Leistungsaufnahme<\/td>\n<td width=\"472\">100-250 VAC\/50-60Hz\/DC5V-12V<\/td>\n<\/tr>\n<tr>\n<td width=\"229\">Gr\u00f6\u00dfe<\/td>\n<td width=\"472\">69x37x22mm<\/td>\n<\/tr>\n<\/tbody>\n<\/table>\n<\/div>","protected":false},"excerpt":{"rendered":"<ol>\n<li><span class=\"a-list-item\">Kleine Gr\u00f6\u00dfe, gro\u00dfe Vorteile: Dieser Mini-Gigabit-Transceiver wird als Paar geliefert und bietet in seinem kompakten Design (69*37*22 mm) eine Vielzahl von Funktionen.<\/span><\/li>\n<li><span class=\"a-list-item\">Unschlagbarer Medienkonverter: Mit 1 Port SC 1.25G Single Fiber und 1 Port RJ45 10\/100\/1000Mbps ist dieser A\/B Fiber Optic Transceiver ein unverzichtbares Werkzeug f\u00fcr die Umwandlung von Mediensignalen.<\/span><\/li>\n<li><span class=\"a-list-item\">\u00dcbertragung \u00fcber gro\u00dfe Entfernungen: Ganz gleich, ob Sie Ger\u00e4te in einem Lagerhaus oder in der Stadt miteinander verbinden m\u00fcssen, dieser Transceiver bietet Ihnen eine Reichweite von 20 km.<\/span><\/li>\n<li><span class=\"a-list-item\">Gebaut um zu halten: Dank seines Aluminiumgeh\u00e4uses und des internen \u00dcberspannungsschutzes ist dieses Ger\u00e4t auch f\u00fcr die h\u00e4rtesten Bedingungen geeignet.<\/span><\/li>\n<li><span class=\"a-list-item\">Unkomplizierte Einrichtung: Schlie\u00dfen Sie diesen Transceiver einfach an, und schon sind Sie einsatzbereit. Der Transceiver wurde f\u00fcr eine einfache Nutzung entwickelt und ist die perfekte Wahl f\u00fcr alle, die eine unkomplizierte Verbindungsl\u00f6sung suchen.<\/span><\/li>\n<li><span class=\"a-list-item\">BIDI Gigabit Transceiver :Laden Sie Ihr Netzwerk mit unserem Gigabit Transceiver auf! Sparen Sie Glasfaserkosten mit BIDI Technology Support.<\/span><\/li>\n<\/ol>","protected":false},"featured_media":12049,"comment_status":"open","ping_status":"closed","template":"","meta":[],"product_brand":[],"product_cat":[310],"product_tag":[224,250,259],"class_list":{"0":"post-12450","1":"product","2":"type-product","3":"status-publish","4":"has-post-thumbnail","6":"product_cat-copper-to-fiber-media-converters","7":"product_tag-fiber-converter","8":"product_tag-ll-bdmc1000","9":"product_tag-media-converter","11":"first","12":"instock","13":"featured","14":"shipping-taxable","15":"purchasable","16":"product-type-variable","17":"has-default-attributes"},"_links":{"self":[{"href":"https:\/\/www.luleey.com\/de\/wp-json\/wp\/v2\/product\/12450","targetHints":{"allow":["GET"]}}],"collection":[{"href":"https:\/\/www.luleey.com\/de\/wp-json\/wp\/v2\/product"}],"about":[{"href":"https:\/\/www.luleey.com\/de\/wp-json\/wp\/v2\/types\/product"}],"replies":[{"embeddable":true,"href":"https:\/\/www.luleey.com\/de\/wp-json\/wp\/v2\/comments?post=12450"}],"wp:featuredmedia":[{"embeddable":true,"href":"https:\/\/www.luleey.com\/de\/wp-json\/wp\/v2\/media\/12049"}],"wp:attachment":[{"href":"https:\/\/www.luleey.com\/de\/wp-json\/wp\/v2\/media?parent=12450"}],"wp:term":[{"taxonomy":"product_brand","embeddable":true,"href":"https:\/\/www.luleey.com\/de\/wp-json\/wp\/v2\/product_brand?post=12450"},{"taxonomy":"product_cat","embeddable":true,"href":"https:\/\/www.luleey.com\/de\/wp-json\/wp\/v2\/product_cat?post=12450"},{"taxonomy":"product_tag","embeddable":true,"href":"https:\/\/www.luleey.com\/de\/wp-json\/wp\/v2\/product_tag?post=12450"}],"curies":[{"name":"wp","href":"https:\/\/api.w.org\/{rel}","templated":true}]}}