{"id":12451,"date":"2024-07-19T00:47:11","date_gmt":"2024-07-18T16:47:11","guid":{"rendered":"https:\/\/www.luleey.com\/?post_type=product&#038;p=12451"},"modified":"2026-04-27T14:45:01","modified_gmt":"2026-04-27T06:45:01","slug":"10gbase-t-sfp-to-rj45-copper-module-30m-80m-100m","status":"publish","type":"product","link":"https:\/\/www.luleey.com\/de\/produkt-2\/10gbase-t-sfp-to-rj45-copper-module-30m-80m-100m\/","title":{"rendered":"10GBase-T SFP+ zu RJ45 Kupfer Modul 30m\/80m\/100m,sfp Modul"},"content":{"rendered":"<p class=\"wp-block-wd-paragraph wd-165fd8c3\">10GBASE-T SFP+ Transceivermodul (Kupfer, RJ-45) 10G BASE-T SFP+ kompatibler SFP+ Transceiver bietet einen 10GBase-T-Durchsatz von bis zu 30m\/80m\/100m \u00fcber Cat6a\/Cat7-Kupferkabel via RJ45-Stecker, geeignet f\u00fcr Switches, Router, Firewalls, Netzwerkkarten, Server, Speicherger\u00e4te, Glasfaser-Transceiver und andere Ger\u00e4te.<\/p>\n\n\n\n<p class=\"wp-block-wd-paragraph wd-e13833f0\">\u00dcber <strong>Allgemeine Marke<\/strong>: Kompatibel mit Cisco, Ruijie, ZTE, TP-LINK, Hikvision, Netgear, Mikrotik, ASUS, Boda, Tenda, Mercury, netLINK, UBIQUITI, Banana Pi<\/p>\n\n\n\n<p class=\"wp-block-wd-paragraph wd-a39178f3\"><strong>\u00dcber Chips<\/strong><\/p>\n\n\n\n<figure class=\"wp-block-table\"><table class=\"has-fixed-layout\"><tbody><tr><td><strong>Marke<\/strong><\/td><td><strong>Chips<\/strong><\/td><td><strong>\u00dcbertragungsrate<\/strong><\/td><td><strong>Kabelabstand<\/strong><\/td><td><strong>Stromverbrauch<\/strong><\/td><\/tr><tr><td>LuLeey<\/td><td>Marvell 88X3310<\/td><td>SFP+ 10G<\/td><td>30m<\/td><td>2.31 W<\/td><\/tr><tr><td>LuLeey<\/td><td>TAIWAN-CHIPS<\/td><td>SFP+10G\/5G\/2,5G<\/td><td>30m<\/td><td>2.65 W<\/td><\/tr><tr><td>LuLeey<\/td><td>Broadcom BCM84891L<\/td><td>SFP+ 10G\/5G\/2.5GSFP 1G<\/td><td>80m<\/td><td>1.88 W<\/td><\/tr><tr><td>LuLeey<\/td><td>Broadcom BCM84891L<\/td><td>SFP+ 10G\/5G\/2.5GSFP 1G<\/td><td>100m<\/td><td>1.92 W<\/td><\/tr><tr><td>LuLeey<\/td><td>Marvell CUX3510<\/td><td>SFP+1.25G\/2.5G\/5G\/10G<\/td><td>30m<\/td><td>2.0 W<\/td><\/tr><tr><td>LuLeey<\/td><td>Marvell CUX3510<\/td><td>SFP+1.25G\/2.5G\/5G\/10G<\/td><td>80m<\/td><td>2.4W<\/td><\/tr><tr><td>LuLeey<\/td><td>Marvell CUX3610<\/td><td>SFP+1.25G\/2.5G\/5G\/10G<\/td><td>30m<\/td><td>1.45W<\/td><\/tr><tr><td>LuLeey<\/td><td>Marvell CUX3610<\/td><td>SFP+1.25G\/2.5G\/5G\/10G<\/td><td>80m<\/td><td>1.5W<\/td><\/tr><tr><td>LuLeey<\/td><td>Marvell CUX3610<\/td><td>SFP+1.25G\/2.5G\/5G\/10G<\/td><td>100m<\/td><td>1.65W<\/td><\/tr><tr><td>LuLeey<\/td><td>Marvell AQR113C<\/td><td>SFP+1.25G\/2.5G\/5G\/10G<\/td><td>30m<\/td><td>2.5W<\/td><\/tr><\/tbody><\/table><\/figure>\n\n\n\n<p>Hinweis: Je geringer der Stromverbrauch, desto niedriger die Betriebstemperatur.<\/p>\n\n\n\n<p class=\"has-vivid-red-color has-text-color has-link-color wp-elements-cba5ab9d64ce61ac989015579dfdb0f5\">Der CUX3610-Chip war ausverkauft und wird voraussichtlich im Juni 2026 erh\u00e4ltlich sein.<\/p>\n\n\n\n<h3 class=\"wp-block-wd-title title wd-4bb643bf\">Eigenschaften<\/h3>\n\n\n\n<ol class=\"wp-block-list\">\n<li>Plug and Play.<\/li>\n\n\n\n<li>Geeignet f\u00fcr hohe und niedrige Temperaturen.<\/li>\n\n\n\n<li>Hochwertiger Chip<\/li>\n\n\n\n<li>Volle Kompatibilit\u00e4t, standardm\u00e4\u00dfig f\u00fcr Cisco, Fortinet, Ubiquiti, Netgear, D-Link, TP-Link, Linksys, Broadcom, Edge-core, EMC, F5, Meraki, Norkia, QTC, Supermicro und andere offene Switches<\/li>\n\n\n\n<li>Max. Leistungsaufnahme weniger 2,5 W<\/li>\n\n\n\n<li>Getestet in gezielten Switches f\u00fcr \u00fcberragende Leistung, Qualit\u00e4t und Zuverl\u00e4ssigkeit<\/li>\n\n\n\n<li>Terminierte RJ45-Stecker, die eine 10G-Bandbreite \u00fcber die bestehende Infrastruktur erm\u00f6glichen<\/li>\n\n\n\n<li>Hot Pluggable SFP+ MSA-konform<\/li>\n<\/ol>\n\n\n\n<h3 class=\"wp-block-wd-title title wd-96248f2d\">Spezifikation<\/h3>\n\n\n\n<figure class=\"wp-block-table\"><table class=\"has-fixed-layout\"><tbody><tr><td>Modell<\/td><td>10GBASE-T<\/td><\/tr><tr><td>Datenrate<\/td><td>10G\/5G\/2,5G\/1,25G<\/td><\/tr><tr><td>Verpackung<\/td><td>&nbsp;SFP+<\/td><\/tr><tr><td>Betriebsspannung<\/td><td>3.3V<\/td><\/tr><tr><td>Kabel<\/td><td>10-Gigabit-Ethernet \u00fcber Kat. 6a<\/td><\/tr><tr><td>Arbeitstemperatur<\/td><td>&nbsp; 0 \u00b0C ~+70 \u00b0C<\/td><\/tr><tr><td>Kabelabstand<\/td><td>30M\/80M\/100M<\/td><\/tr><tr><td>DDM unterst\u00fctzen<\/td><td>Ja<\/td><\/tr><tr><td>Gr\u00f6\u00dfe<\/td><td>60x14x14mm<\/td><\/tr><\/tbody><\/table><\/figure>","protected":false},"excerpt":{"rendered":"<ul>\n<li><span class=\"a-list-item\">Hochgeschwindigkeits-Konnektivit\u00e4t: Erleben Sie blitzschnelle Ethernet-Geschwindigkeiten mit unserem 10GBase-T sfp-Modul<\/span><\/li>\n<li><span class=\"a-list-item\">Einfache Konvertierung: Unser SFP-zu-RJ45-Modul bietet eine nahtlose fotoelektrische Umwandlung f\u00fcr problemlose Ethernet-Verbindungen.<\/span><\/li>\n<li><span class=\"a-list-item\">Volle Markenkompatibilit\u00e4t: Um mit den folgenden Marken zu arbeiten, w\u00e4hlen Sie bitte Cisco: Accton, Avocent, Broadcom, BlueCoat, Cumulus, Chelsio, Centec, D-LINK, Edgecore, F5, Fortigate, Ixia, Linkysys, Mikrotik, Netgear, Netapp, Sundray, Supermicro, Solarflare, Ubiquiti(UBNT), Wayos, Xilinx, Zyxel<\/span><\/li>\n<li><span class=\"a-list-item\">Langlebiges Design: Unser aus einer Zinklegierung gefertigtes Modul bietet eine hervorragende W\u00e4rmeableitung und kann sich selbst an verschiedene Ethernet-Geschwindigkeiten anpassen, einschlie\u00dflich 10G\/5G\/2.5G\/1G, sfp zu rj45<\/span><\/li>\n<li><span class=\"a-list-item\">Erweiterte Reichweite: Unser Modul verf\u00fcgt \u00fcber eine Reichweite von bis zu 30m\/80m\/100m und bietet somit eine zuverl\u00e4ssige Verbindung \u00fcber gro\u00dfe Entfernungen.<\/span><\/li>\n<li>sfp zu rj45, Modul f\u00fcr niedrige Temperaturen<\/li>\n<\/ul>","protected":false},"featured_media":12483,"comment_status":"open","ping_status":"closed","template":"","meta":[],"product_brand":[],"product_cat":[320],"product_tag":[97,99,190,1146,1145,837,318,322],"class_list":{"0":"post-12451","1":"product","2":"type-product","3":"status-publish","4":"has-post-thumbnail","6":"product_cat-sfp-t-1g-2-5g-10g","7":"product_tag-10g","8":"product_tag-10gbase-t","9":"product_tag-bcm84891","10":"product_tag-cux3510","11":"product_tag-cux3610","12":"product_tag-sfp-module","13":"product_tag-sfp-to-rj45","14":"product_tag-sfp","16":"first","17":"instock","18":"sale","19":"featured","20":"shipping-taxable","21":"purchasable","22":"product-type-variable","23":"has-default-attributes"},"_links":{"self":[{"href":"https:\/\/www.luleey.com\/de\/wp-json\/wp\/v2\/product\/12451","targetHints":{"allow":["GET"]}}],"collection":[{"href":"https:\/\/www.luleey.com\/de\/wp-json\/wp\/v2\/product"}],"about":[{"href":"https:\/\/www.luleey.com\/de\/wp-json\/wp\/v2\/types\/product"}],"replies":[{"embeddable":true,"href":"https:\/\/www.luleey.com\/de\/wp-json\/wp\/v2\/comments?post=12451"}],"wp:featuredmedia":[{"embeddable":true,"href":"https:\/\/www.luleey.com\/de\/wp-json\/wp\/v2\/media\/12483"}],"wp:attachment":[{"href":"https:\/\/www.luleey.com\/de\/wp-json\/wp\/v2\/media?parent=12451"}],"wp:term":[{"taxonomy":"product_brand","embeddable":true,"href":"https:\/\/www.luleey.com\/de\/wp-json\/wp\/v2\/product_brand?post=12451"},{"taxonomy":"product_cat","embeddable":true,"href":"https:\/\/www.luleey.com\/de\/wp-json\/wp\/v2\/product_cat?post=12451"},{"taxonomy":"product_tag","embeddable":true,"href":"https:\/\/www.luleey.com\/de\/wp-json\/wp\/v2\/product_tag?post=12451"}],"curies":[{"name":"wp","href":"https:\/\/api.w.org\/{rel}","templated":true}]}}