{"id":12452,"date":"2024-07-19T00:47:11","date_gmt":"2024-07-18T16:47:11","guid":{"rendered":"https:\/\/www.luleey.com\/?post_type=product&#038;p=12452"},"modified":"2025-06-28T10:51:53","modified_gmt":"2025-06-28T02:51:53","slug":"gpon-olt-c-optical-module","status":"publish","type":"product","link":"https:\/\/www.luleey.com\/de\/produkt-2\/gpon-olt-c-optical-module\/","title":{"rendered":"GPON OLT C+++ Optisches Modul"},"content":{"rendered":"<h3>Eigenschaften<\/h3>\n<ol>\n<li class=\"a-spacing-base\">Das GPON OLT C+++ Modul verf\u00fcgt \u00fcber einen SFP-Kapselungstyp, der eine hohe Kompatibilit\u00e4t mit den meisten Netzwerkger\u00e4ten gew\u00e4hrleistet. Dank der hohen Ausgangsleistung von mehr als 7db+ k\u00f6nnen Sie ein starkes und zuverl\u00e4ssiges Signal \u00fcber 20 km aufrechterhalten, was es ideal f\u00fcr gr\u00f6\u00dfere Netzwerkimplementierungen macht. Dar\u00fcber hinaus ist GPON OLT C+++ ein optisches SFP-PON-Modul, das \u00dcbertragungsraten von bis zu 2,5G\/1,25G unterst\u00fctzt und sich damit perfekt f\u00fcr Anwendungen mit hoher Bandbreite eignet.<\/li>\n<li class=\"a-spacing-base\">Um die optimale Leistung und Zuverl\u00e4ssigkeit Ihres Netzwerks zu gew\u00e4hrleisten, unterst\u00fctzt es die digitalen DDM-Diagnosefunktionen, mit denen Sie die optische Leistung und Temperatur \u00fcberwachen k\u00f6nnen. Dieses GPON-OLT-Modul ist mit g\u00e4ngigen Netzwerkger\u00e4ten wie OLT BDCOM, HIOSO, VSOL, THINK, TPLINK usw. kompatibel. Ganz gleich, ob Sie ein bestehendes Netzwerk aufr\u00fcsten oder ein brandneues einrichten wollen, das GPON OLT C+++ ist die perfekte L\u00f6sung und wird Ihr Netzwerk \u00fcber Jahre hinweg mit hoher Leistung und Stabilit\u00e4t versorgen. Wenn Sie also ein zuverl\u00e4ssiges, leistungsstarkes GPON OLT C+++ f\u00fcr Ihr OLT suchen, ist es aufgrund seiner Zuverl\u00e4ssigkeit und Kompatibilit\u00e4t die ideale Wahl f\u00fcr Ihr Netzwerk.<\/li>\n<\/ol>\n<h3>Spezifikation<\/h3>\n<table width=\"790\">\n<tbody>\n<tr>\n<td width=\"229\">Modell<\/td>\n<td width=\"561\">LL-GOC007\/LL-GOC008<\/td>\n<\/tr>\n<tr>\n<td>Geh\u00e4use aus Zinklegierung<\/td>\n<td>stark antistatisch, reduziert St\u00f6rungen, schnelle W\u00e4rmeableitung<\/td>\n<\/tr>\n<tr>\n<td>Kompatible OLT-Marke<\/td>\n<td>BDCOM HUAWEI ZTE FIBERHOME HIOSO VSOL Think TPLINK und mehr<\/td>\n<\/tr>\n<tr>\n<td>Anschluss<\/td>\n<td>SC\/PC<\/td>\n<\/tr>\n<tr>\n<td>Digitale Diagnostik<\/td>\n<td>DDM<\/td>\n<\/tr>\n<tr>\n<td>\u00dcbertragungsrate<\/td>\n<td>2,5G\/1,25G<\/td>\n<\/tr>\n<tr>\n<td>Maximale \u00dcbertragungsentfernung<\/td>\n<td>20km<\/td>\n<\/tr>\n<tr>\n<td width=\"229\">Art der Verpackung<\/td>\n<td width=\"561\">SFP<\/td>\n<\/tr>\n<tr>\n<td width=\"229\">Sendewellenl\u00e4nge<\/td>\n<td width=\"561\">1490nm<\/td>\n<\/tr>\n<tr>\n<td width=\"229\">Empfangs-Wellenl\u00e4nge<\/td>\n<td width=\"561\">1310nm<\/td>\n<\/tr>\n<\/tbody>\n<\/table>","protected":false},"excerpt":{"rendered":"<p><span class=\"a-list-item\">[Plug and Play]Our GPON OLT C+++ is built to last, offering long-term stability that guarantees reliable network connectivity with minimal downtime.<\/span><\/p>\n<p><span class=\"a-list-item\">[High Performance] Our GPON OLT C+++ supports transmission rates of up to 2.5G\/1.25G, delivering a seamless network experience that can handle anything you throw at it.<\/span><\/p>\n<p><span class=\"a-list-item\">[Reliable Diagnostic Tool]Supports DDM digital diagnostic functions, ensuring that you can easily identify any potential issues and troubleshoot them accordingly.<\/span><\/p>\n<p><span class=\"a-list-item\">[Long-Range Connectivity]With a maximum range of up to 20km, you can connect devices and users over long distances without any issues.<\/span><\/p>\n<p><span class=\"a-list-item\">[Reliable Diagnostic Tool]Supports DDM digital diagnostic functions, ensuring that you can easily identify any potential issues and troubleshoot them accordingly.<\/span><\/p>\n","protected":false},"featured_media":12495,"comment_status":"open","ping_status":"closed","template":"","meta":[],"product_brand":[],"product_cat":[317],"product_tag":[96,177,228,229],"class_list":{"0":"post-12452","1":"product","2":"type-product","3":"status-publish","4":"has-post-thumbnail","6":"product_cat-sfp-pon-module","7":"product_tag-10db","8":"product_tag-9db","9":"product_tag-gpon","10":"product_tag-gpon-olt","12":"first","13":"instock","14":"featured","15":"shipping-taxable","16":"purchasable","17":"product-type-variable","18":"has-default-attributes"},"_links":{"self":[{"href":"https:\/\/www.luleey.com\/de\/wp-json\/wp\/v2\/product\/12452","targetHints":{"allow":["GET"]}}],"collection":[{"href":"https:\/\/www.luleey.com\/de\/wp-json\/wp\/v2\/product"}],"about":[{"href":"https:\/\/www.luleey.com\/de\/wp-json\/wp\/v2\/types\/product"}],"replies":[{"embeddable":true,"href":"https:\/\/www.luleey.com\/de\/wp-json\/wp\/v2\/comments?post=12452"}],"wp:featuredmedia":[{"embeddable":true,"href":"https:\/\/www.luleey.com\/de\/wp-json\/wp\/v2\/media\/12495"}],"wp:attachment":[{"href":"https:\/\/www.luleey.com\/de\/wp-json\/wp\/v2\/media?parent=12452"}],"wp:term":[{"taxonomy":"product_brand","embeddable":true,"href":"https:\/\/www.luleey.com\/de\/wp-json\/wp\/v2\/product_brand?post=12452"},{"taxonomy":"product_cat","embeddable":true,"href":"https:\/\/www.luleey.com\/de\/wp-json\/wp\/v2\/product_cat?post=12452"},{"taxonomy":"product_tag","embeddable":true,"href":"https:\/\/www.luleey.com\/de\/wp-json\/wp\/v2\/product_tag?post=12452"}],"curies":[{"name":"wp","href":"https:\/\/api.w.org\/{rel}","templated":true}]}}