{"id":12455,"date":"2024-07-19T00:47:15","date_gmt":"2024-07-18T16:47:15","guid":{"rendered":"https:\/\/www.luleey.com\/?post_type=product&#038;p=12455"},"modified":"2025-02-22T11:46:23","modified_gmt":"2025-02-22T03:46:23","slug":"1000m-sfp-media-converter","status":"publish","type":"product","link":"https:\/\/www.luleey.com\/de\/produkt-2\/1000m-sfp-media-converter\/","title":{"rendered":"1000M SFP Medienkonverter"},"content":{"rendered":"<p>Dieser 10\/100\/1000M Gigabit-Ethernet-Konverter wird in Backbone-Netzwerken eingesetzt und wird haupts\u00e4chlich f\u00fcr Gigabit-Ethernet-Ger\u00e4teverbindungen verwendet. Er konvertiert optisch-elektrische Ethernet-Signale zwischen 10\/100\/1000M UTP-Schnittstelle (TX) und 1000M SFP-Buchse (FX). Je nach Kundenanforderung unterst\u00fctzt dieser Medienkonverter Single-Mode- und Multi-Mode-Fasern mit einer \u00dcbertragungsdistanz von bis zu 80 km f\u00fcr Single-Mode-Fasern und 550 m f\u00fcr Multi-Mode-Fasern. Er verl\u00e4ngert die \u00dcbertragungsdistanz durch sein photoelektrisches Umwandlungsnetzwerk. Der Medienkonverter nutzt die Vorteile der intelligenten Verbindungstechnologie, um eine automatische Aushandlung zu erm\u00f6glichen, wodurch die Notwendigkeit einer manuellen Konfiguration oder \u00dcberwachung der Einstellungen entf\u00e4llt.<\/p>\n<h3>Eigenschaften<\/h3>\n<ol>\n<li>Modularer Aufbau, Plug and Play<\/li>\n<li>Entspricht den Standards IEEE 10\/100Base-TX, IEEE 802.3ab 1000Base-T und IEEE 802.3z 1000Base-SX\/LX<\/li>\n<li>Automatische Aushandlungsfunktion erm\u00f6glicht UTP-Ports die automatische Auswahl von 10\/100\/1000M und Vollduplex oder Halbduplex<\/li>\n<li>Unterst\u00fctzt das automatische Kreuzen von Twisted-Pair-Ports<\/li>\n<li>Alarm-LED leuchtet auf, um Verbindungsfehler anzuzeigen, Status-LEDs zur einfachen \u00dcberwachung des Ger\u00e4testatus.<\/li>\n<\/ol>\n<h3>Spezifikation<\/h3>\n<table width=\"717\">\n<tbody>\n<tr>\n<td>Modell<\/td>\n<td>LL-SFPMC1000<\/td>\n<\/tr>\n<tr>\n<td>Produktname<\/td>\n<td>1000M SFP Medienkonverter<\/td>\n<\/tr>\n<tr>\n<td>Marke<\/td>\n<td>LuLeey<\/td>\n<\/tr>\n<tr>\n<td rowspan=\"6\" width=\"165\">Normen<\/td>\n<td width=\"552\">IEEE802.3 10Base-T<\/td>\n<\/tr>\n<tr>\n<td width=\"552\">IEEE802.3u 100Base-TX\/FX<\/td>\n<\/tr>\n<tr>\n<td width=\"552\">IEEE802.3z 1000Base-SX\/LX<\/td>\n<\/tr>\n<tr>\n<td width=\"552\">IEEE802.3x Flusskontrolle<\/td>\n<\/tr>\n<tr>\n<td width=\"552\">IEEE802.1p QoS<\/td>\n<\/tr>\n<tr>\n<td width=\"552\">IEEE802.1d Spanning Tree<\/td>\n<\/tr>\n<tr>\n<td width=\"165\"><\/td>\n<td width=\"552\">Anschluss: RJ45<\/td>\n<\/tr>\n<tr>\n<td width=\"165\">Ethernet-Anschluss<\/td>\n<td width=\"552\">Datenrate:10\/100\/1000M<\/td>\n<\/tr>\n<tr>\n<td width=\"165\"><\/td>\n<td width=\"552\">Entfernung: 100m<\/td>\n<\/tr>\n<tr>\n<td width=\"165\"><\/td>\n<td width=\"552\">UTP-Typ: UTP-5E oder h\u00f6heres Niveau<\/td>\n<\/tr>\n<tr>\n<td rowspan=\"4\" width=\"165\">Glasfaseranschluss<\/td>\n<td width=\"552\">Anschluss:SFP-Steckplatz<\/td>\n<\/tr>\n<tr>\n<td width=\"552\">Datenrate: 1.25Gbps<\/td>\n<\/tr>\n<tr>\n<td width=\"552\">Optische Wellenl\u00e4nge: 850nm\/1310nm\/1490nm\/1550nm<\/td>\n<\/tr>\n<tr>\n<td width=\"552\">Entfernung: 550m\uff5e120km<\/td>\n<\/tr>\n<tr>\n<td rowspan=\"6\" width=\"165\">Leistung<\/td>\n<td width=\"552\">Verarbeitungsart: Speichern und Weiterleiten<\/td>\n<\/tr>\n<tr>\n<td width=\"552\">MAC-Tabellengr\u00f6\u00dfe:4K\/6K\/8K<\/td>\n<\/tr>\n<tr>\n<td width=\"552\">Pufferspeicher: 500kbs\/1Mbit\/2Mbit<\/td>\n<\/tr>\n<tr>\n<td width=\"552\">Jumbo-Paket: 1518 Bytes<\/td>\n<\/tr>\n<tr>\n<td width=\"552\">Bandbreite der R\u00fcckseite: 3.8G\/5.6G\/7.2G<\/td>\n<\/tr>\n<tr>\n<td width=\"552\">Zeitverz\u00f6gerung: \uff1c150\u03bcs<\/td>\n<\/tr>\n<tr>\n<td rowspan=\"5\" width=\"165\">Strom<\/td>\n<td width=\"552\">Stromversorgungsart: externe Stromversorgung<\/td>\n<\/tr>\n<tr>\n<td width=\"552\">Eingangsspannung: AC100V\uff5e240V 50\/60Hz<\/td>\n<\/tr>\n<tr>\n<td width=\"552\">Anschluss: DC-Buchse<\/td>\n<\/tr>\n<tr>\n<td width=\"552\">Betriebsspannung: 5V<\/td>\n<\/tr>\n<tr>\n<td width=\"552\">Leistungsaufnahme: 2.2W\uff5e3.5W<\/td>\n<\/tr>\n<tr>\n<td width=\"165\">MTBF<\/td>\n<td width=\"552\">100.000 Stunden<\/td>\n<\/tr>\n<tr>\n<td rowspan=\"3\" width=\"165\">Umwelt<\/td>\n<td width=\"552\">Lagertemperatur: -40\uff5e70\u2103<\/td>\n<\/tr>\n<tr>\n<td width=\"552\">Betriebstemperatur: -10\uff5e55\u2103<\/td>\n<\/tr>\n<tr>\n<td width=\"552\">Relative Luftfeuchtigkeit: 5-90% (keine Kondensation)<\/td>\n<\/tr>\n<tr>\n<td rowspan=\"2\" width=\"165\">Mechanische Strukturen<\/td>\n<td width=\"552\">Abmessungen: 215\u00d7107\u00d726mm<\/td>\n<\/tr>\n<tr>\n<td width=\"552\">Gewicht: 0,15<\/td>\n<\/tr>\n<tr>\n<td width=\"165\">OEM&amp;ODM<\/td>\n<td width=\"552\">Unterst\u00fctzend<\/td>\n<\/tr>\n<\/tbody>\n<\/table>","protected":false},"excerpt":{"rendered":"<ul class=\"a-unordered-list a-vertical a-spacing-mini\">\n<li class=\"a-spacing-small\"><span class=\"a-list-item\">Hochgeschwindigkeitsdaten\u00fcbertragung f\u00fcr Langstreckenanwendungen mit SFP-Medienkonverter und 20 km Reichweite auf Single-Mode-Glasfaser.<\/span><\/li>\n<li class=\"a-spacing-small\"><span class=\"a-list-item\">Unterst\u00fctzung f\u00fcr adaptive 10\/100\/1000-Daten\u00fcbertragungsraten, die eine vielseitige L\u00f6sung f\u00fcr unterschiedliche Netzwerkanforderungen bieten. Kompatibel mit SFP-Modulen verschiedener Marken. Plug and Play.<\/span><\/li>\n<li class=\"a-spacing-small\"><span class=\"a-list-item\">Der 1.25G SC Port bietet zuverl\u00e4ssige Konnektivit\u00e4t zu Ihrem Netzwerk mit Fiber to Ethernet RJ45 Unterst\u00fctzung und gew\u00e4hrleistet eine schnelle und effiziente Daten\u00fcbertragung.<\/span><\/li>\n<li class=\"a-spacing-small\"><span class=\"a-list-item\">Das kompakte und kleine Design erm\u00f6glicht eine einfache Installation und eine nahtlose Integration in bestehende Netzwerkkonfigurationen.<\/span><\/li>\n<li class=\"a-spacing-small\"><span class=\"a-list-item\">Merkmale Dreistufiger Blitzschutz, der eine stabile und unterbrechungsfreie \u00dcbertragung gew\u00e4hrleistet und empfindliche Netzwerkger\u00e4te sch\u00fctzt.<\/span><\/li>\n<\/ul>","protected":false},"featured_media":12052,"comment_status":"open","ping_status":"closed","template":"","meta":[],"product_brand":[],"product_cat":[310],"product_tag":[84,224,301],"class_list":{"0":"post-12455","1":"product","2":"type-product","3":"status-publish","4":"has-post-thumbnail","6":"product_cat-copper-to-fiber-media-converters","7":"product_tag-1-25g","8":"product_tag-fiber-converter","9":"product_tag-rj45","11":"first","12":"instock","13":"shipping-taxable","14":"purchasable","15":"product-type-variable"},"_links":{"self":[{"href":"https:\/\/www.luleey.com\/de\/wp-json\/wp\/v2\/product\/12455","targetHints":{"allow":["GET"]}}],"collection":[{"href":"https:\/\/www.luleey.com\/de\/wp-json\/wp\/v2\/product"}],"about":[{"href":"https:\/\/www.luleey.com\/de\/wp-json\/wp\/v2\/types\/product"}],"replies":[{"embeddable":true,"href":"https:\/\/www.luleey.com\/de\/wp-json\/wp\/v2\/comments?post=12455"}],"wp:featuredmedia":[{"embeddable":true,"href":"https:\/\/www.luleey.com\/de\/wp-json\/wp\/v2\/media\/12052"}],"wp:attachment":[{"href":"https:\/\/www.luleey.com\/de\/wp-json\/wp\/v2\/media?parent=12455"}],"wp:term":[{"taxonomy":"product_brand","embeddable":true,"href":"https:\/\/www.luleey.com\/de\/wp-json\/wp\/v2\/product_brand?post=12455"},{"taxonomy":"product_cat","embeddable":true,"href":"https:\/\/www.luleey.com\/de\/wp-json\/wp\/v2\/product_cat?post=12455"},{"taxonomy":"product_tag","embeddable":true,"href":"https:\/\/www.luleey.com\/de\/wp-json\/wp\/v2\/product_tag?post=12455"}],"curies":[{"name":"wp","href":"https:\/\/api.w.org\/{rel}","templated":true}]}}