{"id":12458,"date":"2024-07-19T00:47:15","date_gmt":"2024-07-18T16:47:15","guid":{"rendered":"https:\/\/www.luleey.com\/?post_type=product&#038;p=12458"},"modified":"2025-06-22T15:28:27","modified_gmt":"2025-06-22T07:28:27","slug":"1000m-base-t-copper-100m-sfp-ge-t-ll-1bt100","status":"publish","type":"product","link":"https:\/\/www.luleey.com\/de\/produkt-2\/1000m-base-t-copper-100m-sfp-ge-t-ll-1bt100\/","title":{"rendered":"1000M BASE-T KUPFER 100m SFP-GE-T LL-1BT100"},"content":{"rendered":"<h3>Eigenschaften<\/h3>\n<ol>\n<li>Das SFP-GE-RJ45 sfp-Modul ist mit einer Vielzahl von Netzwerkger\u00e4ten wie Glasfaser-Switches, Routern, Netzwerkschnittstellenkarten (NICs), NAS und 1G-Medienkonvertern kompatibel.<\/li>\n<li>Hochwertige Materialien, Zinklegierung, effektive W\u00e4rmeableitung. Verdickter vergoldeter Sockel f\u00fcr stabile und effiziente \u00dcbertragungsleistung.<\/li>\n<li>DDM-Funktionen (Digital Diagnostic Monitoring) helfen Ihnen, den Zustand und die Leistung des Moduls zu \u00fcberwachen. Es kann auch Probleme fr\u00fchzeitig erkennen, so dass Sie Abhilfema\u00dfnahmen ergreifen k\u00f6nnen, bevor ernsthafte Probleme auftreten.<\/li>\n<li>SFP-GE-T Gigabit Copper SFP Port Module ist ein hochwertiges SFP-zu-RJ45-Konvertermodul, das zuverl\u00e4ssige Hochgeschwindigkeits-Konnektivit\u00e4t f\u00fcr Ihre Netzwerkger\u00e4te bietet. Mit Geschwindigkeiten von 10\/100\/1000Mbps ist dieses Modul perfekt f\u00fcr anspruchsvolle Anwendungen geeignet, die eine hohe Bandbreite erfordern.Weitgehend kompatibel mit Netzwerkger\u00e4ten von Marken wie Cisco, MikroTik, TPLINK, Ubiquiti, Unifi, QNAP, Asus und ZTE.<\/li>\n<\/ol>\n<h3>Spezifikation<\/h3>\n<table width=\"790\">\n<tbody>\n<tr>\n<td width=\"229\">Name des Produkts<\/td>\n<td width=\"561\">Gigabit-Kupfer-Anschlussmodul LL-1BT100<\/td>\n<\/tr>\n<tr>\n<td width=\"229\">Paket Typ<\/td>\n<td width=\"561\">SFP<\/td>\n<\/tr>\n<tr>\n<td width=\"229\">\u00dcbertragungsrate<\/td>\n<td width=\"561\">10\/100\/1000Mbps<\/td>\n<\/tr>\n<tr>\n<td width=\"229\">\u00dcbertragungsentfernung<\/td>\n<td width=\"561\">100m<\/td>\n<\/tr>\n<tr>\n<td width=\"229\">Kabel Typ<\/td>\n<td width=\"561\">Kat. 5\/6 UTP<\/td>\n<\/tr>\n<tr>\n<td width=\"229\">Schnittstelle<\/td>\n<td width=\"561\">RJ45<\/td>\n<\/tr>\n<tr>\n<td width=\"229\">Digitale Diagnostik<\/td>\n<td width=\"561\">DDM<\/td>\n<\/tr>\n<tr>\n<td width=\"229\">Arbeitstemperatur<\/td>\n<td width=\"561\">-20\u2103-70\u00b0\u2103<\/td>\n<\/tr>\n<tr>\n<td width=\"229\">Betriebsspannung<\/td>\n<td width=\"561\">3.3V<\/td>\n<\/tr>\n<\/tbody>\n<\/table>\n<div class=\"a-column a-span6 a-span-last\"><\/div>","protected":false},"excerpt":{"rendered":"<ul class=\"a-unordered-list a-vertical a-spacing-mini\">\n<li class=\"a-spacing-mini\"><span class=\"a-list-item\">Hochgeschwindigkeits-Konnektivit\u00e4t: Das SFP-GE-RJ45 Gigabit-Kupfer-SFP-Port-Modul wandelt SFP in RJ45 um und unterst\u00fctzt eine Daten\u00fcbertragungsgeschwindigkeit von 10\/100\/1000 Mbit\/s.<\/span><\/li>\n<li class=\"a-spacing-mini\"><span class=\"a-list-item\">Einfache \u00dcberwachung: Die DDM-Funktion (Digital Diagnostics Monitoring) erm\u00f6glicht die Echtzeit\u00fcberwachung kritischer Parameter wie Temperatur, Spannung und optische Leistung.<\/span><\/li>\n<li class=\"a-spacing-mini\"><span class=\"a-list-item\">Kompatibel mit allen Marken: Das sfp-Modul ist mit allen Marken kompatibel, <strong>Standard <\/strong>kompatibel mit Cisco, MikroTik, TPLINK, Ubiquiti, UniFi, QNAP, ASUS, und ZTE.<\/span><\/li>\n<li class=\"a-spacing-mini\"><span class=\"a-list-item\">Konnektivit\u00e4t mit gro\u00dfer Reichweite: Mit einer Reichweite von bis zu 100 m bietet der SFP-GE-RJ45 zuverl\u00e4ssige Konnektivit\u00e4t \u00fcber gro\u00dfe Entfernungen.<\/span><\/li>\n<li class=\"a-spacing-mini\"><span class=\"a-list-item\">Einfach zu installieren: Das Modul l\u00e4sst sich schnell und einfach in kompatible Ger\u00e4te einbauen und bietet problemlose Konnektivit\u00e4t f\u00fcr Unternehmen und Privatpersonen.<\/span><\/li>\n<\/ul>","protected":false},"featured_media":12498,"comment_status":"open","ping_status":"closed","template":"","meta":[],"product_brand":[],"product_cat":[320],"product_tag":[88,249,278,837,318],"class_list":{"0":"post-12458","1":"product","2":"type-product","3":"status-publish","4":"has-post-thumbnail","6":"product_cat-sfp-t-1g-2-5g-10g","7":"product_tag-1000base-t","8":"product_tag-ll-1bt100","9":"product_tag-optical-module","10":"product_tag-sfp-module","11":"product_tag-sfp-to-rj45","13":"first","14":"instock","15":"shipping-taxable","16":"purchasable","17":"product-type-variable","18":"has-default-attributes"},"_links":{"self":[{"href":"https:\/\/www.luleey.com\/de\/wp-json\/wp\/v2\/product\/12458","targetHints":{"allow":["GET"]}}],"collection":[{"href":"https:\/\/www.luleey.com\/de\/wp-json\/wp\/v2\/product"}],"about":[{"href":"https:\/\/www.luleey.com\/de\/wp-json\/wp\/v2\/types\/product"}],"replies":[{"embeddable":true,"href":"https:\/\/www.luleey.com\/de\/wp-json\/wp\/v2\/comments?post=12458"}],"wp:featuredmedia":[{"embeddable":true,"href":"https:\/\/www.luleey.com\/de\/wp-json\/wp\/v2\/media\/12498"}],"wp:attachment":[{"href":"https:\/\/www.luleey.com\/de\/wp-json\/wp\/v2\/media?parent=12458"}],"wp:term":[{"taxonomy":"product_brand","embeddable":true,"href":"https:\/\/www.luleey.com\/de\/wp-json\/wp\/v2\/product_brand?post=12458"},{"taxonomy":"product_cat","embeddable":true,"href":"https:\/\/www.luleey.com\/de\/wp-json\/wp\/v2\/product_cat?post=12458"},{"taxonomy":"product_tag","embeddable":true,"href":"https:\/\/www.luleey.com\/de\/wp-json\/wp\/v2\/product_tag?post=12458"}],"curies":[{"name":"wp","href":"https:\/\/api.w.org\/{rel}","templated":true}]}}