{"id":12459,"date":"2024-07-19T00:47:16","date_gmt":"2024-07-18T16:47:16","guid":{"rendered":"https:\/\/www.luleey.com\/?post_type=product&#038;p=12459"},"modified":"2025-06-22T15:27:26","modified_gmt":"2025-06-22T07:27:26","slug":"2500m-base-t-100m-ll-25bt100","status":"publish","type":"product","link":"https:\/\/www.luleey.com\/de\/produkt-2\/2500m-base-t-100m-ll-25bt100\/","title":{"rendered":"2500M BASE-T 100m LL-25BT100"},"content":{"rendered":"<div class=\"MachTrans__textWrap__1NtxT MachTrans__textWrapSmall__26E1Q\">\n<div class=\"MachTrans__text__duH8w\">\n<p><span style=\"font-family: arial, helvetica, sans-serif; font-size: 24px;\">Eigenschaften<\/span><\/p>\n<\/div>\n<\/div>\n<ol>\n<li class=\"a-spacing-base\"><span style=\"font-family: arial, helvetica, sans-serif;\">sfp auf rj45. Das SFP-2.5G-T ist eine gute L\u00f6sung f\u00fcr alle, die ihre Netzwerkkapazit\u00e4ten erweitern m\u00f6chten. Dieses optische Hochgeschwindigkeitsmodul wurde entwickelt, um Daten\u00fcbertragungsraten von bis zu 2500M zu erm\u00f6glichen. Durch einfaches Plug-and-Play wird dieses Modul zu einer problemlosen Erg\u00e4nzung Ihrer Netzwerkinfrastruktur.<\/span><\/li>\n<li class=\"a-spacing-base\"><span style=\"font-family: arial, helvetica, sans-serif;\">Das optische SFP-zu-RJ45-Kupfermodul ist mit einer Vielzahl von Ger\u00e4ten kompatibel, <strong>einschlie\u00dflich TPLINK Banana-Pi-Router, wie TP5480 TP57810 XDR5480 <\/strong>. Die fortschrittliche Technologie des Moduls erm\u00f6glicht es, mehrere \u00dcbertragungsgeschwindigkeiten zu unterst\u00fctzen, einschlie\u00dflich 2,5Gbase-T, 1000base-T und 100base-T am Leitungsport. Es kann mit einer Vielzahl von Netzwerkger\u00e4ten, einschlie\u00dflich Switches und Routern, verwendet werden.<\/span><\/li>\n<li class=\"a-spacing-base\"><span style=\"font-family: arial, helvetica, sans-serif;\">Einer der Hauptvorteile des SFP-2.5G-RJ45 ist, dass es eine \u00dcbertragungsreichweite von bis zu 100 m hat. Dies macht es viel vielseitiger als andere \u00e4hnliche optische Module.<\/span><\/li>\n<li class=\"a-spacing-base\"><span style=\"font-family: arial, helvetica, sans-serif;\">Die Kompatibilit\u00e4t des SFP-2.5G-RJ45 mit den Banana-Pi-Routern von TPLINK macht es zu einer ausgezeichneten Wahl f\u00fcr alle, die die Leistungsf\u00e4higkeit ihres Netzwerks erh\u00f6hen m\u00f6chten. Dar\u00fcber hinaus ist es erw\u00e4hnenswert, dass das Modul mit den meisten anderen Ger\u00e4ten, die die SFP-Schnittstelle verwenden, kompatibel ist. Dies macht es zu einer vielseitigen und praktischen Erg\u00e4nzung f\u00fcr jedes Netzwerk-Setup.<\/span><\/li>\n<li class=\"a-spacing-base\"><span style=\"font-family: arial, helvetica, sans-serif;\">Zusammenfassend l\u00e4sst sich sagen, dass das SFP-2.5G-RJ45 ein optisches Hochgeschwindigkeitsmodul ist, das einfach zu installieren und mit einer Reihe von Ger\u00e4ten kompatibel ist. Mit seiner beeindruckenden \u00dcbertragungsrate von 2500M und seiner gro\u00dfen Reichweite ist es die perfekte Wahl f\u00fcr alle, die die M\u00f6glichkeiten ihres Netzwerks erweitern m\u00f6chten. Wenn Sie die Geschwindigkeit und Zuverl\u00e4ssigkeit Ihres Netzwerks verbessern m\u00f6chten, ist das SFP-2.5G-RJ45 eine ausgezeichnete Wahl.<\/span><\/li>\n<\/ol>\n<h3><span style=\"font-family: arial, helvetica, sans-serif;\">Spezifikation<\/span><\/h3>\n<table class=\"a-bordered a-horizontal-stripes aplus-tech-spec-table\">\n<tbody>\n<tr>\n<td class=\"a-text-bold\"><span style=\"font-family: arial, helvetica, sans-serif;\">Betriebstemperatur<\/span><\/td>\n<td><span style=\"font-family: arial, helvetica, sans-serif;\">0 bis 70\u00b0C (32 bis 158\u00b0F)<\/span><\/td>\n<\/tr>\n<tr>\n<td class=\"a-text-bold\"><span style=\"font-family: arial, helvetica, sans-serif;\">Maximale Kabeldistanz<\/span><\/td>\n<td><span style=\"font-family: arial, helvetica, sans-serif;\">100M<\/span><\/td>\n<\/tr>\n<tr>\n<td class=\"a-text-bold\"><span style=\"font-family: arial, helvetica, sans-serif;\">Maximale Datenrate<\/span><\/td>\n<td><span style=\"font-family: arial, helvetica, sans-serif;\">2.5Gbps<\/span><\/td>\n<\/tr>\n<tr>\n<td class=\"a-text-bold\"><span style=\"font-family: arial, helvetica, sans-serif;\">Schnittstelle<\/span><\/td>\n<td><span style=\"font-family: arial, helvetica, sans-serif;\">SFP RJ45<\/span><\/td>\n<\/tr>\n<tr>\n<td class=\"a-text-bold\"><span style=\"font-family: arial, helvetica, sans-serif;\">Stromversorgungsspannung<\/span><\/td>\n<td><span style=\"font-family: arial, helvetica, sans-serif;\">3.3v<\/span><\/td>\n<\/tr>\n<\/tbody>\n<\/table>","protected":false},"excerpt":{"rendered":"<ul class=\"a-unordered-list a-vertical a-spacing-mini\">\n<li class=\"a-spacing-mini\"><span class=\"a-list-item\">2500M-Rate: Genie\u00dfen Sie blitzschnelle Netzwerkgeschwindigkeiten mit diesem optischen SFP-2.5G-RJ45-Modul, das bis zu 2.5Gbase-T unterst\u00fctzt und mit 1000base-T- und 100base-T-Netzwerken abw\u00e4rtskompatibel ist.<\/span><\/li>\n<li class=\"a-spacing-mini\"><span class=\"a-list-item\">SFP-2.5G-T Kompatibel TPLINK Banana-PI: Dieses SFP-2.5G-RJ45-Modul ist so konzipiert, dass es nahtlos mit TPLINK- und Banana-PI-Ger\u00e4ten zusammenarbeitet, um eine bequeme und zuverl\u00e4ssige Vernetzung zu erm\u00f6glichen, sfp zu rj45<\/span><\/li>\n<li class=\"a-spacing-mini\"><span class=\"a-list-item\">Optisches 2500M BASE-T-Modul: Dieses Modul wandelt SFP-Ports in RJ45-Ports um, so dass Sie Ihr Ger\u00e4t ganz einfach an ein Hochgeschwindigkeitsnetzwerk anschlie\u00dfen k\u00f6nnen.<\/span><\/li>\n<li class=\"a-spacing-mini\"><span class=\"a-list-item\">Plug and Play: Genie\u00dfen Sie eine schnelle und einfache Installation mit diesem Plug-and-Play SFP-2.5G-RJ45-Modul, das keine zus\u00e4tzliche Software oder Treiber ben\u00f6tigt.<\/span><\/li>\n<li><span class=\"a-list-item\">Mit allen Marken kompatibel: Dieses Modul ist mit allen Marken kompatibel, <strong>Standard <\/strong>kompatibel mit Cisco, MikroTik, TPLINK, Ubiquiti, UniFi, QNAP, ASUS, und ZTE<\/span><\/li>\n<\/ul>","protected":false},"featured_media":12503,"comment_status":"open","ping_status":"closed","template":"","meta":[],"product_brand":[],"product_cat":[320],"product_tag":[134,278,318,319],"class_list":{"0":"post-12459","1":"product","2":"type-product","3":"status-publish","4":"has-post-thumbnail","6":"product_cat-sfp-t-1g-2-5g-10g","7":"product_tag-2500m-base-t","8":"product_tag-optical-module","9":"product_tag-sfp-to-rj45","10":"product_tag-sfp-2-5g-t","12":"first","13":"instock","14":"shipping-taxable","15":"purchasable","16":"product-type-variable","17":"has-default-attributes"},"_links":{"self":[{"href":"https:\/\/www.luleey.com\/de\/wp-json\/wp\/v2\/product\/12459","targetHints":{"allow":["GET"]}}],"collection":[{"href":"https:\/\/www.luleey.com\/de\/wp-json\/wp\/v2\/product"}],"about":[{"href":"https:\/\/www.luleey.com\/de\/wp-json\/wp\/v2\/types\/product"}],"replies":[{"embeddable":true,"href":"https:\/\/www.luleey.com\/de\/wp-json\/wp\/v2\/comments?post=12459"}],"wp:featuredmedia":[{"embeddable":true,"href":"https:\/\/www.luleey.com\/de\/wp-json\/wp\/v2\/media\/12503"}],"wp:attachment":[{"href":"https:\/\/www.luleey.com\/de\/wp-json\/wp\/v2\/media?parent=12459"}],"wp:term":[{"taxonomy":"product_brand","embeddable":true,"href":"https:\/\/www.luleey.com\/de\/wp-json\/wp\/v2\/product_brand?post=12459"},{"taxonomy":"product_cat","embeddable":true,"href":"https:\/\/www.luleey.com\/de\/wp-json\/wp\/v2\/product_cat?post=12459"},{"taxonomy":"product_tag","embeddable":true,"href":"https:\/\/www.luleey.com\/de\/wp-json\/wp\/v2\/product_tag?post=12459"}],"curies":[{"name":"wp","href":"https:\/\/api.w.org\/{rel}","templated":true}]}}