{"id":12462,"date":"2024-07-19T00:47:18","date_gmt":"2024-07-18T16:47:18","guid":{"rendered":"https:\/\/www.luleey.com\/?post_type=product&#038;p=12462"},"modified":"2025-02-22T11:54:48","modified_gmt":"2025-02-22T03:54:48","slug":"mini-4-epon-olt-ll-vl204","status":"publish","type":"product","link":"https:\/\/www.luleey.com\/de\/produkt-2\/mini-4-epon-olt-ll-vl204\/","title":{"rendered":"4-Port EPON OLT, 20KM \u00dcbertragung, 1:64 Splitting-Verh\u00e4ltnis, Web Management"},"content":{"rendered":"<h3>MINI 4 EPON OLT 1U 19-Zoll<\/h3>\n<h3>Eigenschaften<\/h3>\n<ol>\n<li>Unterst\u00fctzung von Full Wier-Speed Forwarding16K MAC-Adresstabelle.<\/li>\n<li>vollst\u00e4ndige Netzverwaltungsfunktionen<\/li>\n<li>Unterst\u00fctzt flexibles DBA, Auf- und Abw\u00e4rtssteuerung der Verkehrsgeschwindigkeit. Unterst\u00fctzt lP ToS, IEEE802.1Q<\/li>\n<li>Port-Aggregation unterst\u00fctzen.<\/li>\n<li>Port-basierte Verkehrskontrolle, Traffic Shaping.<\/li>\n<li>Unterst\u00fctzung von ONu, Auto-Discovery und Auto-Registrierung. Unterst\u00fctzung der automatischen Loop-Back-Testfunktion.<\/li>\n<li>Leistungsstarke VLAN-Funktionen, einschlie\u00dflich VLAN Stacking, Trunk, Translation. lGMP-Funktion unterst\u00fctzen<\/li>\n<li>Unterst\u00fctzung von Web-Management, ACL\/Qos<\/li>\n<li>Diagnose der optischen Verbindung: vollst\u00e4ndiger Warnmechanismus<\/li>\n<li>Hohe Zuverl\u00e4ssigkeit: unterst\u00fctzt doppelte Stromversorgung (standardm\u00e4\u00dfig einfache Stromversorgung), Abmessungen: 1U-Kassette, platzsparend, geringer Stromverbrauch<\/li>\n<li>Uplink: Unterst\u00fctzt elektrische und optische Module, kann flexibel f\u00fcr verschiedene Netzwerke konfiguriert werden.<\/li>\n<li data-spm-anchor-id=\"a2g0o.detail.1000023.i0.18401V511V518k\">Kapazit\u00e4t: Jeder PON unterst\u00fctzt bis zu 64 Endger\u00e4te, das gesamte Ger\u00e4t unterst\u00fctzt bis zu 256 ONUs bei voller Konfiguration.<\/li>\n<\/ol>\n<h3>Spezifikation<\/h3>\n<table class=\"has-title all magic-9\">\n<tbody>\n<tr>\n<td colspan=\"1\" rowspan=\"1\">\n<p class=\"magic-10\">Name des Produkts<\/p>\n<\/td>\n<td colspan=\"1\" rowspan=\"1\">\n<p class=\"magic-11\">4 GEPON OLT<\/p>\n<\/td>\n<\/tr>\n<tr>\n<td colspan=\"1\" rowspan=\"1\">\n<p class=\"magic-10\">PON-Anschluss<\/p>\n<\/td>\n<td colspan=\"1\" rowspan=\"1\">\n<p class=\"magic-11\">4 PX20, PX20+, PX20++, PX20+++<\/p>\n<\/td>\n<\/tr>\n<tr>\n<td colspan=\"1\" rowspan=\"1\">\n<p class=\"magic-10\">1000M Uplink-Anschluss<\/p>\n<\/td>\n<td colspan=\"1\" rowspan=\"1\">\n<p class=\"magic-11\">4*10\/100\/1000M auto-negotiation<\/p>\n<\/td>\n<\/tr>\n<tr>\n<td colspan=\"1\" rowspan=\"1\">\n<p class=\"magic-10\">Maximales Spaltverh\u00e4ltnis<\/p>\n<\/td>\n<td colspan=\"1\" rowspan=\"1\">\n<p class=\"magic-11\">1:64<\/p>\n<\/td>\n<\/tr>\n<tr>\n<td colspan=\"1\" rowspan=\"1\">\n<p class=\"magic-10\">Physikalische Schnittstelle<\/p>\n<\/td>\n<td colspan=\"1\" rowspan=\"1\">\n<p class=\"magic-11\">SFP-Steckpl\u00e4tze<\/p>\n<\/td>\n<\/tr>\n<tr>\n<td colspan=\"1\" rowspan=\"1\">\n<p class=\"magic-10\">Stecker Typ<\/p>\n<\/td>\n<td colspan=\"1\" rowspan=\"1\">\n<p class=\"magic-11\">1000BASE-PX20+<\/p>\n<\/td>\n<\/tr>\n<tr>\n<td colspan=\"1\" rowspan=\"1\">\n<p class=\"magic-10\">Stromverbrauch<\/p>\n<\/td>\n<td colspan=\"1\" rowspan=\"1\">\n<p class=\"magic-11\">15W<\/p>\n<\/td>\n<\/tr>\n<tr>\n<td colspan=\"1\" rowspan=\"1\">\n<p class=\"magic-10\">\u00dcbertragungsentfernung<\/p>\n<\/td>\n<td colspan=\"1\" rowspan=\"1\">\n<p class=\"magic-11\">20KM(PX20+), 40KM(PX20++)<\/p>\n<\/td>\n<\/tr>\n<tr>\n<td colspan=\"1\" rowspan=\"1\">\n<p class=\"magic-10\">Gewicht<\/p>\n<\/td>\n<td colspan=\"1\" rowspan=\"1\">\n<p class=\"magic-11\">2.0kg<\/p>\n<\/td>\n<\/tr>\n<tr>\n<td colspan=\"1\" rowspan=\"1\">\n<p class=\"magic-10\">Abmessungen<\/p>\n<\/td>\n<td colspan=\"1\" rowspan=\"1\">\n<p class=\"magic-11\" data-spm-anchor-id=\"a2700.wholesale.0.i29.6e2a1318PcXKiD\">225mm*200mm*43.6mm<\/p>\n<\/td>\n<\/tr>\n<\/tbody>\n<\/table>\n<p>Arbeitstemperatur0 ~ +50\u00b0C<\/p>\n<p>Lagertemperatur-40 ~ +85\u00b0C<\/p>\n<p>Relative Luftfeuchtigkeit5 ~ 90% (nicht konditioniert)<\/p>\n<p>Stromversorgung AC: 90~264V, 47\/63Hz<\/p>\n<p>Leistungsaufnahme \uff1a15W<\/p>\n<p><img loading=\"lazy\" decoding=\"async\" class=\"alignnone size-full wp-image-5108\" src=\"https:\/\/www.luleey.com\/wp-content\/uploads\/2023\/07\/Scad88436d81a43fdad02e7b268ff5eb5L.jpg\" alt=\"EPON OLT\" width=\"703\" height=\"688\" title=\"\"><\/p>","protected":false},"excerpt":{"rendered":"<p><strong>Zukunftssichere Kapazit\u00e4t<\/strong> - EPON OLT Verwaltet 256 ONUs mit 40 km Reichweite f\u00fcr Campus-\/ISP-Netzwerke.<br \/>\n<strong>Intelligente Automatisierung<\/strong> - Selbstregistrierung von ONUs + Echtzeit-Verkehrs\u00fcberwachung \u00fcber das Internet.<\/p>","protected":false},"featured_media":12507,"comment_status":"open","ping_status":"closed","template":"","meta":[],"product_brand":[],"product_cat":[361],"product_tag":[136,144,206],"class_list":{"0":"post-12462","1":"product","2":"type-product","3":"status-publish","4":"has-post-thumbnail","6":"product_cat-epon-olt","7":"product_tag-256-onu","8":"product_tag-4-epon","9":"product_tag-epon-olt","11":"first","12":"instock","13":"shipping-taxable","14":"purchasable","15":"product-type-variable","16":"has-default-attributes"},"_links":{"self":[{"href":"https:\/\/www.luleey.com\/de\/wp-json\/wp\/v2\/product\/12462","targetHints":{"allow":["GET"]}}],"collection":[{"href":"https:\/\/www.luleey.com\/de\/wp-json\/wp\/v2\/product"}],"about":[{"href":"https:\/\/www.luleey.com\/de\/wp-json\/wp\/v2\/types\/product"}],"replies":[{"embeddable":true,"href":"https:\/\/www.luleey.com\/de\/wp-json\/wp\/v2\/comments?post=12462"}],"wp:featuredmedia":[{"embeddable":true,"href":"https:\/\/www.luleey.com\/de\/wp-json\/wp\/v2\/media\/12507"}],"wp:attachment":[{"href":"https:\/\/www.luleey.com\/de\/wp-json\/wp\/v2\/media?parent=12462"}],"wp:term":[{"taxonomy":"product_brand","embeddable":true,"href":"https:\/\/www.luleey.com\/de\/wp-json\/wp\/v2\/product_brand?post=12462"},{"taxonomy":"product_cat","embeddable":true,"href":"https:\/\/www.luleey.com\/de\/wp-json\/wp\/v2\/product_cat?post=12462"},{"taxonomy":"product_tag","embeddable":true,"href":"https:\/\/www.luleey.com\/de\/wp-json\/wp\/v2\/product_tag?post=12462"}],"curies":[{"name":"wp","href":"https:\/\/api.w.org\/{rel}","templated":true}]}}