{"id":12464,"date":"2024-07-19T00:47:19","date_gmt":"2024-07-18T16:47:19","guid":{"rendered":"https:\/\/www.luleey.com\/?post_type=product&#038;p=12464"},"modified":"2025-02-20T21:46:51","modified_gmt":"2025-02-20T13:46:51","slug":"pon-power-meter-tester-optical-power-meter-visual-fault-locator","status":"publish","type":"product","link":"https:\/\/www.luleey.com\/de\/produkt-2\/pon-power-meter-tester-optical-power-meter-visual-fault-locator\/","title":{"rendered":"PON-Leistungsmessger\u00e4t + Optisches Leistungsmessger\u00e4t + Visuelle Fehlersuche"},"content":{"rendered":"<div>\n<h3>PON-Leistungsmesser<\/h3>\n<pre>VOLLVERSION= BASISVERSION +Optisches Leistungsmessger\u00e4t +Visuelle Fehlersuche<\/pre>\n<h4 data-spm-anchor-id=\"a2g0o.detail.1000023.i0.525da32aC35IUk\"><span style=\"font-size: 1.5em; font-weight: bold;\">Eigenschaften<\/span><\/h4>\n<div data-spm-anchor-id=\"a2g0o.detail.1000023.i0.525da32aC35IUk\">1.  Handheld, einfach zu bedienen<br \/>\n2. Kann 3 Wellenl\u00e4ngen Leistung von PON-System synchron zu testen: 1310nm, 1490nm, 1550nm<br \/>\n3.  Kann das Burst-Mode-Signal von 1310nm testen<br \/>\n4.  Echtfarbenbildschirm<br \/>\n5.  Freundliche Bedienung Schnittstelle, menschliche Nachricht Management und Betrieb Funktion<br \/>\n6.  Bereitstellung von 10 Gruppen von Schwellenwerten f\u00fcr die Wahl des Bedieners, Analyse und Anzeige des Status \"bestanden\" oder \"nicht bestanden\".<br \/>\n7.  Auswahl des relativen Wertes und Bearbeitungsfunktion<br \/>\n8.  Kann den Schwellenwert einstellen, Daten hochladen und Wellenl\u00e4nge durch Management-Software kalibrieren<br \/>\n9.  Automatische Abschaltung (je nach eingestelltem Wert)<br \/>\n10. Automatische Abschaltung der Hintergrundbeleuchtung (je nach eingestelltem Wert)<br \/>\n11. 6600mAh Lithium-Akku<br \/>\n12. Energiesparendes Design (Selbstkontrolle bei niedriger Spannung und Abschaltung)<br \/>\n13. Anzeige der Echtzeituhr<br \/>\n14. Optischer Leistungsmesser (optionale Funktion)<br \/>\n15. Visuelle Fehlersuche (optionale Funktion)<\/div>\n<\/div>\n<div id=\"offer-template-0\">\n<ul>\n<li><span data-spm-anchor-id=\"a261y.7663282.descBanner.i1.5cc87d5d8BQYan\">LCD: 480*800, Echtfarben-Touchscreen\u00a0<\/span><\/li>\n<li><span data-spm-anchor-id=\"a261y.7663282.descBanner.i2.5cc87d5d8BQYan\">Batterie: 3.7V 6600mAH wiederaufladbare Lithium-Batterie\u00a0<\/span><\/li>\n<li><span data-spm-anchor-id=\"a261y.7663282.descBanner.i3.5cc87d5d8BQYan\">Arbeitstemperatur: -10~60\u00b0C<\/span><\/li>\n<li>Lagertemperatur: -25~70\u00b0C<\/li>\n<li>Abmessungen (mm) : 185*80*50<\/li>\n<\/ul>\n<\/div>\n<h3>Spezifikation<\/h3>\n<div id=\"offer-template-0\">\n<div>\n<table width=\"687\">\n<tbody>\n<tr>\n<td width=\"229\">Modell<\/td>\n<td colspan=\"3\" width=\"458\">LL-TM70B<\/td>\n<\/tr>\n<tr>\n<td width=\"229\">Standardwellenl\u00e4ngen<\/td>\n<td width=\"126\">1310(stromaufw\u00e4rts)<\/td>\n<td width=\"164\">1490(stromabw\u00e4rts)<\/td>\n<td width=\"168\">1550(stromabw\u00e4rts)<\/td>\n<\/tr>\n<tr>\n<td width=\"229\">Passzone(nm)<\/td>\n<td width=\"126\">1260~1360<\/td>\n<td width=\"164\">1470~1505<\/td>\n<td width=\"168\">1535~1570<\/td>\n<\/tr>\n<tr>\n<td width=\"229\">Bereich(dBm)<\/td>\n<td width=\"126\">-50~+10<\/td>\n<td width=\"164\">-50~+10<\/td>\n<td width=\"168\">-45~+23<\/td>\n<\/tr>\n<tr>\n<td width=\"229\">Isolierung@1310nm(dB)<\/td>\n<td width=\"126\"><\/td>\n<td width=\"164\">&gt;40<\/td>\n<td width=\"168\">&gt;40<\/td>\n<\/tr>\n<tr>\n<td width=\"229\">Isolierung@1490nm(dB)<\/td>\n<td width=\"126\">&gt;40<\/td>\n<td width=\"164\"><\/td>\n<td width=\"168\">&gt;40<\/td>\n<\/tr>\n<tr>\n<td width=\"229\">Isolierung@1550nm(dB)<\/td>\n<td width=\"126\">&gt;40<\/td>\n<td width=\"164\">&gt;40<\/td>\n<td width=\"168\"><\/td>\n<\/tr>\n<tr>\n<td width=\"229\">Genauigkeit(dB)<\/td>\n<td colspan=\"3\" width=\"458\">\u00b10.5<\/td>\n<\/tr>\n<tr>\n<td width=\"229\">Polarisationsabh\u00e4ngigerVerlust(dB)<\/td>\n<td colspan=\"3\" width=\"458\">&lt;\u00b10.25<\/td>\n<\/tr>\n<tr>\n<td width=\"229\">Linearit\u00e4t(dB)<\/td>\n<td colspan=\"3\" width=\"458\">\u00b10.1<\/td>\n<\/tr>\n<tr>\n<td width=\"229\">Durchgangseinf\u00fcgeverlust(dB)<\/td>\n<td colspan=\"3\" width=\"458\">&lt;1.5<\/td>\n<\/tr>\n<tr>\n<td width=\"229\">Aufl\u00f6sung<\/td>\n<td colspan=\"3\" width=\"458\">0,01dB<\/td>\n<\/tr>\n<tr>\n<td width=\"229\">Einheit<\/td>\n<td colspan=\"3\" width=\"458\">dBm\/xW<\/td>\n<\/tr>\n<\/tbody>\n<\/table>\n<\/div>\n<\/div>","protected":false},"excerpt":{"rendered":"<p>Das PON-Leistungsmessger\u00e4t (pon test instrument) wurde speziell f\u00fcr den Aufbau und die Wartung von PON-Netzwerken entwickelt und kann zwischen OLT und ONT angeschlossen werden. Das Sprach-, Daten- und Videosignal (1310\/1490\/1550) kann synchron gemessen werden und der optische Leistungswert (1310\/1490\/1550) kann mit diesem Messger\u00e4t angezeigt werden. Es ist ein n\u00fctzliches Testger\u00e4t f\u00fcr die Ingenieure des PON-Netzwerks und die Wartungsmitarbeiter.<\/p>","protected":false},"featured_media":12521,"comment_status":"open","ping_status":"closed","template":"","meta":[],"product_brand":[],"product_cat":[363],"product_tag":[281,306],"class_list":{"0":"post-12464","1":"product","2":"type-product","3":"status-publish","4":"has-post-thumbnail","6":"product_cat-optical-power-meter-and-visual-fault-locator","7":"product_tag-optical-power-meter","8":"product_tag-sc-apc","10":"first","11":"instock","12":"sale","13":"shipping-taxable","14":"purchasable","15":"product-type-variable"},"_links":{"self":[{"href":"https:\/\/www.luleey.com\/de\/wp-json\/wp\/v2\/product\/12464","targetHints":{"allow":["GET"]}}],"collection":[{"href":"https:\/\/www.luleey.com\/de\/wp-json\/wp\/v2\/product"}],"about":[{"href":"https:\/\/www.luleey.com\/de\/wp-json\/wp\/v2\/types\/product"}],"replies":[{"embeddable":true,"href":"https:\/\/www.luleey.com\/de\/wp-json\/wp\/v2\/comments?post=12464"}],"wp:featuredmedia":[{"embeddable":true,"href":"https:\/\/www.luleey.com\/de\/wp-json\/wp\/v2\/media\/12521"}],"wp:attachment":[{"href":"https:\/\/www.luleey.com\/de\/wp-json\/wp\/v2\/media?parent=12464"}],"wp:term":[{"taxonomy":"product_brand","embeddable":true,"href":"https:\/\/www.luleey.com\/de\/wp-json\/wp\/v2\/product_brand?post=12464"},{"taxonomy":"product_cat","embeddable":true,"href":"https:\/\/www.luleey.com\/de\/wp-json\/wp\/v2\/product_cat?post=12464"},{"taxonomy":"product_tag","embeddable":true,"href":"https:\/\/www.luleey.com\/de\/wp-json\/wp\/v2\/product_tag?post=12464"}],"curies":[{"name":"wp","href":"https:\/\/api.w.org\/{rel}","templated":true}]}}