{"id":12469,"date":"2024-07-19T00:47:20","date_gmt":"2024-07-18T16:47:20","guid":{"rendered":"https:\/\/www.luleey.com\/?post_type=product&#038;p=12469"},"modified":"2025-06-28T10:51:41","modified_gmt":"2025-06-28T02:51:41","slug":"epon-olt-px20","status":"publish","type":"product","link":"https:\/\/www.luleey.com\/de\/produkt-2\/epon-olt-px20\/","title":{"rendered":"EPON OLT SFP Modul, EPON OLT PX20+++ Klasse, 1.25Gbps Glasfaser, Huawei\/ZTE\/VSOL\/HIOSO Kompatibel"},"content":{"rendered":"<h3>Eigenschaften<\/h3>\n<ol>\n<li>DDM (Digital Diagnostic Monitoring) folgt dem SFF-8472 Multi-Source-Protokoll (formuliert vom SFF Committee, einer Industrieorganisation) und ist ein Echtzeit-Parameter\u00fcberwachungsmittel f\u00fcr optische Module. Es erm\u00f6glicht dem Benutzer, die Parameter des optischen Moduls in Echtzeit zu \u00fcberwachen, einschlie\u00dflich der empfangenen optischen Leistung, der \u00fcbertragenen optischen Leistung, der Betriebstemperatur, der Spannung der Stromquelle und des Laservorspannungsstroms.<\/li>\n<li>EPON OLT px20+++ hochwertige Markenkompatibilit\u00e4t. Dieser EPON GBIC ist mit f\u00fchrenden Marken wie BDCOM, TPLINK, Ubiquiti, hioso, vsol und THINK kompatibel und bietet eine stabile und effektive Arbeit. .<\/li>\n<li>Mit einer Leistung von mehr als 7\/9dBm bietet er eine au\u00dfergew\u00f6hnliche Reichweite und Leistung mit einer maximalen \u00dcbertragungsdistanz von 20 km. Es unterst\u00fctzt ein 1,25Gbps Glasfaser-PON-Modul und einen SC-Port, wodurch es ideal f\u00fcr CATV- oder FTTH-Zwecke ist. Dar\u00fcber hinaus eignet es sich perfekt f\u00fcr den Aufbau kleinerer Netzwerke in verschiedenen Umgebungen, wie z. B. auf dem Campus, in Mietobjekten oder in Mehrfamilienh\u00e4usern.<\/li>\n<\/ol>\n<h3>Spezifikation<\/h3>\n<div class=\"a-column a-span6 a-span-last\">\n<table width=\"790\">\n<tbody>\n<tr>\n<td width=\"229\">Modell<\/td>\n<td width=\"561\">LL-px203<\/td>\n<\/tr>\n<tr>\n<td>Produktname<\/td>\n<td>EPON OLT SFP Modul, EPON OLT PX20+++ Klasse<\/td>\n<\/tr>\n<tr>\n<td>Marke<\/td>\n<td>LuLeey<\/td>\n<\/tr>\n<tr>\n<td width=\"229\">Art der Verpackung<\/td>\n<td width=\"561\">SFP<\/td>\n<\/tr>\n<tr>\n<td width=\"229\">\u00dcbertragungsrate<\/td>\n<td width=\"561\">1,25G\/1,25G<\/td>\n<\/tr>\n<tr>\n<td width=\"229\">Maximale \u00dcbertragungsdistanz<\/td>\n<td width=\"561\">20KM<\/td>\n<\/tr>\n<tr>\n<td width=\"229\">Sendewellenl\u00e4nge<\/td>\n<td width=\"561\">1490nm<\/td>\n<\/tr>\n<tr>\n<td width=\"229\">Empfangs-Wellenl\u00e4nge<\/td>\n<td width=\"561\">1310nm<\/td>\n<\/tr>\n<tr>\n<td width=\"229\">Digitale Diagnose<\/td>\n<td width=\"561\">DDM<\/td>\n<\/tr>\n<tr>\n<td width=\"229\">Stromausfall<\/td>\n<td width=\"561\">7\/9dBm+<\/td>\n<\/tr>\n<\/tbody>\n<\/table>\n<\/div>","protected":false},"excerpt":{"rendered":"<ul class=\"a-unordered-list a-vertical a-spacing-mini\">\n<li class=\"a-spacing-mini\"><span class=\"a-list-item\">- Hohe Geschwindigkeit: Dieses EPON OLT px20+++ Modul unterst\u00fctzt Glasfaser\u00fcbertragungsraten von bis zu 1,25 Gbit\/s und bietet damit blitzschnelle Geschwindigkeiten f\u00fcr eine reibungslose Daten\u00fcbertragung.<\/span><\/li>\n<li class=\"a-spacing-mini\"><span class=\"a-list-item\">- Erweiterte Reichweite: Mit einer maximalen \u00dcbertragungsreichweite von 20 km k\u00f6nnen Sie Ihre Netzwerkabdeckung problemlos erweitern, ohne Kompromisse bei der Leistung einzugehen.<\/span><\/li>\n<li class=\"a-spacing-mini\"><span class=\"a-list-item\">- Besseres Signal: Dank seines fortschrittlichen Designs bietet dieses Modul mehr als 7\/9db Signalst\u00e4rke und sorgt so f\u00fcr st\u00e4rkere und zuverl\u00e4ssigere Verbindungen.<\/span><\/li>\n<li class=\"a-spacing-mini\"><span class=\"a-list-item\">- Marken-Kompatibilit\u00e4t:  Dieses Modul ist mit einer Vielzahl von EPON-OLT-Marken wie BDCOM, TPLINK, Ubiquiti und anderen kompatibel und bietet eine flexible Integration in Ihre bestehende Netzwerkinfrastruktur.<\/span><\/li>\n<li class=\"a-spacing-mini\"><span class=\"a-list-item\">- Einfach zu verwenden: Mit einer praktischen SC-Port-Schnittstelle und Plug-and-Play-Funktionalit\u00e4t ist dieses Modul einfach einzurichten und mit EPON-OLT-Ger\u00e4ten zu verwenden, was die Installationszeit und den Aufwand reduziert.<\/span><\/li>\n<\/ul>","protected":false},"featured_media":12526,"comment_status":"open","ping_status":"closed","template":"","meta":[],"product_brand":[],"product_cat":[317],"product_tag":[177,998,205,206,996,294,997],"class_list":{"0":"post-12469","1":"product","2":"type-product","3":"status-publish","4":"has-post-thumbnail","6":"product_cat-sfp-pon-module","7":"product_tag-9db","8":"product_tag-carrier-grade-epon-module","9":"product_tag-epon","10":"product_tag-epon-olt","11":"product_tag-epon-olt-sfp-module","12":"product_tag-px20","13":"product_tag-px20-compatible-olt","15":"first","16":"instock","17":"featured","18":"shipping-taxable","19":"purchasable","20":"product-type-variable"},"_links":{"self":[{"href":"https:\/\/www.luleey.com\/de\/wp-json\/wp\/v2\/product\/12469","targetHints":{"allow":["GET"]}}],"collection":[{"href":"https:\/\/www.luleey.com\/de\/wp-json\/wp\/v2\/product"}],"about":[{"href":"https:\/\/www.luleey.com\/de\/wp-json\/wp\/v2\/types\/product"}],"replies":[{"embeddable":true,"href":"https:\/\/www.luleey.com\/de\/wp-json\/wp\/v2\/comments?post=12469"}],"wp:featuredmedia":[{"embeddable":true,"href":"https:\/\/www.luleey.com\/de\/wp-json\/wp\/v2\/media\/12526"}],"wp:attachment":[{"href":"https:\/\/www.luleey.com\/de\/wp-json\/wp\/v2\/media?parent=12469"}],"wp:term":[{"taxonomy":"product_brand","embeddable":true,"href":"https:\/\/www.luleey.com\/de\/wp-json\/wp\/v2\/product_brand?post=12469"},{"taxonomy":"product_cat","embeddable":true,"href":"https:\/\/www.luleey.com\/de\/wp-json\/wp\/v2\/product_cat?post=12469"},{"taxonomy":"product_tag","embeddable":true,"href":"https:\/\/www.luleey.com\/de\/wp-json\/wp\/v2\/product_tag?post=12469"}],"curies":[{"name":"wp","href":"https:\/\/api.w.org\/{rel}","templated":true}]}}