{"id":12478,"date":"2024-07-19T00:51:55","date_gmt":"2024-07-18T16:51:55","guid":{"rendered":"https:\/\/www.luleey.com\/?post_type=product&#038;p=12478"},"modified":"2025-01-03T10:03:00","modified_gmt":"2025-01-03T02:03:00","slug":"10g-sfp-dac-direct-attach-cable-passive-copper-cable","status":"publish","type":"product","link":"https:\/\/www.luleey.com\/de\/produkt-2\/10g-sfp-dac-direct-attach-cable-passive-copper-cable\/","title":{"rendered":"10G SFP+ DAC Direct Attach Cable passives Kupferkabel"},"content":{"rendered":"<h3>Eigenschaften<\/h3>\n<ol>\n<li>10G SFP+ DAC ist ein Kupferkabel mit SFP+-Anschl\u00fcssen an beiden Enden, das eine maximale Geschwindigkeit von 10 Gb\/s unterst\u00fctzt und abw\u00e4rtskompatibel mit 1 Gb\/s ist. Anders als das optische Modul und das aktive optische Kabel AOC \u00fcbertr\u00e4gt das SFP+ DAC-Kabel elektrische Signale direkt \u00fcber Kupferdr\u00e4hte, w\u00e4hrend das optische Modul und das aktive optische Kabel AOC elektrische Signale in optische Signale f\u00fcr die \u00dcbertragung umwandeln.<\/li>\n<li class=\"MachTrans__textWrap__1NtxT MachTrans__textWrapSmall__26E1Q\">\n<div class=\"MachTrans__text__duH8w\">\n<p><span class=\"MachTrans__hl__6hdYK\">10G sfp dac unterst\u00fctzt eine passive Kupferkabell\u00e4nge von 7m. Aufgrund des rein elektrischen Antriebs des DAC ist die \u00dcbertragungsstrecke im Allgemeinen nicht weit, es sei denn, es handelt sich um ein aktives Kabel. Nach dem Hinzuf\u00fcgen eines Verst\u00e4rkers erh\u00f6ht sich die \u00dcbertragungsdistanz.<\/span><\/p>\n<\/div>\n<\/li>\n<\/ol>\n<h3>Spezifikation<\/h3>\n<table width=\"790\">\n<tbody>\n<tr>\n<td width=\"229\">Modell<\/td>\n<td width=\"561\">\u00a0LL-10GDAC<\/td>\n<\/tr>\n<tr>\n<td>\u00dcbertragungsrate<\/td>\n<td>\u00a010G<\/td>\n<\/tr>\n<tr>\n<td>Entfernung der Kabel<\/td>\n<td>\u00a00.5-7m<\/td>\n<\/tr>\n<tr>\n<td>Material der Kabel<\/td>\n<td>\u00a0PVC<\/td>\n<\/tr>\n<tr>\n<td>Verpackungsform<\/td>\n<td>\u00a0SFP+auf SFP+<\/td>\n<\/tr>\n<tr>\n<td>Arbeitstemperatur<\/td>\n<td>\u00a00-70 \u2103<\/td>\n<\/tr>\n<tr>\n<td>Typ des Kabels<\/td>\n<td>\u00a030AWG\/24AWG<\/td>\n<\/tr>\n<tr>\n<td>Stromversorgung<\/td>\n<td>\u00a00.5W<\/td>\n<\/tr>\n<\/tbody>\n<\/table>","protected":false},"excerpt":{"rendered":"<p class=\"serp-title\"><mark>10G SFP+ DAC-Kabel <\/mark><span class=\"\">Das Hochgeschwindigkeitskabel ist ein h\u00e4ufig verwendetes SFP-Kabel f\u00fcr die Overhead-Verkabelung von Rechenzentren, das f\u00fcr die Verbindung kleiner Access-Switches und Server verwendet wird.<\/span><span class=\"\"> Das 10G sfp dac Hochgeschwindigkeitskabel ist eine kosteng\u00fcnstige L\u00f6sung als Ersatz f\u00fcr das optische Modul und das aktive optische Kabel AOC. Es hat die Vorteile eines geringen Stromverbrauchs und niedriger Kosten. Es wird verwendet, um Hochgeschwindigkeitsverbindungen \u00fcber kurze Entfernungen zu realisieren und ist eine ideale Wahl f\u00fcr Server- und Switch-Verbindungen.<\/span><\/p>","protected":false},"featured_media":12534,"comment_status":"open","ping_status":"closed","template":"","meta":[],"product_brand":[],"product_cat":[355],"product_tag":[97,201,204,838,322],"class_list":{"0":"post-12478","1":"product","2":"type-product","3":"status-publish","4":"has-post-thumbnail","6":"product_cat-dac-cable-10g-25g-40g-100g","7":"product_tag-10g","8":"product_tag-dac","9":"product_tag-direct-attach-cable","10":"product_tag-sfp-cable","11":"product_tag-sfp","13":"first","14":"instock","15":"sale","16":"shipping-taxable","17":"purchasable","18":"product-type-variable"},"_links":{"self":[{"href":"https:\/\/www.luleey.com\/de\/wp-json\/wp\/v2\/product\/12478","targetHints":{"allow":["GET"]}}],"collection":[{"href":"https:\/\/www.luleey.com\/de\/wp-json\/wp\/v2\/product"}],"about":[{"href":"https:\/\/www.luleey.com\/de\/wp-json\/wp\/v2\/types\/product"}],"replies":[{"embeddable":true,"href":"https:\/\/www.luleey.com\/de\/wp-json\/wp\/v2\/comments?post=12478"}],"wp:featuredmedia":[{"embeddable":true,"href":"https:\/\/www.luleey.com\/de\/wp-json\/wp\/v2\/media\/12534"}],"wp:attachment":[{"href":"https:\/\/www.luleey.com\/de\/wp-json\/wp\/v2\/media?parent=12478"}],"wp:term":[{"taxonomy":"product_brand","embeddable":true,"href":"https:\/\/www.luleey.com\/de\/wp-json\/wp\/v2\/product_brand?post=12478"},{"taxonomy":"product_cat","embeddable":true,"href":"https:\/\/www.luleey.com\/de\/wp-json\/wp\/v2\/product_cat?post=12478"},{"taxonomy":"product_tag","embeddable":true,"href":"https:\/\/www.luleey.com\/de\/wp-json\/wp\/v2\/product_tag?post=12478"}],"curies":[{"name":"wp","href":"https:\/\/api.w.org\/{rel}","templated":true}]}}