{"id":12494,"date":"2024-07-19T00:52:16","date_gmt":"2024-07-18T16:52:16","guid":{"rendered":"https:\/\/www.luleey.com\/?post_type=product&#038;p=12494"},"modified":"2025-04-09T09:11:02","modified_gmt":"2025-04-09T01:11:02","slug":"5pcs-box-fiber-cleaner-pen-2-5-1-25mm","status":"publish","type":"product","link":"https:\/\/www.luleey.com\/de\/produkt-2\/5pcs-box-fiber-cleaner-pen-2-5-1-25mm\/","title":{"rendered":"Faserreiniger-Stift 2,5\/1,25mm SC\/ST\/FC\/LC"},"content":{"rendered":"<h4 data-spm-anchor-id=\"a2g0o.detail.1000023.i0.525da32aC35IUk\">Eigenschaften<\/h4>\n<ul>\n<li>Ein Klick, einfache Anwendung.<\/li>\n<li>Mehr als 800 Mal reinigen.<\/li>\n<li>180-Grad-Drehreinigung, Reinigung mit einer Taste.<\/li>\n<li>Entfernt wirksam 99% von Flecken.<\/li>\n<li>Gr\u00f6\u00dfe 175*18*18mm.<\/li>\n<li>Material: antistatisches Harz.<\/li>\n<\/ul>\n<h3>Spezifikation<\/h3>\n<table style=\"border-collapse: collapse; width: 100%;\">\n<tbody>\n<tr>\n<td style=\"width: 50%;\">Marke<\/td>\n<td style=\"width: 50%;\">LuLeey<\/td>\n<\/tr>\n<tr>\n<td style=\"width: 50%;\">Produktname<\/td>\n<td style=\"width: 50%;\">Faserreinigungsstift SC\/ST\/FC oder LC<\/td>\n<\/tr>\n<tr>\n<td style=\"width: 50%;\">2,5 mm f\u00fcr Stecker, Farbe Wei\u00df<\/td>\n<td style=\"width: 50%;\">SC\/ST\/FC<\/td>\n<\/tr>\n<tr>\n<td style=\"width: 50%;\">1,25mm f\u00fcr Stecker, Farbe Blau<\/td>\n<td style=\"width: 50%;\">LC<\/td>\n<\/tr>\n<tr>\n<td style=\"width: 50%;\">Saubere Zeiten<\/td>\n<td style=\"width: 50%;\">mehr als 800<\/td>\n<\/tr>\n<\/tbody>\n<\/table>","protected":false},"excerpt":{"rendered":"<div class=\"title--wrap--Ms9Zv4A\">\n<ul>\n<li data-pl=\"product-title\" data-spm-anchor-id=\"a2g0o.detail.0.i3.7e30ti0wti0wqQ\">Fiber Cleaner Pen Universal 2.5mm Ferrules SC\/FC\/ST Pen ist f\u00fcr die Reinigung der Ferrule Endfl\u00e4chen von SC, FC und ST Steckern mit UPC und APC Poliermittel entwickelt.<\/li>\n<li data-pl=\"product-title\" data-spm-anchor-id=\"a2g0o.detail.0.i3.7e30ti0wti0wqQ\">Einfache Druckbewegung aktiviert den Anschluss und l\u00f6st den Reiniger aus, automatischer Vorschub mit frischem Reinigungsband; niedrige Kosten pro Reinigung, bis zu 800+ Reinigungen.<\/li>\n<li data-pl=\"product-title\" data-spm-anchor-id=\"a2g0o.detail.0.i3.7e30ti0wti0wqQ\">Der Reinheitsgrad kann 95% oder mehr erreichen, besonders bei Wasser und \u00d6l ist die Reinigungswirkung weitaus besser als bei herk\u00f6mmlichen Tupfer-Reinigungsst\u00e4ben.<\/li>\n<li data-pl=\"product-title\" data-spm-anchor-id=\"a2g0o.detail.0.i3.7e30ti0wti0wqQ\">Das Reinigungssystem dreht sich um 180\u00b0 f\u00fcr eine vollst\u00e4ndige Reinigung; die reinigenden Mikrofasern sind dicht verseilt und frei von Ablagerungen.<\/li>\n<li data-pl=\"product-title\" data-spm-anchor-id=\"a2g0o.detail.0.i3.7e30ti0wti0wqQ\">FELDGETESTET : Unsere SC- und ST-Reinigungsstifte sind perfekt f\u00fcr den Einsatz vor Ort geeignet. Sie erm\u00f6glichen eine m\u00fchelose Reinigung von Glasfasern bei der Arbeit an Singlemode-, Multimode-, Simplex- oder Duplex-Steckern und -Kabeln.<\/li>\n<\/ul>\n<\/div>","protected":false},"featured_media":12551,"comment_status":"open","ping_status":"closed","template":"","meta":[],"product_brand":[],"product_cat":[354],"product_tag":[213,917,222,245,305,328],"class_list":{"0":"post-12494","1":"product","2":"type-product","3":"status-publish","4":"has-post-thumbnail","6":"product_cat-fiber-optic-cleaners","7":"product_tag-fc","8":"product_tag-fiber-cleaner-pen","9":"product_tag-fiber-cleaning","10":"product_tag-lc","11":"product_tag-sc","12":"product_tag-st","14":"first","15":"instock","16":"featured","17":"shipping-taxable","18":"purchasable","19":"product-type-variable"},"_links":{"self":[{"href":"https:\/\/www.luleey.com\/de\/wp-json\/wp\/v2\/product\/12494","targetHints":{"allow":["GET"]}}],"collection":[{"href":"https:\/\/www.luleey.com\/de\/wp-json\/wp\/v2\/product"}],"about":[{"href":"https:\/\/www.luleey.com\/de\/wp-json\/wp\/v2\/types\/product"}],"replies":[{"embeddable":true,"href":"https:\/\/www.luleey.com\/de\/wp-json\/wp\/v2\/comments?post=12494"}],"wp:featuredmedia":[{"embeddable":true,"href":"https:\/\/www.luleey.com\/de\/wp-json\/wp\/v2\/media\/12551"}],"wp:attachment":[{"href":"https:\/\/www.luleey.com\/de\/wp-json\/wp\/v2\/media?parent=12494"}],"wp:term":[{"taxonomy":"product_brand","embeddable":true,"href":"https:\/\/www.luleey.com\/de\/wp-json\/wp\/v2\/product_brand?post=12494"},{"taxonomy":"product_cat","embeddable":true,"href":"https:\/\/www.luleey.com\/de\/wp-json\/wp\/v2\/product_cat?post=12494"},{"taxonomy":"product_tag","embeddable":true,"href":"https:\/\/www.luleey.com\/de\/wp-json\/wp\/v2\/product_tag?post=12494"}],"curies":[{"name":"wp","href":"https:\/\/api.w.org\/{rel}","templated":true}]}}