{"id":12512,"date":"2024-07-19T00:52:39","date_gmt":"2024-07-18T16:52:39","guid":{"rendered":"https:\/\/www.luleey.com\/?post_type=product&#038;p=12512"},"modified":"2025-06-22T15:26:04","modified_gmt":"2025-06-22T07:26:04","slug":"10km-40km-60km-10g-sfp-transceiver-bidi-smf-ddm","status":"publish","type":"product","link":"https:\/\/www.luleey.com\/de\/produkt-2\/10km-40km-60km-10g-sfp-transceiver-bidi-smf-ddm\/","title":{"rendered":"10km\/40km\/60km 10G SFP+ Transceiver Bidi SMF DDM 1Paar,sfp Modul"},"content":{"rendered":"<h3>Eigenschaften<\/h3>\n<ol>\n<li><span class=\"a-list-item\"><span data-spm-anchor-id=\"a2g0o.detail.1000023.i0.78a8skG8skG8Qr\">SFP-Modul Geeignet f\u00fcr Switches, Router, Netzwerk-Firewalls, Netzwerkkarten, Glasfasertransceiver und andere Ger\u00e4te mit SFP+-Optik-Ports<\/span><\/span><\/li>\n<li><span class=\"a-list-item\">10Gb\/s, 10G SFP+ Transceiver Bidi LL-10G-LC-BD10, Up: TX1270nm\/RX1330nm; Down: TX1330nm\/RX1270nm, Reichweite bis zu 10-20-km \u00dcbertragung \u00fcber OS2 Single LC single-mode Fiber.<\/span><\/li>\n<li><span class=\"a-list-item\">Weitgehend kompatibel mit Cisco, Meraki, Ubiquiti UniFi, Mikrotik, Netgear, D-Link, TP-Link, Linksys, Broadcom, Edge-core, EMC, F5, Norkia, QTC, Supermicro und anderen offenen Switches.<\/span><\/li>\n<li><span class=\"a-list-item\">10GBase-LR,<\/span><span class=\"a-list-item\">Plug and Play, Hot Pluggable SFP+ MSA-konform.<\/span><\/li>\n<li><span class=\"a-list-item\">Jeder Artikel wird einzeln von einem qualifizierten Techniker getestet, um h\u00f6chste Qualit\u00e4t, Zuverl\u00e4ssigkeit und Interoperabilit\u00e4t zu gew\u00e4hrleisten.<\/span><\/li>\n<li><span class=\"a-list-item\">Ideal f\u00fcr den Anschluss von 10G-Switches, Routern, Servern, NICs und anderen \u00dcbertragungsger\u00e4ten an 10-Gigabit-Glasfasernetzwerke f\u00fcr Rechenzentren, Speichernetzwerke, Network Attached Storage, Hochleistungscomputer usw.<\/span><\/li>\n<\/ol>\n<p><span class=\"a-text-bold\">Anwendungen:<\/span><\/p>\n<ul class=\"a-unordered-list a-vertical\">\n<li><span class=\"a-list-item\">10GbE, 10G-Ethernet<\/span><\/li>\n<li><span class=\"a-list-item\">10GBase-LR,<\/span><span class=\"a-list-item\">10GBase-SR<\/span><\/li>\n<li><span class=\"a-list-item\">10G-Netzwerke, Speicherung, Telekommunikation<\/span><\/li>\n<li><span class=\"a-list-item\">10G-Switches, Router, Netzwerkschnittstellenkarten (NICs)<\/span><\/li>\n<\/ul>\n<h3>Spezifikation<\/h3>\n<table width=\"790\">\n<tbody>\n<tr>\n<td width=\"229\">Modell<\/td>\n<td width=\"561\">LL-10G-LC-BD10\/LL-10G-LC-BD40\/LL-10G-LC-BD60<\/td>\n<\/tr>\n<tr>\n<td>Datenrate<\/td>\n<td>10Gb\/s<\/td>\n<\/tr>\n<tr>\n<td>Wellenl\u00e4nge<\/td>\n<td>TX1270nm\/RX1330nm<\/td>\n<\/tr>\n<tr>\n<td>Schnittstelle<\/td>\n<td>Einzelne LC-Anschl\u00fcsse<\/td>\n<\/tr>\n<tr>\n<td>\u00a0\u00dcbertragung \u00fcber SMF-Kabel<\/td>\n<td>10 km<\/td>\n<\/tr>\n<tr>\n<td>Steckbar<\/td>\n<td>Ja<\/td>\n<\/tr>\n<tr>\n<td>Protokoll<\/td>\n<td>IEEE 802.3ae<\/td>\n<\/tr>\n<tr>\n<td>Paket<\/td>\n<td>SFP+ MSA<\/td>\n<\/tr>\n<tr>\n<td>Temp. Bereich(\u2103)<\/td>\n<td>0~70<\/td>\n<\/tr>\n<\/tbody>\n<\/table>","protected":false},"excerpt":{"rendered":"<ul class=\"a-unordered-list a-vertical a-spacing-mini\">\n<li class=\"a-spacing-mini\"><span class=\"a-list-item\">10Gb\/s, 10G SFP+ Transceiver Bidi LL-10G-LC-BD10, Up: TX1270nm\/RX1330nm; Down: TX1330nm\/RX1270nm, Reichweite bis zu 10-20-km \u00dcbertragung \u00fcber OS2 Single LC single-mode Fiber.<\/span><\/li>\n<li class=\"a-spacing-mini\"><span class=\"a-list-item\">Weitgehend kompatibel mit Cisco, Meraki, Ubiquiti UniFi, Mikrotik, Netgear, D-Link, TP-Link, Linksys, Broadcom, Edge-core, EMC, F5, Norkia, QTC, Supermicro und anderen offenen Switches.<\/span><\/li>\n<li><span class=\"a-list-item\">10GBase-LR,<\/span><span class=\"a-list-item\">Plug and Play, Hot Pluggable SFP+ MSA-konform.<\/span><\/li>\n<li class=\"a-spacing-mini\"><span class=\"a-list-item\">Jeder Artikel wird einzeln von einem qualifizierten Techniker getestet, um h\u00f6chste Qualit\u00e4t, Zuverl\u00e4ssigkeit und Interoperabilit\u00e4t zu gew\u00e4hrleisten.<\/span><\/li>\n<li class=\"a-spacing-mini\"><span class=\"a-list-item\">Ideal f\u00fcr den Anschluss von 10G-Switches, Routern, Servern, NICs und anderen \u00dcbertragungsger\u00e4ten an 10-Gigabit-Glasfasernetzwerke f\u00fcr Rechenzentren, Speichernetzwerke, Network Attached Storage, Hochleistungscomputer usw.<\/span><\/li>\n<\/ul>","protected":false},"featured_media":12555,"comment_status":"open","ping_status":"closed","template":"","meta":[],"product_brand":[],"product_cat":[321],"product_tag":[97,149,191,245,278,837,322],"class_list":{"0":"post-12512","1":"product","2":"type-product","3":"status-publish","4":"has-post-thumbnail","6":"product_cat-sfp-sfp-1g-2-5g-5g-10g","7":"product_tag-10g","8":"product_tag-40km","9":"product_tag-bidi","10":"product_tag-lc","11":"product_tag-optical-module","12":"product_tag-sfp-module","13":"product_tag-sfp","15":"first","16":"instock","17":"featured","18":"shipping-taxable","19":"purchasable","20":"product-type-variable","21":"has-default-attributes"},"_links":{"self":[{"href":"https:\/\/www.luleey.com\/de\/wp-json\/wp\/v2\/product\/12512","targetHints":{"allow":["GET"]}}],"collection":[{"href":"https:\/\/www.luleey.com\/de\/wp-json\/wp\/v2\/product"}],"about":[{"href":"https:\/\/www.luleey.com\/de\/wp-json\/wp\/v2\/types\/product"}],"replies":[{"embeddable":true,"href":"https:\/\/www.luleey.com\/de\/wp-json\/wp\/v2\/comments?post=12512"}],"wp:featuredmedia":[{"embeddable":true,"href":"https:\/\/www.luleey.com\/de\/wp-json\/wp\/v2\/media\/12555"}],"wp:attachment":[{"href":"https:\/\/www.luleey.com\/de\/wp-json\/wp\/v2\/media?parent=12512"}],"wp:term":[{"taxonomy":"product_brand","embeddable":true,"href":"https:\/\/www.luleey.com\/de\/wp-json\/wp\/v2\/product_brand?post=12512"},{"taxonomy":"product_cat","embeddable":true,"href":"https:\/\/www.luleey.com\/de\/wp-json\/wp\/v2\/product_cat?post=12512"},{"taxonomy":"product_tag","embeddable":true,"href":"https:\/\/www.luleey.com\/de\/wp-json\/wp\/v2\/product_tag?post=12512"}],"curies":[{"name":"wp","href":"https:\/\/api.w.org\/{rel}","templated":true}]}}