{"id":12536,"date":"2024-07-19T00:53:03","date_gmt":"2024-07-18T16:53:03","guid":{"rendered":"https:\/\/www.luleey.com\/?post_type=product&#038;p=12536"},"modified":"2024-12-14T22:34:08","modified_gmt":"2024-12-14T14:34:08","slug":"visual-fault-locator-1mw-10mw-20mw-30mw-50mw-vfl-laser-pen-ll-vfl-noli","status":"publish","type":"product","link":"https:\/\/www.luleey.com\/de\/produkt-2\/visual-fault-locator-1mw-10mw-20mw-30mw-50mw-vfl-laser-pen-ll-vfl-noli\/","title":{"rendered":"Visuelle Fehlersuche 1mw\/10mw\/20mw\/30mw\/50mw VFL LASER PEN LL-VFL-NoLi"},"content":{"rendered":"<h3><span style=\"color: #0000ff; font-size: 10pt;\" data-spm-anchor-id=\"a2g0o.detail.1000023.i2.39178K728K72sx\">Visuelle Fehlersuche, F\u00fcr die Transportsicherheit, bitte kaufen Sie Batterien (AAA) selbst, danke f\u00fcr Ihr Verst\u00e4ndnis<\/span><\/h3>\n<p>&nbsp;<\/p>\n<h3>Eigenschaften<\/h3>\n<ol>\n<li>\u00a0Kompaktes, ergonomisches Design f\u00fcr ultimative Tragbarkeit<\/li>\n<li>Durchdringt m\u00fchelos eine 30 km lange Faser<\/li>\n<li>1\/10\/20\/30\/50mW Ausgangsleistung, Wellenl\u00e4nge im Bereich 650nm<\/li>\n<li>Schnelles Ausleuchten von Faserbr\u00fcchen und besch\u00e4digten Steckern an Patchkabeln<\/li>\n<li>Gepulster und kontinuierlicher Dauerbetrieb<\/li>\n<li>Robuste Aluminiumkonstruktion<\/li>\n<li>Universeller 2,5-mm-Adapter f\u00fcr den einfachen Anschluss an SC-, ST-, FC- und LC-Stecker (LC-Schnittstelle ben\u00f6tigt einen zus\u00e4tzlichen Adapter)<\/li>\n<li>Ausgezeichneter Kopf mit hoher Faserkonzentration und geringer Divergenz<\/li>\n<li>Hochwertiger Chip f\u00fcr jahrelangen st\u00f6rungsfreien Betrieb<\/li>\n<li>Staubschutzkappe verhindert die Verschmutzung des Faseranschlusses<\/li>\n<li>Die austauschbare Keramikh\u00fclse verl\u00e4ngert die Lebensdauer<\/li>\n<li>Das Aufh\u00e4ngeseil macht das Aufh\u00e4ngen leicht<\/li>\n<li>Tragetasche f\u00fcr die Aufbewahrung<\/li>\n<\/ol>\n<h3>Spezifikation<\/h3>\n<p>&nbsp;<\/p>\n<div>\n<table style=\"border-collapse: collapse; width: 100%;\">\n<tbody>\n<tr>\n<td style=\"width: 50%;\">Marke<\/td>\n<td style=\"width: 50%;\">LuLeey<\/td>\n<\/tr>\n<tr>\n<td style=\"width: 50%;\">Produktname<\/td>\n<td style=\"width: 50%;\">Visuelle Fehlersuche 1mw\/10mw\/20mw\/30mw\/50mw VFL LASER PEN<\/td>\n<\/tr>\n<tr>\n<td style=\"width: 50%;\">Abmessungen<\/td>\n<td style=\"width: 50%;\">170x24mm(6.7\u00d70.9 inch)<\/td>\n<\/tr>\n<tr>\n<td style=\"width: 50%;\">Material<\/td>\n<td style=\"width: 50%;\">Aluminium-Legierung<\/td>\n<\/tr>\n<tr>\n<td style=\"width: 50%;\">Wellenl\u00e4nge<\/td>\n<td style=\"width: 50%;\">650nm\u00b110nm<\/td>\n<\/tr>\n<tr>\n<td style=\"width: 50%;\">Adapter<\/td>\n<td style=\"width: 50%;\">2,5 mm universal SC\/ST\/FC<\/td>\n<\/tr>\n<tr>\n<td style=\"width: 50%;\">Schalter<\/td>\n<td style=\"width: 50%;\">Ein\/Aus, kontinuierlich\/blinkend<\/td>\n<\/tr>\n<tr>\n<td style=\"width: 50%;\">Akku-Typ<\/td>\n<td style=\"width: 50%;\">2 x AAA<\/td>\n<\/tr>\n<tr>\n<td style=\"width: 50%;\">Betriebstemperatur<\/td>\n<td style=\"width: 50%;\">10-60\u00b0C<\/td>\n<\/tr>\n<tr>\n<td style=\"width: 50%;\">Lagertemperatur<\/td>\n<td style=\"width: 50%;\">-40-85\u00b0C<\/td>\n<\/tr>\n<tr>\n<td style=\"width: 50%;\">Ausgangsleistung<\/td>\n<td style=\"width: 50%;\">1\/10\/20\/30\/50mW<\/td>\n<\/tr>\n<\/tbody>\n<\/table>\n<p>&nbsp;<\/p>\n<\/div>","protected":false},"excerpt":{"rendered":"<ul class=\"a-unordered-list a-vertical a-spacing-mini\">\n<li class=\"a-spacing-mini\"><span class=\"a-list-item\">\u3010Genaue Identifizierung\u3011Dieses visuelle Fehlerortungsger\u00e4t kann leicht und genau Glasfaserbr\u00fcche, schlechte Verbindungen, Biegungen oder Risse erkennen und lokalisieren. Es kann entweder im CW- oder im gepulsten Modus arbeiten. Der VFL emittiert ein rotes 650nm-Licht f\u00fcr die Fasersuche und -ortung, Br\u00fcche oder Fehler brechen das Licht in der Faser.<\/span><\/li>\n<li class=\"a-spacing-mini\"><span class=\"a-list-item\">\u3010Exzellente Funktionen\u3011Der Fasertester verf\u00fcgt \u00fcber mehrere Funktionen wie konstante Ausgangsleistung, Warnung bei niedrigem Batteriestand, lange Batterielebensdauer und Erkennung \u00fcber gro\u00dfe Entfernungen. Faserverlegung und Durchgangspr\u00fcfung effizient, ein helles Gl\u00fchen um den fehlerhaften Bereich zu schaffen.<\/span><\/li>\n<li class=\"a-spacing-mini\"><span class=\"a-list-item\">\u3010Wide Application\u3011Universeller 2,5 mm Stecker f\u00fcr ST, SC, FC st\u00f6rt sowohl in der Kreis- als auch in der Quadratform verschiedener Glasfaserkabel, Test f\u00fcr sowohl Singlemode- als auch Multimode-Kabel. Anwenden auf: Integrierte Verdrahtungssysteme und Fiber Optic Engineering; CATV Engineering optisches Netzwerk Wartung; Optische Telekommunikation; Optische Messantriebstechnik; Optische Ger\u00e4teproduktion und Forschung.<\/span><\/li>\n<li class=\"a-spacing-mini\"><span class=\"a-list-item\">\u3010Detection Distance\u3011Dieses visuelle Fehlerortungsger\u00e4t hat eine starke Lichtquelle Ausgangsleistung von 30mW, konstante Ausgangsleistung das starke rote Licht geht 20-30 Kilometer weit in Glasfaserkabel, hohe effektive Leistung Schaltungen bieten stabile Leistung, Dauerwelle und gepulsten Modus.<\/span><\/li>\n<li class=\"a-spacing-mini\"><span class=\"a-list-item\">\u3010Praktisches Design\u3011Kleine Gr\u00f6\u00dfe und leichtes, stiftartiges Design mit Tasche machen es tragbar, einfach zu \u00fcberpr\u00fcfen, Faserfehler mit visuellen Fehlerlokalisator, Design mit einem Edelstahlkopf und Aluminiumgeh\u00e4use, um Absturz und Staub zu verhindern, das Geh\u00e4use Erdung Design verhindert ESD-Sch\u00e4den effizient.<\/span><\/li>\n<\/ul>","protected":false},"featured_media":12562,"comment_status":"open","ping_status":"closed","template":"","meta":[],"product_brand":[],"product_cat":[789],"product_tag":[157,158,265,340],"class_list":{"0":"post-12536","1":"product","2":"type-product","3":"status-publish","4":"has-post-thumbnail","6":"product_cat-visual-fault-locator","7":"product_tag-50km","8":"product_tag-50mw","9":"product_tag-noli","10":"product_tag-visual-fault-locator","12":"first","13":"instock","14":"sale","15":"shipping-taxable","16":"purchasable","17":"product-type-variable"},"_links":{"self":[{"href":"https:\/\/www.luleey.com\/de\/wp-json\/wp\/v2\/product\/12536","targetHints":{"allow":["GET"]}}],"collection":[{"href":"https:\/\/www.luleey.com\/de\/wp-json\/wp\/v2\/product"}],"about":[{"href":"https:\/\/www.luleey.com\/de\/wp-json\/wp\/v2\/types\/product"}],"replies":[{"embeddable":true,"href":"https:\/\/www.luleey.com\/de\/wp-json\/wp\/v2\/comments?post=12536"}],"wp:featuredmedia":[{"embeddable":true,"href":"https:\/\/www.luleey.com\/de\/wp-json\/wp\/v2\/media\/12562"}],"wp:attachment":[{"href":"https:\/\/www.luleey.com\/de\/wp-json\/wp\/v2\/media?parent=12536"}],"wp:term":[{"taxonomy":"product_brand","embeddable":true,"href":"https:\/\/www.luleey.com\/de\/wp-json\/wp\/v2\/product_brand?post=12536"},{"taxonomy":"product_cat","embeddable":true,"href":"https:\/\/www.luleey.com\/de\/wp-json\/wp\/v2\/product_cat?post=12536"},{"taxonomy":"product_tag","embeddable":true,"href":"https:\/\/www.luleey.com\/de\/wp-json\/wp\/v2\/product_tag?post=12536"}],"curies":[{"name":"wp","href":"https:\/\/api.w.org\/{rel}","templated":true}]}}