{"id":12541,"date":"2024-07-19T00:53:04","date_gmt":"2024-07-18T16:53:04","guid":{"rendered":"https:\/\/www.luleey.com\/?post_type=product&#038;p=12541"},"modified":"2025-02-20T21:46:34","modified_gmt":"2025-02-20T13:46:34","slug":"optical-power-meter-6-wavelengths-opm-ll-opm-noli","status":"publish","type":"product","link":"https:\/\/www.luleey.com\/de\/produkt-2\/optical-power-meter-6-wavelengths-opm-ll-opm-noli\/","title":{"rendered":"Optisches Leistungsmessger\u00e4t 6 Wellenl\u00e4ngen OPM LL-OPM-NoLi"},"content":{"rendered":"<p><span style=\"color: #ff0000;\">Aus Gr\u00fcnden der Transportsicherheit werden keine normalen Batterien verschickt. Wir danken Ihnen f\u00fcr Ihr Verst\u00e4ndnis.<\/span><\/p>\n<div id=\"offer-template-0\">\n<p align=\"left\"><strong data-spm-anchor-id=\"a2g0o.detail.1000023.i0.6e6d2ca3EqJnmk\">Produkt\u00a0<\/strong><strong>Eigenschaften<\/strong><\/p>\n<ul>\n<li data-spm-anchor-id=\"a2g0o.detail.1000023.i2.6663H5f1H5f1o7\">2,5 mm Universalschnittstelle.<\/li>\n<li>Unterst\u00fctzt 6 Arten von mehreren Wellenl\u00e4ngen.<\/li>\n<li>Klein und kompakt, bequem zu handhaben.<\/li>\n<li>Geringer Stromverbrauch<\/li>\n<li data-spm-anchor-id=\"a2g0o.detail.1000023.i0.6663H5f1H5f1o7\">Anzeigebereich:+10~-70dBm @1550nm\/+26~-50dBm @1550nm<\/li>\n<li data-spm-anchor-id=\"a2g0o.detail.1000023.i0.6663H5f1H5f1o7\">Aufl\u00f6sung:0,01db<\/li>\n<li data-spm-anchor-id=\"a2g0o.detail.1000023.i0.6663H5f1H5f1o7\">Test-Wellenl\u00e4nge 850\/1300\/1310\/1490\/1550\/1625<\/li>\n<li data-spm-anchor-id=\"a2g0o.detail.1000023.i0.6663H5f1H5f1o7\">Sensor-Typ:lnGaAs<\/li>\n<li data-spm-anchor-id=\"a2g0o.detail.1000023.i0.6663H5f1H5f1o7\">Arbeits-Wellenl\u00e4nge:800~1700nm<\/li>\n<li data-spm-anchor-id=\"a2g0o.detail.1000023.i0.6663H5f1H5f1o7\">Stromquelle:2*AAA Trockenbatterien<\/li>\n<li data-spm-anchor-id=\"a2g0o.detail.1000023.i0.6663H5f1H5f1o7\">Arbeitstemperatur:-10 bis +50C; &lt;90%RH<\/li>\n<li data-spm-anchor-id=\"a2g0o.detail.1000023.i0.6663H5f1H5f1o7\">Lagertemperatur:-20 bis +70\u00b0C; &lt;90%RH<\/li>\n<\/ul>\n<p align=\"left\" data-spm-anchor-id=\"a2g0o.detail.1000023.i1.6663H5f1H5f1o7\"><strong>Inklusive Paket<\/strong><br \/>\n1x Leistungsmesser<br \/>\n1x Koffer<\/p>\n<\/div>","protected":false},"excerpt":{"rendered":"<ul class=\"a-unordered-list a-vertical a-spacing-mini\">\n<li class=\"a-spacing-mini\"><span class=\"a-list-item\">Lineare optische Leistung und logarithmische Leistungsanzeige, Relativwertmessung<\/span><\/li>\n<li class=\"a-spacing-mini\">\n<p class=\"serp-title\"><mark>Optischer Leistungsmesser <\/mark>Automatische Messbereichsanpassung und Restleistungsanzeige<\/p>\n<\/li>\n<li class=\"a-spacing-mini\"><span class=\"a-list-item\">Geringer Stromverbrauch, Dauerbetrieb mehr als 80 Stunden<\/span><\/li>\n<li class=\"a-spacing-mini\"><span class=\"a-list-item\">Universelle 2,5-mm-Schnittstelle, unterst\u00fctzt FC-, SC- und ST-Stecker<\/span><\/li>\n<li class=\"a-spacing-mini\"><span class=\"a-list-item\">Kompaktes und tragbares Design, 68g Gewicht, f\u00fcr ein besseres Handgef\u00fchl \/ einfaches Tragen<\/span><\/li>\n<\/ul>","protected":false},"featured_media":12580,"comment_status":"open","ping_status":"closed","template":"","meta":[],"product_brand":[],"product_cat":[363],"product_tag":[167,265,281],"class_list":{"0":"post-12541","1":"product","2":"type-product","3":"status-publish","4":"has-post-thumbnail","6":"product_cat-optical-power-meter-and-visual-fault-locator","7":"product_tag-6-wavelengths","8":"product_tag-noli","9":"product_tag-optical-power-meter","11":"first","12":"instock","13":"sale","14":"shipping-taxable","15":"purchasable","16":"product-type-variable"},"_links":{"self":[{"href":"https:\/\/www.luleey.com\/de\/wp-json\/wp\/v2\/product\/12541","targetHints":{"allow":["GET"]}}],"collection":[{"href":"https:\/\/www.luleey.com\/de\/wp-json\/wp\/v2\/product"}],"about":[{"href":"https:\/\/www.luleey.com\/de\/wp-json\/wp\/v2\/types\/product"}],"replies":[{"embeddable":true,"href":"https:\/\/www.luleey.com\/de\/wp-json\/wp\/v2\/comments?post=12541"}],"wp:featuredmedia":[{"embeddable":true,"href":"https:\/\/www.luleey.com\/de\/wp-json\/wp\/v2\/media\/12580"}],"wp:attachment":[{"href":"https:\/\/www.luleey.com\/de\/wp-json\/wp\/v2\/media?parent=12541"}],"wp:term":[{"taxonomy":"product_brand","embeddable":true,"href":"https:\/\/www.luleey.com\/de\/wp-json\/wp\/v2\/product_brand?post=12541"},{"taxonomy":"product_cat","embeddable":true,"href":"https:\/\/www.luleey.com\/de\/wp-json\/wp\/v2\/product_cat?post=12541"},{"taxonomy":"product_tag","embeddable":true,"href":"https:\/\/www.luleey.com\/de\/wp-json\/wp\/v2\/product_tag?post=12541"}],"curies":[{"name":"wp","href":"https:\/\/api.w.org\/{rel}","templated":true}]}}