{"id":12544,"date":"2024-07-19T00:53:04","date_gmt":"2024-07-18T16:53:04","guid":{"rendered":"https:\/\/www.luleey.com\/?post_type=product&#038;p=12544"},"modified":"2025-02-20T21:46:21","modified_gmt":"2025-02-20T13:46:21","slug":"optical-power-meter-red-laser-fiber-rj45-tester-light-rangefinder-ll-opm-vfl-li-y8","status":"publish","type":"product","link":"https:\/\/www.luleey.com\/de\/produkt-2\/optical-power-meter-red-laser-fiber-rj45-tester-light-rangefinder-ll-opm-vfl-li-y8\/","title":{"rendered":"Optisches Leistungsmessger\u00e4t +Rotlaser Faser RJ45 Tester Licht Entfernungsmesser LL-OPM-VFL-Li-Y8"},"content":{"rendered":"<div class=\"title--wrap--Ms9Zv4A\">\n<h3 data-pl=\"product-title\" data-spm-anchor-id=\"a2g0o.detail.0.i16.53aay6ply6ples\">6 in 1 optischer Leistungsmesser rot hochpr\u00e4zise Mini rote Faser Stift 15km wiederaufladbare Faser Licht RJ45 Tester Licht Entfernungsmesser<\/h3>\n<p>&nbsp;<\/p>\n<\/div>\n<ul>\n<li>Wellenl\u00e4ngenbereich: 800 bis 1700<\/li>\n<li>Unterst\u00fctzt SC ST FC 2.5mm Stecker<\/li>\n<li>Messbereich: -70~+3, -70~+10, -50~+26<\/li>\n<li>Standard-Wellenl\u00e4nge (nm): 850, 980, 1300, 1310, 1490, 1550, 1625<\/li>\n<li>Anzeigeaufl\u00f6sung: lineare Anzeige: 0,1%, logarithmische Anzeige: 0,01dBm<\/li>\n<li>Rotes Licht Arbeitswellenl\u00e4nge: 650nm<\/li>\n<li>Ungewissheit: 5%<\/li>\n<li>Rotlichtleistung: 5km, 15km (20km, 30km k\u00f6nnen angepasst werden)<\/li>\n<li>Identifizierung der Frequenz: 0, 270, 1000, 2000Hz<\/li>\n<li>RJ45-Tracking-Entfernung: 200 Meter<\/li>\n<li>Laser-Entfernung: 40 Meter<\/li>\n<li>Eingangsspannung: 3~6V<\/li>\n<li>Automatische Abschaltzeit: 10 Minuten<\/li>\n<li>Batteriekapazit\u00e4t: 1100mAh wiederaufladbare Lithium-Batterie<\/li>\n<li>Kontinuierliche Betriebszeit: ca. 72 Stunden (einzelne Leistungsmessung)<\/li>\n<li>Gr\u00f6\u00dfe des Ger\u00e4ts: 115*71*30mm<\/li>\n<li>Packungsgr\u00f6\u00dfe: 170*95*47mm<\/li>\n<\/ul>\n<p>Wir stellen das 6-in-1-Messger\u00e4t f\u00fcr optische Leistung vor - Ihr ultimatives Werkzeug f\u00fcr pr\u00e4zise optische Leistungsmessungen! Dieses multifunktionale Ger\u00e4t ist vollgepackt mit Funktionen und wurde entwickelt, um Ihnen das Leben zu erleichtern, wenn es um die Pr\u00fcfung optischer Leistung geht.<\/p>\n<p>unser optisches Leistungsmessger\u00e4t ist in der Lage, pr\u00e4zise Messungen \u00fcber verschiedene Wellenl\u00e4ngen hinweg zu liefern. Der Standard-Wellenl\u00e4ngenbereich von 850, 980, 1300, 1310, 1490, 1550 und 1625 nm gew\u00e4hrleistet die Kompatibilit\u00e4t mit einer Vielzahl von optischen Systemen.<\/p>\n<p>Ausgestattet mit einer RJ45-Testfunktion erm\u00f6glicht unser vielseitiges optisches Leistungsmessger\u00e4t die m\u00fchelose Messung optischer Leistungspegel in Netzwerkkabeln und gew\u00e4hrleistet so eine effiziente Kommunikation.<\/p>\n<p>Unser optisches Leistungsmessger\u00e4t zeichnet sich nicht nur durch seine prim\u00e4re Funktion aus, sondern verf\u00fcgt auch \u00fcber zus\u00e4tzliche Funktionen, die Ihre Pr\u00fcfm\u00f6glichkeiten verbessern werden. Die eingebaute LED-Beleuchtung sorgt f\u00fcr optimale Sichtbarkeit, so dass Sie auch in schwach beleuchteten Umgebungen effizient arbeiten k\u00f6nnen. Dar\u00fcber hinaus bietet unser Produkt optionale Netzwerkfinder- und Laserentfernungsfunktionen, die seine Vielseitigkeit weiter erh\u00f6hen.<\/p>\n<p>Unser optisches Leistungsmessger\u00e4t ist f\u00fcr verschiedene Steckverbinder ausgelegt und unterst\u00fctzt SC-, ST-, FC- und 2,5-mm-Stecker. Diese Flexibilit\u00e4t gew\u00e4hrleistet die Kompatibilit\u00e4t mit einer Vielzahl von optischen Systemen und bietet Komfort und Vielseitigkeit f\u00fcr alle Ihre Anforderungen an die optische Leistungsmessung.<\/p>\n<p>Die wiederaufladbare 1100-mAh-Lithiumbatterie in unserem optischen Leistungsmesser sorgt f\u00fcr eine l\u00e4ngere Nutzungsdauer. Mit ca. 72 Stunden ununterbrochener Betriebszeit f\u00fcr eine einzige Leistungsmessung k\u00f6nnen Sie Ihre optischen Leistungstests effizient durchf\u00fchren, ohne sich Sorgen machen zu m\u00fcssen, dass Ihnen der Strom ausgeht.<\/p>\n<p>Um eine un\u00fcbertroffene Genauigkeit zu gew\u00e4hrleisten und Ihnen zuverl\u00e4ssige Ergebnisse zu liefern, wird unser optisches Leistungsmessger\u00e4t strengen Tests unterzogen und entspricht den h\u00f6chsten Industriestandards. Sie k\u00f6nnen sicher sein, dass Sie jedes Mal genaue Messungen erhalten, die es Ihnen erm\u00f6glichen, fundierte Entscheidungen auf der Grundlage realer Daten zu treffen.<\/p>\n<p>Ganz gleich, ob Sie ein Profi in der optischen Industrie oder ein Hobbyist mit gro\u00dfem Interesse an optischen Systemen sind, das 6-in-1-Messger\u00e4t f\u00fcr optische Leistung ist ein unverzichtbares Werkzeug, das nicht \u00fcbersehen werden sollte. Investieren Sie in dieses zuverl\u00e4ssige, funktionsreiche Ger\u00e4t und verbessern Sie Ihre Erfahrungen mit optischen Leistungsmessungen. Bestellen Sie jetzt und erleben Sie den Komfort, die Genauigkeit und die Vielseitigkeit, die unser optisches Leistungsmessger\u00e4t mit sich bringt!<\/p>","protected":false},"excerpt":{"rendered":"<p>*Rote Lichtquelle<br \/>\n*Optischer Leistungsmesser<br \/>\n*RJ45-Test<br \/>\n*LED-Beleuchtung<br \/>\n*Netzwerk-Finder (optional)<br \/>\n*Laserentfernungsmessung (optional)<\/p>\n<p>- Pr\u00e4zise Leistungsmessungen mit dem optischen 6-in-1-Leistungsmesser, Rotlichtquelle 650 nm 5 km\/15 km\/20 km\/30 km und Standardwellenl\u00e4ngen von 850 nm bis 1625 nm.<br \/>\n- Vielseitiges Ger\u00e4t, das nicht nur die optische Leistung misst, sondern auch RJ45-Tests, LED-Beleuchtung, Netzwerk-Finder (optional) und Laser-Entfernungsmessung (optional) bietet.<br \/>\n- Kompatibel mit SC-, ST- und FC-2,5-mm-Steckverbindern, bietet Komfort und Flexibilit\u00e4t f\u00fcr verschiedene optische Anwendungen.<br \/>\n- Lange Batterielebensdauer mit einer wiederaufladbaren 1100-mAh-Lithium-Batterie, die eine kontinuierliche Betriebszeit von ca. 72 Stunden f\u00fcr eine einzelne Leistungsmessung erm\u00f6glicht.<br \/>\n- Ein unverzichtbares Werkzeug f\u00fcr Fachleute in der optischen Industrie, das genaue Messungen f\u00fcr verschiedene Anforderungen an die optische Leistung bietet.<\/p>","protected":false},"featured_media":12581,"comment_status":"open","ping_status":"closed","template":"","meta":[],"product_brand":[],"product_cat":[363,789],"product_tag":[142,170,248,281,340],"class_list":{"0":"post-12544","1":"product","2":"type-product","3":"status-publish","4":"has-post-thumbnail","6":"product_cat-optical-power-meter-and-visual-fault-locator","7":"product_cat-visual-fault-locator","8":"product_tag-30km","9":"product_tag-6in1","10":"product_tag-lithium-battery","11":"product_tag-optical-power-meter","12":"product_tag-visual-fault-locator","14":"first","15":"instock","16":"sale","17":"shipping-taxable","18":"purchasable","19":"product-type-variable"},"_links":{"self":[{"href":"https:\/\/www.luleey.com\/de\/wp-json\/wp\/v2\/product\/12544","targetHints":{"allow":["GET"]}}],"collection":[{"href":"https:\/\/www.luleey.com\/de\/wp-json\/wp\/v2\/product"}],"about":[{"href":"https:\/\/www.luleey.com\/de\/wp-json\/wp\/v2\/types\/product"}],"replies":[{"embeddable":true,"href":"https:\/\/www.luleey.com\/de\/wp-json\/wp\/v2\/comments?post=12544"}],"wp:featuredmedia":[{"embeddable":true,"href":"https:\/\/www.luleey.com\/de\/wp-json\/wp\/v2\/media\/12581"}],"wp:attachment":[{"href":"https:\/\/www.luleey.com\/de\/wp-json\/wp\/v2\/media?parent=12544"}],"wp:term":[{"taxonomy":"product_brand","embeddable":true,"href":"https:\/\/www.luleey.com\/de\/wp-json\/wp\/v2\/product_brand?post=12544"},{"taxonomy":"product_cat","embeddable":true,"href":"https:\/\/www.luleey.com\/de\/wp-json\/wp\/v2\/product_cat?post=12544"},{"taxonomy":"product_tag","embeddable":true,"href":"https:\/\/www.luleey.com\/de\/wp-json\/wp\/v2\/product_tag?post=12544"}],"curies":[{"name":"wp","href":"https:\/\/api.w.org\/{rel}","templated":true}]}}