{"id":12565,"date":"2024-07-19T00:53:27","date_gmt":"2024-07-18T16:53:27","guid":{"rendered":"https:\/\/www.luleey.com\/?post_type=product&#038;p=12565"},"modified":"2025-01-14T11:33:08","modified_gmt":"2025-01-14T03:33:08","slug":"mini-fiber-catv-transmitter-two-way-output-210dbm","status":"publish","type":"product","link":"https:\/\/www.luleey.com\/de\/produkt-2\/mini-fiber-catv-transmitter-two-way-output-210dbm\/","title":{"rendered":"MINI Fiber CATV Transmitter Zwei-Wege-Ausgang 2*10dbm"},"content":{"rendered":"<p align=\"left\">1310\/1550nm Transmitter mit optischem Eingang speziell f\u00fcr CATV FTTH Netzwerk. Sein Hauptmerkmal ist niedriger Stromverbrauch, doppelter Ausgang optisches Signal, mit optischem Eingang und rf Eingang zwei M\u00f6glichkeiten, AGC optischen konstanten Pegel Ausgang, kleines Volumen und hohe Zuverl\u00e4ssigkeit. Das Geh\u00e4use aus einer Aluminiumlegierung mit eingebauter optischer AGC-Schaltung, die kompakte Struktur und die externe modulare Stromversorgung machen die Installation und Fehlersuche sehr bequem. Es ist ein ideales Produkt f\u00fcr den Aufbau eines FTTH CATV-Netzwerks.<\/p>\n<h3>Eigenschaften<\/h3>\n<ol>\n<li>Geh\u00e4use aus Aluminiumguss mit guter W\u00e4rmeableitung<\/li>\n<li>Nimmt GaAs-Modul als RF-Verst\u00e4rkermodul an, der optische Empfangsbereich kann 0~-15dbm erreichen, der rf-Eingangsbereich ist 75~85dbuv.<\/li>\n<li>Optisches Empf\u00e4ngermodul AGC-Steuerungsbereich 0~-15dBm, Ausgangspegel bleibt unver\u00e4ndert. RF-Eingangsmodul AGC-Steuerungsbereich 75~85dbuv, Ausgangspegel bleibt unver\u00e4ndert.<\/li>\n<li data-spm-anchor-id=\"a2g0o.detail.1000023.i0.1668bCE6bCE6zU\">Niedriger Verbrauch Design und Gesamtverbrauch \u22644w, Die Stromversorgung kann direkt eingegeben oder von der rf Steckdose gespeist werden. Der Spannungsbereich der Eingangsleistung ist DC6~15V.<\/li>\n<li data-spm-anchor-id=\"a2g0o.detail.1000023.i1.1668bCE6bCE6zU\">Realisieren Sie den 12-V-Eingangsanschluss, der die Stromversorgung speist<\/li>\n<li data-spm-anchor-id=\"a2g0o.detail.1000023.i1.1668bCE6bCE6zU\">maximale Entfernung 15 km<\/li>\n<\/ol>\n<h3>Spezifikation<\/h3>\n<table width=\"867\" data-spm-anchor-id=\"a261y.7663282.descBanner.i16.b66544f2JIpbiy\">\n<tbody>\n<tr>\n<td width=\"211\"><span data-spm-anchor-id=\"a261y.7663282.descBanner.i19.b66544f2JIpbiy\">Artikel<\/span><\/td>\n<td width=\"387\">Paramter<\/td>\n<td width=\"269\">Erg\u00e4nzung<\/td>\n<\/tr>\n<tr>\n<td width=\"211\">Modell<\/td>\n<td width=\"387\">LL-CATV-T210<\/td>\n<td width=\"269\"><\/td>\n<\/tr>\n<tr>\n<td width=\"211\">MER(dB)<\/td>\n<td width=\"387\">\u226536<\/td>\n<td width=\"269\"><\/td>\n<\/tr>\n<tr>\n<td width=\"211\">MER(dB)<\/td>\n<td width=\"387\">&lt;1.0E-9<\/td>\n<td width=\"269\"><\/td>\n<\/tr>\n<tr>\n<td width=\"211\">CNR(dB)<\/td>\n<td width=\"387\">\u226551<\/td>\n<td width=\"269\">Stift=-2dBm<\/td>\n<\/tr>\n<tr>\n<td width=\"211\">CTB(dB)<\/td>\n<td width=\"387\">\u226565<\/td>\n<td width=\"269\">Stift=-2dBm<\/td>\n<\/tr>\n<tr>\n<td width=\"211\">CSO(dB)<\/td>\n<td width=\"387\">\u226562<\/td>\n<td width=\"269\">Stift=-2dBm<\/td>\n<\/tr>\n<tr>\n<td width=\"211\">Stromversorgung(V)<\/td>\n<td width=\"387\">6~15VDC<\/td>\n<td width=\"269\"><\/td>\n<\/tr>\n<tr>\n<td width=\"211\">Leistungsaufnahme (W)<\/td>\n<td width=\"387\">\u22644(300mA)\/\u22644(500mA)\/\u22642(250mA)\/\u22644(500mA)<\/td>\n<td width=\"269\">+12VDC<\/td>\n<\/tr>\n<tr>\n<td width=\"211\">Betriebstemperatur (\u2103)<\/td>\n<td width=\"387\">-20~+60<\/td>\n<td width=\"269\"><\/td>\n<\/tr>\n<tr>\n<td width=\"211\">Abmessungen (mm)<\/td>\n<td width=\"387\">178*88*40<\/td>\n<td width=\"269\"><\/td>\n<\/tr>\n<tr>\n<td width=\"211\">Gewicht(g)<\/td>\n<td width=\"387\">365<\/td>\n<td width=\"269\"><\/td>\n<\/tr>\n<tr>\n<td colspan=\"3\" width=\"867\">\u00a0\u00a0\u00a0\u00a0\u00a0\u00a0\u00a0\u00a0\u00a0\u00a0\u00a0 Optisches Modul<\/td>\n<\/tr>\n<tr>\n<td width=\"211\">Optische Wellenl\u00e4nge (nm)<\/td>\n<td width=\"387\">1100~1600<\/td>\n<td width=\"269\"><\/td>\n<\/tr>\n<tr>\n<td width=\"211\">Optischer Eingangsbereich (dBm)<\/td>\n<td width=\"387\">0~ -15<\/td>\n<td width=\"269\"><\/td>\n<\/tr>\n<tr>\n<td width=\"211\">Bandbreite(MHz)<\/td>\n<td width=\"387\">47~1002<\/td>\n<td width=\"269\"><\/td>\n<\/tr>\n<tr>\n<td width=\"211\">Ebenheit(dB)<\/td>\n<td width=\"387\">\u00b10.75<\/td>\n<td width=\"269\"><\/td>\n<\/tr>\n<tr>\n<td width=\"211\">Optischer Testpegel (OP.IN.TS) (dBuv)<\/td>\n<td width=\"387\">\u226575<\/td>\n<td width=\"269\">Stift:-15~+0dBm<\/td>\n<\/tr>\n<tr>\n<td width=\"211\">AGC-Regelbereich (dBm)<\/td>\n<td width=\"387\">0~-15<\/td>\n<td width=\"269\"><\/td>\n<\/tr>\n<tr>\n<td width=\"211\">Ausgangsr\u00fcckflussd\u00e4mpfung (dB)<\/td>\n<td width=\"387\">\u226514<\/td>\n<td width=\"269\">47-1000MHz<\/td>\n<\/tr>\n<tr>\n<td width=\"211\">Ausgangsimpedanz (\u03a9)<\/td>\n<td width=\"387\">75<\/td>\n<td width=\"269\"><\/td>\n<\/tr>\n<tr>\n<td colspan=\"3\" width=\"867\">\u00a0\u00a0\u00a0\u00a0\u00a0\u00a0\u00a0\u00a0\u00a0\u00a0\u00a0\u00a0 1550nm-Sendemodul<\/td>\n<\/tr>\n<tr>\n<td width=\"211\">Ausgangsleistung<\/td>\n<td width=\"387\">2*10dbm<\/td>\n<td><\/td>\n<\/tr>\n<tr>\n<td width=\"211\">Rf-Eingangspegel (dbuv)<\/td>\n<td width=\"387\">75~85<\/td>\n<td><\/td>\n<\/tr>\n<tr>\n<td width=\"211\">HF-Testpegel (RF.IN .TS)(dbuv)<\/td>\n<td width=\"387\">\u226578<\/td>\n<td><\/td>\n<\/tr>\n<\/tbody>\n<\/table>","protected":false},"excerpt":{"rendered":"<ol>\n<li>CATV-Sender Aluminiumgussgeh\u00e4use mit guter W\u00e4rmeableitung<\/li>\n<li>Nimmt GaAs-Modul als RF-Verst\u00e4rkermodul an, der optische Empfangsbereich kann 0~-15dbm erreichen, der rf-Eingangsbereich ist 75~85dbuv.<\/li>\n<li>Optisches Empf\u00e4ngermodul AGC-Steuerungsbereich 0~-15dBm, Ausgangspegel bleibt unver\u00e4ndert. RF-Eingangsmodul AGC-Steuerungsbereich 75~85dbuv, Ausgangspegel bleibt unver\u00e4ndert.<\/li>\n<li>Niedriger Verbrauch Design und Gesamtverbrauch \u22644w, Die Stromversorgung kann direkt eingegeben oder von der rf Steckdose gespeist werden. Der Spannungsbereich der Eingangsleistung ist DC6~15V.<\/li>\n<li>Realisieren Sie die 12v-Eingang Port F\u00fctterung Weg der Stromversorgung<\/li>\n<\/ol>","protected":false},"featured_media":12588,"comment_status":"open","ping_status":"closed","template":"","meta":[],"product_brand":[],"product_cat":[198],"product_tag":[108,112,114,123,195],"class_list":{"0":"post-12565","1":"product","2":"type-product","3":"status-publish","4":"has-post-thumbnail","6":"product_cat-catv-transmitter","7":"product_tag-1310nm","8":"product_tag-1550nm","9":"product_tag-15km","10":"product_tag-2-port","11":"product_tag-catv","13":"first","14":"instock","15":"shipping-taxable","16":"purchasable","17":"product-type-variable"},"_links":{"self":[{"href":"https:\/\/www.luleey.com\/de\/wp-json\/wp\/v2\/product\/12565","targetHints":{"allow":["GET"]}}],"collection":[{"href":"https:\/\/www.luleey.com\/de\/wp-json\/wp\/v2\/product"}],"about":[{"href":"https:\/\/www.luleey.com\/de\/wp-json\/wp\/v2\/types\/product"}],"replies":[{"embeddable":true,"href":"https:\/\/www.luleey.com\/de\/wp-json\/wp\/v2\/comments?post=12565"}],"wp:featuredmedia":[{"embeddable":true,"href":"https:\/\/www.luleey.com\/de\/wp-json\/wp\/v2\/media\/12588"}],"wp:attachment":[{"href":"https:\/\/www.luleey.com\/de\/wp-json\/wp\/v2\/media?parent=12565"}],"wp:term":[{"taxonomy":"product_brand","embeddable":true,"href":"https:\/\/www.luleey.com\/de\/wp-json\/wp\/v2\/product_brand?post=12565"},{"taxonomy":"product_cat","embeddable":true,"href":"https:\/\/www.luleey.com\/de\/wp-json\/wp\/v2\/product_cat?post=12565"},{"taxonomy":"product_tag","embeddable":true,"href":"https:\/\/www.luleey.com\/de\/wp-json\/wp\/v2\/product_tag?post=12565"}],"curies":[{"name":"wp","href":"https:\/\/api.w.org\/{rel}","templated":true}]}}