{"id":12574,"date":"2024-07-19T00:53:29","date_gmt":"2024-07-18T16:53:29","guid":{"rendered":"https:\/\/www.luleey.com\/?post_type=product&#038;p=12574"},"modified":"2025-01-21T14:09:16","modified_gmt":"2025-01-21T06:09:16","slug":"video-optical-converter-4-8-channel","status":"publish","type":"product","link":"https:\/\/www.luleey.com\/de\/produkt-2\/video-optical-converter-4-8-channel\/","title":{"rendered":"Optischer Video-Konverter 4 8 Kanal"},"content":{"rendered":"<div>\n<div class=\"title--wrap--Ms9Zv4A\">\n<h3 data-pl=\"product-title\" data-spm-anchor-id=\"a2g0o.detail.0.i7.4fc0nIZxnIZx24\">1Paar Pure VOOP 4-Way Digital Monitoring Optical Transceiver Single Mode FC 8 Kan\u00e4le BNC Video Optical Converter 20Km<\/h3>\n<\/div>\n<h3>Eigenschaften<\/h3>\n<ol>\n<li>Der optische Video-Konverter LL-BNC2FC mit 4 bis 8 Kan\u00e4len ist die ideale L\u00f6sung f\u00fcr alle Ihre Anforderungen an die Video\u00fcbertragung. Egal, ob Sie ihn f\u00fcr Radio- und Fernseh\u00fcbertragungen, Video\u00fcberwachung, Eisenbahnen, Hochgeschwindigkeits-Strom\u00fcberwachung, Sicherheit, Videokonferenzen oder automatisierte intelligente Gemeinschaften ben\u00f6tigen, dieser zuverl\u00e4ssige Konverter hat alles, was Sie brauchen.<\/li>\n<li>Dieser auf Leistung und Benutzerfreundlichkeit ausgelegte optische Videokonverter erm\u00f6glicht es Ihnen, hochwertige Videosignale ohne Qualit\u00e4tsverlust oder Beeintr\u00e4chtigung zu \u00fcbertragen. Mit seinem optischen 8-Kanal-BNC-Videokonverter k\u00f6nnen Sie problemlos mehrere Ger\u00e4te anschlie\u00dfen und Videomaterial mit h\u00f6chster Klarheit und Pr\u00e4zision \u00fcberwachen.<\/li>\n<li>Dieser Konverter besteht aus einem hochwertigen Metallgeh\u00e4use und ist f\u00fcr eine lange Lebensdauer ausgelegt. Sein robustes Design sorgt daf\u00fcr, dass er der t\u00e4glichen Beanspruchung standh\u00e4lt und somit f\u00fcr den langfristigen Einsatz geeignet ist. Dar\u00fcber hinaus erm\u00f6glicht der einfache Installationsprozess eine problemlose Einrichtung, so dass Sie im Handumdrehen loslegen k\u00f6nnen. Einfach einstecken und loslegen, und schon kann es losgehen!<\/li>\n<li>Eines der herausragenden Merkmale dieses optischen Video-Konverters ist seine Single-Mode-FC-Technologie. Diese Technologie stellt sicher, dass Ihre Videosignale \u00fcber gro\u00dfe Entfernungen von bis zu 20 Kilometern verlust- und st\u00f6rungsfrei \u00fcbertragen werden, wodurch er sich perfekt f\u00fcr den Einsatz in gro\u00dfen Installationen oder \u00dcberwachungsanlagen eignet.<\/li>\n<li>Der optische VOOP 4-Wege-Transceiver f\u00fcr die digitale \u00dcberwachung erweitert die Vielseitigkeit dieses Konverters um eine weitere Ebene. Mit dieser Funktion k\u00f6nnen Sie mehrere \u00dcberwachungsger\u00e4te anschlie\u00dfen und so eine Echtzeit-Video\u00fcberwachung von verschiedenen Standorten aus gleichzeitig erm\u00f6glichen.<\/li>\n<li>Ganz gleich, ob Sie als Unternehmer Ihr Video\u00fcberwachungssystem aufr\u00fcsten wollen oder als Technikbegeisterter Ihr Videokonferenzerlebnis verbessern m\u00f6chten, dieser optische Videokonverter ist ein echter Knaller. Seine fortschrittliche Technologie in Kombination mit seiner robusten Konstruktion wird Sie sicher beeindrucken und die von Ihnen gew\u00fcnschte Leistung erbringen.<\/li>\n<li>Zusammenfassend l\u00e4sst sich sagen, dass der optische Video-Konverter LL-BNC2FC mit 4 bis 8 Kan\u00e4len die perfekte L\u00f6sung f\u00fcr alle ist, die eine zuverl\u00e4ssige und hochwertige Video\u00fcbertragung ben\u00f6tigen. Mit seiner Mehrkanalf\u00e4higkeit, dem robusten Metallgeh\u00e4use, der einfachen Installation und der F\u00e4higkeit, Videosignale bis zu 20 Kilometer zu \u00fcbertragen, bietet dieser Konverter eine unvergleichliche Leistung. R\u00fcsten Sie Ihre Video\u00fcberwachungs- oder Konferenzanlage noch heute auf und erleben Sie den Unterschied mit diesem au\u00dfergew\u00f6hnlichen Produkt.<\/li>\n<\/ol>\n<h3>Spezifikation<\/h3>\n<\/div>\n<div>\n<div>\n<div>\n<div>\n<div id=\"offer-template-0\">\n<div>\n<table width=\"834\">\n<tbody>\n<tr>\n<td width=\"273\">Modell<\/td>\n<td width=\"561\">LL-BNC2FC<\/td>\n<\/tr>\n<tr>\n<td>Lagertemperatur<\/td>\n<td>\u00a0-40~+70 Grad Celsius<\/td>\n<\/tr>\n<tr>\n<td>Arbeitstemperatur<\/td>\n<td>\u00a00~+55 Grad Celsius<\/td>\n<\/tr>\n<tr>\n<td>Schnittstelle zum Produkt<\/td>\n<td>\u00a0FC-Schnittstelle<\/td>\n<\/tr>\n<tr>\n<td>Gr\u00f6\u00dfe<\/td>\n<td>\u00a0112*97*40mm<\/td>\n<\/tr>\n<tr>\n<td>\u00dcbertragungsentfernung<\/td>\n<td>\u00a020km<\/td>\n<\/tr>\n<\/tbody>\n<\/table>\n<\/div>\n<\/div>\n<\/div>\n<\/div>\n<\/div>\n<\/div>","protected":false},"excerpt":{"rendered":"<p>1. optischer Videokonverter Geeignet f\u00fcr Radio- und Fernseh\u00fcbertragungen, Video\u00fcberwachung, Eisenbahnen, Hochgeschwindigkeitsstrom\u00fcberwachung, Sicherheit, Videokonferenzen, automatisierte intelligente Gemeinschaften usw.<br \/>\n2. Hochwertige Metallgeh\u00e4use, langlebig, einfach zu installieren, Plug and Play.<\/p>","protected":false},"featured_media":12120,"comment_status":"open","ping_status":"closed","template":"","meta":[],"product_brand":[],"product_cat":[358],"product_tag":[130,192,213,276],"class_list":{"0":"post-12574","1":"product","2":"type-product","3":"status-publish","4":"has-post-thumbnail","6":"product_cat-video-to-fiber-media-converters","7":"product_tag-20km","8":"product_tag-bnc","9":"product_tag-fc","10":"product_tag-optical-converter","12":"first","13":"instock","14":"sale","15":"shipping-taxable","16":"purchasable","17":"product-type-variable"},"_links":{"self":[{"href":"https:\/\/www.luleey.com\/de\/wp-json\/wp\/v2\/product\/12574","targetHints":{"allow":["GET"]}}],"collection":[{"href":"https:\/\/www.luleey.com\/de\/wp-json\/wp\/v2\/product"}],"about":[{"href":"https:\/\/www.luleey.com\/de\/wp-json\/wp\/v2\/types\/product"}],"replies":[{"embeddable":true,"href":"https:\/\/www.luleey.com\/de\/wp-json\/wp\/v2\/comments?post=12574"}],"wp:featuredmedia":[{"embeddable":true,"href":"https:\/\/www.luleey.com\/de\/wp-json\/wp\/v2\/media\/12120"}],"wp:attachment":[{"href":"https:\/\/www.luleey.com\/de\/wp-json\/wp\/v2\/media?parent=12574"}],"wp:term":[{"taxonomy":"product_brand","embeddable":true,"href":"https:\/\/www.luleey.com\/de\/wp-json\/wp\/v2\/product_brand?post=12574"},{"taxonomy":"product_cat","embeddable":true,"href":"https:\/\/www.luleey.com\/de\/wp-json\/wp\/v2\/product_cat?post=12574"},{"taxonomy":"product_tag","embeddable":true,"href":"https:\/\/www.luleey.com\/de\/wp-json\/wp\/v2\/product_tag?post=12574"}],"curies":[{"name":"wp","href":"https:\/\/api.w.org\/{rel}","templated":true}]}}