{"id":12577,"date":"2024-07-19T00:53:29","date_gmt":"2024-07-18T16:53:29","guid":{"rendered":"https:\/\/www.luleey.com\/?post_type=product&#038;p=12577"},"modified":"2025-08-03T21:21:05","modified_gmt":"2025-08-03T13:21:05","slug":"48-port-gigabit-switch-managed-ethernet-switch-ll-l3mes-sw-1000-48","status":"publish","type":"product","link":"https:\/\/www.luleey.com\/de\/produkt-2\/48-port-gigabit-switch-managed-ethernet-switch-ll-l3mes-sw-1000-48\/","title":{"rendered":"48 Port Gigabit-Switch Managed Ethernet Switch, LL-L3MES-SW-1000-48"},"content":{"rendered":"<div>\n<div>\n<div class=\"title--wrap--Ms9Zv4A\">\n<h3 data-pl=\"product-title\" data-spm-anchor-id=\"a2g0o.detail.0.i10.6b21dra9dra9Zs\">48 Port Gigabit Switch 4 Fiber Port WEB Management 10G Up-line Optical Port VLAN Ring Network L3, Support DHCP IGMP Snooping<\/h3>\n<p>&nbsp;<\/p>\n<\/div>\n<p>Wenn Sie nach einer zuverl\u00e4ssigen und effizienten L\u00f6sung f\u00fcr die Verwaltung Ihrer Netzwerkverbindungen suchen, ist dieser 48 Port Gigabit Switch die perfekte L\u00f6sung. Mit 48 vollst\u00e4ndig verwalteten Gigabit-Ethernet-Ports und 4 Glasfaser-SFP-Ports haben Sie viele M\u00f6glichkeiten, Ihre Ger\u00e4te anzuschlie\u00dfen und Ihr Netzwerk zu erweitern.<\/p>\n<p>Eines der wichtigsten Merkmale dieses Switches ist sein fortschrittliches WEB-Management-System, mit dem Sie Ihre Netzwerkeinstellungen einfach \u00fcber eine webbasierte Schnittstelle konfigurieren und \u00fcberwachen k\u00f6nnen. Sie k\u00f6nnen VLANs, QoS, L3-Routing, IGMP-Snooping und vieles mehr bequem von einem einzigen Ort aus einrichten.<\/p>\n<p>Au\u00dferdem unterst\u00fctzt dieser Switch einen optischen 10G-Upline-Port, der blitzschnelle Konnektivit\u00e4t f\u00fcr Ihre Ger\u00e4te mit hoher Bandbreite bereitstellen kann. Und dank der flexiblen VLAN-Ring-Netzwerktopologie k\u00f6nnen Sie ein sichereres und zuverl\u00e4ssigeres Netzwerk aufbauen, das resistent gegen einzelne Fehlerpunkte ist.<\/p>\n<p>Insgesamt ist dieser 48-Port-Gigabit-Switch eine ausgezeichnete Wahl f\u00fcr Unternehmen, Schulen oder andere Organisationen, die eine leistungsstarke und funktionsreiche Netzwerkl\u00f6sung ben\u00f6tigen. Wenn Sie also bereit sind, Ihr Netzwerk auf die n\u00e4chste Stufe zu heben, sollten Sie sich noch heute einen dieser Switches zulegen!<\/p>\n<p>&nbsp;<\/p>\n<\/div>\n<div><strong data-spm-anchor-id=\"a2g0o.detail.1000023.i0.6e6d2ca3EqJnmk\">Produkt\u00a0<\/strong><strong>Eigenschaften<\/strong><br \/>\n1. VLAN unterst\u00fctzt die Aufteilung mehrerer Netzwerke<br \/>\n2. Doppelter Blitzschutz f\u00fcr Netzwerkanschluss und Stromanschluss<br \/>\n3. WEB-Management<br \/>\n4. L3, Unterst\u00fctzung DHCPQoSACLSNMP V1 V2 V3IGMP Snooping V1 V2<br \/>\n<strong>Definition des Hafens\u00a0<\/strong><\/div>\n<\/div>\n<div id=\"offer-template-0\">\n<ul>\n<li>48 Gigabit-Ports + 4 10-Gigabit-SFP + 1 Management-Port + 1 SUB-Port<\/li>\n<\/ul>\n<p align=\"left\"><strong>Netzwerk-Protokoll<\/strong><\/p>\n<ul>\n<li>IEEE 802.3 IEEE 802.3i IEEE 802.3u IEEE 802.3ab IEEE 802.3Z IEEE 802.3ae IEEE 802.3az IEEE 802.3ad<\/li>\n<li>IEEE 802.3x IEEE 802.1ab IEEE 802.1p IEEE 802.1q IEEE 802.1x IEEE 802.1d IEEE 802.1s IEEE 802.1w<\/li>\n<\/ul>\n<p align=\"left\"><strong>Netz\u00fcbertragungsmedium<\/strong><\/p>\n<ul>\n<li>10Base-T: Cat3, 4, 5 oder h\u00f6her UTP\/STP (\u2264100m) 100Base-Tx: Cat5 oder h\u00f6her UTP\/STP (\u2264100m)<\/li>\n<li>1000Base-TX: Kategorie Cat5 oder h\u00f6her UTP\/STP (\u2264100m) Multimode-Glasfaser: 50\/125, 62,5\/125, 100\/140um<\/li>\n<li>Monomode-Faser: 8\/125, 8,7\/125, 9\/125, 10\/125um<\/li>\n<\/ul>\n<p align=\"left\"><strong>Anzeigelampe<\/strong><\/p>\n<ul>\n<li>PWR (Betriebsanzeige) SYS (Systemleuchte)<\/li>\n<li>Link\/ACT (Link-Licht\/Daten-Licht)<\/li>\n<\/ul>\n<p align=\"left\"><strong>Arbeitsumgebung<\/strong><\/p>\n<ul>\n<li>Arbeitstemperatur: -10~50\u00b0C Lagertemperatur: -40~70\u00b0C<\/li>\n<\/ul>\n<p align=\"left\"><strong>Leistung<\/strong><\/p>\n<ul>\n<li>Backplane-Bandbreite: 336Gbps<\/li>\n<li>Paketweiterleitungsrate: 131Mpps<\/li>\n<li>Paketspeicher: 16Mbit<\/li>\n<\/ul>\n<p align=\"left\"><strong>Strukturgr\u00f6\u00dfe<\/strong><\/p>\n<ul>\n<li>Produktgr\u00f6\u00dfe: 440*280*44mm<\/li>\n<li>Packungsgr\u00f6\u00dfe: 500*350*90mm<\/li>\n<li>Produkt Nettogewicht: 3.9KG Produkt Bruttogewicht: 4.6KG<\/li>\n<li>Gr\u00f6\u00dfe des Kartons: 600*495*435mm<\/li>\n<\/ul>\n<p align=\"left\"><strong>Informationen zur Verpackung<\/strong><\/p>\n<ul>\n<li>Menge verpacken: 5 S\u00e4tze Packungsgewicht: 24KG<\/li>\n<\/ul>\n<p align=\"left\"><strong>Sicherheitszertifikat\u00a0<\/strong><\/p>\n<ul>\n<li>CE, FCC, RoHS<\/li>\n<\/ul>\n<p>&nbsp;<\/p>\n<\/div>","protected":false},"excerpt":{"rendered":"<p>48 Port Gigabit-Switch<\/p>\n<p>- Hohe Kapazit\u00e4t: Mit 48 Gigabit-Ports und 4 Glasfaser-SFP-Ports bew\u00e4ltigt dieser Switch selbst die gr\u00f6\u00dften Datennetzwerke mit Leichtigkeit.<br \/>\n- Erweiterte Verwaltung: WEB Management, VLAN Ring Network L3 und Unterst\u00fctzung f\u00fcr DHCP und IGMP Snooping bieten eine leistungsf\u00e4hige und flexible Steuerung.<br \/>\n- Blitzschnell: Dank des optischen 10G-Upline-Ports ist dieser Switch blitzschnell und kann Ihr Netzwerk im Handumdrehen mit Hochgeschwindigkeitsdaten versorgen.<br \/>\n- Verbesserte Effizienz: Mit der VLAN-Ring-Netzwerk-L3-Praxis dieses Switches k\u00f6nnen Sie das Layout Ihres Netzwerks vereinfachen und die Effizienz verbessern, indem Sie Broadcast-St\u00fcrme reduzieren.<br \/>\n- Breite Kompatibilit\u00e4t: Unser Switch ist mit allen Arten von Ger\u00e4ten kompatibel, von PCs bis hin zu Spielkonsolen, sodass Sie in Ihrem gesamten Netzwerk Hochgeschwindigkeitsverbindungen nutzen k\u00f6nnen.<\/p>","protected":false},"featured_media":12615,"comment_status":"open","ping_status":"closed","template":"","meta":[],"product_brand":[],"product_cat":[258,207],"product_tag":[89,151,208,244],"class_list":{"0":"post-12577","1":"product","2":"type-product","3":"status-publish","4":"has-post-thumbnail","6":"product_cat-managed-switches","7":"product_cat-switches","8":"product_tag-1000m","9":"product_tag-48-port","10":"product_tag-ethernet-switch","11":"product_tag-l3-managed","13":"first","14":"instock","15":"sale","16":"shipping-taxable","17":"purchasable","18":"product-type-variable"},"_links":{"self":[{"href":"https:\/\/www.luleey.com\/de\/wp-json\/wp\/v2\/product\/12577","targetHints":{"allow":["GET"]}}],"collection":[{"href":"https:\/\/www.luleey.com\/de\/wp-json\/wp\/v2\/product"}],"about":[{"href":"https:\/\/www.luleey.com\/de\/wp-json\/wp\/v2\/types\/product"}],"replies":[{"embeddable":true,"href":"https:\/\/www.luleey.com\/de\/wp-json\/wp\/v2\/comments?post=12577"}],"wp:featuredmedia":[{"embeddable":true,"href":"https:\/\/www.luleey.com\/de\/wp-json\/wp\/v2\/media\/12615"}],"wp:attachment":[{"href":"https:\/\/www.luleey.com\/de\/wp-json\/wp\/v2\/media?parent=12577"}],"wp:term":[{"taxonomy":"product_brand","embeddable":true,"href":"https:\/\/www.luleey.com\/de\/wp-json\/wp\/v2\/product_brand?post=12577"},{"taxonomy":"product_cat","embeddable":true,"href":"https:\/\/www.luleey.com\/de\/wp-json\/wp\/v2\/product_cat?post=12577"},{"taxonomy":"product_tag","embeddable":true,"href":"https:\/\/www.luleey.com\/de\/wp-json\/wp\/v2\/product_tag?post=12577"}],"curies":[{"name":"wp","href":"https:\/\/api.w.org\/{rel}","templated":true}]}}