{"id":12578,"date":"2024-07-19T00:53:30","date_gmt":"2024-07-18T16:53:30","guid":{"rendered":"https:\/\/www.luleey.com\/?post_type=product&#038;p=12578"},"modified":"2025-04-10T11:41:28","modified_gmt":"2025-04-10T03:41:28","slug":"rs485-rs422-fiber-media-converter-fiber-to-serial-converter-20km-bidi","status":"publish","type":"product","link":"https:\/\/www.luleey.com\/de\/produkt-2\/rs485-rs422-fiber-media-converter-fiber-to-serial-converter-20km-bidi\/","title":{"rendered":"RS485 RS422 Glasfaser Medienkonverter Glasfaser zu Seriell Konverter 20km BIDI"},"content":{"rendered":"<div class=\"title--wrap--Ms9Zv4A\" data-spm-anchor-id=\"a2g0o.detail.0.i6.69e9EDaUEDaU6L\">\n<div class=\"title--wrap--Ms9Zv4A\" data-spm-anchor-id=\"a2g0o.detail.0.i6.69e9EDaUEDaU6L\">\n<h3>Eigenschaften<\/h3>\n<ol>\n<li>Metallgeh\u00e4use zur Abschirmung externer St\u00f6rungen<\/li>\n<li>Mehrere Bel\u00fcftungs\u00f6ffnungen f\u00fcr gute W\u00e4rmeableitung<\/li>\n<li>Plug and Play, All-in-One-Modul<\/li>\n<li>Hochwertiger Chip, stabile \u00dcbertragung<\/li>\n<li>Glasfaseranschluss unterst\u00fctzt BIDI<\/li>\n<\/ol>\n<h3>Spezifikation<\/h3>\n<table style=\"width: 57.3132%; height: 216px;\" width=\"834\">\n<tbody>\n<tr style=\"height: 24px;\">\n<td style=\"height: 24px;\">Marke<\/td>\n<td style=\"height: 24px;\">LuLeey<\/td>\n<\/tr>\n<tr style=\"height: 24px;\">\n<td style=\"height: 24px;\">Name des Produkts<\/td>\n<td style=\"height: 24px;\">RS485\/422 Medienkonverter<\/td>\n<\/tr>\n<tr style=\"height: 24px;\">\n<td style=\"height: 24px;\" width=\"273\">Modell<\/td>\n<td style=\"height: 24px;\" width=\"561\">\u00a0LL-MC-RS2F<\/td>\n<\/tr>\n<tr style=\"height: 24px;\">\n<td style=\"height: 24px;\">Wellenl\u00e4nge der Faser<\/td>\n<td style=\"height: 24px;\">\u00a01310nm\/1550nm<\/td>\n<\/tr>\n<tr style=\"height: 24px;\">\n<td style=\"height: 24px;\">\u00dcbertragungsentfernung des optischen Anschlusses<\/td>\n<td style=\"height: 24px;\">\u00a0Singlemode 20km\uff0cMultimode 2km<\/td>\n<\/tr>\n<tr style=\"height: 24px;\">\n<td style=\"height: 24px;\">Arbeitstemperatur<\/td>\n<td style=\"height: 24px;\">\u00a0-25~70 Grad Celsius<\/td>\n<\/tr>\n<tr style=\"height: 24px;\">\n<td style=\"height: 24px;\">Lagertemperatur<\/td>\n<td style=\"height: 24px;\">\u00a0-40~80 Grad Celsius<\/td>\n<\/tr>\n<tr style=\"height: 24px;\">\n<td style=\"height: 24px;\">Gr\u00f6\u00dfe des Produkts<\/td>\n<td style=\"height: 24px;\">105 x 100 x 26 mm<\/td>\n<\/tr>\n<tr style=\"height: 24px;\">\n<td style=\"height: 24px;\">Netzadapter<\/td>\n<td style=\"height: 24px;\">5V2A<\/td>\n<\/tr>\n<\/tbody>\n<\/table>\n<p>&nbsp;<\/p>\n<\/div>\n<\/div>","protected":false},"excerpt":{"rendered":"<p>RS485\/422-Medienkonverter Kann zum Anschluss von Anwesenheitsautomaten, Torsteuerungen, Verkehrsampeln, Steuerungen von Industrieanlagen und anderen Ger\u00e4ten verwendet werden<\/p>\n<p>- Schnelle und zuverl\u00e4ssige Umwandlung von RS485\/422-Signalen in Glasfaserkabel, die eine nahtlose Konnektivit\u00e4t in industriellen Umgebungen gew\u00e4hrleistet.<br \/>\n- Unterst\u00fctzt sowohl Singlemode- als auch bidirektionale optische \u00dcbertragungen und erweitert so die Reichweite und Flexibilit\u00e4t Ihres Kommunikationsnetzes.<br \/>\n- Ausgestattet mit SC- und FC-Steckern, die den Anschluss an verschiedene Arten von Glasfaserkabeln und Ger\u00e4ten erm\u00f6glichen.<br \/>\n- Bietet eine \u00dcbertragungsreichweite von 20 km und erm\u00f6glicht so eine erweiterte Abdeckung in gro\u00dfen Industrieanlagen.<br \/>\n- Ideal f\u00fcr industrielle Anwendungen, die eine weitreichende, ger\u00e4uscharme und sichere Daten\u00fcbertragung \u00fcber Glasfasern erfordern.<\/p>","protected":false},"featured_media":17360,"comment_status":"open","ping_status":"closed","template":"","meta":[],"product_brand":[],"product_cat":[359],"product_tag":[130,191,224,303],"class_list":{"0":"post-12578","1":"product","2":"type-product","3":"status-publish","4":"has-post-thumbnail","6":"product_cat-serial-to-fiber-media-converters","7":"product_tag-20km","8":"product_tag-bidi","9":"product_tag-fiber-converter","10":"product_tag-rs485","12":"first","13":"instock","14":"featured","15":"shipping-taxable","16":"purchasable","17":"product-type-variable","18":"has-default-attributes"},"_links":{"self":[{"href":"https:\/\/www.luleey.com\/de\/wp-json\/wp\/v2\/product\/12578","targetHints":{"allow":["GET"]}}],"collection":[{"href":"https:\/\/www.luleey.com\/de\/wp-json\/wp\/v2\/product"}],"about":[{"href":"https:\/\/www.luleey.com\/de\/wp-json\/wp\/v2\/types\/product"}],"replies":[{"embeddable":true,"href":"https:\/\/www.luleey.com\/de\/wp-json\/wp\/v2\/comments?post=12578"}],"wp:featuredmedia":[{"embeddable":true,"href":"https:\/\/www.luleey.com\/de\/wp-json\/wp\/v2\/media\/17360"}],"wp:attachment":[{"href":"https:\/\/www.luleey.com\/de\/wp-json\/wp\/v2\/media?parent=12578"}],"wp:term":[{"taxonomy":"product_brand","embeddable":true,"href":"https:\/\/www.luleey.com\/de\/wp-json\/wp\/v2\/product_brand?post=12578"},{"taxonomy":"product_cat","embeddable":true,"href":"https:\/\/www.luleey.com\/de\/wp-json\/wp\/v2\/product_cat?post=12578"},{"taxonomy":"product_tag","embeddable":true,"href":"https:\/\/www.luleey.com\/de\/wp-json\/wp\/v2\/product_tag?post=12578"}],"curies":[{"name":"wp","href":"https:\/\/api.w.org\/{rel}","templated":true}]}}