{"id":12593,"date":"2024-07-19T00:53:53","date_gmt":"2024-07-18T16:53:53","guid":{"rendered":"https:\/\/www.luleey.com\/?post_type=product&#038;p=12593"},"modified":"2025-04-09T09:11:43","modified_gmt":"2025-04-09T01:11:43","slug":"5g-optical-power-meter-1270nm-1577nm-optical-fiber-tester-ll-opm-li-g11","status":"publish","type":"product","link":"https:\/\/www.luleey.com\/de\/produkt-2\/5g-optical-power-meter-1270nm-1577nm-optical-fiber-tester-ll-opm-li-g11\/","title":{"rendered":"5G Optischer Leistungsmesser 1270nm 1577nm Optischer Fasertester LL-OPM-Li-G11"},"content":{"rendered":"<h3>5G Optischer Leistungsmesser 1270nm 1577nm Optischer Fasertester LL-OPM-Li-G11<\/h3>\n<ul>\n<li>Wellenl\u00e4nge:800-1700<\/li>\n<li>Sondenart:InGaAs<\/li>\n<li>Measurement Range:-70~6;-70~10;-50~26<\/li>\n<li>Toleranzen:5%<\/li>\n<li>Standard wavelength:850\/980\/1270\/1300\/1310\/1490\/1550\/1577\/1625<\/li>\n<li>Ladespannung:5V<\/li>\n<li>Ladestrom:500mA<\/li>\n<\/ul>\n<p>Wir stellen unser fortschrittliches und hocheffizientes optisches 5G-Leistungsmessger\u00e4t vor, ein unverzichtbares Werkzeug f\u00fcr die Wartung und Optimierung von Glasfasernetzen. Dieses vielseitige Leistungsmessger\u00e4t ist mit modernster Technologie und Funktionen ausgestattet, die es zum perfekten Begleiter f\u00fcr alle Ihre Glasfasertestanforderungen machen.<\/p>\n<p>Dieses Leistungsmessger\u00e4t ist mit einem zuverl\u00e4ssigen InGaAs-Sensortyp ausgestattet, der genaue und pr\u00e4zise Leistungsmessungen gew\u00e4hrleistet. Die InGaAs-Technologie verbessert die Empfindlichkeit und Stabilit\u00e4t des Messger\u00e4ts und liefert selbst in den anspruchsvollsten Umgebungen zuverl\u00e4ssige Ergebnisse. Dies erm\u00f6glicht eine nahtlose Integration in Ihre bestehende optische Infrastruktur.<\/p>\n<p>Unser optisches 5G-Leistungsmessger\u00e4t bietet einen gro\u00dfen Messbereich, der Ihnen flexible Pr\u00fcfm\u00f6glichkeiten bietet. Mit der M\u00f6glichkeit, aus drei verschiedenen Messbereichen (-70~6; -70~10; -50~26 dB) zu w\u00e4hlen, k\u00f6nnen Sie m\u00fchelos Leistungspegel entsprechend den spezifischen Anforderungen Ihres Netzwerks messen.<\/p>\n<p>Der Wellenl\u00e4ngenbereich unseres Leistungsmessers ist sehr gro\u00df und deckt neun verschiedene Wellenl\u00e4ngen ab (850\/980\/1270\/1300\/1310\/1490\/1550\/1577\/1625 nm). Diese breite Abdeckung gew\u00e4hrleistet die Kompatibilit\u00e4t mit verschiedenen faseroptischen Systemen und erm\u00f6glicht die genaue Messung von Leistungspegeln bei unterschiedlichen Wellenl\u00e4ngen.<\/p>\n<p>F\u00fcr zus\u00e4tzlichen Komfort verf\u00fcgt unser optisches 5G-Leistungsmessger\u00e4t \u00fcber eine integrierte 400-mA-Kapazit\u00e4t, die eine lang anhaltende Stromversorgung und l\u00e4ngere Testzeitr\u00e4ume erm\u00f6glicht. So k\u00f6nnen Sie effizient Messungen durchf\u00fchren, ohne sich Gedanken \u00fcber die Batterieleistung oder st\u00e4ndiges Aufladen machen zu m\u00fcssen.<\/p>\n<p>Das Leistungsmessger\u00e4t unterst\u00fctzt auch SC\/FC\/ST-Stecker, die eine nahtlose Verbindung mit Ihren Glasfaserger\u00e4ten erm\u00f6glichen. Diese Flexibilit\u00e4t erm\u00f6glicht einfache und sichere Verbindungen und gew\u00e4hrleistet genaue Leistungsmessungen ohne St\u00f6rungen oder Signalverluste.<\/p>\n<p>Das mit einer Silikonh\u00fclle ausgestattete Messger\u00e4t ist nicht nur langlebig, sondern auch griffig und sto\u00dffest. Die robuste Konstruktion stellt sicher, dass das Messger\u00e4t den Strapazen des t\u00e4glichen Gebrauchs standh\u00e4lt, wodurch es sich sowohl f\u00fcr Feldarbeit als auch f\u00fcr Laboranwendungen eignet.<\/p>\n<p>Zusammenfassend l\u00e4sst sich sagen, dass unser optisches 5G-Leistungsmessger\u00e4t ein hochwertiges und funktionsreiches Produkt ist, das die Leistung und Effizienz Ihres Glasfasernetzes verbessert. Mit seinem InGaAs-Sensortyp, dem gro\u00dfen Messbereich, mehreren Wellenl\u00e4ngen, der integrierten 400-mA-Kapazit\u00e4t und der Unterst\u00fctzung f\u00fcr verschiedene Stecker ist dieses Leistungsmessger\u00e4t ein vielseitiges und unverzichtbares Werkzeug f\u00fcr jeden Profi in der Glasfaserindustrie. Investieren Sie in unser optisches 5G-Leistungsmessger\u00e4t und heben Sie Ihre Netzwerktestm\u00f6glichkeiten auf ein neues Niveau.<\/p>","protected":false},"excerpt":{"rendered":"<p>\u20185G Optical Power Meter Genaue und pr\u00e4zise Leistungsmessungen mit dem InGaAs-Sondentyp f\u00fcr zuverl\u00e4ssige Ergebnisse.<br \/>\n- Drei w\u00e4hlbare Pr\u00fcfbereiche (-70~6dB, -70~10dB, -50~26dB) erm\u00f6glichen vielseitige und anpassbare Pr\u00fcfungen.<br \/>\n- Der breite Wellenl\u00e4ngenbereich von 9 Wellenl\u00e4ngen (850\/980\/1270\/1300\/1310\/1490\/1550\/1577\/1625) gew\u00e4hrleistet die Kompatibilit\u00e4t mit verschiedenen optischen Netzen.<br \/>\n- Eingebauter 400-mA-Akku f\u00fcr Komfort und Tragbarkeit bei Messungen vor Ort.<br \/>\n- Unterst\u00fctzt SC\/FC\/ST-Anschl\u00fcsse und wird mit einer Silikonh\u00fclle f\u00fcr verbesserte Haltbarkeit und Benutzerfreundlichkeit geliefert.<\/p>","protected":false},"featured_media":12620,"comment_status":"open","ping_status":"closed","template":"","meta":[],"product_brand":[],"product_cat":[363],"product_tag":[105,113,164,248,281],"class_list":{"0":"post-12593","1":"product","2":"type-product","3":"status-publish","4":"has-post-thumbnail","6":"product_cat-optical-power-meter-and-visual-fault-locator","7":"product_tag-1270nm","8":"product_tag-1577nm","9":"product_tag-5g","10":"product_tag-lithium-battery","11":"product_tag-optical-power-meter","13":"first","14":"instock","15":"sale","16":"featured","17":"shipping-taxable","18":"purchasable","19":"product-type-variable"},"_links":{"self":[{"href":"https:\/\/www.luleey.com\/de\/wp-json\/wp\/v2\/product\/12593","targetHints":{"allow":["GET"]}}],"collection":[{"href":"https:\/\/www.luleey.com\/de\/wp-json\/wp\/v2\/product"}],"about":[{"href":"https:\/\/www.luleey.com\/de\/wp-json\/wp\/v2\/types\/product"}],"replies":[{"embeddable":true,"href":"https:\/\/www.luleey.com\/de\/wp-json\/wp\/v2\/comments?post=12593"}],"wp:featuredmedia":[{"embeddable":true,"href":"https:\/\/www.luleey.com\/de\/wp-json\/wp\/v2\/media\/12620"}],"wp:attachment":[{"href":"https:\/\/www.luleey.com\/de\/wp-json\/wp\/v2\/media?parent=12593"}],"wp:term":[{"taxonomy":"product_brand","embeddable":true,"href":"https:\/\/www.luleey.com\/de\/wp-json\/wp\/v2\/product_brand?post=12593"},{"taxonomy":"product_cat","embeddable":true,"href":"https:\/\/www.luleey.com\/de\/wp-json\/wp\/v2\/product_cat?post=12593"},{"taxonomy":"product_tag","embeddable":true,"href":"https:\/\/www.luleey.com\/de\/wp-json\/wp\/v2\/product_tag?post=12593"}],"curies":[{"name":"wp","href":"https:\/\/api.w.org\/{rel}","templated":true}]}}