{"id":12597,"date":"2024-07-19T00:53:53","date_gmt":"2024-07-18T16:53:53","guid":{"rendered":"https:\/\/www.luleey.com\/?post_type=product&#038;p=12597"},"modified":"2024-07-19T22:59:58","modified_gmt":"2024-07-19T14:59:58","slug":"cable-fault-tester-8km-tdr-ll-tdr-8km","status":"publish","type":"product","link":"https:\/\/www.luleey.com\/de\/produkt-2\/cable-fault-tester-8km-tdr-ll-tdr-8km\/","title":{"rendered":"Kabelfehlertester 8KM TDR LL-TDR-8KM"},"content":{"rendered":"<h3 data-spm-anchor-id=\"a2g0o.detail.1000023.i0.5830qzWXqzWXWO\"><strong data-spm-anchor-id=\"a2g0o.detail.1000023.i0.6e6d2ca3EqJnmk\">Kabelfehlertester Produkt <\/strong><strong>Eigenschaften<\/strong><\/h3>\n<div data-spm-anchor-id=\"a2g0o.detail.1000023.i0.5830qzWXqzWXWO\">\n1, mit ARM-CPU mit FPGA-Technologie-schnell preform verschiedenen komplexen Operationen und bestimmen Fehler Wellenform genau.<br \/>\n2, Wellenform-Vergleichsfunktion-bequem, die Testwellenform des fehlerhaften Kabels und des normalen Kabels zu vergleichen, und finden Sie eindeutig die Fehlerstelle Lage.<br \/>\n3, Gro\u00dfbild-LCD-Farbdisplay-Humanisierung Design der Schnittstelle Men\u00fc, schnelle digitale Drucktaste, einfach f\u00fcr Benutzer zu bedienen<br \/>\n4, High-Power-Lithium-Akku-Kann f\u00fcr bis zu zehn Stunden verwendet werden (mit speziellen Ladeger\u00e4t).<\/div>\n<div id=\"offer-template-0\">\n<ul>\n<li>Automatische Teststrecke: 4 km<\/li>\n<li data-spm-anchor-id=\"a2g0o.detail.1000023.i3.5830qzWXqzWXWO\">Manuelle Teststrecke: 8 km<\/li>\n<li>Impulsbreite: 30ns~50us<\/li>\n<li>Die h\u00f6chste Aufl\u00f6sung: 0.5m<\/li>\n<li data-spm-anchor-id=\"a2g0o.detail.1000023.i1.5830qzWXqzWXWO\">Messung Blindfl\u00e4che: 0m<\/li>\n<li>Bildschirm: 480*800 Farbe<\/li>\n<li>Leistungsaufnahme: 1W<\/li>\n<li>Gr\u00f6\u00dfe: 190*84*52mm<\/li>\n<li data-spm-anchor-id=\"a2g0o.detail.1000023.i2.5830qzWXqzWXWO\">Akku: 4400mAH<\/li>\n<li>Arbeitstemperatur: -15~45 Grad Celsius<\/li>\n<li data-spm-anchor-id=\"a2g0o.detail.1000023.i4.5830qzWXqzWXWO\">Lagertemperatur: -20~55 Grad Celsius<\/li>\n<\/ul>\n<\/div>\n<p>&nbsp;<\/p>\n<p>Der Kabelfehlertester ist ein hochmodernes Ger\u00e4t, das die Art und Weise, wie Sie Fehler in Kabeln erkennen und lokalisieren, revolutionieren wird. Dieses leistungsstarke Ger\u00e4t kombiniert die neuesten technologischen Entwicklungen, um eine schnelle und genaue Analyse komplexer Vorg\u00e4nge zu erm\u00f6glichen, und hilft Ihnen, die Fehlerwellenform mit h\u00f6chster Pr\u00e4zision zu identifizieren.<\/p>\n<p>Ausgestattet mit einer ARM-CPU und FPGA-Technologie kann dieses Pr\u00fcfger\u00e4t verschiedene komplexe Operationen innerhalb von Sekunden durchf\u00fchren und so eine genaue Bestimmung der Fehlerwellenform gew\u00e4hrleisten. Sie brauchen keine Zeit mehr mit manuellen Berechnungen zu verschwenden oder sich auf Vermutungen zu verlassen. Mit dem Kabelfehlertester k\u00f6nnen Sie sich auf die Ergebnisse verlassen und wirksame Ma\u00dfnahmen ergreifen, um die Fehler sofort zu beheben.<\/p>\n<p>Eines der wichtigsten Merkmale dieses Pr\u00fcfger\u00e4ts ist die Wellenformvergleichsfunktion. Sie erm\u00f6glicht es Ihnen, die Testwellenform des fehlerhaften Kabels mit der eines normalen Kabels zu vergleichen, so dass Sie den Fehlerpunkt schnell und genau lokalisieren k\u00f6nnen. Diese Funktion spart Ihnen wertvolle Zeit, da die manuelle Analyse und Interpretation der Pr\u00fcfergebnisse entf\u00e4llt.<\/p>\n<p>Das Gro\u00dfbild-LCD-Farbdisplay erh\u00f6ht die Benutzerfreundlichkeit dieses Ger\u00e4ts. Das humanisierte Design des Schnittstellenmen\u00fcs in Kombination mit den digitalen Schnelldrucktasten macht die Bedienung f\u00fcr den Benutzer extrem einfach. Sie k\u00f6nnen m\u00fchelos durch die verschiedenen Einstellungen und Optionen navigieren und so ein nahtloses Testerlebnis gew\u00e4hrleisten.<\/p>\n<p>Machen Sie sich Sorgen um die Lebensdauer der Batterie? Keine Angst! Der Kabelfehlertester ist mit einem leistungsstarken Lithium-Akku ausgestattet, der mit einer einzigen Ladung bis zu zehn Stunden durchh\u00e4lt. Das bedeutet, dass Sie sich \u00fcber einen l\u00e4ngeren Zeitraum auf das Ger\u00e4t verlassen k\u00f6nnen, ohne Unterbrechungen bef\u00fcrchten zu m\u00fcssen. Au\u00dferdem sorgt das spezielle Ladeger\u00e4t f\u00fcr ein schnelles Aufladen, so dass Sie ohne Verz\u00f6gerung mit Ihren Pr\u00fcfungen weitermachen k\u00f6nnen.<\/p>\n<p>Mit einer automatischen Pr\u00fcfdistanz von 4 km und einer manuellen Pr\u00fcfdistanz von 8 km deckt dieses Pr\u00fcfger\u00e4t einen weiten Bereich ab, um unterschiedlichen Anforderungen gerecht zu werden. Ganz gleich, ob Sie mit kurzen Kabeln oder langen Leitungen arbeiten, mit diesem Ger\u00e4t sind Sie bestens ger\u00fcstet. Und mit einem Messblindbereich von 0 m k\u00f6nnen Sie sicher sein, dass keine Fehler unentdeckt bleiben.<\/p>\n<p>Der 480*800-Farbbildschirm liefert klare und lebendige Bilder, so dass Sie die Testergebnisse mit gr\u00f6\u00dfter Klarheit sehen k\u00f6nnen. Sie m\u00fcssen nicht mehr blinzeln oder m\u00fchsam die Informationen entziffern. Der hochaufl\u00f6sende Bildschirm sorgt daf\u00fcr, dass Sie den Status der Kabel schnell und genau beurteilen k\u00f6nnen.<\/p>\n<p>Der Kabelfehlertester wird von einem 4400-mAh-Akku betrieben und bietet Langlebigkeit und Zuverl\u00e4ssigkeit. Sie m\u00fcssen sich keine Sorgen mehr machen, dass Ihnen mitten in einer wichtigen Aufgabe der Strom ausgeht. Dieser langlebige Akku sorgt f\u00fcr gleichbleibende Leistung und erm\u00f6glicht es Ihnen, Ihre Tests ohne Unterbrechungen durchzuf\u00fchren.<\/p>","protected":false},"excerpt":{"rendered":"<p>\u2018Der Kabelfehlertester mit ARM-CPU und FPGA-Technologie erm\u00f6glicht eine schnelle und genaue Fehleranalyse und Wellenformbestimmung.<br \/>\n- Die Wellenformvergleichsfunktion erm\u00f6glicht einen einfachen Vergleich zwischen den Testwellenformen von fehlerhaften und normalen Kabeln und hilft so bei der genauen Lokalisierung von Fehlern.<br \/>\n- Das Gro\u00dfbild-LCD-Farbdisplay verf\u00fcgt \u00fcber ein benutzerfreundliches Schnittstellenmen\u00fc, das die Bedienung schnell und einfach macht.<br \/>\n- Mit einem leistungsstarken Lithium-Akku kann das Pr\u00fcfger\u00e4t bis zu zehn Stunden lang verwendet werden und wird mit einem speziellen Ladeger\u00e4t geliefert. - Das Pr\u00fcfger\u00e4t verf\u00fcgt \u00fcber eine automatische Pr\u00fcfstrecke von 4 km und eine manuelle Pr\u00fcfstrecke von 8 km, so dass es f\u00fcr verschiedene Kabeltestanforderungen verwendet werden kann.<\/p>","protected":false},"featured_media":12627,"comment_status":"open","ping_status":"closed","template":"","meta":[],"product_brand":[],"product_cat":[369],"product_tag":[175,194,248,331],"class_list":{"0":"post-12597","1":"product","2":"type-product","3":"status-publish","4":"has-post-thumbnail","6":"product_cat-fiber-optic-identifier-and-tdr-and-vdsl-testers","7":"product_tag-8km","8":"product_tag-cable-fault-tester","9":"product_tag-lithium-battery","10":"product_tag-tdr","12":"first","13":"instock","14":"shipping-taxable","15":"purchasable","16":"product-type-variable"},"_links":{"self":[{"href":"https:\/\/www.luleey.com\/de\/wp-json\/wp\/v2\/product\/12597","targetHints":{"allow":["GET"]}}],"collection":[{"href":"https:\/\/www.luleey.com\/de\/wp-json\/wp\/v2\/product"}],"about":[{"href":"https:\/\/www.luleey.com\/de\/wp-json\/wp\/v2\/types\/product"}],"replies":[{"embeddable":true,"href":"https:\/\/www.luleey.com\/de\/wp-json\/wp\/v2\/comments?post=12597"}],"wp:featuredmedia":[{"embeddable":true,"href":"https:\/\/www.luleey.com\/de\/wp-json\/wp\/v2\/media\/12627"}],"wp:attachment":[{"href":"https:\/\/www.luleey.com\/de\/wp-json\/wp\/v2\/media?parent=12597"}],"wp:term":[{"taxonomy":"product_brand","embeddable":true,"href":"https:\/\/www.luleey.com\/de\/wp-json\/wp\/v2\/product_brand?post=12597"},{"taxonomy":"product_cat","embeddable":true,"href":"https:\/\/www.luleey.com\/de\/wp-json\/wp\/v2\/product_cat?post=12597"},{"taxonomy":"product_tag","embeddable":true,"href":"https:\/\/www.luleey.com\/de\/wp-json\/wp\/v2\/product_tag?post=12597"}],"curies":[{"name":"wp","href":"https:\/\/api.w.org\/{rel}","templated":true}]}}