{"id":12601,"date":"2024-07-19T00:53:54","date_gmt":"2024-07-18T16:53:54","guid":{"rendered":"https:\/\/www.luleey.com\/?post_type=product&#038;p=12601"},"modified":"2024-12-15T22:28:57","modified_gmt":"2024-12-15T14:28:57","slug":"mini-agc-ftth-optical-receiver","status":"publish","type":"product","link":"https:\/\/www.luleey.com\/de\/produkt-2\/mini-agc-ftth-optical-receiver\/","title":{"rendered":"Optischer FTTH-Empf\u00e4nger MINI AGC"},"content":{"rendered":"<h3>LL-OACG-1G Mini AGC FTTH Optical Receiver ist f\u00fcr PON FTTH konzipiert<\/h3>\n<p>Der LL-OACG-1G arbeitet mit extrem niedriger optischer Eingangsleistung und erzeugt dennoch hervorragende Breitband-HF-Signale f\u00fcr Heimteilnehmer.<\/p>\n<h3>Eigenschaften<\/h3>\n<ol>\n<li>Hohe Linearit\u00e4t Fotodiode<\/li>\n<li>1GHz Bandbreite<\/li>\n<li>Rauscharmer GaAs-Verst\u00e4rker<\/li>\n<li>Kompaktes Geh\u00e4use<\/li>\n<li>12v DC Stromeingang<\/li>\n<\/ol>\n<p><img loading=\"lazy\" decoding=\"async\" class=\"alignnone size-full wp-image-5556\" src=\"https:\/\/www.luleey.com\/wp-content\/uploads\/2023\/07\/123.jpg\" alt=\"\" width=\"787\" height=\"642\" title=\"\"><\/p>\n<div class=\"Trans__text__2R-61\">\n<h3>Spezifikation<\/h3>\n<\/div>\n<div class=\"Trans__tool__3zP13\">\n<div class=\"Trans__phmWrap__1mU_w\">\n<div class=\"Sound__soundBtn__1d159 Trans__soundBtn__2e6tk\"><\/div>\n<\/div>\n<\/div>\n<table width=\"834\">\n<tbody>\n<tr>\n<td width=\"273\">Modell<\/td>\n<td width=\"561\">LL-OACG-1G<\/td>\n<\/tr>\n<tr>\n<td>Wellenl\u00e4nge des Eingangslichts<\/td>\n<td>\u00a01290-1600 nm<\/td>\n<\/tr>\n<tr>\n<td>Leistung des Arbeitslichts<\/td>\n<td>\u00a0-15~+2dBm AGC<\/td>\n<\/tr>\n<tr>\n<td>Optischer Empf\u00e4nger<\/td>\n<td>\u00a0SC\/APC<\/td>\n<\/tr>\n<tr>\n<td>Leichter Echoverlust<\/td>\n<td>\u00a055dB<\/td>\n<\/tr>\n<tr>\n<td>RF-Bandbreite<\/td>\n<td>\u00a040-1000MHz<\/td>\n<\/tr>\n<tr>\n<td>RF-Anschluss<\/td>\n<td>\u00a0F Weiblich<\/td>\n<\/tr>\n<tr>\n<td>RF-Ausgangsimpedanz<\/td>\n<td>\u00a075Q<\/td>\n<\/tr>\n<tr>\n<td>RF-Ausgangspegel<\/td>\n<td>\u00a086dBuV @ -15~+2dBm AGC-Eingang<\/td>\n<\/tr>\n<tr>\n<td>AGC-Bereich<\/td>\n<td>\u00a01dB<\/td>\n<\/tr>\n<tr>\n<td>RF-Ebenheit<\/td>\n<td>\u00a0\u00b1 0,75dB<\/td>\n<\/tr>\n<tr>\n<td>RF-Echoverlust<\/td>\n<td>&gt;16 dB<\/td>\n<\/tr>\n<tr>\n<td>CNR<\/td>\n<td>&gt;50 dB @ -2dBm Eingang<\/td>\n<\/tr>\n<tr>\n<td>79 Kan\u00e4le<\/td>\n<td>\u00a0\u2265 60dB<\/td>\n<\/tr>\n<tr>\n<td>CTB 79 Kanal<\/td>\n<td>\u00a0\u2265 60dB<\/td>\n<\/tr>\n<tr>\n<td>Stromversorgung<\/td>\n<td>\u00a012 V GLEICHSTROM<\/td>\n<\/tr>\n<tr>\n<td>Stromverbrauch<\/td>\n<td>&lt;2.8W<\/td>\n<\/tr>\n<tr>\n<td>Arbeitstemperatur<\/td>\n<td>\u00a0-10~+60 \u00b0C<\/td>\n<\/tr>\n<tr>\n<td>Lagertemperatur<\/td>\n<td>\u00a0-40~+85 \u2103<\/td>\n<\/tr>\n<tr>\n<td>Gr\u00f6\u00dfe (L\u00e4nge * Breite * H\u00f6he) (mm)<\/td>\n<td>\u00a080 \u00d762 \u00d7 29<\/td>\n<\/tr>\n<\/tbody>\n<\/table>\n<p>&nbsp;<\/p>","protected":false},"excerpt":{"rendered":"<p>Optischer AGC FTTH-Empf\u00e4nger mit hochlinearer Fotodiode, 1GHz Bandbreite, rauscharmer GaAs-Verst\u00e4rker, kompaktes Geh\u00e4use, 12v DC Stromeingang<\/p>\n<p>- Hochlineare Fotodiode: Sorgt f\u00fcr einen genauen und zuverl\u00e4ssigen Signalempfang und garantiert eine hervorragende Bild- und Tonqualit\u00e4t in Ihrem FTTH-Glasfasernetz.<\/p>\n<p>- 1 GHz Bandbreite: Unterst\u00fctzt Hochgeschwindigkeitsdaten\u00fcbertragung und unterbrechungsfreies Streaming, sodass Sie nahtlose digitale Erlebnisse ohne Verz\u00f6gerungen oder Puffer genie\u00dfen k\u00f6nnen.<\/p>\n<p>- Rauscharmer GaAs-Verst\u00e4rker: Minimiert Signalverzerrungen und Interferenzen und liefert selbst in Umgebungen mit starken Umgebungsger\u00e4uschen klare und scharfe audiovisuelle Bilder.<\/p>\n<p>- Kompaktes Geh\u00e4use: Das kleine und schlanke Design des Empf\u00e4ngers erm\u00f6glicht eine einfache Installation und eine diskrete Platzierung, so dass er sich f\u00fcr jede Einrichtung zu Hause oder im B\u00fcro eignet.<\/p>\n<p>- 12-V-DC-Stromeingang: Bietet Flexibilit\u00e4t bei der Stromversorgung des Empf\u00e4ngers, erm\u00f6glicht die Kompatibilit\u00e4t mit verschiedenen Stromquellen und gew\u00e4hrleistet eine gleichbleibende Leistung.<\/p>\n<p>&nbsp;<\/p>","protected":false},"featured_media":12646,"comment_status":"open","ping_status":"closed","template":"","meta":[],"product_brand":[],"product_cat":[197],"product_tag":[89,179,195],"class_list":{"0":"post-12601","1":"product","2":"type-product","3":"status-publish","4":"has-post-thumbnail","6":"product_cat-catv-receiver","7":"product_tag-1000m","8":"product_tag-agc","9":"product_tag-catv","11":"first","12":"instock","13":"shipping-taxable","14":"purchasable","15":"product-type-variable"},"_links":{"self":[{"href":"https:\/\/www.luleey.com\/de\/wp-json\/wp\/v2\/product\/12601","targetHints":{"allow":["GET"]}}],"collection":[{"href":"https:\/\/www.luleey.com\/de\/wp-json\/wp\/v2\/product"}],"about":[{"href":"https:\/\/www.luleey.com\/de\/wp-json\/wp\/v2\/types\/product"}],"replies":[{"embeddable":true,"href":"https:\/\/www.luleey.com\/de\/wp-json\/wp\/v2\/comments?post=12601"}],"wp:featuredmedia":[{"embeddable":true,"href":"https:\/\/www.luleey.com\/de\/wp-json\/wp\/v2\/media\/12646"}],"wp:attachment":[{"href":"https:\/\/www.luleey.com\/de\/wp-json\/wp\/v2\/media?parent=12601"}],"wp:term":[{"taxonomy":"product_brand","embeddable":true,"href":"https:\/\/www.luleey.com\/de\/wp-json\/wp\/v2\/product_brand?post=12601"},{"taxonomy":"product_cat","embeddable":true,"href":"https:\/\/www.luleey.com\/de\/wp-json\/wp\/v2\/product_cat?post=12601"},{"taxonomy":"product_tag","embeddable":true,"href":"https:\/\/www.luleey.com\/de\/wp-json\/wp\/v2\/product_tag?post=12601"}],"curies":[{"name":"wp","href":"https:\/\/api.w.org\/{rel}","templated":true}]}}