{"id":12604,"date":"2024-07-19T00:53:55","date_gmt":"2024-07-18T16:53:55","guid":{"rendered":"https:\/\/www.luleey.com\/?post_type=product&#038;p=12604"},"modified":"2025-02-19T22:33:29","modified_gmt":"2025-02-19T14:33:29","slug":"mini-otdr-optical-time-domain-reflector","status":"publish","type":"product","link":"https:\/\/www.luleey.com\/de\/produkt-2\/mini-otdr-optical-time-domain-reflector\/","title":{"rendered":"MINI OTDR Optischer Zeitbereichsreflektor"},"content":{"rendered":"<div>\n<div class=\"title--wrap--Ms9Zv4A\">\n<h3 data-pl=\"product-title\" data-spm-anchor-id=\"a2g0o.detail.0.i9.2c04zC8kzC8kfy\">OTDR Optischer Zeitbereichsreflektor Touchscreen Optisches D\u00e4mpfungshindernisortungsger\u00e4t Optische Faserbruchstelle Aktiver Tester<\/h3>\n<\/div>\n<\/div>\n<div><strong>Ein Ger\u00e4t mit mehreren Funktionen: optische Leistung, roter Laser, OTDR, stabile Lichtquelle,<\/strong>\u00a0<strong>Touchscreen: Unterst\u00fctzung von Aktivit\u00e4tstests<\/strong><\/div>\n<div id=\"offer-template-0\">\n<div>\n<div class=\"MachTrans__textWrap__1NtxT\">\n<div class=\"MachTrans__text__duH8w\">\n<p><strong><span class=\"\">Portugiesisch und Englisch<\/span><\/strong><\/p>\n<p><span style=\"font-size: 16px;\">Sie erhalten eine englische Version der Bedienungsanleitung, mit der Sie in wenigen Minuten die Bedienung erlernen k\u00f6nnen.\u00a0\u00a0<\/span><\/p>\n<\/div>\n<\/div>\n<p>MINI OTDR -70~+8dbm 1550nm: OTDR-Test f\u00fcr 1310\/1277\/1490\/1577\/1625nm<br \/>\nMINI OTDR -50~+26dbm 1550nm: OTDR-Test f\u00fcr 1310\/1277\/1490\/1577\/1625nm<br \/>\nMINI OTDR -50~+26dbm 1610nm: OTDR-Test f\u00fcr 1310\/1277\/1490\/1550\/1625<\/p>\n<p>&nbsp;<\/p>\n<\/div>\n<h3>Eigenschaften<\/h3>\n<p align=\"left\">* Leicht, tragbar, wirtschaftlich.<br \/>\n* Ein Hauptvorgang, lesbare Testdaten.<br \/>\n* Integriert mit dem visuellen Fehlerortungssystem ist es einfach, die Lage von Fehlern in der toten Zone zu erkennen.<br \/>\n* Verwenden Sie Gummischl\u00fcssel, gute Anti-Staub, wasserdicht und Anti-Shake-Kapazit\u00e4t, geeignet f\u00fcr Feld Wartungsarbeiten.<br \/>\n* Verwenden Sie eine Batterie mit hoher Kapazit\u00e4t, lange Arbeitszeit, geeignet f\u00fcr langfristige Feldarbeit.<br \/>\n* Geeignet f\u00fcr den Bau und die Wartung von FTTx- und Zugangsnetzen.<\/p>\n<h3>Spezifikation<\/h3>\n<p>Modell: LL-OTDR-1000<\/p>\n<div align=\"start\">\n<table width=\"952\">\n<tbody>\n<tr>\n<td width=\"148\"><strong>Funktion<\/strong><\/td>\n<td colspan=\"2\" width=\"804\"><strong>Parameter<\/strong><\/td>\n<\/tr>\n<tr>\n<td rowspan=\"8\" width=\"148\" data-spm-anchor-id=\"a2g0o.detail.1000023.i2.2c04zC8kzC8kfy\">Optischer Leistungsmesser<\/td>\n<td width=\"189\">Wellenl\u00e4ngenbereich (nm)<\/td>\n<td width=\"615\">800~1600nm<\/td>\n<\/tr>\n<tr>\n<td width=\"189\">den Sondentyp<\/td>\n<td width=\"615\">InGaAs<\/td>\n<\/tr>\n<tr>\n<td rowspan=\"2\" width=\"189\">Leistungsmessbereich (dBm)<\/td>\n<td width=\"615\">\u00a0-70~+8dbm<\/td>\n<\/tr>\n<tr>\n<td width=\"615\">-50~+26dbm<\/td>\n<\/tr>\n<tr>\n<td width=\"189\">Genauigkeit der Messung<\/td>\n<td width=\"615\">5%<\/td>\n<\/tr>\n<tr>\n<td width=\"189\">Anzeigeaufl\u00f6sung<\/td>\n<td width=\"615\">0,1dBm<\/td>\n<\/tr>\n<tr>\n<td width=\"189\">Kategorie der optischen Faser<\/td>\n<td width=\"615\">Einzelmodus<\/td>\n<\/tr>\n<tr>\n<td width=\"189\">Lichtwellenleiter-Schnittstelle<\/td>\n<td width=\"615\">SC<\/td>\n<\/tr>\n<tr>\n<td rowspan=\"6\" width=\"148\">rote Lichtquelle<\/td>\n<td width=\"189\">Betriebswellenl\u00e4nge (nm)<\/td>\n<td width=\"615\">650nm<\/td>\n<\/tr>\n<tr>\n<td width=\"189\">lichtemittierende Vorrichtung<\/td>\n<td width=\"615\">FP-LD<\/td>\n<\/tr>\n<tr>\n<td width=\"189\">Ausgangsleistung(mw)<\/td>\n<td width=\"615\">5mw<\/td>\n<\/tr>\n<tr>\n<td width=\"189\">Modulation<\/td>\n<td width=\"615\">0HZ,1HZ,2HZ<\/td>\n<\/tr>\n<tr>\n<td width=\"189\">Kategorie der optischen Faser<\/td>\n<td width=\"615\">Singlemode<\/td>\n<\/tr>\n<tr>\n<td width=\"189\">Lichtwellenleiter-Schnittstelle<\/td>\n<td width=\"615\">SC<\/td>\n<\/tr>\n<tr>\n<td rowspan=\"5\" width=\"148\">Stabilit\u00e4t der Lichtquelle<\/td>\n<td width=\"189\">Betriebswellenl\u00e4nge (nm)<\/td>\n<td width=\"615\">1550nm oder 1610nm<\/td>\n<\/tr>\n<tr>\n<td width=\"189\">lichtemittierende Vorrichtung<\/td>\n<td width=\"615\">FP-LD<\/td>\n<\/tr>\n<tr>\n<td width=\"189\">Ausgangsleistung(dbm)<\/td>\n<td width=\"615\">-10dbm<\/td>\n<\/tr>\n<tr>\n<td width=\"189\">Modulation<\/td>\n<td width=\"615\">270HZ,1K,2K<\/td>\n<\/tr>\n<tr>\n<td width=\"189\">Kategorie der optischen Faser<\/td>\n<td width=\"615\">Singlemode<\/td>\n<\/tr>\n<tr>\n<td rowspan=\"3\" width=\"148\">Lichtverlusttest<\/td>\n<td width=\"189\">Lichtwellenleiter-Schnittstelle<\/td>\n<td width=\"615\">SC<\/td>\n<\/tr>\n<tr>\n<td width=\"189\">Pr\u00fcfbereich<\/td>\n<td width=\"615\">0-30db<\/td>\n<\/tr>\n<tr>\n<td width=\"189\">Genauigkeit der Messung<\/td>\n<td width=\"615\">10%<\/td>\n<\/tr>\n<tr>\n<td rowspan=\"9\" width=\"148\">OTDR<\/td>\n<td width=\"189\">Laser-Rohr<\/td>\n<td width=\"615\">1310\/1277\/1490\/1550\/1577\/1625nm<\/td>\n<\/tr>\n<tr>\n<td width=\"189\">Detektordiode<\/td>\n<td width=\"615\">Avalanche APD<\/td>\n<\/tr>\n<tr>\n<td width=\"189\">Satellitenaufl\u00f6sung<\/td>\n<td width=\"615\">0,6 Meter<\/td>\n<\/tr>\n<tr>\n<td width=\"189\">Veranstaltungen blinder Bereich<\/td>\n<td width=\"615\">10Meter<\/td>\n<\/tr>\n<tr>\n<td width=\"189\">Abschw\u00e4chung Bezirk Xuan<\/td>\n<td width=\"615\">20Meter<\/td>\n<\/tr>\n<tr>\n<td width=\"189\">die Pr\u00fcfimpulsbreite<\/td>\n<td width=\"615\">10,30,100,300ns,1,3,6us<\/td>\n<\/tr>\n<tr>\n<td width=\"189\">die Tiefe der Streuung<\/td>\n<td width=\"615\">20db(6us)<\/td>\n<\/tr>\n<tr>\n<td width=\"189\">Testl\u00e4nge(Ereignis)<\/td>\n<td width=\"615\">50km<\/td>\n<\/tr>\n<tr>\n<td width=\"189\">Testl\u00e4nge(D\u00e4mpfung)<\/td>\n<td width=\"615\">30km<\/td>\n<\/tr>\n<tr>\n<td rowspan=\"9\" width=\"148\">andere<\/td>\n<td width=\"189\">den Stromversorgungsmodus<\/td>\n<td width=\"615\">Lithium-Strom\/4000mAH<\/td>\n<\/tr>\n<tr>\n<td width=\"189\">Netzadapter<\/td>\n<td width=\"615\">MicroUSb5V\/1000mA<\/td>\n<\/tr>\n<tr>\n<td width=\"189\">einzelner maximaler Strom<\/td>\n<td width=\"615\">\u2264200mA<\/td>\n<\/tr>\n<tr>\n<td width=\"189\">mechanischer und elektrischer Fluss<\/td>\n<td width=\"615\">\u226410uA<\/td>\n<\/tr>\n<tr>\n<td width=\"189\">Lebensdauer der Batterie<\/td>\n<td width=\"615\">\u226510H<\/td>\n<\/tr>\n<tr>\n<td width=\"189\">automatische Abschaltzeit(min)<\/td>\n<td width=\"615\">anpassungsf\u00e4hig<\/td>\n<\/tr>\n<tr>\n<td width=\"189\">Betriebstemperatur(\u2103)<\/td>\n<td width=\"615\">-10\uff5e+50<\/td>\n<\/tr>\n<tr>\n<td width=\"189\">Lagertemperatur(\u2103)<\/td>\n<td width=\"615\">-25\uff5e+70<\/td>\n<\/tr>\n<tr>\n<td width=\"189\">Gr\u00f6\u00dfe des Instruments (cm)<\/td>\n<td width=\"615\">12.5*9*3.3<\/td>\n<\/tr>\n<\/tbody>\n<\/table>\n<\/div>\n<\/div>","protected":false},"excerpt":{"rendered":"<p>Ein Ger\u00e4t mit mehreren Funktionen: optische Leistung, roter Laser, OTDR, stabile Lichtquelle<br \/>\nTouchscreen<br \/>\nUnterst\u00fctzung von Aktivit\u00e4tstests<br \/>\nPortugiesisch und Englisch<br \/>\nMINI OTDR -70~+8dbm 1550nm: OTDR-Test f\u00fcr 1310\/1277\/1490\/1577\/1625nm<br \/>\nMINI OTDR -50~+26dbm 1550nm: OTDR-Test f\u00fcr 1310\/1277\/1490\/1577\/1625nm<br \/>\nMINI OTDR -50~+26dbm 1610nm: OTDR-Test f\u00fcr 1310\/1277\/1490\/1550\/1625<\/p>","protected":false},"featured_media":12647,"comment_status":"open","ping_status":"closed","template":"","meta":[],"product_brand":[],"product_cat":[367],"product_tag":[164,248,272,283,338],"class_list":{"0":"post-12604","1":"product","2":"type-product","3":"status-publish","4":"has-post-thumbnail","6":"product_cat-otdr","7":"product_tag-5g","8":"product_tag-lithium-battery","9":"product_tag-opm","10":"product_tag-otdr","11":"product_tag-vfl","13":"first","14":"instock","15":"sale","16":"shipping-taxable","17":"purchasable","18":"product-type-variable"},"_links":{"self":[{"href":"https:\/\/www.luleey.com\/de\/wp-json\/wp\/v2\/product\/12604","targetHints":{"allow":["GET"]}}],"collection":[{"href":"https:\/\/www.luleey.com\/de\/wp-json\/wp\/v2\/product"}],"about":[{"href":"https:\/\/www.luleey.com\/de\/wp-json\/wp\/v2\/types\/product"}],"replies":[{"embeddable":true,"href":"https:\/\/www.luleey.com\/de\/wp-json\/wp\/v2\/comments?post=12604"}],"wp:featuredmedia":[{"embeddable":true,"href":"https:\/\/www.luleey.com\/de\/wp-json\/wp\/v2\/media\/12647"}],"wp:attachment":[{"href":"https:\/\/www.luleey.com\/de\/wp-json\/wp\/v2\/media?parent=12604"}],"wp:term":[{"taxonomy":"product_brand","embeddable":true,"href":"https:\/\/www.luleey.com\/de\/wp-json\/wp\/v2\/product_brand?post=12604"},{"taxonomy":"product_cat","embeddable":true,"href":"https:\/\/www.luleey.com\/de\/wp-json\/wp\/v2\/product_cat?post=12604"},{"taxonomy":"product_tag","embeddable":true,"href":"https:\/\/www.luleey.com\/de\/wp-json\/wp\/v2\/product_tag?post=12604"}],"curies":[{"name":"wp","href":"https:\/\/api.w.org\/{rel}","templated":true}]}}