{"id":12608,"date":"2024-07-19T00:53:55","date_gmt":"2024-07-18T16:53:55","guid":{"rendered":"https:\/\/www.luleey.com\/?post_type=product&#038;p=12608"},"modified":"2025-06-28T10:51:25","modified_gmt":"2025-06-28T02:51:25","slug":"1ge-catv-onu-xpon-gpon-epon-onu-1gecatvscapc","status":"publish","type":"product","link":"https:\/\/www.luleey.com\/de\/produkt-2\/1ge-catv-onu-xpon-gpon-epon-onu-1gecatvscapc\/","title":{"rendered":"LL-XP1G1C,1GE CATV ONU XPON GPON\/EPON ONU 1GE+CATV+SCAPC"},"content":{"rendered":"<h3>Eigenschaften<\/h3>\n<ol>\n<li>Leistungsstarke 1GE CATV ONU - EPON und GPON Mode Switching, ITU-T G.984.x und IEEE802.3ah konform<\/li>\n<li>Standardm\u00e4\u00dfig wird der Typ SFU gesendet, wenn Sie HGU ben\u00f6tigen, vermerken Sie dies bitte bei der Bestellung.<\/li>\n<li>Kompatibel mit OLT Huawei\/ZTE\/Fiberhome\/VSOL\/HIOSO...<\/li>\n<li>Unterst\u00fctzt die automatische Erkennung von EPON und GPON<\/li>\n<li>Unterst\u00fctzt die WEB-Konfigurationsfunktion<\/li>\n<li>Unterst\u00fctzt funktionierendes MDI\/ MDIX auto<\/li>\n<li>Unterst\u00fctzung von IGMP-Snooping<\/li>\n<li>Unterst\u00fctzung der CATV-Schnittstelle f\u00fcr den Videodienst<\/li>\n<li>Verbesserte Konnektivit\u00e4t: Diese 1GE CATV ONU schaltet m\u00fchelos zwischen den Modi EPON und GPON um und gew\u00e4hrleistet so eine nahtlose und zuverl\u00e4ssige Netzwerkleistung.<\/li>\n<li>Industrie-konformes Design: Vollst\u00e4ndig konform mit technischen Vorschriften wie ITU-T G.984.x und IEEE802.3ah, was eine optimale Kompatibilit\u00e4t und die Einhaltung von Industriestandards garantiert.<\/li>\n<li>Mehrere Funktionalit\u00e4ten in einem Ger\u00e4t: Genie\u00dfen Sie den Komfort von 1GE-Ethernet-Port, 1 CATV-Ausgang und SCAPC-Kompatibilit\u00e4t in einem einzigen Ger\u00e4t.<\/li>\n<li>\u00dcberlegene Signal\u00fcbertragung: Erleben Sie hochwertige CATV-Signale mit minimalem Signalverlust, dank der pr\u00e4zisen Technik dieser 1GE CATV ONU.<\/li>\n<li>Einfache Einrichtung und Verwaltung: Diese ONU bietet eine benutzerfreundliche Oberfl\u00e4che f\u00fcr eine einfache Installation und Verwaltung, die Benutzern mit unterschiedlichem technischem Hintergrund ein problemloses Arbeiten erm\u00f6glicht.<\/li>\n<\/ol>\n<h3>Spezifikation<\/h3>\n<table id=\"tablepress-55\" class=\"tablepress tablepress-id-55 tablepress-responsive dataTable no-footer alignleft\" style=\"height: 792px; width: 75.3351%;\">\n<tbody class=\"row-hover\">\n<tr style=\"height: 24px;\">\n<td style=\"width: 33.4951%; text-align: center; height: 24px;\">Modell<\/td>\n<td style=\"width: 129.288%; height: 24px;\">LL-XP1G1C<\/td>\n<\/tr>\n<tr style=\"height: 24px;\">\n<td style=\"width: 33.4951%; text-align: center; height: 24px;\">Marke<\/td>\n<td style=\"width: 129.288%; height: 24px;\">LuLeey<\/td>\n<\/tr>\n<tr class=\"row-3 odd\" style=\"height: 24px;\">\n<td class=\"column-1\" style=\"width: 33.4951%; height: 24px; text-align: center;\">Zugang zu optischen Signalen<\/td>\n<td class=\"column-2\" style=\"width: 129.288%; height: 24px;\">XPON = EPON\/GPON<\/td>\n<\/tr>\n<tr class=\"row-5 odd\" style=\"height: 24px;\">\n<td class=\"column-1\" style=\"width: 33.4951%; height: 24px; text-align: center;\">Anzeigelampe<\/td>\n<td class=\"column-2\" style=\"width: 129.288%; height: 24px;\">STROM\/PON\/LOS\/LAN\/CATV<\/td>\n<\/tr>\n<tr class=\"row-6 even\" style=\"height: 24px;\">\n<td class=\"column-1\" style=\"width: 33.4951%; height: 24px; text-align: center;\">Schaltfl\u00e4che<\/td>\n<td class=\"column-2\" style=\"width: 129.288%; height: 24px;\">Einschalttaste, Reset-Taste<\/td>\n<\/tr>\n<tr class=\"row-8 even\" style=\"height: 24px;\">\n<td class=\"column-1\" style=\"width: 33.4951%; height: 24px; text-align: center;\">Netzadapter-Eingang<\/td>\n<td class=\"column-2\" style=\"width: 129.288%; height: 24px;\">100V\uff5e240V AC\uff0c50Hz\uff5e60Hz<\/td>\n<\/tr>\n<tr class=\"row-9 odd\" style=\"height: 24px;\">\n<td class=\"column-1\" style=\"width: 33.4951%; height: 24px; text-align: center;\">Stromversorgungsanforderung<\/td>\n<td class=\"column-2\" style=\"width: 129.288%; height: 24px;\">12V DC, 0,5A<\/td>\n<\/tr>\n<tr class=\"row-10 even\" style=\"height: 24px;\">\n<td class=\"column-1\" style=\"width: 33.4951%; height: 24px; text-align: center;\">Stromverbrauch<\/td>\n<td class=\"column-2\" style=\"width: 129.288%; height: 24px;\">&lt;6w<\/td>\n<\/tr>\n<tr class=\"row-11 odd\" style=\"height: 24px;\">\n<td class=\"column-1\" style=\"width: 33.4951%; height: 24px; text-align: center;\">Arbeitstemperatur<\/td>\n<td class=\"column-2\" style=\"width: 129.288%; height: 24px;\">-10\u00b0C ~ +45\u00b0C<\/td>\n<\/tr>\n<tr class=\"row-2 even\" style=\"height: 24px;\">\n<td class=\"column-1\" style=\"width: 33.4951%; height: 24px; text-align: center;\">Gr\u00f6\u00dfe<\/td>\n<td class=\"column-2\" style=\"width: 129.288%; height: 24px;\">90mm (L) \u00d790mm (B) \u00d724mm (H)<\/td>\n<\/tr>\n<tr class=\"row-12 even\" style=\"height: 24px;\">\n<td class=\"column-1\" style=\"width: 33.4951%; height: 24px; text-align: center;\">Feuchtigkeit der Umgebung<\/td>\n<td class=\"column-2\" style=\"width: 129.288%; height: 24px;\">5% ~ 95% (nicht kondensierend)<\/td>\n<\/tr>\n<tr class=\"row-13 odd\" style=\"height: 24px;\">\n<td class=\"column-1\" style=\"width: 162.783%; height: 24px;\" colspan=\"2\"><strong>PON-Schnittstelle<\/strong><\/td>\n<\/tr>\n<tr class=\"row-14 even\" style=\"height: 24px;\">\n<td class=\"column-1\" style=\"width: 33.4951%; height: 24px; text-align: center;\">PON-Anschluss<\/td>\n<td class=\"column-2\" style=\"width: 129.288%; height: 24px;\">1 x SC\/APC<\/td>\n<\/tr>\n<tr class=\"row-15 odd\" style=\"height: 24px;\">\n<td class=\"column-1\" style=\"width: 33.4951%; height: 24px; text-align: center;\">Arbeits-Wellenl\u00e4nge<\/td>\n<td class=\"column-2\" style=\"width: 129.288%; height: 24px;\">oben 1310nm, unten 1490nm<\/td>\n<\/tr>\n<tr class=\"row-16 even\" style=\"height: 24px;\">\n<td class=\"column-1\" style=\"width: 33.4951%; height: 24px; text-align: center;\">TX Wert der optischen Leistung<\/td>\n<td class=\"column-2\" style=\"width: 129.288%; height: 24px;\">0,5\uff5e4dbm<\/td>\n<\/tr>\n<tr class=\"row-17 odd\" style=\"height: 24px;\">\n<td class=\"column-1\" style=\"width: 33.4951%; height: 24px; text-align: center;\">RX Empfindlichkeit der optischen Leistung<\/td>\n<td class=\"column-2\" style=\"width: 129.288%; height: 24px;\">\u00a0-27dBm<\/td>\n<\/tr>\n<tr class=\"row-18 even\" style=\"height: 24px;\">\n<td class=\"column-1\" style=\"width: 33.4951%; height: 24px; text-align: center;\">\u00dcbertragungsentfernung<\/td>\n<td class=\"column-2\" style=\"width: 129.288%; height: 24px;\">0\uff5e20km<\/td>\n<\/tr>\n<tr class=\"row-19 odd\" style=\"height: 24px;\">\n<td class=\"column-1\" style=\"width: 33.4951%; height: 48px; text-align: center;\" rowspan=\"2\">\u00dcbertragungsrate<\/td>\n<td class=\"column-2\" style=\"width: 129.288%; height: 24px;\">GPON:Uplink 1.244Gbps\uff1bDownlink 2.488Gbps<\/td>\n<\/tr>\n<tr class=\"row-20 even\" style=\"height: 24px;\">\n<td class=\"column-2\" style=\"width: 129.288%; height: 24px;\">EPON:Uplink 1.244Gbps\uff1bDownlink 1.244Gbps<\/td>\n<\/tr>\n<tr class=\"row-21 odd\" style=\"height: 24px;\">\n<td class=\"column-1\" style=\"width: 162.783%; height: 24px;\" colspan=\"2\"><strong>Ethernet-Schnittstelle<\/strong><\/td>\n<\/tr>\n<tr class=\"row-22 even\" style=\"height: 24px;\">\n<td class=\"column-1\" style=\"width: 33.4951%; height: 24px; text-align: center;\">Typ der Schnittstelle<\/td>\n<td class=\"column-2\" style=\"width: 129.288%; height: 24px;\">\u00a01 x RJ45<\/td>\n<\/tr>\n<tr class=\"row-23 odd\" style=\"height: 24px;\">\n<td class=\"column-1\" style=\"width: 33.4951%; height: 24px; text-align: center;\">Parameter der Schnittstelle<\/td>\n<td class=\"column-2\" style=\"width: 129.288%; height: 24px;\">\u00a01 x 10\/100\/1000Mbps autoadaptive Ethernet-Schnittstellen<\/td>\n<\/tr>\n<tr class=\"row-24 even\" style=\"height: 24px;\">\n<td class=\"column-1\" style=\"width: 162.783%; height: 24px;\" colspan=\"2\"><strong>CATV-Schnittstelle<\/strong><\/td>\n<\/tr>\n<tr style=\"height: 24px;\">\n<td style=\"width: 33.4951%; text-align: center; height: 24px;\">Typ der Schnittstelle<\/td>\n<td style=\"width: 129.288%; height: 24px;\">1 x CATV-Anschluss<\/td>\n<\/tr>\n<tr class=\"row-25 odd\" style=\"height: 24px;\">\n<td class=\"column-1\" style=\"width: 33.4951%; height: 24px; text-align: center;\">Optische Empfangswellenl\u00e4nge<\/td>\n<td class=\"column-2\" style=\"width: 129.288%; height: 24px;\">1550\u00b110nm<\/td>\n<\/tr>\n<tr class=\"row-26 even\" style=\"height: 24px;\">\n<td class=\"column-1\" style=\"width: 33.4951%; height: 24px; text-align: center;\">Optischer Reflexionsverlust<\/td>\n<td class=\"column-2\" style=\"width: 129.288%; height: 24px;\">\u226545dBm<\/td>\n<\/tr>\n<tr class=\"row-27 odd\" style=\"height: 24px;\">\n<td class=\"column-1\" style=\"width: 33.4951%; height: 24px; text-align: center;\">RF, WDM, optische Leistung<\/td>\n<td class=\"column-2\" style=\"width: 129.288%; height: 24px;\">+2~-15dBm<\/td>\n<\/tr>\n<tr class=\"row-28 even\" style=\"height: 24px;\">\n<td class=\"column-1\" style=\"width: 33.4951%; height: 24px; text-align: center;\">RF-Frequenzbereich<\/td>\n<td class=\"column-2\" style=\"width: 129.288%; height: 24px;\">47~1000MHz, RF-Ausgang<\/td>\n<\/tr>\n<tr class=\"row-29 odd\" style=\"height: 24px;\">\n<td class=\"column-1\" style=\"width: 33.4951%; height: 24px; text-align: center;\">Impedanz<\/td>\n<td class=\"column-2\" style=\"width: 129.288%; height: 24px;\">75\u03a9<\/td>\n<\/tr>\n<tr class=\"row-30 even\" style=\"height: 24px;\">\n<td class=\"column-1\" style=\"width: 33.4951%; height: 24px; text-align: center;\">RF<\/td>\n<td class=\"column-2\" style=\"width: 129.288%; height: 24px;\">Ausgangspegel 78dBuV<\/td>\n<\/tr>\n<tr class=\"row-31 odd\" style=\"height: 24px;\">\n<td class=\"column-1\" style=\"width: 33.4951%; height: 24px; text-align: center;\">AGC-Bereich<\/td>\n<td class=\"column-2\" style=\"width: 129.288%; height: 24px;\">0~-12dBm<\/td>\n<\/tr>\n<tr class=\"row-32 even\" style=\"height: 24px;\">\n<td class=\"column-1\" style=\"width: 33.4951%; height: 24px; text-align: center;\">MER<\/td>\n<td class=\"column-2\" style=\"width: 129.288%; height: 24px;\">\u226532dB@-15dBm<\/td>\n<\/tr>\n<\/tbody>\n<\/table>","protected":false},"excerpt":{"rendered":"<p>1GE CATV ONU ist als CATV + FTTH L\u00f6sung konzipiert<br \/>\n<span data-spm-anchor-id=\"a2700.details.0.i8.4d0f4ef4iOYT7H\">LL-XP1G1C kann automatisch zwischen dem EPON- und GPON-Modus umschalten, wenn er auf den EPON-OLT oder GPON-OLT zugreift.<\/span><br \/>\nMDI\/ MDIX-Auto-Negotiation-Modus<\/p>","protected":false},"featured_media":17819,"comment_status":"open","ping_status":"closed","template":"","meta":[],"product_brand":[],"product_cat":[348,197],"product_tag":[89,195,1016,344],"class_list":{"0":"post-12608","1":"product","2":"type-product","3":"status-publish","4":"has-post-thumbnail","6":"product_cat-1000m-gpon-epon-onu","7":"product_cat-catv-receiver","8":"product_tag-1000m","9":"product_tag-catv","10":"product_tag-ll-xp1g1c","11":"product_tag-xpon-onu","13":"first","14":"instock","15":"featured","16":"shipping-taxable","17":"purchasable","18":"product-type-variable"},"_links":{"self":[{"href":"https:\/\/www.luleey.com\/de\/wp-json\/wp\/v2\/product\/12608","targetHints":{"allow":["GET"]}}],"collection":[{"href":"https:\/\/www.luleey.com\/de\/wp-json\/wp\/v2\/product"}],"about":[{"href":"https:\/\/www.luleey.com\/de\/wp-json\/wp\/v2\/types\/product"}],"replies":[{"embeddable":true,"href":"https:\/\/www.luleey.com\/de\/wp-json\/wp\/v2\/comments?post=12608"}],"wp:featuredmedia":[{"embeddable":true,"href":"https:\/\/www.luleey.com\/de\/wp-json\/wp\/v2\/media\/17819"}],"wp:attachment":[{"href":"https:\/\/www.luleey.com\/de\/wp-json\/wp\/v2\/media?parent=12608"}],"wp:term":[{"taxonomy":"product_brand","embeddable":true,"href":"https:\/\/www.luleey.com\/de\/wp-json\/wp\/v2\/product_brand?post=12608"},{"taxonomy":"product_cat","embeddable":true,"href":"https:\/\/www.luleey.com\/de\/wp-json\/wp\/v2\/product_cat?post=12608"},{"taxonomy":"product_tag","embeddable":true,"href":"https:\/\/www.luleey.com\/de\/wp-json\/wp\/v2\/product_tag?post=12608"}],"curies":[{"name":"wp","href":"https:\/\/api.w.org\/{rel}","templated":true}]}}