{"id":12612,"date":"2024-07-19T00:53:56","date_gmt":"2024-07-18T16:53:56","guid":{"rendered":"https:\/\/www.luleey.com\/?post_type=product&#038;p=12612"},"modified":"2024-10-11T09:07:45","modified_gmt":"2024-10-11T01:07:45","slug":"otdr-test-bare-fiber-coupler-sc-adapter-ll-bare-sc-fiber-coupler","status":"publish","type":"product","link":"https:\/\/www.luleey.com\/de\/produkt-2\/otdr-test-bare-fiber-coupler-sc-adapter-ll-bare-sc-fiber-coupler\/","title":{"rendered":"OTDR-Test Bare Fiber Coupler SC Adapter LL-Bare-SC Fiber Coupler Konverter"},"content":{"rendered":"<div class=\"title--wrap--Ms9Zv4A\">\n<h3>Eigenschaften<\/h3>\n<div class=\"specification--prop--RejitI8\">\n<ol>\n<li class=\"specification--title--UbVeyic\">Unterst\u00fctzung Single-Mode\/Multi-Mode<\/li>\n<li class=\"specification--title--UbVeyic\">SC-Stecker-Optionen<\/li>\n<li class=\"specification--title--UbVeyic\">Epoxidfrei<\/li>\n<li class=\"specification--title--UbVeyic\">Wiederholbare Verwendung<\/li>\n<li class=\"specification--title--UbVeyic\">Geringe Einf\u00fcged\u00e4mpfung<\/li>\n<\/ol>\n<\/div>\n<h3>Spezifikation<\/h3>\n<table style=\"border-collapse: collapse; width: 100.465%; height: 568px;\">\n<tbody>\n<tr style=\"height: 53px;\">\n<td style=\"height: 53px; width: 35.2211%;\">Marke<\/td>\n<td style=\"height: 53px; width: 64.7013%;\">LuLeey<\/td>\n<\/tr>\n<tr style=\"height: 53px;\">\n<td style=\"height: 53px; width: 35.2211%;\" width=\"101\">Produktname<\/td>\n<td style=\"height: 53px; width: 64.7013%;\" width=\"222\">OTDR-Test Blanko-Faserkoppler SC Adapter LL-Bare-SC Faserkoppler<\/td>\n<\/tr>\n<tr style=\"height: 53px;\">\n<td style=\"height: 53px; width: 35.2211%;\">Adapter Typ<\/td>\n<td style=\"height: 53px; width: 64.7013%;\">Single-Mode\/Multi-Mode SC\/UPC<\/td>\n<\/tr>\n<tr>\n<td style=\"width: 35.2211%;\">Durchmesser der blanken Faser<\/td>\n<td style=\"width: 64.7013%;\">125 \u03bc m<\/td>\n<\/tr>\n<tr>\n<td style=\"width: 35.2211%;\">Material<\/td>\n<td style=\"width: 64.7013%;\">Keramikkern<\/td>\n<\/tr>\n<tr>\n<td style=\"width: 35.2211%;\">Betriebstemperatur<\/td>\n<td style=\"width: 64.7013%;\">-40\u2103~85\u2103<\/td>\n<\/tr>\n<tr style=\"height: 53px;\">\n<td style=\"height: 53px; width: 35.2211%;\">Einf\u00fcged\u00e4mpfung<\/td>\n<td style=\"height: 53px; width: 64.7013%;\">\u22640,2dB<\/td>\n<\/tr>\n<tr style=\"height: 53px;\">\n<td style=\"height: 53px; width: 35.2211%;\">Gr\u00f6\u00dfe<\/td>\n<td style=\"height: 53px; width: 64.7013%;\">50*10*10mm<\/td>\n<\/tr>\n<tr style=\"height: 379px;\">\n<td style=\"height: 10px; width: 35.2211%;\">Verwendungsszenarien<\/td>\n<td style=\"height: 10px; width: 64.7013%;\">Faseroptische Instrumente, Kommunikationsger\u00e4te,<br \/>\nUmwandlung der Schnittstelle eines faseroptischen Fehlerdetektors.<br \/>\nUmwandlung von Glasfaseranschl\u00fcssen.<br \/>\nPr\u00fcfung der optischen Daten.<br \/>\nOptische Daten\u00fcbertragung.<br \/>\nTelekommunikation, Radio- und Fernsehnetze<\/td>\n<\/tr>\n<\/tbody>\n<\/table>\n<\/div>","protected":false},"excerpt":{"rendered":"<p>1. Vielseitige Kompatibilit\u00e4t: Dieser OTDR-Test Bare-Fiber-Koppler unterst\u00fctzt sowohl Singlemode- als auch Multimode-Fasern, wodurch er f\u00fcr eine Vielzahl von Glasfaserpr\u00fcfungsanforderungen geeignet ist.<br \/>\n2. W\u00e4hlen Sie Ihren Stecker: Mit der Option, entweder SC-Stecker zu w\u00e4hlen, gew\u00e4hrleistet dieser Bare Fiber Coupler die Kompatibilit\u00e4t mit Ihren bestehenden Glasfaserger\u00e4ten und -ausr\u00fcstungen.<br \/>\n3. Einfaches und zuverl\u00e4ssiges Testen: Das Design des Adapters f\u00fcr blanke Fasern macht Epoxidkleber oder andere Medien \u00fcberfl\u00fcssig und bietet eine saubere und effiziente Verbindung zum Einstecken, Herausziehen und Wiederverwenden von blanken Fasern. Erleben Sie eine geringere Einf\u00fcgungsd\u00e4mpfung und genaue Testergebnisse bei jeder Verwendung.<br \/>\n4. Langlebig und wiederverwendbar: Dieser OTDR-Test-Nacktfaserkoppler ist eine kosteng\u00fcnstige L\u00f6sung f\u00fcr kontinuierliche Glasfasertests. Verabschieden Sie sich von Wegwerfadaptern und investieren Sie in ein langlebiges Pr\u00fcfger\u00e4t.<br \/>\n5. Unverzichtbares Werkzeug f\u00fcr die Faseroptik: Der Bare-Fiber-Koppler ist ein unverzichtbares Zubeh\u00f6r f\u00fcr jeden Lichtleitertestaufbau. Er bietet ein einfaches und zuverl\u00e4ssiges Mittel zum Verbinden und Testen von blanken Fasern und gew\u00e4hrleistet eine genaue und effiziente Messung der optischen Parameter.<\/p>","protected":false},"featured_media":12653,"comment_status":"open","ping_status":"closed","template":"","meta":[],"product_brand":[],"product_cat":[365],"product_tag":[275,283,305],"class_list":{"0":"post-12612","1":"product","2":"type-product","3":"status-publish","4":"has-post-thumbnail","6":"product_cat-optical-adapters-and-flange-connectors-and-attenuator","7":"product_tag-optical-adapter","8":"product_tag-otdr","9":"product_tag-sc","11":"first","12":"instock","13":"shipping-taxable","14":"purchasable","15":"product-type-variable","16":"has-default-attributes"},"_links":{"self":[{"href":"https:\/\/www.luleey.com\/de\/wp-json\/wp\/v2\/product\/12612","targetHints":{"allow":["GET"]}}],"collection":[{"href":"https:\/\/www.luleey.com\/de\/wp-json\/wp\/v2\/product"}],"about":[{"href":"https:\/\/www.luleey.com\/de\/wp-json\/wp\/v2\/types\/product"}],"replies":[{"embeddable":true,"href":"https:\/\/www.luleey.com\/de\/wp-json\/wp\/v2\/comments?post=12612"}],"wp:featuredmedia":[{"embeddable":true,"href":"https:\/\/www.luleey.com\/de\/wp-json\/wp\/v2\/media\/12653"}],"wp:attachment":[{"href":"https:\/\/www.luleey.com\/de\/wp-json\/wp\/v2\/media?parent=12612"}],"wp:term":[{"taxonomy":"product_brand","embeddable":true,"href":"https:\/\/www.luleey.com\/de\/wp-json\/wp\/v2\/product_brand?post=12612"},{"taxonomy":"product_cat","embeddable":true,"href":"https:\/\/www.luleey.com\/de\/wp-json\/wp\/v2\/product_cat?post=12612"},{"taxonomy":"product_tag","embeddable":true,"href":"https:\/\/www.luleey.com\/de\/wp-json\/wp\/v2\/product_tag?post=12612"}],"curies":[{"name":"wp","href":"https:\/\/api.w.org\/{rel}","templated":true}]}}