{"id":12638,"date":"2024-07-19T00:54:20","date_gmt":"2024-07-18T16:54:20","guid":{"rendered":"https:\/\/www.luleey.com\/?post_type=product&#038;p=12638"},"modified":"2025-08-02T22:26:32","modified_gmt":"2025-08-02T14:26:32","slug":"8-pon-gpon-olt","status":"publish","type":"product","link":"https:\/\/www.luleey.com\/de\/produkt-2\/8-pon-gpon-olt\/","title":{"rendered":"8 PON GPON OLT, LL-GPOLT-XE-G08"},"content":{"rendered":"<h3>Eigenschaften<\/h3>\n<ol data-spm-anchor-id=\"a2g0o.detail.1000023.i0.1472leN2leN24S\">\n<li>Unterst\u00fctzt ein Spektralverh\u00e4ltnis von 1:128<\/li>\n<li>Unterst\u00fctzt bis zu 1024 ONUs<\/li>\n<li>Unterst\u00fctzung von Routing-Protokollen wie RIP\/OSPF<\/li>\n<li>Unterst\u00fctzung der statischen IPV4\/IPV6-Routing-Funktion<\/li>\n<li>Unterst\u00fctzung f\u00fcr die QinQ-Funktion<\/li>\n<li>19 Zoll 1U-Rack<\/li>\n<li>Gr\u00f6\u00dfe: 440mmx260mmx44mm<\/li>\n<li>8 * GPON SFP, 4 * 10GE\/GE SFP+, 4 * 10\/100\/1000MaseT<\/li>\n<li>PON-Port-\u00dcbertragungsentfernung: 20 km<\/li>\n<li>Arbeitswellenl\u00e4nge des PON-Anschlusses: Senden 1490nm. Akzeptieren 1310nm<\/li>\n<li>PON-Schnittstellentyp: SC 9\/125um Singlemode-Faser<\/li>\n<li>PON-Empfangsempfindlichkeit: -30dbm<\/li>\n<\/ol>\n<div class=\"structure-row\">\n<div class=\"col-left\" data-spm-anchor-id=\"a2700.details.0.i25.78ff2908MBBelt\">\n<div class=\"structure-row\">\n<h3>Spezifikation<\/h3>\n<\/div>\n<div class=\"structure-row\">\n<div class=\"col-right\">\n<table width=\"776\">\n<tbody>\n<tr>\n<td>Marke<\/td>\n<td>LuLeey<\/td>\n<\/tr>\n<tr>\n<td>Modell<\/td>\n<td>LL-GPOLT-XE-G08<\/td>\n<\/tr>\n<tr>\n<td width=\"239\">Merkmale der PON-Schnittstelle<\/td>\n<td width=\"537\">Downlink 2,5Gbps\/Uplink 1,25Gbps \u00dcbertragungsrate<br \/>\nUnterst\u00fctzt Klasse B+, Klasse C+GPON-Module<br \/>\nSicherheit: ONU-Authentifizierungsmechanismus<\/td>\n<\/tr>\n<tr>\n<td>Normen<\/td>\n<td width=\"537\">ITU-T G.984\/G.988<br \/>\nIEEE 802.1D, Spanning Tree<br \/>\nIEEE 802.1Q, VLAN<br \/>\nIEEE 802.1w, RSTP<br \/>\nIEEE 802.3ad LACP<br \/>\nEthernet -II<\/td>\n<\/tr>\n<tr>\n<td>QoS<\/td>\n<td width=\"537\">Gegendruck-Durchflusskontrolle (Halbduplex)<br \/>\nIEEE 802.3x Flusskontrolle (Vollduplex)<br \/>\nIEEE 802.1p, CoS<br \/>\nWRR-, SP- und FIFO-Warteschlangenplanungsalgorithmen<br \/>\nGeschwindigkeitsbegrenzungsfunktion f\u00fcr Uplink und Downlink auf der Grundlage der einzelnen ONU<br \/>\nUnterst\u00fctzt DBA- und SLA-Funktionen<\/td>\n<\/tr>\n<tr>\n<td>VLAN<\/td>\n<td width=\"537\">Portbasiertes VLAN, 4K VLAN-Tabelleneintr\u00e4ge<br \/>\nQinQ und unterst\u00fctzt flexible QinQ<\/td>\n<\/tr>\n<tr>\n<td>Multicast<\/td>\n<td width=\"537\">L2-Multicast<br \/>\nIGMP-Snooping<br \/>\nMLD-Snooping<\/td>\n<\/tr>\n<tr>\n<td>Verl\u00e4sslichkeit<\/td>\n<td width=\"537\">Unidirektionales Link-Erkennungsprotokoll zur Vermeidung von Survival-Tree-Schleifen<br \/>\nErweiterungssteckplatz GPON optisches Modul im laufenden Betrieb austauschbar<br \/>\nSchutz des optischen GPON-Pfads (b\/c-Klasse, Handheld, usw.)<br \/>\nUnterst\u00fctzung der Erkennungsfunktion f\u00fcr abnormale lichtemittierende ONUs, z. B. lange Lichtemission<\/td>\n<\/tr>\n<tr>\n<td>Netzwerksicherheit<\/td>\n<td width=\"537\">Begrenzung der maximalen Anzahl von Benutzern pro Anschluss<br \/>\nHafenisolierung<br \/>\nNachrichtensturmkontrolle<br \/>\nACL-Zugangskontrollfunktion auf der Grundlage des Datenflusses<br \/>\nDatenverschl\u00fcsselung f\u00fcr PON-Port-\u00dcbertragung<\/td>\n<\/tr>\n<tr>\n<td>Konfigurationsmanagement<\/td>\n<td width=\"537\">Mehrere Verwaltungsmethoden wie CLI, SNMP, TELNET, usw.<br \/>\nSoftware-Upgrade \u00fcber TFTP m\u00f6glich<br \/>\nDebuggen ausgeben<\/td>\n<\/tr>\n<tr>\n<td>Physikalische Eigenschaft<\/td>\n<td width=\"537\">442,5mm(B) x304mm(T) x 44mm(H)<br \/>\nEinbau: Standard 19\u201c-Rack<\/td>\n<\/tr>\n<tr>\n<td>Anforderungen an die Umwelt<\/td>\n<td width=\"537\">Arbeitsumgebung: 0 \u2103~45 \u2103; 10% -85% nicht kondensierend<br \/>\nLagerumgebung: -40 \u2103~80 \u2103; 5% -95% nicht kondensierend<\/td>\n<\/tr>\n<tr>\n<td>Stromversorgung<\/td>\n<td width=\"537\">Eingangsspannung: AC90~264V, DC 36~72V<br \/>\nUnterst\u00fctzt doppelten Stromeingang, gemischtes Einstecken von AC- und DC-Netzteilen und Hot Swapping von Strommodulen<\/td>\n<\/tr>\n<\/tbody>\n<\/table>\n<\/div>\n<\/div>\n<\/div>\n<\/div>","protected":false},"excerpt":{"rendered":"<p>\u2018Effiziente Vernetzung: LL-GPOLT308 8GPON OLT unterst\u00fctzt ein spektrales Verh\u00e4ltnis von 1:128 und erm\u00f6glicht schnelle und stabile Verbindungen f\u00fcr bis zu 1024 ONUs.<br \/>\n- Vielseitige Konnektivit\u00e4t: Ausgestattet mit 4 * 10GE\/GE SFP+ und 4 * 10\/100\/1000 RJ45 Uplink-Ports, bietet dieser OLT flexible Konnektivit\u00e4tsoptionen f\u00fcr eine nahtlose Integration in jede Netzwerkeinrichtung.<br \/>\n- Verbesserte Leistung: Die PON-Empfangsempfindlichkeit von -30dbm gew\u00e4hrleistet einen hervorragenden Signalempfang und erm\u00f6glicht eine zuverl\u00e4ssige und unterbrechungsfreie Daten\u00fcbertragung.<br \/>\n- Verbesserte Leistung: Die PON-Empfangsempfindlichkeit von -30dbm gew\u00e4hrleistet einen hervorragenden Signalempfang und erm\u00f6glicht eine zuverl\u00e4ssige und unterbrechungsfreie Daten\u00fcbertragung.<br \/>\n- Vereinfachte Installation: Dieser 8GPON OLT ist f\u00fcr eine einfache Installation ausgelegt und kann schnell und problemlos f\u00fcr eine effiziente Vernetzung eingerichtet und konfiguriert werden.<\/p>","protected":false},"featured_media":12675,"comment_status":"open","ping_status":"closed","template":"","meta":[],"product_brand":[],"product_cat":[360],"product_tag":[95,172,229,1089,269],"class_list":{"0":"post-12638","1":"product","2":"type-product","3":"status-publish","4":"has-post-thumbnail","6":"product_cat-gpon-olt","7":"product_tag-1024-onu","8":"product_tag-8-gpon","9":"product_tag-gpon-olt","10":"product_tag-ll-gpolt-xe-g08","11":"product_tag-olt","13":"first","14":"instock","15":"sale","16":"shipping-taxable","17":"purchasable","18":"product-type-variable","19":"has-default-attributes"},"_links":{"self":[{"href":"https:\/\/www.luleey.com\/de\/wp-json\/wp\/v2\/product\/12638","targetHints":{"allow":["GET"]}}],"collection":[{"href":"https:\/\/www.luleey.com\/de\/wp-json\/wp\/v2\/product"}],"about":[{"href":"https:\/\/www.luleey.com\/de\/wp-json\/wp\/v2\/types\/product"}],"replies":[{"embeddable":true,"href":"https:\/\/www.luleey.com\/de\/wp-json\/wp\/v2\/comments?post=12638"}],"wp:featuredmedia":[{"embeddable":true,"href":"https:\/\/www.luleey.com\/de\/wp-json\/wp\/v2\/media\/12675"}],"wp:attachment":[{"href":"https:\/\/www.luleey.com\/de\/wp-json\/wp\/v2\/media?parent=12638"}],"wp:term":[{"taxonomy":"product_brand","embeddable":true,"href":"https:\/\/www.luleey.com\/de\/wp-json\/wp\/v2\/product_brand?post=12638"},{"taxonomy":"product_cat","embeddable":true,"href":"https:\/\/www.luleey.com\/de\/wp-json\/wp\/v2\/product_cat?post=12638"},{"taxonomy":"product_tag","embeddable":true,"href":"https:\/\/www.luleey.com\/de\/wp-json\/wp\/v2\/product_tag?post=12638"}],"curies":[{"name":"wp","href":"https:\/\/api.w.org\/{rel}","templated":true}]}}