{"id":12643,"date":"2024-07-19T00:54:21","date_gmt":"2024-07-18T16:54:21","guid":{"rendered":"https:\/\/www.luleey.com\/?post_type=product&#038;p=12643"},"modified":"2024-12-17T10:38:04","modified_gmt":"2024-12-17T02:38:04","slug":"gigabit-48-port-l3-layers-poe-ethernet-switch","status":"publish","type":"product","link":"https:\/\/www.luleey.com\/de\/produkt-2\/gigabit-48-port-l3-layers-poe-ethernet-switch\/","title":{"rendered":"Gigabit 48 Port L3 Schichten POE Ethernet Switch"},"content":{"rendered":"<h3>Gigabit 48 Port L3 Schichten POE Ethernet Switch<\/h3>\n<h3><strong>Merkmal<\/strong><\/h3>\n<ol>\n<li>Unterst\u00fctzt das herk\u00f6mmliche STP\/RSTP\/MSTP-Spanning-Tree-Protokoll sowie die innovative SEP-Technologie f\u00fcr intelligenten Ethernet-Schutz und den neuen Ethernet-Ring-Netzwerkstandard ERPS von Huawei.<\/li>\n<li>Unterst\u00fctzung der SmartLink-Funktion, die mehrere Links mit mehreren Aggregations-Switches verbindet, Uplink-Backup erm\u00f6glicht und die Zuverl\u00e4ssigkeit von Ger\u00e4ten auf der Zugangsseite erheblich verbessert.<\/li>\n<li>Unterst\u00fctzt ein umfassendes Ethernet OAM (IEEE 802.3ah\/802.1ag) zur schnellen Erkennung von Verbindungsfehlern.<\/li>\n<li>Downlink-Anschluss: 10\/100\/100OOM Uplink-Anschluss: 4 x 1000M\/10G SFP\/SFP+<\/li>\n<li>Verwaltung des Netzes<\/li>\n<li>Unterst\u00fctzung der POE-Stromversorgung<\/li>\n<\/ol>\n<h3>Spezifikation<\/h3>\n<table width=\"790\">\n<tbody>\n<tr>\n<td width=\"229\">Modell<\/td>\n<td width=\"561\">LL-48GE-L3<\/td>\n<\/tr>\n<tr>\n<td>Netzwerkanschluss<\/td>\n<td>\u00a048 * 10\/100\/1000M RJ45-Anschluss; 4 * 100\/1000\/2500\/1000M SFP<\/td>\n<\/tr>\n<tr>\n<td>Verwaltungsanschluss<\/td>\n<td>\u00a01 Konsolenanschluss<\/td>\n<\/tr>\n<tr>\n<td>Reset-Taste<\/td>\n<td>1<\/td>\n<\/tr>\n<tr>\n<td>CPU<\/td>\n<td>\u00a0MIFS-34KcDoppelkern 1GHz<\/td>\n<\/tr>\n<tr>\n<td>DDR<\/td>\n<td>\u00a04G DDR3<\/td>\n<\/tr>\n<tr>\n<td>FLASH<\/td>\n<td>\u00a0512MBytes<\/td>\n<\/tr>\n<tr>\n<td>RAM<\/td>\n<td>\u00a0512MBytes<\/td>\n<\/tr>\n<tr>\n<td>Bandbreite<\/td>\n<td>\u00a0256Gbps<\/td>\n<\/tr>\n<tr>\n<td>Weiterleitung von Paketen<\/td>\n<td>\u00a0160,71Mpps<\/td>\n<\/tr>\n<tr>\n<td>MAC-Adresse<\/td>\n<td>\u00a032K<\/td>\n<\/tr>\n<tr>\n<td>Cache<\/td>\n<td>\u00a016Mbit SRAM Packet Buffer<\/td>\n<\/tr>\n<tr>\n<td>Jumbo-Rahmen bis zu 12KE<\/td>\n<td><\/td>\n<\/tr>\n<tr>\n<td>VLAN-Adresse<\/td>\n<td>\u00a04K<\/td>\n<\/tr>\n<tr>\n<td>Link-Aggregation<\/td>\n<td>\u00a0Unterst\u00fctzt 128 Relaisgruppen, mit maximal 8 Mitgliedern pro Gruppe<\/td>\n<\/tr>\n<tr>\n<td>L3-Routing<\/td>\n<td>\u00a0IPV4 unterst\u00fctzt 12K; IPV6 unterst\u00fctzt 12K3<\/td>\n<\/tr>\n<tr>\n<td>Qos-Warteschlange<\/td>\n<td>8<\/td>\n<\/tr>\n<tr>\n<td>\u00dcbertragungsentfernung<\/td>\n<td width=\"561\">10 Mbps: Cat3,4,5 UTF (\u2264 250 Meter); 100M: cat5 oder h\u00f6her UTF (150 Meter) 1000M: cat6 oder h\u00f6her UTF (150 Meter); SFP: Unterst\u00fctzt 100M\/1G\/2.5G\/10G single mode multimode optische Module, mit einer maximalen Entfernung von \u2264 120km (abh\u00e4ngig vom optischen Modul)<\/td>\n<\/tr>\n<tr>\n<td>LED-Anzeigeleuchte<\/td>\n<td width=\"561\">PWR: Betriebskontrollleuchte; SYS: Systemkontrollleuchte; 1-48: 10\/100, 1000M Netzwerkanschluss-Kontrollleuchte, 49-52: 10 Gigabit SFP Optical Port Anschluss-Kontrollleuchte<\/td>\n<\/tr>\n<tr>\n<td>Stromversorgung<\/td>\n<td>eingebautes Netzteil AC: 100-240vac 50-60Hz 0.6A, maximal 45W<\/td>\n<\/tr>\n<tr>\n<td>Arbeitstemperatur\/Luftfeuchtigkeit<\/td>\n<td>\u00a0-10~+55 \u00b0 C; 5%~90% nicht verfestigt<\/td>\n<\/tr>\n<tr>\n<td>Lagertemperatur\/Luftfeuchtigkeit<\/td>\n<td>\u00a0-40~+75 \u00b0 C; 5%~95% nicht verfestigt<\/td>\n<\/tr>\n<tr>\n<td>Produkt-\/Verpackungsgr\u00f6\u00dfe (L * B * H)<\/td>\n<td>\u00a0440mm * 360mm * 45mm; 553mm * 403mm * 93mm<\/td>\n<\/tr>\n<tr>\n<td>Blitz-\/\u00dcberspannungsschutzniveau<\/td>\n<td>\u00a06Kv 8\/20us; IP30<\/td>\n<\/tr>\n<tr>\n<td>Einbauverfahren<\/td>\n<td>\u00a0Rack-Typ (Lieferung von Rack-Ohr-Zubeh\u00f6r)<\/td>\n<\/tr>\n<\/tbody>\n<\/table>","protected":false},"excerpt":{"rendered":"<p>POE-Ethernet-Schalter<\/p>\n<p>48 x 10\/100\/1000Base-T RJ45-Anschl\u00fcsse<br \/>\n4 x 10G\/Gigabit SFP optischer Anschluss<br \/>\n1 x Konsolensteuerungsanschluss<br \/>\n\u00dcbertragungsrate: 1000Mbps<br \/>\nBackplane-Bandbreite: 256 Gbps (GB)<br \/>\n\u00c4u\u00dfere Abmessungen: 440 * 360 * 45 (mm)<br \/>\nStromversorgung: AC100-240V<br \/>\nLeistungsaufnahme im Standby-Modus: \uff1c 35 W (VA)<br \/>\nLeistungsaufnahme bei Volllast: \uff1c 55W (VA)<\/p>","protected":false},"featured_media":12686,"comment_status":"open","ping_status":"closed","template":"","meta":[],"product_brand":[],"product_cat":[258,290],"product_tag":[89,151,244,289,322],"class_list":{"0":"post-12643","1":"product","2":"type-product","3":"status-publish","4":"has-post-thumbnail","6":"product_cat-managed-switches","7":"product_cat-poe-switches","8":"product_tag-1000m","9":"product_tag-48-port","10":"product_tag-l3-managed","11":"product_tag-poe","12":"product_tag-sfp","14":"first","15":"instock","16":"sale","17":"shipping-taxable","18":"purchasable","19":"product-type-variable"},"_links":{"self":[{"href":"https:\/\/www.luleey.com\/de\/wp-json\/wp\/v2\/product\/12643","targetHints":{"allow":["GET"]}}],"collection":[{"href":"https:\/\/www.luleey.com\/de\/wp-json\/wp\/v2\/product"}],"about":[{"href":"https:\/\/www.luleey.com\/de\/wp-json\/wp\/v2\/types\/product"}],"replies":[{"embeddable":true,"href":"https:\/\/www.luleey.com\/de\/wp-json\/wp\/v2\/comments?post=12643"}],"wp:featuredmedia":[{"embeddable":true,"href":"https:\/\/www.luleey.com\/de\/wp-json\/wp\/v2\/media\/12686"}],"wp:attachment":[{"href":"https:\/\/www.luleey.com\/de\/wp-json\/wp\/v2\/media?parent=12643"}],"wp:term":[{"taxonomy":"product_brand","embeddable":true,"href":"https:\/\/www.luleey.com\/de\/wp-json\/wp\/v2\/product_brand?post=12643"},{"taxonomy":"product_cat","embeddable":true,"href":"https:\/\/www.luleey.com\/de\/wp-json\/wp\/v2\/product_cat?post=12643"},{"taxonomy":"product_tag","embeddable":true,"href":"https:\/\/www.luleey.com\/de\/wp-json\/wp\/v2\/product_tag?post=12643"}],"curies":[{"name":"wp","href":"https:\/\/api.w.org\/{rel}","templated":true}]}}