{"id":12657,"date":"2024-07-19T00:54:44","date_gmt":"2024-07-18T16:54:44","guid":{"rendered":"https:\/\/www.luleey.com\/?post_type=product&#038;p=12657"},"modified":"2024-07-19T23:05:23","modified_gmt":"2024-07-19T15:05:23","slug":"rj11-rj45-tester-sc8108","status":"publish","type":"product","link":"https:\/\/www.luleey.com\/de\/produkt-2\/rj11-rj45-tester-sc8108\/","title":{"rendered":"RJ11 RJ45 Pr\u00fcfger\u00e4t SC8108"},"content":{"rendered":"<h3>RJ45-Tester Aus Gr\u00fcnden der Transportsicherheit werden keine Batterien mitgeliefert. Wir danken Ihnen f\u00fcr Ihr Verst\u00e4ndnis.<\/h3>\n<div>\n<div>\n<div>\n<div>\n<div>\n<div>\n<div><\/div>\n<p align=\"left\"><strong data-spm-anchor-id=\"a2g0o.detail.1000023.i0.6e6d2ca3EqJnmk\">Produkt\u00a0<\/strong><strong>Eigenschaften<\/strong><\/p>\n<div>\n<p class=\"tgt\" data-section=\"3\"><span class=\"tgt\" data-group=\"3-0\" data-section=\"3\" data-sentence=\"0\">1. Die automatische Abtastung dient der schnellen Pr\u00fcfung.<\/span><br \/>\n<span class=\"tgt\" data-group=\"4-0\" data-section=\"4\" data-sentence=\"0\">2. Stromlinienf\u00f6rmige Form und ergonomisches Design.<\/span><br \/>\n<span class=\"tgt\" data-group=\"5-0\" data-section=\"5\" data-sentence=\"0\">3. Anti-Fall, Anti-Licht-Design, mehr im Einklang mit der Website Konstruktion.<\/span><\/p>\n<p><strong>Pr\u00fcfverfahren:<\/strong><\/div>\n<div>1. Testen Sie das verdrillte Kabel 1, 2, 3, 4, 5, 6, 7, 8, G Wurzel f\u00fcr Wurzel (rechts), um festzustellen, welches das falsche Kabel, der Kurzschluss und der offene Stromkreis ist.<\/div>\n<div>2. Der Schalter \u201cOFF\u201d bedeutet AUS, ON bedeutet normale Pr\u00fcfgeschwindigkeit und \u201cS\u201d bedeutet langsame Pr\u00fcfgeschwindigkeit.<\/div>\n<div>3. Twisted-Pair-Pr\u00fcfung: Schalten Sie das Ger\u00e4t ein, schlie\u00dfen Sie das Netzwerkkabel an den Haupttester bzw. den Ferntester an, und die Host-Anzeigeleuchte blinkt nacheinander von 1 bis G, wie in der folgenden Abbildung gezeigt:<\/div>\n<div>Haupttester: 1-2-3-4-5-6-7-8-g<\/div>\n<div>Fernpr\u00fcfger\u00e4t: 1-2-3-4-5-6-7-8-g (RJ45)<\/div>\n<div>Die 1-2-3-4 - - - - - - - - - - - (RJ11)<\/div>\n<div>Wenn die Verbindung nicht normal ist, wird folgendes angezeigt:<\/div>\n<div>A. Wenn ein Netzwerkkabel vorhanden ist, wie z.B. die Nr. 3-Stromkreis, leuchten der Haupttester und die Nr. 3-Lampe am Ferntestger\u00e4t nicht aufleuchten.<\/div>\n<div>B. Wenn mehrere Leitungen nicht angeschlossen sind, leuchten mehrere Leitungen nicht auf. Wenn weniger als zwei Leitungen angeschlossen sind, leuchtet das Licht nicht auf.<\/div>\n<div>C. Wenn die beiden Enden der Netzleitungen, wie in den Beispielen 2 und 4 gezeigt, nicht in Ordnung sind, werden sie wie folgt dargestellt:<\/div>\n<div>Haupttester unver\u00e4ndert: 1-2-3-4-5-6-7-8-g<\/div>\n<div>Das entfernte Testende ist: 1-4-3-2-5-6-7-8-g<\/div>\n<div>D. Wenn es 2 Kurzschl\u00fcsse im Netzwerkkabel gibt, leuchtet der Haupttester nicht auf, w\u00e4hrend der Ferntester anzeigt, dass beide Kurzschl\u00fcsse leicht hell sind. Bei mehr als 3 Kurzschl\u00fcssen (einschlie\u00dflich 3) leuchten alle Lichter der verschiedenen Leitungen im Kurzschluss nicht auf.<\/div>\n<div>4. Bei der Messung von Verteilern und Wandblockmodulen m\u00fcssen zwei passende Steckbr\u00fccken (z. B. 110P4-RJ45) zum Pr\u00fcfger\u00e4t gef\u00fchrt werden.<\/div>\n<div>5. Test des Koaxialkabels: Wenn das Kabel in Ordnung ist, blinken die BNC-Leuchten an beiden Enden gleichzeitig gr\u00fcn.<\/p>\n<ul>\n<li class=\"tgt\" data-section=\"3\">Testkabel: RJ45 RJ11<\/li>\n<li class=\"tgt\" data-section=\"1\"><span class=\"tgt\" data-group=\"1-0\" data-section=\"1\" data-sentence=\"0\">Stromversorgung: DC 9V laminierte Batterie<\/span><\/li>\n<li class=\"tgt\" data-section=\"2\"><span class=\"tgt\" data-group=\"2-0\" data-section=\"2\" data-sentence=\"0\">Leistungsaufnahme: 25 ma<\/span><\/li>\n<li class=\"tgt\" data-section=\"3\"><span class=\"tgt\" data-group=\"3-0\" data-section=\"3\" data-sentence=\"0\">Gr\u00f6\u00dfe: 105 * 105 * 26 mm<\/span><\/li>\n<li class=\"tgt\" data-section=\"4\"><span class=\"tgt\" data-group=\"4-0\" data-section=\"4\" data-sentence=\"0\">Gewicht: 200 g<\/span><\/li>\n<\/ul>\n<\/div>\n<\/div>\n<\/div>\n<\/div>\n<\/div>\n<\/div>\n<\/div>","protected":false},"excerpt":{"rendered":"<p>RJ11\/RJ45-Pr\u00fcfger\u00e4t<\/p>\n<p><span class=\"tgt\" data-group=\"3-0\" data-section=\"3\" data-sentence=\"0\">1. Die automatische Abtastung dient der schnellen Pr\u00fcfung.<\/span><br \/>\n<span class=\"tgt\" data-group=\"4-0\" data-section=\"4\" data-sentence=\"0\">2. Stromlinienf\u00f6rmige Form und ergonomisches Design.<\/span><br \/>\n<span class=\"tgt\" data-group=\"5-0\" data-section=\"5\" data-sentence=\"0\">3. Anti-Fall, Anti-Licht-Design, mehr im Einklang mit der Website Konstruktion.<\/span><\/p>","protected":false},"featured_media":12687,"comment_status":"open","ping_status":"closed","template":"","meta":[],"product_brand":[],"product_cat":[352],"product_tag":[300,301,311],"class_list":{"0":"post-12657","1":"product","2":"type-product","3":"status-publish","4":"has-post-thumbnail","6":"product_cat-copper-tools","7":"product_tag-rj11","8":"product_tag-rj45","9":"product_tag-sc8108","11":"first","12":"instock","13":"shipping-taxable","14":"purchasable","15":"product-type-variable"},"_links":{"self":[{"href":"https:\/\/www.luleey.com\/de\/wp-json\/wp\/v2\/product\/12657","targetHints":{"allow":["GET"]}}],"collection":[{"href":"https:\/\/www.luleey.com\/de\/wp-json\/wp\/v2\/product"}],"about":[{"href":"https:\/\/www.luleey.com\/de\/wp-json\/wp\/v2\/types\/product"}],"replies":[{"embeddable":true,"href":"https:\/\/www.luleey.com\/de\/wp-json\/wp\/v2\/comments?post=12657"}],"wp:featuredmedia":[{"embeddable":true,"href":"https:\/\/www.luleey.com\/de\/wp-json\/wp\/v2\/media\/12687"}],"wp:attachment":[{"href":"https:\/\/www.luleey.com\/de\/wp-json\/wp\/v2\/media?parent=12657"}],"wp:term":[{"taxonomy":"product_brand","embeddable":true,"href":"https:\/\/www.luleey.com\/de\/wp-json\/wp\/v2\/product_brand?post=12657"},{"taxonomy":"product_cat","embeddable":true,"href":"https:\/\/www.luleey.com\/de\/wp-json\/wp\/v2\/product_cat?post=12657"},{"taxonomy":"product_tag","embeddable":true,"href":"https:\/\/www.luleey.com\/de\/wp-json\/wp\/v2\/product_tag?post=12657"}],"curies":[{"name":"wp","href":"https:\/\/api.w.org\/{rel}","templated":true}]}}