{"id":12662,"date":"2024-07-19T00:54:45","date_gmt":"2024-07-18T16:54:45","guid":{"rendered":"https:\/\/www.luleey.com\/?post_type=product&#038;p=12662"},"modified":"2025-02-20T22:32:55","modified_gmt":"2025-02-20T14:32:55","slug":"1x64-sc-apc-plc-splitter","status":"publish","type":"product","link":"https:\/\/www.luleey.com\/de\/produkt-2\/1x64-sc-apc-plc-splitter\/","title":{"rendered":"1\u00d764 SC APC PLC Splitter"},"content":{"rendered":"<div>\n<div>\n<h3>Eigenschaften<\/h3>\n<p>1. <span class=\"tagify__tag-text\" contenteditable=\"true\">sc\/apc splitter<\/span> neue ABS-Kunststoffschale aus Kunstharz, schlagfest und hitzebest\u00e4ndig.<br \/>\n2. Hohe Qualit\u00e4t Draht, hohe Leistung und Umweltschutz PVC-Haut ist s\u00e4ure-alkalibest\u00e4ndig und langlebig.<br \/>\n3. Hochleistungskeramikeinsatzkern, gleichm\u00e4\u00dfige optische \u00dcbertragung, gute Umweltstabilit\u00e4t.<\/p>\n<\/div>\n<\/div>\n<p>&nbsp;<\/p>\n<p>PLC planar waveguide optical splitter (PLC Splitter) ist ein integrierter optischer Wellenleiter zur Leistungsverteilung auf der Basis eines Quarzsubstrats. Wie ein Koaxialkabel-\u00dcbertragungssystem muss auch ein optisches Netzwerksystem optische Signale koppeln, verzweigen und verteilen. Dazu wird ein optischer Splitter ben\u00f6tigt.<br \/>\nAnmeldung<br \/>\nABS-Box-Typ: installiert in einem 19-Zoll-Standard-Rack; wenn die Faser Zweig in das Haus, die Installation Ausr\u00fcstung zur Verf\u00fcgung gestellt wird die Glasfaser-Kabel-Transfer-Box; wenn die Faser Zweig in das Haus, die Kunden-spezifische Ausr\u00fcstung installiert ist.<br \/>\nVorteile<br \/>\n1) Verlust ist nicht empfindlich auf die Wellenl\u00e4nge des \u00fcbertragenen Lichts, und kann die \u00dcbertragung Bed\u00fcrfnisse der verschiedenen Wellenl\u00e4ngen zu erf\u00fcllen.<br \/>\n(2) Das Licht ist gleichm\u00e4\u00dfig verteilt, und das Signal kann gleichm\u00e4\u00dfig an die Benutzer verteilt werden.<br \/>\n(3) Die Struktur ist kompakt und das Volumen ist klein, es kann direkt in die bestehenden verschiedenen Verteilerk\u00e4sten installiert werden, und kein spezielles Design ist erforderlich, um einen gro\u00dfen Installationsraum zu verlassen.<br \/>\n(4) Es gibt viele Shunt-Kan\u00e4le f\u00fcr ein einziges Ger\u00e4t, die mehr als 16 Kan\u00e4le erreichen k\u00f6nnen.<br \/>\n(5) Die Kosten f\u00fcr mehrere Kan\u00e4le sind gering. Je mehr Zweigstellen, desto deutlicher der Kostenvorteil.<\/p>\n<h3>Spezifikation<\/h3>\n<table width=\"834\">\n<tbody>\n<tr>\n<td width=\"273\">Gr\u00f6\u00dfe der Box<\/td>\n<td width=\"561\">\u00a0100*80*10mm<\/td>\n<\/tr>\n<tr>\n<td>Lagertemperatur<\/td>\n<td>\u00a0-40~85 \u2103<\/td>\n<\/tr>\n<tr>\n<td>Arbeitstemperatur<\/td>\n<td>\u00a0-40~85 \u2103<\/td>\n<\/tr>\n<tr>\n<td>Steckertyp<\/td>\n<td>\u00a0SC\/APC<\/td>\n<\/tr>\n<tr>\n<td>Arbeits-Wellenl\u00e4nge<\/td>\n<td>\u00a01260~1650nm<\/td>\n<\/tr>\n<\/tbody>\n<\/table>","protected":false},"excerpt":{"rendered":"<div>\n<div>1. <span class=\"tagify__tag-text\" contenteditable=\"true\">PLC-Splitter<\/span> neue ABS-Kunststoffschale aus Kunstharz, schlagfest und hitzebest\u00e4ndig.<br \/>\n2. Hohe Qualit\u00e4t Draht, hohe Leistung und Umweltschutz PVC-Haut ist s\u00e4ure-alkalibest\u00e4ndig und langlebig.<br \/>\n3. Hochleistungskeramikeinsatzkern, gleichm\u00e4\u00dfige optische \u00dcbertragung, gute Umweltstabilit\u00e4t.<\/div>\n<\/div>\n<div>\n<div>\n<div>\n<div>\n<div id=\"offer-template-0\">\n<ul>\n<li>Gr\u00f6\u00dfe der Schachtel: 100*80*10mm<\/li>\n<li>Lagertemperatur: -40~85 \u2103<\/li>\n<li>Arbeitstemperatur: -40~85 \u2103<\/li>\n<li>Steckertyp: SC\/APC<\/li>\n<li data-spm-anchor-id=\"a2g0o.detail.1000023.i0.fae1E0h8E0h8i7\">Arbeits-Wellenl\u00e4nge: 1260~1650nm<\/li>\n<\/ul>\n<\/div>\n<\/div>\n<\/div>\n<\/div>\n<\/div>","protected":false},"featured_media":12146,"comment_status":"open","ping_status":"closed","template":"","meta":[],"product_brand":[],"product_cat":[366],"product_tag":[121,306,326],"class_list":{"0":"post-12662","1":"product","2":"type-product","3":"status-publish","4":"has-post-thumbnail","6":"product_cat-optical-splitters-and-splitter-box","7":"product_tag-1x64","8":"product_tag-sc-apc","9":"product_tag-splitter","11":"first","12":"instock","13":"shipping-taxable","14":"purchasable","15":"product-type-variable"},"_links":{"self":[{"href":"https:\/\/www.luleey.com\/de\/wp-json\/wp\/v2\/product\/12662","targetHints":{"allow":["GET"]}}],"collection":[{"href":"https:\/\/www.luleey.com\/de\/wp-json\/wp\/v2\/product"}],"about":[{"href":"https:\/\/www.luleey.com\/de\/wp-json\/wp\/v2\/types\/product"}],"replies":[{"embeddable":true,"href":"https:\/\/www.luleey.com\/de\/wp-json\/wp\/v2\/comments?post=12662"}],"wp:featuredmedia":[{"embeddable":true,"href":"https:\/\/www.luleey.com\/de\/wp-json\/wp\/v2\/media\/12146"}],"wp:attachment":[{"href":"https:\/\/www.luleey.com\/de\/wp-json\/wp\/v2\/media?parent=12662"}],"wp:term":[{"taxonomy":"product_brand","embeddable":true,"href":"https:\/\/www.luleey.com\/de\/wp-json\/wp\/v2\/product_brand?post=12662"},{"taxonomy":"product_cat","embeddable":true,"href":"https:\/\/www.luleey.com\/de\/wp-json\/wp\/v2\/product_cat?post=12662"},{"taxonomy":"product_tag","embeddable":true,"href":"https:\/\/www.luleey.com\/de\/wp-json\/wp\/v2\/product_tag?post=12662"}],"curies":[{"name":"wp","href":"https:\/\/api.w.org\/{rel}","templated":true}]}}