{"id":12664,"date":"2024-07-19T00:54:45","date_gmt":"2024-07-18T16:54:45","guid":{"rendered":"https:\/\/www.luleey.com\/?post_type=product&#038;p=12664"},"modified":"2024-10-11T09:07:36","modified_gmt":"2024-10-11T01:07:36","slug":"fc-apc-to-lc-apc-single-mode-2-5mm-to-1-25mm-ll-fcapc2lcapc","status":"publish","type":"product","link":"https:\/\/www.luleey.com\/de\/produkt-2\/fc-apc-to-lc-apc-single-mode-2-5mm-to-1-25mm-ll-fcapc2lcapc\/","title":{"rendered":"FC\/APC zu LC\/APC Single Mode 2.5mm zu 1.25mm LL-FCAPC2LCAPC Konverter"},"content":{"rendered":"<div class=\"title--wrap--Ms9Zv4A\">\n<h3>Eigenschaften<\/h3>\n<ol>\n<li><span class=\"\">Keramischer Kern, stabile Leistung<\/span><\/li>\n<li><span class=\"\">Unterst\u00fctzt 1000 Wiederholungen des Einsetzens und Entfernens, wiederverwendbar<\/span><\/li>\n<li><span class=\"\">Echte Parameter zur Vermeidung von Verlusten<\/span><\/li>\n<\/ol>\n<h3>Spezifikation<\/h3>\n<table width=\"588\">\n<tbody>\n<tr>\n<td>Marke<\/td>\n<td>LuLeey<\/td>\n<\/tr>\n<tr>\n<td width=\"229\">Produktname<\/td>\n<td width=\"359\">FC\/APC auf LC\/APC Single Mode 2,5 mm auf 1,25 mm LL-FCAPC2LCAPC<\/td>\n<\/tr>\n<tr>\n<td width=\"229\">Anschluss<\/td>\n<td>SCUPC SCAPC<\/td>\n<\/tr>\n<tr>\n<td>SM\/MM<\/td>\n<td width=\"359\">Einzelner Modus<\/td>\n<\/tr>\n<tr>\n<td>Arbeits-Wellenl\u00e4nge<\/td>\n<td>1200nm~1600nm<\/td>\n<\/tr>\n<tr>\n<td>Einf\u00fcgungsd\u00e4mpfung<\/td>\n<td>&lt; 0,3 dB<\/td>\n<\/tr>\n<tr>\n<td width=\"229\">R\u00fcckflussd\u00e4mpfung<\/td>\n<td>\u226550db<\/td>\n<\/tr>\n<tr>\n<td>Material der H\u00fclse<\/td>\n<td>Keramik<\/td>\n<\/tr>\n<tr>\n<td>Zeiten f\u00fcr das Einstecken und Ausstecken<\/td>\n<td>&gt;1000<\/td>\n<\/tr>\n<tr>\n<td>Arbeitstemperatur<\/td>\n<td>-40\u2103~75\u2103<\/td>\n<\/tr>\n<tr>\n<td>Lagertemperatur<\/td>\n<td>-55\u2103~85\u2103<\/td>\n<\/tr>\n<tr>\n<td width=\"229\">Anmeldung<\/td>\n<td width=\"359\">FTTX-Systeme CCTV-L\u00f6sungen<\/td>\n<\/tr>\n<tr>\n<td width=\"229\">Anwendungsszenarien<\/td>\n<td width=\"359\">FTTH, FTTB, FTTX, Netzwerkl\u00f6sung<\/td>\n<\/tr>\n<tr>\n<td>Luftfeuchtigkeit<\/td>\n<td>95%RH<\/td>\n<\/tr>\n<\/tbody>\n<\/table>\n<h3 data-pl=\"product-title\" data-spm-anchor-id=\"a2g0o.detail.0.i11.238deU5GeU5Gff\"><\/h3>\n<\/div>","protected":false},"excerpt":{"rendered":"<p data-pl=\"product-title\" data-spm-anchor-id=\"a2g0o.detail.0.i11.238deU5GeU5Gff\">Optisches Fehlersuchger\u00e4t Optisches Leistungsmessger\u00e4t 2,5 mm auf 1,25 mm FC\/APC auf LC\/APC Hybrid-Single-Mode-Glasfaseradapter<\/p>\n<p data-pl=\"product-title\" data-spm-anchor-id=\"a2g0o.detail.0.i11.238deU5GeU5Gff\">1. Verbessern Sie Ihre Netzwerk-Fehlersuche mit diesem optischen Adapter FC auf LC, der sowohl mit dem Visual Fault Locator als auch mit dem optischen Leistungsmessger\u00e4t kompatibel ist und genaue Messwerte und eine schnelle Problemerkennung gew\u00e4hrleistet.<br \/>\n2. Konvertieren Sie Ihre Glasfaserkabel mit 2,5-mm-Steckern in solche mit 1,25-mm-Steckern mit diesem FC-LC-Hybridadapter. Verbinden Sie nahtlos verschiedene Glasfasertypen, ohne dass Sie zus\u00e4tzliche Ger\u00e4te ben\u00f6tigen.<br \/>\n3. Dieser Adapter wurde f\u00fcr die nahtlose Integration in Singlemode-Glasfasersysteme entwickelt. Er sorgt f\u00fcr eine optimale Signalqualit\u00e4t w\u00e4hrend der \u00dcbertragung, reduziert Signalverluste und gew\u00e4hrleistet eine zuverl\u00e4ssige und schnelle Daten\u00fcbertragung.<br \/>\n4. Mit einer beeindruckenden Einf\u00fcgungsd\u00e4mpfung von &lt;=0,3dB sorgt dieser optische Adapter f\u00fcr einen minimalen Signalverlust beim Zusammenstecken der Stecker, was eine maximale Effizienz der Daten\u00fcbertragung und eine minimale St\u00f6rung Ihres Netzwerks erm\u00f6glicht.<br \/>\n5. Erzielen Sie eine hervorragende Signalreinheit und minimieren Sie Signalreflexionen mit einer R\u00fcckflussd\u00e4mpfung von &lt;=50dB, um eine zuverl\u00e4ssige Datenintegrit\u00e4t zu gew\u00e4hrleisten und Leistungseinbu\u00dfen zu vermeiden. Erweitern Sie Ihre Glasfaserverbindungen mit diesem hochwertigen Adapter.<\/p>","protected":false},"featured_media":12689,"comment_status":"open","ping_status":"closed","template":"","meta":[],"product_brand":[],"product_cat":[365],"product_tag":[214,221,247,325],"class_list":{"0":"post-12664","1":"product","2":"type-product","3":"status-publish","4":"has-post-thumbnail","6":"product_cat-optical-adapters-and-flange-connectors-and-attenuator","7":"product_tag-fc-apc","8":"product_tag-fiber-adapter","9":"product_tag-lc-apc","10":"product_tag-sm","12":"first","13":"instock","14":"shipping-taxable","15":"purchasable","16":"product-type-variable","17":"has-default-attributes"},"_links":{"self":[{"href":"https:\/\/www.luleey.com\/de\/wp-json\/wp\/v2\/product\/12664","targetHints":{"allow":["GET"]}}],"collection":[{"href":"https:\/\/www.luleey.com\/de\/wp-json\/wp\/v2\/product"}],"about":[{"href":"https:\/\/www.luleey.com\/de\/wp-json\/wp\/v2\/types\/product"}],"replies":[{"embeddable":true,"href":"https:\/\/www.luleey.com\/de\/wp-json\/wp\/v2\/comments?post=12664"}],"wp:featuredmedia":[{"embeddable":true,"href":"https:\/\/www.luleey.com\/de\/wp-json\/wp\/v2\/media\/12689"}],"wp:attachment":[{"href":"https:\/\/www.luleey.com\/de\/wp-json\/wp\/v2\/media?parent=12664"}],"wp:term":[{"taxonomy":"product_brand","embeddable":true,"href":"https:\/\/www.luleey.com\/de\/wp-json\/wp\/v2\/product_brand?post=12664"},{"taxonomy":"product_cat","embeddable":true,"href":"https:\/\/www.luleey.com\/de\/wp-json\/wp\/v2\/product_cat?post=12664"},{"taxonomy":"product_tag","embeddable":true,"href":"https:\/\/www.luleey.com\/de\/wp-json\/wp\/v2\/product_tag?post=12664"}],"curies":[{"name":"wp","href":"https:\/\/api.w.org\/{rel}","templated":true}]}}