{"id":12667,"date":"2024-07-19T00:54:46","date_gmt":"2024-07-18T16:54:46","guid":{"rendered":"https:\/\/www.luleey.com\/?post_type=product&#038;p=12667"},"modified":"2025-06-28T10:50:51","modified_gmt":"2025-06-28T02:50:51","slug":"2-5g-lc-optical-module-support-bidi-smf-sfp","status":"publish","type":"product","link":"https:\/\/www.luleey.com\/de\/produkt-2\/2-5g-lc-optical-module-support-bidi-smf-sfp\/","title":{"rendered":"2.5G LC Optisches Modul BIDI SMF SFP"},"content":{"rendered":"<h3>Eigenschaften<\/h3>\n<ol>\n<li>Wir stellen das 2.5G SMF SFP LC-Modul vor - Ihre ultimative L\u00f6sung f\u00fcr Hochgeschwindigkeits\u00fcbertragungen \u00fcber gro\u00dfe Entfernungen! Mit einer \u00dcbertragungsrate von 2,5G sorgt dieses Modul f\u00fcr eine blitzschnelle Daten\u00fcbertragung und ist damit ideal f\u00fcr verschiedene Netzwerkanwendungen.<\/li>\n<li>Mit einer Wellenl\u00e4nge von 1310nm\/1550nm gew\u00e4hrleistet dieses Modul eine stabile und zuverl\u00e4ssige Daten\u00fcbertragung \u00fcber eine maximale Entfernung von 1km. Ganz gleich, ob Sie Ger\u00e4te in einem kleinen B\u00fcro oder \u00fcber mehrere Geb\u00e4ude hinweg verbinden m\u00fcssen, dieses Modul bietet Ihnen alles, was Sie brauchen.<\/li>\n<li>Dieses Modul in der praktischen SFP-Verpackungsform ist unglaublich einfach zu installieren und mit einer Vielzahl von Glasfaseranschl\u00fcssen, insbesondere LC-Anschl\u00fcssen, kompatibel. Diese Vielseitigkeit erm\u00f6glicht eine nahtlose Integration in Ihre bestehende Netzwerkinfrastruktur und beseitigt jegliche Kompatibilit\u00e4tsprobleme.<\/li>\n<li>Eines der herausragenden Merkmale dieses Moduls ist die Unterst\u00fctzung der bidirektionalen \u00dcbertragung, die es zu einer kosteneffizienten L\u00f6sung f\u00fcr Ein-Faser-Netzwerke macht. So k\u00f6nnen Sie Daten auf einer einzigen Faser \u00fcbertragen und empfangen und sparen sich den Aufwand und die Kosten f\u00fcr die Installation separater Fasern f\u00fcr jede Richtung.<\/li>\n<li>Dieses Modul arbeitet in einem weiten Temperaturbereich von 0~+70\u2103 und gew\u00e4hrleistet selbst in rauen Umgebungen eine zuverl\u00e4ssige Leistung. Unabh\u00e4ngig von den Temperaturschwankungen bleibt dieses Modul konsistent und gew\u00e4hrleistet jederzeit eine ununterbrochene Daten\u00fcbertragung.<\/li>\n<li>Da es mit f\u00fchrenden Marken wie Huawei, H3C, Cisco, Ruijie, Juniper, TP LINK, ZTE, UniFi und Ubiquiti kompatibel ist, k\u00f6nnen Sie sich auf eine nahtlose Integration in Ihre bestehende Infrastruktur verlassen. Sparen Sie Zeit und Geld mit diesem vielseitigen Modul, das nahtlos mit Ihrer bevorzugten Marke zusammenarbeitet.<\/li>\n<li>Zusammenfassend l\u00e4sst sich sagen, dass das 2.5G SMF SFP LC-Modul die perfekte Wahl f\u00fcr alle ist, die eine Hochgeschwindigkeits-Daten\u00fcbertragung \u00fcber gro\u00dfe Entfernungen suchen. Mit seinen robusten Eigenschaften, einschlie\u00dflich der bidirektionalen Unterst\u00fctzung, dem breiten Temperaturbereich und der Kompatibilit\u00e4t mit renommierten Netzwerkmarken, garantiert dieses Modul au\u00dfergew\u00f6hnliche Leistung und Zuverl\u00e4ssigkeit.<\/li>\n<\/ol>\n<h3>Spezifikation<\/h3>\n<table style=\"width: 57.6983%; height: 288px;\" width=\"790\">\n<tbody>\n<tr style=\"height: 24px;\">\n<td style=\"height: 24px;\" width=\"229\">Modul<\/td>\n<td style=\"height: 24px;\" width=\"561\">LL-SFP-SM-LC-2500<\/td>\n<\/tr>\n<tr style=\"height: 24px;\">\n<td style=\"height: 24px;\">\u00dcbertragungsrate<\/td>\n<td style=\"height: 24px;\">2.5G<\/td>\n<\/tr>\n<tr style=\"height: 24px;\">\n<td style=\"height: 24px;\">Wellenl\u00e4nge<\/td>\n<td style=\"height: 24px;\">1310nm\/1550nm<\/td>\n<\/tr>\n<tr style=\"height: 48px;\">\n<td style=\"height: 48px;\">Maximale \u00dcbertragungsentfernung<\/td>\n<td style=\"height: 48px;\">1km\/5km\/10km\/20km<\/td>\n<\/tr>\n<tr style=\"height: 24px;\">\n<td style=\"height: 24px;\">Verpackungsform<\/td>\n<td style=\"height: 24px;\">SFP<\/td>\n<\/tr>\n<tr style=\"height: 48px;\">\n<td style=\"height: 48px;\">Unterst\u00fctzung f\u00fcr faseroptische Anschl\u00fcsse<\/td>\n<td style=\"height: 48px;\">\u00a0LC<\/td>\n<\/tr>\n<tr style=\"height: 24px;\">\n<td style=\"height: 24px;\">BIDI unterst\u00fctzen<\/td>\n<td style=\"height: 24px;\">Ja<\/td>\n<\/tr>\n<tr style=\"height: 24px;\">\n<td style=\"height: 24px;\">Unterst\u00fctzung der Arbeitstemperatur<\/td>\n<td style=\"height: 24px;\">0~+70 \u2103<\/td>\n<\/tr>\n<tr style=\"height: 48px;\">\n<td style=\"height: 48px;\">Kompatible Marken<\/td>\n<td style=\"height: 48px;\">komplette Marken wie Huawei, H3C, Cisco, Ruijie, Juniper, TP LINK, ZTE, UniFi, Ubiquiti, Ubiquiti<\/td>\n<\/tr>\n<\/tbody>\n<\/table>","protected":false},"excerpt":{"rendered":"<p>\u2018Hochgeschwindigkeits\u00fcbertragung: Dieses SFP 2.5G LC-Modul unterst\u00fctzt eine \u00dcbertragungsrate von 2.5G und gew\u00e4hrleistet eine schnelle und zuverl\u00e4ssige Daten\u00fcbertragung f\u00fcr Ihre Netzwerkanforderungen.<br \/>\n- Gro\u00dfe Reichweite: Mit einer maximalen \u00dcbertragungsdistanz von 1 km erm\u00f6glicht dieses Modul eine nahtlose Konnektivit\u00e4t in gr\u00f6\u00dferen Bereichen.<br \/>\n- Breite Kompatibilit\u00e4t: Funktioniert mit g\u00e4ngigen Glasfaseranschl\u00fcssen wie LC und ist somit mit verschiedenen Marken wie Huawei, Cisco, Juniper und anderen kompatibel.<br \/>\n- Temperaturbest\u00e4ndigkeit: Dieses Modul ist f\u00fcr einen breiten Temperaturbereich ausgelegt und funktioniert einwandfrei bei Temperaturen zwischen 0\u00b0C und +70\u00b0C.<br \/>\n- BIDI-Unterst\u00fctzung: Genie\u00dfen Sie die bidirektionale Kommunikation mit diesem Modul, die eine effiziente Daten\u00fcbertragung in beide Richtungen erm\u00f6glicht.<\/p>","protected":false},"featured_media":12692,"comment_status":"open","ping_status":"closed","template":"","meta":[],"product_brand":[],"product_cat":[321],"product_tag":[124,191,245,263,278],"class_list":{"0":"post-12667","1":"product","2":"type-product","3":"status-publish","4":"has-post-thumbnail","6":"product_cat-sfp-sfp-1g-2-5g-5g-10g","7":"product_tag-2-5g","8":"product_tag-bidi","9":"product_tag-lc","10":"product_tag-mm","11":"product_tag-optical-module","13":"first","14":"instock","15":"featured","16":"shipping-taxable","17":"purchasable","18":"product-type-variable","19":"has-default-attributes"},"_links":{"self":[{"href":"https:\/\/www.luleey.com\/de\/wp-json\/wp\/v2\/product\/12667","targetHints":{"allow":["GET"]}}],"collection":[{"href":"https:\/\/www.luleey.com\/de\/wp-json\/wp\/v2\/product"}],"about":[{"href":"https:\/\/www.luleey.com\/de\/wp-json\/wp\/v2\/types\/product"}],"replies":[{"embeddable":true,"href":"https:\/\/www.luleey.com\/de\/wp-json\/wp\/v2\/comments?post=12667"}],"wp:featuredmedia":[{"embeddable":true,"href":"https:\/\/www.luleey.com\/de\/wp-json\/wp\/v2\/media\/12692"}],"wp:attachment":[{"href":"https:\/\/www.luleey.com\/de\/wp-json\/wp\/v2\/media?parent=12667"}],"wp:term":[{"taxonomy":"product_brand","embeddable":true,"href":"https:\/\/www.luleey.com\/de\/wp-json\/wp\/v2\/product_brand?post=12667"},{"taxonomy":"product_cat","embeddable":true,"href":"https:\/\/www.luleey.com\/de\/wp-json\/wp\/v2\/product_cat?post=12667"},{"taxonomy":"product_tag","embeddable":true,"href":"https:\/\/www.luleey.com\/de\/wp-json\/wp\/v2\/product_tag?post=12667"}],"curies":[{"name":"wp","href":"https:\/\/api.w.org\/{rel}","templated":true}]}}