{"id":12671,"date":"2024-07-19T00:54:47","date_gmt":"2024-07-18T16:54:47","guid":{"rendered":"https:\/\/www.luleey.com\/?post_type=product&#038;p=12671"},"modified":"2025-06-28T10:50:41","modified_gmt":"2025-06-28T02:50:41","slug":"100g-qsfp28-mmf-mpo-module-100m-qsfp28-100g-sr4","status":"publish","type":"product","link":"https:\/\/www.luleey.com\/de\/produkt-2\/100g-qsfp28-mmf-mpo-module-100m-qsfp28-100g-sr4\/","title":{"rendered":"100G QSFP28 MMF MPO Modul 100m QSFP28-100G-SR4"},"content":{"rendered":"<h3>Eigenschaften<\/h3>\n<ol>\n<li>Das 100G MMF QSFP28-Modul wurde entwickelt, um Hochgeschwindigkeits- und zuverl\u00e4ssige Konnektivit\u00e4t f\u00fcr Ihre Netzwerkanforderungen zu bieten. Mit einer Geschwindigkeit von 4 * 25G gew\u00e4hrleistet es eine effiziente Daten\u00fcbertragung und ist damit perfekt f\u00fcr anspruchsvolle Anwendungen geeignet.<\/li>\n<li>Mit einer Wellenl\u00e4nge von 850nm bietet dieses Modul eine hervorragende Leistung und Kompatibilit\u00e4t mit verschiedenen Fasertypen. Es unterst\u00fctzt Multimode-MPO-Fasern und erm\u00f6glicht so eine nahtlose Integration in Ihre bestehende Netzwerkinfrastruktur. Ganz gleich, ob Sie Server, Switches oder Router anschlie\u00dfen m\u00fcssen, dieses Modul ist mit g\u00e4ngigen Marken wie Huawei, H3C, Cisco, Ruijie, Juniper, TP LINK, ZTE, UniFi und Ubiquiti kompatibel.<\/li>\n<li>Mit einer maximalen \u00dcbertragungsdistanz von 100 m eignet sich dieses Modul sowohl f\u00fcr Verbindungen mit kurzer als auch mit mittlerer Reichweite. Egal, ob Sie ein kleines B\u00fcro, ein Rechenzentrum oder ein Unternehmensnetzwerk haben, Sie k\u00f6nnen sich auf dieses Modul verlassen, um eine stabile und schnelle Kommunikation zu gew\u00e4hrleisten.<\/li>\n<li>Die QSFP28-Verpackungsform gew\u00e4hrleistet eine einfache Installation und Kompatibilit\u00e4t mit QSFP28-Anschl\u00fcssen. Stecken Sie dieses Modul einfach in den Port Ihres Ger\u00e4ts, und schon sind Sie einsatzbereit. Es ist eine problemlose L\u00f6sung, die Ihnen Zeit und M\u00fche bei der Installation erspart.<\/li>\n<li>Dieses Modul ist f\u00fcr einen breiten Betriebstemperaturbereich von 0 bis +70 \u00b0C ausgelegt. Es kann mit verschiedenen Umgebungsbedingungen umgehen und gew\u00e4hrleistet eine stabile Leistung auch in anspruchsvollen Situationen. Unabh\u00e4ngig von den klimatischen Bedingungen oder dem Standort bietet dieses Modul eine konsistente und zuverl\u00e4ssige Konnektivit\u00e4t.<\/li>\n<li>Das 100G MMF QSFP28-Modul bietet eine hochwertige Leistung und ist f\u00fcr eine lange Lebensdauer ausgelegt. Es entspricht den Industriestandards und gew\u00e4hrleistet, dass Sie ein zuverl\u00e4ssiges und langlebiges Produkt erhalten. Es ist eine kosteneffektive L\u00f6sung, die einen au\u00dfergew\u00f6hnlichen Wert f\u00fcr Ihre Investition bietet.<\/li>\n<\/ol>\n<h3>Spezifikation<\/h3>\n<table width=\"790\">\n<tbody>\n<tr>\n<td width=\"229\">Modul<\/td>\n<td width=\"561\">\u00a0QSFP28-100G-SR4<\/td>\n<\/tr>\n<tr>\n<td>Geschwindigkeit<\/td>\n<td>\u00a04 * 25G<\/td>\n<\/tr>\n<tr>\n<td>Wellenl\u00e4nge<\/td>\n<td>\u00a0850nm<\/td>\n<\/tr>\n<tr>\n<td>Maximale \u00dcbertragungsentfernung<\/td>\n<td>\u00a0100m<\/td>\n<\/tr>\n<tr>\n<td>Verpackungsform<\/td>\n<td>\u00a0QSFP28<\/td>\n<\/tr>\n<tr>\n<td>Unterst\u00fctzung des Fasertyps<\/td>\n<td>\u00a0Multimode-MPO<\/td>\n<\/tr>\n<tr>\n<td>Unterst\u00fctzung der Arbeitstemperatur<\/td>\n<td>\u00a00~+70 \u2103<\/td>\n<\/tr>\n<tr>\n<td>Kompatible Marken<\/td>\n<td>\u00a0wie Huawei, H3C, Cisco, Ruijie, Juniper, TP LINK, ZTE, UniFi, Ubiquiti, Mikrotik<\/td>\n<\/tr>\n<\/tbody>\n<\/table>","protected":false},"excerpt":{"rendered":"<p>\u2018Hochgeschwindigkeits\u00fcbertragung: Mit einer Geschwindigkeit von 4 * 25G, diese MMF <span class=\"tagify__tag-text\" contenteditable=\"true\">100G QSFP28<\/span> Modul gew\u00e4hrleistet eine schnelle und effiziente Daten\u00fcbertragung.<br \/>\n- Abdeckung \u00fcber gro\u00dfe Entfernungen: Mit einer maximalen \u00dcbertragungsdistanz von 100 m bietet dieses Modul auch \u00fcber gro\u00dfe Entfernungen zuverl\u00e4ssige Konnektivit\u00e4t.<br \/>\n- Einfache Installation: Die QSFP28-Verpackungsform macht die Installation und den Anschluss an Ihr Netzwerk einfach.<br \/>\n- Flexible Kompatibilit\u00e4t: Dieses Modul ist mit verschiedenen Marken wie Huawei, H3C, Cisco, Ruijie, Juniper, TP LINK, ZTE, UniFi kompatibel, <em>Mikrotik<\/em>, und Ubiquiti, die eine nahtlose Integration in Ihre bestehende Netzwerkinfrastruktur gew\u00e4hrleisten.<br \/>\n- Zuverl\u00e4ssige Leistung: Entwickelt, um Multimode-MPO-Fasertyp und Arbeitstemperatur von 0~+70 \u2103 zu unterst\u00fctzen, gew\u00e4hrleistet dieses Modul stabile und konsistente Leistung in einer Vielzahl von Umgebungen.<\/p>","protected":false},"featured_media":12693,"comment_status":"open","ping_status":"closed","template":"","meta":[],"product_brand":[],"product_cat":[297],"product_tag":[91,92,263,264,278,296],"class_list":{"0":"post-12671","1":"product","2":"type-product","3":"status-publish","4":"has-post-thumbnail","6":"product_cat-qsfp28-qsfp-sfp28-100g-40g-25g","7":"product_tag-100g","8":"product_tag-100m","9":"product_tag-mm","10":"product_tag-mpo","11":"product_tag-optical-module","12":"product_tag-qsfp28","14":"first","15":"instock","16":"featured","17":"shipping-taxable","18":"purchasable","19":"product-type-variable","20":"has-default-attributes"},"_links":{"self":[{"href":"https:\/\/www.luleey.com\/de\/wp-json\/wp\/v2\/product\/12671","targetHints":{"allow":["GET"]}}],"collection":[{"href":"https:\/\/www.luleey.com\/de\/wp-json\/wp\/v2\/product"}],"about":[{"href":"https:\/\/www.luleey.com\/de\/wp-json\/wp\/v2\/types\/product"}],"replies":[{"embeddable":true,"href":"https:\/\/www.luleey.com\/de\/wp-json\/wp\/v2\/comments?post=12671"}],"wp:featuredmedia":[{"embeddable":true,"href":"https:\/\/www.luleey.com\/de\/wp-json\/wp\/v2\/media\/12693"}],"wp:attachment":[{"href":"https:\/\/www.luleey.com\/de\/wp-json\/wp\/v2\/media?parent=12671"}],"wp:term":[{"taxonomy":"product_brand","embeddable":true,"href":"https:\/\/www.luleey.com\/de\/wp-json\/wp\/v2\/product_brand?post=12671"},{"taxonomy":"product_cat","embeddable":true,"href":"https:\/\/www.luleey.com\/de\/wp-json\/wp\/v2\/product_cat?post=12671"},{"taxonomy":"product_tag","embeddable":true,"href":"https:\/\/www.luleey.com\/de\/wp-json\/wp\/v2\/product_tag?post=12671"}],"curies":[{"name":"wp","href":"https:\/\/api.w.org\/{rel}","templated":true}]}}