{"id":12673,"date":"2024-07-19T00:54:47","date_gmt":"2024-07-18T16:54:47","guid":{"rendered":"https:\/\/www.luleey.com\/?post_type=product&#038;p=12673"},"modified":"2025-06-22T15:21:17","modified_gmt":"2025-06-22T07:21:17","slug":"25g-sfp28-mmf-dual-lc-optical-module-300m-sfp28-25g-sr","status":"publish","type":"product","link":"https:\/\/www.luleey.com\/de\/produkt-2\/25g-sfp28-mmf-dual-lc-optical-module-300m-sfp28-25g-sr\/","title":{"rendered":"25G SFP28 MMF Dual LC Optisches Modul 300m SFP28-25G-SR"},"content":{"rendered":"<h3>Eigenschaften<\/h3>\n<ol>\n<li>Das 25G MMF SFP28 Modul ist die ideale L\u00f6sung f\u00fcr die Hochgeschwindigkeits-Daten\u00fcbertragung! Mit einer Rate von 25G sorgt dieses Modul f\u00fcr eine blitzschnelle Daten\u00fcbertragung und ist damit ideal f\u00fcr verschiedene Netzwerkanwendungen. Ganz gleich, ob Sie ein Rechenzentrum einrichten oder Ihre Netzwerkinfrastruktur erweitern m\u00f6chten, dieses SFP28-Modul garantiert eine zuverl\u00e4ssige und effiziente Leistung.<\/li>\n<li>Dieses Modul wurde mit modernster Technologie entwickelt und arbeitet mit einer Wellenl\u00e4nge von 850 nm, was eine nahtlose Verbindung \u00fcber kurze Distanzen erm\u00f6glicht. Die maximale \u00dcbertragungsdistanz von 300 m stellt sicher, dass Ihre Daten schnell und ohne Signalverlust oder -verschlechterung \u00fcbertragen werden. Dieses Leistungsniveau ist entscheidend f\u00fcr anspruchsvolle Aufgaben, die eine schnelle und zuverl\u00e4ssige Daten\u00fcbertragung erfordern, wie z. B. Video-Streaming, Cloud Computing und Virtualisierung.<\/li>\n<li>Die SFP28-Packungsform erm\u00f6glicht eine einfache Installation und Bereitstellung und bietet eine problemlose L\u00f6sung f\u00fcr Ihre Netzwerkanforderungen. Dieser Formfaktor ist weithin anerkannt und wird von branchenf\u00fchrenden Marken unterst\u00fctzt, darunter Huawei, H3C, Cisco, Ruijie, Juniper, TP LINK, ZTE, UniFi, Ubiquiti und Mikrotik. Dank dieser Kompatibilit\u00e4t f\u00fcgt sich dieses Modul nahtlos in Ihre bestehende Netzwerkinfrastruktur ein und gew\u00e4hrleistet eine reibungslose und zuverl\u00e4ssige Kommunikation zwischen verschiedenen Ger\u00e4ten.<\/li>\n<li>Dieses 25G MMF SFP28-Modul unterst\u00fctzt duale LC-Glasfaseranschl\u00fcsse, ein weit verbreiteter Typ, der eine effiziente \u00dcbertragung und einen geringen Signalverlust gew\u00e4hrleistet. Dieses Modul entspricht den h\u00f6chsten Industriestandards und garantiert eine hervorragende Leistung und Zuverl\u00e4ssigkeit, so dass Sie eine optimale Netzwerkeffizienz erreichen k\u00f6nnen.<\/li>\n<li>Mit einem weiten Betriebstemperaturbereich von -45 \u2103 bis +85 \u2103 kann dieses Modul extremen Bedingungen standhalten und eignet sich daher f\u00fcr verschiedene Umgebungen. Ganz gleich, ob Sie es in einem Rechenzentrum, einem Telekommunikationsraum oder einer Au\u00dfeninstallation einsetzen, dieses Modul sorgt f\u00fcr einen reibungslosen und konsistenten Betrieb Ihres Netzwerks.<\/li>\n<\/ol>\n<h3>Spezifikation<\/h3>\n<table width=\"790\">\n<tbody>\n<tr>\n<td width=\"229\">Modul<\/td>\n<td width=\"561\">SFP28-25G-SR<\/td>\n<\/tr>\n<tr>\n<td>Bewerten Sie<\/td>\n<td>25G<\/td>\n<\/tr>\n<tr>\n<td>Wellenl\u00e4nge<\/td>\n<td>850nm<\/td>\n<\/tr>\n<tr>\n<td>Maximale \u00dcbertragungsentfernung<\/td>\n<td>300m<\/td>\n<\/tr>\n<tr>\n<td>Verpackungsform<\/td>\n<td>SFP28<\/td>\n<\/tr>\n<tr>\n<td>Unterst\u00fctzter Fasertyp<\/td>\n<td>Doppel-LC<\/td>\n<\/tr>\n<tr>\n<td>Unterst\u00fctzung der Arbeitstemperatur<\/td>\n<td>-45 \u2103~+85 \u2103<\/td>\n<\/tr>\n<tr>\n<td>Kompatible Marken<\/td>\n<td>wie Huawei, H3C, Cisco, Ruijie, Juniper, TP LINK, ZTE, UniFi, Ubiquiti, Mikrotik<\/td>\n<\/tr>\n<\/tbody>\n<\/table>\n<p>&nbsp;<\/p>","protected":false},"excerpt":{"rendered":"<p>1. Hochgeschwindigkeitsleistung: Dieses 25G MMF SFP28-Modul bietet eine Geschwindigkeit von 25G und gew\u00e4hrleistet eine schnelle und effiziente Daten\u00fcbertragung f\u00fcr Ihr Netzwerk.<br \/>\n2. Gro\u00dfe Reichweite: Mit einer maximalen \u00dcbertragungsdistanz von 300 m bietet dieses Modul eine zuverl\u00e4ssige Konnektivit\u00e4t in Ihrem gesamten Netzwerkaufbau.<br \/>\n3. Einfache Installation: Die Verpackungsform dieses Moduls ist SFP28, was eine einfache und problemlose Installation in kompatible Ger\u00e4te erm\u00f6glicht.<br \/>\n4. Breite Kompatibilit\u00e4t: Dieses Modul unterst\u00fctzt verschiedene Glasfasertypen und ist mit g\u00e4ngigen Marken wie Huawei, Cisco, Juniper und anderen kompatibel.<br \/>\n5. Zuverl\u00e4ssige Leistung: Dieses Modul ist f\u00fcr den Betrieb bei extremen Temperaturen von -45\u2103 bis +85\u2103 ausgelegt und gew\u00e4hrleistet unabh\u00e4ngig von den Umgebungsbedingungen einen stabilen und ununterbrochenen Netzwerkbetrieb.<\/p>","protected":false},"featured_media":12716,"comment_status":"open","ping_status":"closed","template":"","meta":[],"product_brand":[],"product_cat":[297],"product_tag":[137,140,245,263,278,324],"class_list":{"0":"post-12673","1":"product","2":"type-product","3":"status-publish","4":"has-post-thumbnail","6":"product_cat-qsfp28-qsfp-sfp28-100g-40g-25g","7":"product_tag-25g","8":"product_tag-300m","9":"product_tag-lc","10":"product_tag-mm","11":"product_tag-optical-module","12":"product_tag-sfp28","14":"first","15":"instock","16":"shipping-taxable","17":"purchasable","18":"product-type-variable","19":"has-default-attributes"},"_links":{"self":[{"href":"https:\/\/www.luleey.com\/de\/wp-json\/wp\/v2\/product\/12673","targetHints":{"allow":["GET"]}}],"collection":[{"href":"https:\/\/www.luleey.com\/de\/wp-json\/wp\/v2\/product"}],"about":[{"href":"https:\/\/www.luleey.com\/de\/wp-json\/wp\/v2\/types\/product"}],"replies":[{"embeddable":true,"href":"https:\/\/www.luleey.com\/de\/wp-json\/wp\/v2\/comments?post=12673"}],"wp:featuredmedia":[{"embeddable":true,"href":"https:\/\/www.luleey.com\/de\/wp-json\/wp\/v2\/media\/12716"}],"wp:attachment":[{"href":"https:\/\/www.luleey.com\/de\/wp-json\/wp\/v2\/media?parent=12673"}],"wp:term":[{"taxonomy":"product_brand","embeddable":true,"href":"https:\/\/www.luleey.com\/de\/wp-json\/wp\/v2\/product_brand?post=12673"},{"taxonomy":"product_cat","embeddable":true,"href":"https:\/\/www.luleey.com\/de\/wp-json\/wp\/v2\/product_cat?post=12673"},{"taxonomy":"product_tag","embeddable":true,"href":"https:\/\/www.luleey.com\/de\/wp-json\/wp\/v2\/product_tag?post=12673"}],"curies":[{"name":"wp","href":"https:\/\/api.w.org\/{rel}","templated":true}]}}