{"id":12793,"date":"2024-07-19T00:56:45","date_gmt":"2024-07-18T16:56:45","guid":{"rendered":"https:\/\/www.luleey.com\/?post_type=product&#038;p=12793"},"modified":"2024-07-19T23:06:00","modified_gmt":"2024-07-19T15:06:00","slug":"40g-qsfp-aoc-active-optical-cable-sfp-cable","status":"publish","type":"product","link":"https:\/\/www.luleey.com\/de\/produkt-2\/40g-qsfp-aoc-active-optical-cable-sfp-cable\/","title":{"rendered":"40G QSFP+ AOC Aktives optisches Kabel SFP-Kabel"},"content":{"rendered":"<p>Wenn Sie mehr Kabell\u00e4nge ben\u00f6tigen, sagen Sie es uns bitte.1~150m. <span style=\"font-size: 16px;\">Orange und Gr\u00fcn werden nach dem Zufallsprinzip verschickt.<\/span><\/p>\n<h3>40G QSFP+ AOC ist ein aktives optisches Hochgeschwindigkeitskabel mit QSFP+-Transceiver, der direkt an beiden Enden des Kabels angebracht ist. Es wird zum Stapeln und Kaskadieren zwischen gro\u00dfen Datenger\u00e4ten \u00fcber kurze Entfernungen verwendet und erreicht eine Daten\u00fcbertragung von bis zu 40 Gbps.<\/h3>\n<h3>Eigenschaften<\/h3>\n<ol>\n<li>Das Design entspricht dem QSFP+: SFF-8436<\/li>\n<li>Unterst\u00fctzt 40Gbps Daten\u00fcbertragungsrate<\/li>\n<li>Hot Swap<\/li>\n<li>Passive Kupferkabel-Alternativen<\/li>\n<li>Geringer Stromverbrauch<\/li>\n<li>Design zur Unterdr\u00fcckung von EMI-Strahlung<\/li>\n<li>Optimierte NEXT- und R\u00fcckflussd\u00e4mpfung<\/li>\n<li>Differenzialimpedanz 100 \u03a9<\/li>\n<li>Kompatibel mit CISCO, Huawei, H3C, HP, Arista, Brocade, Juniper, ZTE, IBM, Intel, Mellanox und anderen Switches, Firewalls, SDH und anderen Ger\u00e4ten, die Industriestandards und Protokollen entsprechen<\/li>\n<li>Anwendung auf PDH, SDH, SONET, Ethernet, InfiniBand, SAS<\/li>\n<li>Hochleistungscomputer, Switches, Server, Router, Netzwerk-Hubs, Rechenzentren, Speichersysteme f\u00fcr Unternehmen<\/li>\n<li>E\/A-Speicherbereichsnetz mit hoher Kapazit\u00e4t<\/li>\n<li>E\/A der Netzwerkspeicher-Server-Schaltstruktur<\/li>\n<li>Telekommunikation und drahtlose Infrastruktur<\/li>\n<li>Medizinische Diagnose und Netzwerk<\/li>\n<li>Pr\u00fcf- und Messger\u00e4te<\/li>\n<\/ol>\n<h3>Spezifikation<\/h3>\n<table width=\"790\">\n<tbody>\n<tr>\n<td width=\"229\">Modell<\/td>\n<td width=\"561\">\u00a0LL-40GAOC<\/td>\n<\/tr>\n<tr>\n<td>\u00dcbertragungsmedium<\/td>\n<td>\u00a0Optisches OM3-Kabel<\/td>\n<\/tr>\n<tr>\n<td>Produktnorm<\/td>\n<td>\u00a0QSFP+ SFF-8436<\/td>\n<\/tr>\n<tr>\n<td>\u00dcbertragungsrate<\/td>\n<td>\u00a040G<\/td>\n<\/tr>\n<tr>\n<td>\u00dcbertragungsentfernung<\/td>\n<td>\u00a01m - 100m (wahlweise)<\/td>\n<\/tr>\n<tr>\n<td>Infiniband<\/td>\n<td>\u00a0SDR(2,5Gbps),DDR(5Gbps),QDR(10Gbps); 56G Fibre Channel; Infiniband; QDR(10Gbps), FDR(14Gbps);<\/td>\n<\/tr>\n<tr>\n<td>QSFP+Anschluss<\/td>\n<td>\u00a0IEEE 802.3ba\/SFF-8436; 40G Ethernet (IEEE 802.3ae\/ba);<\/td>\n<\/tr>\n<tr>\n<td>Arbeitstemperatur<\/td>\n<td>\u00a00 \u2103~70 \u2103<\/td>\n<\/tr>\n<tr>\n<td>Lagertemperatur<\/td>\n<td>\u00a0- 45 \u2103~80 \u2103<\/td>\n<\/tr>\n<tr>\n<td>Arbeitsfeuchtigkeit<\/td>\n<td>\u00a010%~90% ohne Kondensation;<\/td>\n<\/tr>\n<tr>\n<td>Feuchtigkeit bei der Lagerung<\/td>\n<td>\u00a05%~95% ohne Kondensation<\/td>\n<\/tr>\n<\/tbody>\n<\/table>","protected":false},"excerpt":{"rendered":"<p>1~150m<br \/>\n40G QSFP+ AOC ist ein aktives optisches Hochgeschwindigkeitskabel mit QSFP+-Transceiver, der direkt an beiden Enden des Kabels angebracht ist. Es wird zum Stapeln und Kaskadieren zwischen gro\u00dfen Datenger\u00e4ten \u00fcber kurze Entfernungen verwendet und erreicht eine Daten\u00fcbertragung von bis zu 40 Gbps.<\/p>","protected":false},"featured_media":12818,"comment_status":"open","ping_status":"closed","template":"","meta":[],"product_brand":[],"product_cat":[351],"product_tag":[148,178,181,295],"class_list":{"0":"post-12793","1":"product","2":"type-product","3":"status-publish","4":"has-post-thumbnail","6":"product_cat-aoc-cable-10g-25g-40g-100g","7":"product_tag-40g","8":"product_tag-active-optical-cable","9":"product_tag-aoc","10":"product_tag-qsfp","12":"first","13":"instock","14":"sale","15":"shipping-taxable","16":"purchasable","17":"product-type-variable"},"_links":{"self":[{"href":"https:\/\/www.luleey.com\/de\/wp-json\/wp\/v2\/product\/12793","targetHints":{"allow":["GET"]}}],"collection":[{"href":"https:\/\/www.luleey.com\/de\/wp-json\/wp\/v2\/product"}],"about":[{"href":"https:\/\/www.luleey.com\/de\/wp-json\/wp\/v2\/types\/product"}],"replies":[{"embeddable":true,"href":"https:\/\/www.luleey.com\/de\/wp-json\/wp\/v2\/comments?post=12793"}],"wp:featuredmedia":[{"embeddable":true,"href":"https:\/\/www.luleey.com\/de\/wp-json\/wp\/v2\/media\/12818"}],"wp:attachment":[{"href":"https:\/\/www.luleey.com\/de\/wp-json\/wp\/v2\/media?parent=12793"}],"wp:term":[{"taxonomy":"product_brand","embeddable":true,"href":"https:\/\/www.luleey.com\/de\/wp-json\/wp\/v2\/product_brand?post=12793"},{"taxonomy":"product_cat","embeddable":true,"href":"https:\/\/www.luleey.com\/de\/wp-json\/wp\/v2\/product_cat?post=12793"},{"taxonomy":"product_tag","embeddable":true,"href":"https:\/\/www.luleey.com\/de\/wp-json\/wp\/v2\/product_tag?post=12793"}],"curies":[{"name":"wp","href":"https:\/\/api.w.org\/{rel}","templated":true}]}}