{"id":12800,"date":"2024-07-19T00:56:46","date_gmt":"2024-07-18T16:56:46","guid":{"rendered":"https:\/\/www.luleey.com\/?post_type=product&#038;p=12800"},"modified":"2024-10-09T17:52:45","modified_gmt":"2024-10-09T09:52:45","slug":"40g-qsfp-dac-direct-attach-cable-stacking-passive-cable","status":"publish","type":"product","link":"https:\/\/www.luleey.com\/de\/produkt-2\/40g-qsfp-dac-direct-attach-cable-stacking-passive-cable\/","title":{"rendered":"40G QSFP+ DAC Direct Attach Kabel Stacking Passives Kabel"},"content":{"rendered":"<h3>Eigenschaften<\/h3>\n<ul>\n<li data-spm-anchor-id=\"a2g0o.detail.1000023.i0.7f7aDhQiDhQi9a\">Entspricht dem MSA SFF-8436 Standard und unterst\u00fctzt 40G \u00dcbertragungsrate<\/li>\n<li data-spm-anchor-id=\"a2g0o.detail.1000023.i0.7f7aDhQiDhQi9a\">Unterst\u00fctzt passive 7M \u00dcbertragungsdistanz<\/li>\n<li data-spm-anchor-id=\"a2g0o.detail.1000023.i0.7f7aDhQiDhQi9a\">26~30AWG Diversity-Kabelspezifikation erf\u00fcllt EMI-Standardanforderungen<\/li>\n<li data-spm-anchor-id=\"a2g0o.detail.1000023.i0.7f7aDhQiDhQi9a\">Zuverl\u00e4ssige Sprengringkonstruktion<\/li>\n<li data-spm-anchor-id=\"a2g0o.detail.1000023.i0.7f7aDhQiDhQi9a\">ROHS- und LSZH-Produkte sind verf\u00fcgbar<\/li>\n<li data-spm-anchor-id=\"a2g0o.detail.1000023.i0.7f7aDhQiDhQi9a\">Geringere Kosten und geringerer Stromverbrauch im Vergleich zu Kurzstrecken-Glasfaserverbindungen<\/li>\n<\/ul>\n<h3>Spezifikation<\/h3>\n<table width=\"790\">\n<tbody>\n<tr>\n<td width=\"229\">Modell<\/td>\n<td width=\"561\">LL-40GDAC<\/td>\n<\/tr>\n<tr>\n<td>Kabel-Spezifikation<\/td>\n<td>30AWG\/26AWG<\/td>\n<\/tr>\n<tr>\n<td>Entfernung der Kabel\u00fcbertragung<\/td>\n<td>0,5 m - 7 m<\/td>\n<\/tr>\n<tr>\n<td>Produktmerkmale<\/td>\n<td>\u00a0geringer Stromverbrauch, Hot-Plug, Plug-and-Play-\u00dcbertragungsrate 40Gbps<\/td>\n<\/tr>\n<tr>\n<td>Paket<\/td>\n<td>antistatische Tasche<\/td>\n<\/tr>\n<tr>\n<td>Anwendung des Produkts<\/td>\n<td>Switch, Server, Router, Hochleistungsrechner<\/td>\n<\/tr>\n<tr>\n<td>\u00dcbertragungsrate<\/td>\n<td>40G<\/td>\n<\/tr>\n<\/tbody>\n<\/table>","protected":false},"excerpt":{"rendered":"<p>Das 40G QSFP+ DAC-Hochgeschwindigkeitskabel hat einen geringen Stromverbrauch und eine niedrige Latenz, was es zu einer idealen L\u00f6sung f\u00fcr die \u00dcbertragung \u00fcber kurze Entfernungen (innerhalb von 7 m) zwischen Racks in Rechenzentren macht. Im Vergleich zu einer Kombination aus Modulen und Jumpern lassen sich damit effektiv Kosten sparen.<\/p>","protected":false},"featured_media":12819,"comment_status":"open","ping_status":"closed","template":"","meta":[],"product_brand":[],"product_cat":[355],"product_tag":[148,201,204,295],"class_list":{"0":"post-12800","1":"product","2":"type-product","3":"status-publish","4":"has-post-thumbnail","6":"product_cat-dac-cable-10g-25g-40g-100g","7":"product_tag-40g","8":"product_tag-dac","9":"product_tag-direct-attach-cable","10":"product_tag-qsfp","12":"first","13":"instock","14":"sale","15":"shipping-taxable","16":"purchasable","17":"product-type-variable"},"_links":{"self":[{"href":"https:\/\/www.luleey.com\/de\/wp-json\/wp\/v2\/product\/12800","targetHints":{"allow":["GET"]}}],"collection":[{"href":"https:\/\/www.luleey.com\/de\/wp-json\/wp\/v2\/product"}],"about":[{"href":"https:\/\/www.luleey.com\/de\/wp-json\/wp\/v2\/types\/product"}],"replies":[{"embeddable":true,"href":"https:\/\/www.luleey.com\/de\/wp-json\/wp\/v2\/comments?post=12800"}],"wp:featuredmedia":[{"embeddable":true,"href":"https:\/\/www.luleey.com\/de\/wp-json\/wp\/v2\/media\/12819"}],"wp:attachment":[{"href":"https:\/\/www.luleey.com\/de\/wp-json\/wp\/v2\/media?parent=12800"}],"wp:term":[{"taxonomy":"product_brand","embeddable":true,"href":"https:\/\/www.luleey.com\/de\/wp-json\/wp\/v2\/product_brand?post=12800"},{"taxonomy":"product_cat","embeddable":true,"href":"https:\/\/www.luleey.com\/de\/wp-json\/wp\/v2\/product_cat?post=12800"},{"taxonomy":"product_tag","embeddable":true,"href":"https:\/\/www.luleey.com\/de\/wp-json\/wp\/v2\/product_tag?post=12800"}],"curies":[{"name":"wp","href":"https:\/\/api.w.org\/{rel}","templated":true}]}}