{"id":12810,"date":"2024-07-19T00:56:48","date_gmt":"2024-07-18T16:56:48","guid":{"rendered":"https:\/\/www.luleey.com\/?post_type=product&#038;p=12810"},"modified":"2025-01-21T10:57:50","modified_gmt":"2025-01-21T02:57:50","slug":"8-epon-olt-10g-4-sfp-uplink-port","status":"publish","type":"product","link":"https:\/\/www.luleey.com\/de\/produkt-2\/8-epon-olt-10g-4-sfp-uplink-port\/","title":{"rendered":"8 EPON OLT 10G * 4 SFP+ Uplink-Anschluss"},"content":{"rendered":"<div class=\"title--wrap--Ms9Zv4A\">\n<h3 data-pl=\"product-title\" data-spm-anchor-id=\"a2g0o.detail.0.i1.616dRPt4RPt4oM\">8 EPON OLT 10G * 4 SFP+Uplink-Anschluss<\/h3>\n<\/div>\n<h3>Eigenschaften<\/h3>\n<ol>\n<li>L3-Faserschalter<\/li>\n<li>WEB-Verwaltung<\/li>\n<li>ONU entriegelt<\/li>\n<li>kompatibel mit HUAWEI ZTE VSOL und anderen ONTs<\/li>\n<\/ol>\n<h3>Spezifikation<\/h3>\n<table width=\"790\">\n<tbody>\n<tr>\n<td width=\"229\">Modell<\/td>\n<td width=\"561\">LL-EPOLT308<\/td>\n<\/tr>\n<tr>\n<td rowspan=\"6\">Hafen Details<\/td>\n<td>8*EPON-Anschluss<\/td>\n<\/tr>\n<tr>\n<td>4*1G\/10GE SFP+<\/td>\n<\/tr>\n<tr>\n<td>4*10\/100\/1000M Base-T<\/td>\n<\/tr>\n<tr>\n<td>1 Verwaltungsanschluss<\/td>\n<\/tr>\n<tr>\n<td>Konsole: USB-C, RJ45<\/td>\n<\/tr>\n<tr>\n<td>1 USB-Anschluss<\/td>\n<\/tr>\n<tr>\n<td rowspan=\"8\">PON-Merkmale<\/td>\n<td>Entspricht dem IEEE 802.3ah EPON-Standard<\/td>\n<\/tr>\n<tr>\n<td>Entspricht dem China Telecom CTC3.0 Standard<\/td>\n<\/tr>\n<tr>\n<td>Unterst\u00fctzt 20KM \u00dcbertragung<\/td>\n<\/tr>\n<tr>\n<td>Unterst\u00fctzt das Teilungsverh\u00e4ltnis 1:64<\/td>\n<\/tr>\n<tr>\n<td>Unterst\u00fctzt 128Bits Uplink und Downlink Triple Stirring Encryption Funktion<\/td>\n<\/tr>\n<tr>\n<td>Unterst\u00fctzt Standard-OAM und erweiterte OAM-Managementfunktionen<\/td>\n<\/tr>\n<tr>\n<td>Unterst\u00fctzung von ONU-Software-Batch-Upgrades, geplanten Upgrades und Echtzeit-Upgrades<\/td>\n<\/tr>\n<tr>\n<td>Unterst\u00fctzung der Erkennung der optischen Leistung von PON-Ports<\/td>\n<\/tr>\n<tr>\n<td rowspan=\"3\">VLAN-Merkmale<\/td>\n<td>Unterst\u00fctzung von 4K VLAN 802.1Q<\/td>\n<\/tr>\n<tr>\n<td>Unterst\u00fctzt VLAN auf Basis von Port, MAC und Protokoll<\/td>\n<\/tr>\n<tr>\n<td>Unterst\u00fctzung der Dual-Tag-VLAN-Funktion, portbasiertes statisches QinQ und flexible QinQ-Funktionen<\/td>\n<\/tr>\n<tr>\n<td rowspan=\"4\">MAC-Merkmale<\/td>\n<td>Unterst\u00fctzung von 16K MAC-Adresstabelleneintr\u00e4gen<\/td>\n<\/tr>\n<tr>\n<td>Unterst\u00fctzt die Einstellung einer statischen MAC-Adresse<\/td>\n<\/tr>\n<tr>\n<td>Unterst\u00fctzung der MAC-Adressfilterfunktion f\u00fcr schwarze L\u00f6cher<\/td>\n<\/tr>\n<tr>\n<td>Unterst\u00fctzt Port-MAC-Adressen-Limit<\/td>\n<\/tr>\n<tr>\n<td rowspan=\"3\">Schicht-2-Ring-Netzwerkprotokoll<\/td>\n<td>Unterst\u00fctzung von STP\/RSTP\/MSTP<\/td>\n<\/tr>\n<tr>\n<td>Unterst\u00fctzung des ERPS-Ethernet-Ring-Netzwerkschutzprotokolls<\/td>\n<\/tr>\n<tr>\n<td>Unterst\u00fctzung der Loopback-Erkennung Port Loopback-Erkennung<\/td>\n<\/tr>\n<tr>\n<td rowspan=\"3\">Hafenkontrolle<\/td>\n<td>Unterst\u00fctzung der bidirektionalen Bandbreitenkontrolle<\/td>\n<\/tr>\n<tr>\n<td>Unterst\u00fctzung der Port-Storm-Unterdr\u00fcckung<\/td>\n<\/tr>\n<tr>\n<td>Unterst\u00fctzung der Weiterleitung von 9K Jumbo Frames<\/td>\n<\/tr>\n<tr>\n<td rowspan=\"3\">Port-Aggregation<\/td>\n<td>Unterst\u00fctzung statischer Link-Aggregation<\/td>\n<\/tr>\n<tr>\n<td>Unterst\u00fctzung von dynamischem LACP<\/td>\n<\/tr>\n<tr>\n<td>Jede Aggregationsgruppe unterst\u00fctzt bis zu 8 Ports<\/td>\n<\/tr>\n<tr>\n<td rowspan=\"4\">Multicast-Funktion<\/td>\n<td>Unterst\u00fctzung von IGMP Snooping, Unterst\u00fctzung von Fast Leave<\/td>\n<\/tr>\n<tr>\n<td>Unterst\u00fctzung von MLD Snooping<\/td>\n<\/tr>\n<tr>\n<td>Unterst\u00fctzung von Multicast-VLAN<\/td>\n<\/tr>\n<tr>\n<td>Unterst\u00fctzung von Layer-3-Multicast IGMP\/PIM-DM\/PIM-SM<\/td>\n<\/tr>\n<tr>\n<td rowspan=\"2\">Spiegel<\/td>\n<td>Unterst\u00fctzung von Port Mirroring<\/td>\n<\/tr>\n<tr>\n<td>Stream Mirroring unterst\u00fctzt<\/td>\n<\/tr>\n<tr>\n<td rowspan=\"3\">ACL<\/td>\n<td>Unterst\u00fctzt Standard- und erweiterte ACLs<\/td>\n<\/tr>\n<tr>\n<td>Unterst\u00fctzt ACL-Richtlinien, die auf einem Zeitbereich basieren (Zeitbereich)<\/td>\n<\/tr>\n<tr>\n<td>Bietet Flussklassifizierung und Flussdefinition auf der Grundlage von IP-Header-Informationen wie Quell-\/Ziel-MAC-Adresse, VLAN, 802.1p, ToS, DSCP, Quell-\/Ziel-IP-Adresse, L4-Port-Nummer, Protokolltyp usw.<\/td>\n<\/tr>\n<tr>\n<td rowspan=\"4\">QoS<\/td>\n<td>Unterst\u00fctzung der Funktion zur Begrenzung der Durchflussmenge auf der Grundlage des benutzerdefinierten Dienstflusses<\/td>\n<\/tr>\n<tr>\n<td>Unterst\u00fctzt Packet Mirroring und Packet Redirection basierend auf benutzerdefinierten Service Flows<\/td>\n<\/tr>\n<tr>\n<td>Unterst\u00fctzt benutzerdefinierte Dienstfluss-Priorit\u00e4tskennzeichnung und unterst\u00fctzt 802.1P, DSCP-Priorit\u00e4t Bemerkungsfunktion<\/td>\n<\/tr>\n<tr>\n<td>Unterst\u00fctzung der portbasierten Priorit\u00e4tsplanungsfunktion, Unterst\u00fctzung von Warteschlangenplanungsalgorithmen wie SP\/WRR\/SP+WRR<\/td>\n<\/tr>\n<tr>\n<td rowspan=\"11\">Sicherheit<\/td>\n<td>Unterst\u00fctzung der hierarchischen Benutzerverwaltung und des Passwortschutzes<\/td>\n<\/tr>\n<tr>\n<td>Unterst\u00fctzt IEEE 802.1X-Authentifizierung\/zentralisierte MAC-Adressen-Authentifizierung<\/td>\n<\/tr>\n<tr>\n<td>Unterst\u00fctzung von Radius&amp;TACACS+-Authentifizierung<\/td>\n<\/tr>\n<tr>\n<td>Unterst\u00fctzung der Anzahl von MAC-Adressen-Lernen, Unterst\u00fctzung der Black-Hole-MAC-Funktion<\/td>\n<\/tr>\n<tr>\n<td>Unterst\u00fctzt SSH 2.0, bietet einen sicheren verschl\u00fcsselten Kanal f\u00fcr die Benutzeranmeldung<\/td>\n<\/tr>\n<tr>\n<td>Unterst\u00fctzt SNMP v3-Verschl\u00fcsselungsmanagement<\/td>\n<\/tr>\n<tr>\n<td>Unterst\u00fctzung von Port-Isolierung, Hardware-Isolierung von Paketen zwischen Ports<\/td>\n<\/tr>\n<tr>\n<td>Unterst\u00fctzung der Unterdr\u00fcckung von Broadcast-Paketraten<\/td>\n<\/tr>\n<tr>\n<td>Unterst\u00fctzung von IP Source Guard zur automatischen Erstellung von IP+MAC+Port+VLAN-Bindungstabellen und zur Unterst\u00fctzung der manuellen Eingabe von Bindungstabellen<\/td>\n<\/tr>\n<tr>\n<td>Unterst\u00fctzt die automatische Unterdr\u00fcckung von ARP-Flooding-Angriffen und ARP-Spoofing-Schutz<\/td>\n<\/tr>\n<tr>\n<td>Unterst\u00fctzung der Kontrollschicht zur Verhinderung verschiedener DOS- und Virenangriffe auf die CPU<\/td>\n<\/tr>\n<tr>\n<td rowspan=\"5\">dreistufige Funktion<\/td>\n<td>Unterst\u00fctzung des ARP-Lernens und der Alterung<\/td>\n<\/tr>\n<tr>\n<td>Unterst\u00fctzt die Erstellung von VLAN-Layer-3-Schnittstellen und die Konfiguration von statischen IPv4\/IPv6-Adressen<\/td>\n<\/tr>\n<tr>\n<td>Unterst\u00fctzung der statischen Routing-Konfiguration<\/td>\n<\/tr>\n<tr>\n<td>Unterst\u00fctzung der RIP\/OSPF-Protokollfunktion<\/td>\n<\/tr>\n<tr>\n<td>Unterst\u00fctzung der VRRP-Protokollfunktion<\/td>\n<\/tr>\n<tr>\n<td rowspan=\"11\">Systemverwaltung<\/td>\n<td>Unterst\u00fctzung der Befehlszeilenkonfiguration \u00fcber Konsole\/Telnet\/SSH2.0<\/td>\n<\/tr>\n<tr>\n<td>Unterst\u00fctzung der WEB-Browser-Konfigurationsverwaltung<\/td>\n<\/tr>\n<tr>\n<td>Unterst\u00fctzung von FTP- und TFTP-Datei-Upload und -Download-Management<\/td>\n<\/tr>\n<tr>\n<td>Unterst\u00fctzung von SNMP V1\/V2\/V3<\/td>\n<\/tr>\n<tr>\n<td>RMON-Unterst\u00fctzung<\/td>\n<\/tr>\n<tr>\n<td>Unterst\u00fctzt SNTP-Uhr<\/td>\n<\/tr>\n<tr>\n<td>Arbeitsprotokoll des Unterst\u00fctzungssystems<\/td>\n<\/tr>\n<tr>\n<td>Unterst\u00fctzung des LLDP Neighbor Device Discovery Protocol<\/td>\n<\/tr>\n<tr>\n<td>Unterst\u00fctzung von 802.3ah Ethernet OAM<\/td>\n<\/tr>\n<tr>\n<td>Unterst\u00fctzung der RFC 3164 Syslog-Funktion<\/td>\n<\/tr>\n<tr>\n<td>Unterst\u00fctzung von Ping und Traceroute<\/td>\n<\/tr>\n<tr>\n<td rowspan=\"2\">Umgebungsfeuchtigkeit<\/td>\n<td>Luftfeuchtigkeit der Betriebsumgebung: 10% bis 95% (nicht kondensierend)<\/td>\n<\/tr>\n<tr>\n<td>Luftfeuchtigkeit der Lagerumgebung: 10 % ~ 95% (nicht kondensierend)<\/td>\n<\/tr>\n<tr>\n<td rowspan=\"3\">Stromzufuhr<\/td>\n<td>AC: 240V 47\/63Hz;<\/td>\n<\/tr>\n<tr>\n<td>DC: Eingang 36V ~ 75V;<\/td>\n<\/tr>\n<tr>\n<td>Leistungsaufnahme 38W ~49W<\/td>\n<\/tr>\n<tr>\n<td>Abmessungen (B*H*T)<\/td>\n<td>440mm *44mm* 260mm<\/td>\n<\/tr>\n<\/tbody>\n<\/table>","protected":false},"excerpt":{"rendered":"<p>8EPON OLT 4SFP+ ist ein hochintegriertes EPON-OLT-Ger\u00e4t mit mittlerer Kapazit\u00e4t in Kastenform f\u00fcr Betreiber, ISPs, Unternehmen und Campus-Anwendungen. Das Produkt entspricht dem technischen Standard IEEE802.3ah und erf\u00fcllt die Anforderungen f\u00fcr EPON OLT in \u300aYD\/T 1475-2006 Access Network Technical Requirements - Ethernet-based Passive Optical Network (EPON)\u300b, gute Offenheit, starke Kompatibilit\u00e4t, hohe Zuverl\u00e4ssigkeit und vollst\u00e4ndige Softwarefunktionen. Dieses Ger\u00e4t kann weithin im FTTH-Zugang des Betreibers, dem Zugang zu privaten Netzwerken, dem Zugang zu Regierungs- und Unternehmensparks, dem Zugang zu Campusnetzwerken und dem Aufbau anderer Zugangsnetzwerke eingesetzt werden.<\/p>","protected":false},"featured_media":12852,"comment_status":"open","ping_status":"closed","template":"","meta":[],"product_brand":[],"product_cat":[361],"product_tag":[97,160,171,206,322],"class_list":{"0":"post-12810","1":"product","2":"type-product","3":"status-publish","4":"has-post-thumbnail","6":"product_cat-epon-olt","7":"product_tag-10g","8":"product_tag-512-onu","9":"product_tag-8-epon","10":"product_tag-epon-olt","11":"product_tag-sfp","13":"first","14":"instock","15":"sale","16":"shipping-taxable","17":"purchasable","18":"product-type-variable","19":"has-default-attributes"},"_links":{"self":[{"href":"https:\/\/www.luleey.com\/de\/wp-json\/wp\/v2\/product\/12810","targetHints":{"allow":["GET"]}}],"collection":[{"href":"https:\/\/www.luleey.com\/de\/wp-json\/wp\/v2\/product"}],"about":[{"href":"https:\/\/www.luleey.com\/de\/wp-json\/wp\/v2\/types\/product"}],"replies":[{"embeddable":true,"href":"https:\/\/www.luleey.com\/de\/wp-json\/wp\/v2\/comments?post=12810"}],"wp:featuredmedia":[{"embeddable":true,"href":"https:\/\/www.luleey.com\/de\/wp-json\/wp\/v2\/media\/12852"}],"wp:attachment":[{"href":"https:\/\/www.luleey.com\/de\/wp-json\/wp\/v2\/media?parent=12810"}],"wp:term":[{"taxonomy":"product_brand","embeddable":true,"href":"https:\/\/www.luleey.com\/de\/wp-json\/wp\/v2\/product_brand?post=12810"},{"taxonomy":"product_cat","embeddable":true,"href":"https:\/\/www.luleey.com\/de\/wp-json\/wp\/v2\/product_cat?post=12810"},{"taxonomy":"product_tag","embeddable":true,"href":"https:\/\/www.luleey.com\/de\/wp-json\/wp\/v2\/product_tag?post=12810"}],"curies":[{"name":"wp","href":"https:\/\/api.w.org\/{rel}","templated":true}]}}