{"id":12833,"date":"2024-07-19T00:57:21","date_gmt":"2024-07-18T16:57:21","guid":{"rendered":"https:\/\/www.luleey.com\/?post_type=product&#038;p=12833"},"modified":"2025-04-10T11:42:12","modified_gmt":"2025-04-10T03:42:12","slug":"2sc-4rj45-1000m-fiber-optic-media-converter-ethernet-switch-pcba-board","status":"publish","type":"product","link":"https:\/\/www.luleey.com\/de\/produkt-2\/2sc-4rj45-1000m-fiber-optic-media-converter-ethernet-switch-pcba-board\/","title":{"rendered":"2SC 4RJ45 1000M Glasfaser Medienkonverter Ethernet Switch PCBA Platine"},"content":{"rendered":"<div class=\"title--wrap--Ms9Zv4A\">\n<h3>Eigenschaften<\/h3>\n<ul>\n<li>Daten\u00fcbertragung mit ultraniedriger Latenz: Erleben Sie blitzschnelle Daten\u00fcbertragungsraten mit minimaler Verz\u00f6gerung, die eine nahtlose Kommunikation f\u00fcr kritische Anwendungen gew\u00e4hrleisten.<\/li>\n<li>Plug-and-Play-Komfort: Unsere Transceiver sind f\u00fcr eine einfache Installation ausgelegt und erfordern keine Konfiguration. Einfach anschlie\u00dfen und sofort loslegen.<\/li>\n<li>Einfache Struktur und leichte Wartung: Das unkomplizierte Design unseres Transceivers erm\u00f6glicht eine problemlose Wartung und gew\u00e4hrleistet Zuverl\u00e4ssigkeit und Langlebigkeit in verschiedenen Umgebungen.<\/li>\n<li>\u00a0Hohe Zuverl\u00e4ssigkeit und starker Schutz vor Interferenzen: Unser Transceiver wurde f\u00fcr den Einsatz unter schwierigen Bedingungen entwickelt und bietet au\u00dfergew\u00f6hnliche Zuverl\u00e4ssigkeit und robuste St\u00f6rfestigkeit, wodurch er sich ideal f\u00fcr anspruchsvolle Anwendungen eignet.<\/li>\n<li>\u00a0Breiter Anwendungsbereich: Unsere Glasfaser-Transceiver werden h\u00e4ufig in den Bereichen Video\u00fcberwachung, Computernetzwerke, industrielle Steuerung und intelligente Geb\u00e4udesysteme eingesetzt und bieten vielseitige L\u00f6sungen f\u00fcr verschiedene Bereiche.<\/li>\n<\/ul>\n<\/div>\n<h3>Spezifikation<\/h3>\n<table style=\"border-collapse: collapse; width: 100%;\">\n<tbody>\n<tr>\n<td style=\"width: 50%;\">Marke<\/td>\n<td style=\"width: 50%;\">LuLeey<\/td>\n<\/tr>\n<tr>\n<td style=\"width: 50%;\">Produktname<\/td>\n<td style=\"width: 50%;\">2SC 4RJ45 1000M Glasfaser Medienkonverter Ethernet Switch PCBA Platine<\/td>\n<\/tr>\n<tr>\n<td style=\"width: 50%;\">Anzahl der Lichtwellenleiteranschl\u00fcsse<\/td>\n<td style=\"width: 50%;\">2<\/td>\n<\/tr>\n<tr>\n<td style=\"width: 50%;\">SC-Satz<\/td>\n<td style=\"width: 50%;\">1.25Gbps<\/td>\n<\/tr>\n<tr>\n<td style=\"width: 50%;\">Anzahl von RJ45<\/td>\n<td style=\"width: 50%;\">4<\/td>\n<\/tr>\n<tr>\n<td style=\"width: 50%;\">RJ45-Tarif<\/td>\n<td style=\"width: 50%;\">10\/100\/1000M adaptiv<\/td>\n<\/tr>\n<tr>\n<td style=\"width: 50%;\">Leistungsaufnahme<\/td>\n<td style=\"width: 50%;\">5-12V DC<\/td>\n<\/tr>\n<tr>\n<td style=\"width: 50%;\">Typ der Schnittstelle<\/td>\n<td style=\"width: 50%;\">SC (A+B)<\/td>\n<\/tr>\n<tr>\n<td style=\"width: 50%;\">\u00dcbertragungsentfernung<\/td>\n<td style=\"width: 50%;\">3km<\/td>\n<\/tr>\n<tr>\n<td style=\"width: 50%;\">Arbeits-Wellenl\u00e4nge<\/td>\n<td style=\"width: 50%;\">1310\/1550 (nm)<\/td>\n<\/tr>\n<tr style=\"height: 53px;\">\n<td style=\"width: 50%; height: 53px;\">Umwelt<\/td>\n<td style=\"width: 50%;\">Lagertemperatur: -40\uff5e70\u2103<\/p>\n<p data-spm-anchor-id=\"a2g0o.detail.1000023.i2.692dYr9OYr9O5Q\">Betriebstemperatur: -10\uff5e55\u2103<\/p>\n<p data-spm-anchor-id=\"a2g0o.detail.1000023.i3.692dYr9OYr9O5Q\">Relative Luftfeuchtigkeit: 5-90% (keine Kondensation)<\/p>\n<\/td>\n<\/tr>\n<tr>\n<td style=\"width: 50%;\">Faser-Typ<\/td>\n<td style=\"width: 50%;\">Einzelfaser Single Mode<\/td>\n<\/tr>\n<\/tbody>\n<\/table>\n<p>&nbsp;<\/p>","protected":false},"excerpt":{"rendered":"<div class=\"title--wrap--Ms9Zv4A\">\n<ul>\n<li data-pl=\"product-title\" data-spm-anchor-id=\"a2g0o.detail.0.i7.7accWMLZWMLZie\">2 optische 4 rj54 Medienkonverter Schalter PCBA Board<\/li>\n<li data-pl=\"product-title\" data-spm-anchor-id=\"a2g0o.detail.0.i7.7accWMLZWMLZie\">10\/100\/1000M adaptiv<\/li>\n<li data-pl=\"product-title\" data-spm-anchor-id=\"a2g0o.detail.0.i7.7accWMLZWMLZie\">1,25Gbps SC<\/li>\n<li data-pl=\"product-title\" data-spm-anchor-id=\"a2g0o.detail.0.i7.7accWMLZWMLZie\">Einzelmodus<\/li>\n<li data-pl=\"product-title\" data-spm-anchor-id=\"a2g0o.detail.0.i7.7accWMLZWMLZie\">maximal 3 km<\/li>\n<li data-pl=\"product-title\" data-spm-anchor-id=\"a2g0o.detail.0.i7.7accWMLZWMLZie\">5-12v DC-Eingang<\/li>\n<\/ul>\n<\/div>","protected":false},"featured_media":12853,"comment_status":"open","ping_status":"closed","template":"","meta":[],"product_brand":[],"product_cat":[286],"product_tag":[166,285,301,305,330],"class_list":{"0":"post-12833","1":"product","2":"type-product","3":"status-publish","4":"has-post-thumbnail","6":"product_cat-fiber-media-converter-pcba-board","7":"product_tag-6-port","8":"product_tag-pcba","9":"product_tag-rj45","10":"product_tag-sc","11":"product_tag-switch-board","13":"first","14":"instock","15":"featured","16":"shipping-taxable","17":"purchasable","18":"product-type-variable","19":"has-default-attributes"},"_links":{"self":[{"href":"https:\/\/www.luleey.com\/de\/wp-json\/wp\/v2\/product\/12833","targetHints":{"allow":["GET"]}}],"collection":[{"href":"https:\/\/www.luleey.com\/de\/wp-json\/wp\/v2\/product"}],"about":[{"href":"https:\/\/www.luleey.com\/de\/wp-json\/wp\/v2\/types\/product"}],"replies":[{"embeddable":true,"href":"https:\/\/www.luleey.com\/de\/wp-json\/wp\/v2\/comments?post=12833"}],"wp:featuredmedia":[{"embeddable":true,"href":"https:\/\/www.luleey.com\/de\/wp-json\/wp\/v2\/media\/12853"}],"wp:attachment":[{"href":"https:\/\/www.luleey.com\/de\/wp-json\/wp\/v2\/media?parent=12833"}],"wp:term":[{"taxonomy":"product_brand","embeddable":true,"href":"https:\/\/www.luleey.com\/de\/wp-json\/wp\/v2\/product_brand?post=12833"},{"taxonomy":"product_cat","embeddable":true,"href":"https:\/\/www.luleey.com\/de\/wp-json\/wp\/v2\/product_cat?post=12833"},{"taxonomy":"product_tag","embeddable":true,"href":"https:\/\/www.luleey.com\/de\/wp-json\/wp\/v2\/product_tag?post=12833"}],"curies":[{"name":"wp","href":"https:\/\/api.w.org\/{rel}","templated":true}]}}