{"id":12839,"date":"2024-07-19T00:57:23","date_gmt":"2024-07-18T16:57:23","guid":{"rendered":"https:\/\/www.luleey.com\/?post_type=product&#038;p=12839"},"modified":"2024-12-25T14:26:33","modified_gmt":"2024-12-25T06:26:33","slug":"gigabit-etherbet-fiber-switch-2xsc-8xrj45-3km-20km-media-converter","status":"publish","type":"product","link":"https:\/\/www.luleey.com\/de\/produkt-2\/gigabit-etherbet-fiber-switch-2xsc-8xrj45-3km-20km-media-converter\/","title":{"rendered":"Gigabit Etherbet Fiber Switch 2xSC 8xRJ45 3km 20km Medienkonverter"},"content":{"rendered":"<p>Modell: LL-8GE2SC-20KM<\/p>\n<p><strong><span class=\"\">Optische Parameter:<\/span><\/strong><\/p>\n<ul>\n<li>Datenrate:1.25Gbps<\/li>\n<li><span style=\"font-size: 16px;\">2 Anschluss SC<\/span><\/li>\n<li><span class=\"\">Optischer Anschluss: 100M FX\/1000M X adaptiv<\/span><\/li>\n<li>Einzelmodus<\/li>\n<li>SC UPC<\/li>\n<li>Arbeitswellenl\u00e4nge: 1310\/1550 (nm)<\/li>\n<li>\u00dcbertragungsentfernung: 3km\/20km<\/li>\n<li>Ausgangsleistung: -8~-3dbm<\/li>\n<\/ul>\n<p><strong><span class=\"\">Ethernet-Parameter<\/span><\/strong><\/p>\n<ul>\n<li>8 Anschluss RJ45<\/li>\n<li>Entfernung: 100m<\/li>\n<li><span class=\"\">Ethernet-Anschluss: 10\/100\/1000Mbps adaptiv<\/span><\/li>\n<li>IEEE802.3 10Base-T<\/li>\n<li>IEEE802.3u 100Base-TX\/FX<\/li>\n<li>IEEE802.3z 1000Base-SX\/LX<\/li>\n<li>IEEE802.3x Flusskontrolle<\/li>\n<li>IEEE802.1p QoS<\/li>\n<li>IEEE802.1d Spanning Tree<\/li>\n<\/ul>\n<p><strong><span class=\"MachTrans__hl__6hdYK\">Andere Parameter<\/span><\/strong><\/p>\n<ul>\n<li>Eingangsleistung:<\/li>\n<li>Stromversorgungsart: externe Stromversorgung<\/li>\n<li>Eingangsspannung: AC100V\uff5e240V 50\/60Hz<\/li>\n<li>Anschluss: DC-Buchse<\/li>\n<li>Betriebsspannung: 5-12V<\/li>\n<li data-spm-anchor-id=\"a2g0o.detail.1000023.i9.7c6f7rxL7rxLkP\">Leistungsaufnahme: 2.2W\uff5e3.5W<\/li>\n<li>Gr\u00f6\u00dfe: 196*87*27mm<\/li>\n<li>Lagertemperatur: -40\uff5e70\u2103<\/li>\n<li>Betriebstemperatur: -10\uff5e55\u2103<\/li>\n<li>Relative Luftfeuchtigkeit: 5-90% (keine Kondensation)<\/li>\n<\/ul>\n<p><strong>Anwendungsszenarien<\/strong><\/p>\n<p>Sicherheits\u00fcberwachung, B\u00fcro, Computerraumverkabelung, Rundfunk und Fernsehen, umfassende Energieversorgung, intelligente St\u00e4dte, intelligenter Transport, intelligente Fabriken, Schienenverkehr, intelligente Bergwerke und andere industrielle Umgebungen.<\/p>","protected":false},"excerpt":{"rendered":"<p class=\"serp-title\">Gigabit\u00a0<mark>Etherbet Fiber Switch<\/mark>\u00a0Single-Mode-Einzel-Faser 2 optische 8 Ethernet-Port-Switch Glasfaser-Transceiver SC-Schnittstelle photoelektrischer Konverter<\/p>","protected":false},"featured_media":12859,"comment_status":"open","ping_status":"closed","template":"","meta":[],"product_brand":[],"product_cat":[356],"product_tag":[85,208,301,305],"class_list":{"0":"post-12839","1":"product","2":"type-product","3":"status-publish","4":"has-post-thumbnail","6":"product_cat-unmanaged-switches","7":"product_tag-10-port","8":"product_tag-ethernet-switch","9":"product_tag-rj45","10":"product_tag-sc","12":"first","13":"instock","14":"shipping-taxable","15":"purchasable","16":"product-type-variable"},"_links":{"self":[{"href":"https:\/\/www.luleey.com\/de\/wp-json\/wp\/v2\/product\/12839","targetHints":{"allow":["GET"]}}],"collection":[{"href":"https:\/\/www.luleey.com\/de\/wp-json\/wp\/v2\/product"}],"about":[{"href":"https:\/\/www.luleey.com\/de\/wp-json\/wp\/v2\/types\/product"}],"replies":[{"embeddable":true,"href":"https:\/\/www.luleey.com\/de\/wp-json\/wp\/v2\/comments?post=12839"}],"wp:featuredmedia":[{"embeddable":true,"href":"https:\/\/www.luleey.com\/de\/wp-json\/wp\/v2\/media\/12859"}],"wp:attachment":[{"href":"https:\/\/www.luleey.com\/de\/wp-json\/wp\/v2\/media?parent=12839"}],"wp:term":[{"taxonomy":"product_brand","embeddable":true,"href":"https:\/\/www.luleey.com\/de\/wp-json\/wp\/v2\/product_brand?post=12839"},{"taxonomy":"product_cat","embeddable":true,"href":"https:\/\/www.luleey.com\/de\/wp-json\/wp\/v2\/product_cat?post=12839"},{"taxonomy":"product_tag","embeddable":true,"href":"https:\/\/www.luleey.com\/de\/wp-json\/wp\/v2\/product_tag?post=12839"}],"curies":[{"name":"wp","href":"https:\/\/api.w.org\/{rel}","templated":true}]}}