{"id":12842,"date":"2024-07-19T00:57:23","date_gmt":"2024-07-18T16:57:23","guid":{"rendered":"https:\/\/www.luleey.com\/?post_type=product&#038;p=12842"},"modified":"2025-06-28T10:50:25","modified_gmt":"2025-06-28T02:50:25","slug":"2-5g-industrial-ethernet-switch-4x2-5g-2x10g-sfp","status":"publish","type":"product","link":"https:\/\/www.luleey.com\/de\/produkt-2\/2-5g-industrial-ethernet-switch-4x2-5g-2x10g-sfp\/","title":{"rendered":"2.5G Industrial Ethernet Switch 4\u00d72.5G 2x10G SFP+"},"content":{"rendered":"<h3>2.5G Industrial Ethernet Switch 4\u00d72.5G 2x10G SFP+<\/h3>\n<h3>Eigenschaften<\/h3>\n<ol>\n<li>VLAN-Schalter: ON=1-4 arbeiten zusammen, FX1-FX2 arbeiten zusammen; OFF=Alle Ports arbeiten zusammen.<\/li>\n<li>10G Fiber Schalter: ON=erzwungene FX-Einstellung von 10G, OFF=1.25G\/10G adaptiv.<\/li>\n<li>Plug and Play.<\/li>\n<li>Unterst\u00fctzt einen breiten Spannungsbereich.<\/li>\n<li>Unterst\u00fctzt einen gro\u00dfen Temperaturbereich.<\/li>\n<li><span class=\"\">Blitzschlagfestigkeit 8KV.<\/span><\/li>\n<li><span style=\"font-size: 16px;\">Unterst\u00fctzt 2 SFP+10G-Glasfaseranschl\u00fcsse, bis zu 120 km.<\/span><\/li>\n<li>Unterst\u00fctzt 10g Epon-Stick\/XGS-PON.<\/li>\n<li>Unterst\u00fctzt 2 2.5G Ethernet Ports, 10\/100\/1000\/2500M adaptiv.<\/li>\n<li>\n<div class=\"MachTrans__textWrap__1NtxT MachTrans__textWrapSmall__26E1Q\">\n<div class=\"MachTrans__text__duH8w\">\n<p><span class=\"\">Metallgeh\u00e4use f\u00fcr effektive W\u00e4rmeableitung.<\/span><\/p>\n<p>&nbsp;<\/p>\n<\/div>\n<\/div>\n<\/li>\n<\/ol>\n<h3>Spezifikation<\/h3>\n<table width=\"790\">\n<tbody>\n<tr>\n<td width=\"229\">Modell<\/td>\n<td width=\"561\">LL-IND-425GE2SFP+<\/td>\n<\/tr>\n<tr>\n<td width=\"229\">Produktname<\/td>\n<td width=\"561\">\u00a0Industrietauglicher 10 Gigabit 2 optische 4 elektrische Glasfaser-Transceiver<\/td>\n<\/tr>\n<tr>\n<td width=\"229\">Netzwerk-Protokolle<\/td>\n<td width=\"561\">\u00a0IEEE.802.3, IEEE802.31 10BASE-T, IEEE802.3u 100BASE-TX, IEEE802.3ab 1000BASE-T, IEEE802.3x, IEEE 802.3z100BASE-X, IEEE802.3z1000BASE-X, IEEE802.3z2500BASE-X, IEEE802.3ab250OBASE-T<\/td>\n<\/tr>\n<tr>\n<td width=\"229\">Parameter des Ethernet-Anschlusses<\/td>\n<td width=\"561\">\u00a04 * 10\/100\/1000\/2500M BaseT (x) automatische Erkennung, Voll-\/Halbduplex MDI\/MDI-X adaptiv<\/td>\n<\/tr>\n<tr>\n<td width=\"229\">SFP-Anschluss-Parameter<\/td>\n<td width=\"561\">\u00a02 * 10G\/1.25 optischer Port, mit einer maximalen Entfernung von 120KM \u00dcbertragung<\/td>\n<\/tr>\n<tr>\n<td width=\"229\">Weiterleitungsmodus<\/td>\n<td width=\"561\">\u00a0Speichern und weiterleiten (volle Leitungsgeschwindigkeit)<\/td>\n<\/tr>\n<tr>\n<td width=\"229\">Backplane-Bandbreite<\/td>\n<td width=\"561\">\u00a0256Gbps<\/td>\n<\/tr>\n<tr>\n<td width=\"229\">Weiterleitungsrate der Pakete<\/td>\n<td width=\"561\">\u00a0maximale \u00dcbertragungsrate 35,888 Mpps<\/td>\n<\/tr>\n<tr>\n<td width=\"229\">MAC-Adresstabelle<\/td>\n<td width=\"561\">\u00a04K<\/td>\n<\/tr>\n<tr>\n<td width=\"229\">Paketweiterleitungs-Cache<\/td>\n<td width=\"561\">\u00a08M<\/td>\n<\/tr>\n<tr>\n<td width=\"229\">L\u00e4nge des Vorw\u00e4rtsrahmens<\/td>\n<td width=\"561\">\u00a064-15360 Byte<\/td>\n<\/tr>\n<tr>\n<td width=\"229\">\u00dcbertragungsentfernung<\/td>\n<td width=\"561\">\u00a010BASE-T, Cat3,4,5 UTP (150 Meter); 100BASE-TX, Cat5 oder h\u00f6her UTP (120 Meter); 1000BASE-TX, Cat6 oder h\u00f6her UTP (100 Meter); 2500BASE-TX, Cat6 oder h\u00f6her UTP (50 Meter)<\/td>\n<\/tr>\n<tr>\n<td width=\"229\">Leistungsaufnahme im Standby-Modus<\/td>\n<td width=\"561\">\u00a0\u2264 15W;<\/td>\n<\/tr>\n<tr>\n<td width=\"229\">Betriebsspannung<\/td>\n<td width=\"561\">\u00a0GLEICHSTROM 12V-52V<\/td>\n<\/tr>\n<tr>\n<td width=\"229\">Anzeigelampe<\/td>\n<td width=\"561\">\u00a0Die gelbe Anzeigeleuchte f\u00fcr den Ethernet-Anschluss leuchtet nur, wenn der Ethernet-Anschluss mit einer Geschwindigkeit von 2,5G arbeitet, und leuchtet nicht bei anderen Geschwindigkeiten; die gr\u00fcne Anzeigeleuchte am Ethernet-Anschluss leuchtet bei jeder Geschwindigkeit und blinkt w\u00e4hrend des Datenaustauschs; nachdem das optische Modul normal angeschlossen wurde, leuchten die Anzeigeleuchten FX1 und FX2 auf und beginnen zu blinken, wenn ein Datenaustausch stattfindet; nachdem das Ger\u00e4t normal eingeschaltet wurde, leuchtet die Anzeigeleuchte PWR auf.<\/td>\n<\/tr>\n<tr>\n<td width=\"229\">Arbeitstemperatur\/Luftfeuchtigkeit<\/td>\n<td width=\"561\">\u00a0-40~+85 \u00b0 C; 5%~90% RH ohne Kondensation<\/td>\n<\/tr>\n<tr>\n<td width=\"229\">Lagertemperatur\/Luftfeuchtigkeit<\/td>\n<td width=\"561\">\u00a0-40~+75 \u00b0 C; 5%~95% RH ohne Kondensation<\/td>\n<\/tr>\n<tr>\n<td width=\"229\">Gr\u00f6\u00dfe des Produkts<\/td>\n<td width=\"561\">\u00a0145mm+125mm48m (L\u00e4nge * Breite t H\u00f6he)<\/td>\n<\/tr>\n<tr>\n<td width=\"229\">Blitzschutz<\/td>\n<td width=\"561\">\u00a0Anschlussblitzschutz 8KV 8\/20us;<\/td>\n<\/tr>\n<\/tbody>\n<\/table>","protected":false},"excerpt":{"rendered":"<p>2.5G Industrieller Ethernet-Switch<\/p>\n<p><span style=\"font-size: 16px;\">2xSFP+10G-Glasfaseranschl\u00fcsse, bis zu 120 km<\/span><\/p>\n<p>4\u00d72.5G Ethernet-Anschl\u00fcsse, 10\/100\/1000\/2500M adaptiv<\/p>","protected":false},"featured_media":12876,"comment_status":"open","ping_status":"closed","template":"","meta":[],"product_brand":[],"product_cat":[240],"product_tag":[124,145,239,322],"class_list":{"0":"post-12842","1":"product","2":"type-product","3":"status-publish","4":"has-post-thumbnail","6":"product_cat-industrial-switches","7":"product_tag-2-5g","8":"product_tag-4-port","9":"product_tag-industrial-ethernet-switch","10":"product_tag-sfp","12":"first","13":"instock","14":"featured","15":"shipping-taxable","16":"purchasable","17":"product-type-variable","18":"has-default-attributes"},"_links":{"self":[{"href":"https:\/\/www.luleey.com\/de\/wp-json\/wp\/v2\/product\/12842","targetHints":{"allow":["GET"]}}],"collection":[{"href":"https:\/\/www.luleey.com\/de\/wp-json\/wp\/v2\/product"}],"about":[{"href":"https:\/\/www.luleey.com\/de\/wp-json\/wp\/v2\/types\/product"}],"replies":[{"embeddable":true,"href":"https:\/\/www.luleey.com\/de\/wp-json\/wp\/v2\/comments?post=12842"}],"wp:featuredmedia":[{"embeddable":true,"href":"https:\/\/www.luleey.com\/de\/wp-json\/wp\/v2\/media\/12876"}],"wp:attachment":[{"href":"https:\/\/www.luleey.com\/de\/wp-json\/wp\/v2\/media?parent=12842"}],"wp:term":[{"taxonomy":"product_brand","embeddable":true,"href":"https:\/\/www.luleey.com\/de\/wp-json\/wp\/v2\/product_brand?post=12842"},{"taxonomy":"product_cat","embeddable":true,"href":"https:\/\/www.luleey.com\/de\/wp-json\/wp\/v2\/product_cat?post=12842"},{"taxonomy":"product_tag","embeddable":true,"href":"https:\/\/www.luleey.com\/de\/wp-json\/wp\/v2\/product_tag?post=12842"}],"curies":[{"name":"wp","href":"https:\/\/api.w.org\/{rel}","templated":true}]}}