{"id":12860,"date":"2024-07-19T00:57:50","date_gmt":"2024-07-18T16:57:50","guid":{"rendered":"https:\/\/www.luleey.com\/?post_type=product&#038;p=12860"},"modified":"2025-10-25T13:53:37","modified_gmt":"2025-10-25T05:53:37","slug":"2-5g-gpon-epon-onull-xz110","status":"publish","type":"product","link":"https:\/\/www.luleey.com\/de\/produkt-2\/2-5g-gpon-epon-onull-xz110\/","title":{"rendered":"2,5G GPON\/EPON ONU LL-XZ110"},"content":{"rendered":"<p><span style=\"color: #ff00ff;\"><a style=\"color: #ff00ff;\" href=\"https:\/\/www.luleey.com\/de\/2-5g-gpon-epon-onu-ll-xz110-web-management\/\">wie zu verwenden<\/a><\/span><\/p>\n<h3>Eigenschaften<\/h3>\n<ol>\n<li>Unterst\u00fctzung von Parameter\u00e4nderungen wie SN\/ONUID\/VENDORID\/MAC\/LOID...<\/li>\n<li>Unterst\u00fctzt Portgeschwindigkeitsbegrenzung und Bandbreitenkontrolle<\/li>\n<li>Vollst\u00e4ndig kompatibel mit den Standards IEEE802.3ah und ITU-U G.984<\/li>\n<li>Unterst\u00fctzt bis zu 20KM \u00dcbertragungsdistanz<\/li>\n<li>Unterst\u00fctzt Datenverschl\u00fcsselung, Broadcast-Unterdr\u00fcckung, VLAN-Konfiguration, etc.<\/li>\n<li>Unterst\u00fctzt dynamische Bandbreitenzuweisung (DBA)<\/li>\n<li>Unterst\u00fctzt automatische ONU-Erkennung\/Link-Erkennung\/Fernsoftware-Upgrade<\/li>\n<li>Unterst\u00fctzung der Portweiterleitungskonfiguration<\/li>\n<li>Unterst\u00fctzt Stromausfallalarm<\/li>\n<li>Unterst\u00fctzung der QoS-Konfiguration<\/li>\n<li>Unterst\u00fctzung der Portisolierung<\/li>\n<li>Unterst\u00fctzt Feuerschutzeinstellungen<\/li>\n<li>Unterst\u00fctzung ACL<\/li>\n<li>Unterst\u00fctzung der TR069-Verwaltungsmethode<\/li>\n<li>Unterst\u00fctzt PPPoE\/DHCP Server\/IPTV\/NAT<\/li>\n<\/ol>\n<h3>Spezifikation<\/h3>\n<table width=\"598\">\n<tbody>\n<tr>\n<td width=\"211\">Modell<\/td>\n<td width=\"387\">LL-XZ110<\/td>\n<\/tr>\n<tr>\n<td>Chips<\/td>\n<td>RTL9601DVA<\/td>\n<\/tr>\n<tr>\n<td>Ethernet-Anschluss<\/td>\n<td width=\"387\">Auto MDI\/MDI-X<br \/>\n1*10\/100\/1000\/2500M<br \/>\n1*10\/100\/1000M<br \/>\n100m Kabel Maximale Entfernung<\/td>\n<\/tr>\n<tr>\n<td>PON-Anschluss<\/td>\n<td width=\"387\">Auto GPON\/EPON<br \/>\nSC-UPC<br \/>\n20km Fiber Max Entfernung<\/td>\n<\/tr>\n<tr>\n<td>IN GPON<\/td>\n<td>OBEN 1,25G \/ UNTEN 2,5G<\/td>\n<\/tr>\n<tr>\n<td>IN EPON<\/td>\n<td>OBEN 1,25G \/ UNTEN 1,25G<\/td>\n<\/tr>\n<tr>\n<td>Empfindlichkeit des Empf\u00e4ngers<\/td>\n<td>-7dbm~-28dbm<\/td>\n<\/tr>\n<tr>\n<td>Gr\u00f6\u00dfe des Produkts<\/td>\n<td>132x83x30mm<\/td>\n<\/tr>\n<tr>\n<td>Betriebstemperatur<\/td>\n<td>-10\u2103~60\u2103<\/td>\n<\/tr>\n<tr>\n<td>Netzadapter<\/td>\n<td>DC 12V 2.1\u00d75..5mm<\/td>\n<\/tr>\n<tr>\n<td>Produktmanagement<\/td>\n<td>WEB\/TELNET\/TR069\/OMCI\/OAM<\/td>\n<\/tr>\n<\/tbody>\n<\/table>","protected":false},"excerpt":{"rendered":"<p>Funktionen Unterst\u00fctzung von Parameter\u00e4nderungen wie SN\/ONUID\/VENDORID\/MAC\/LOID... Unterst\u00fctzt Portgeschwindigkeitsbegrenzung und Bandbreitenkontrolle Vollst\u00e4ndig kompatibel mit<\/p>","protected":false},"featured_media":12903,"comment_status":"open","ping_status":"closed","template":"","meta":[],"product_brand":[],"product_cat":[350],"product_tag":[126,230,254,344,346],"class_list":{"0":"post-12860","1":"product","2":"type-product","3":"status-publish","4":"has-post-thumbnail","6":"product_cat-2-5g-gpon-epon-onu","7":"product_tag-2-5g-onu","8":"product_tag-gpon-onu","9":"product_tag-ll-xz110","10":"product_tag-xpon-onu","11":"product_tag-z110","13":"first","14":"outofstock","15":"sale","16":"shipping-taxable","17":"purchasable","18":"product-type-variable"},"_links":{"self":[{"href":"https:\/\/www.luleey.com\/de\/wp-json\/wp\/v2\/product\/12860","targetHints":{"allow":["GET"]}}],"collection":[{"href":"https:\/\/www.luleey.com\/de\/wp-json\/wp\/v2\/product"}],"about":[{"href":"https:\/\/www.luleey.com\/de\/wp-json\/wp\/v2\/types\/product"}],"replies":[{"embeddable":true,"href":"https:\/\/www.luleey.com\/de\/wp-json\/wp\/v2\/comments?post=12860"}],"wp:featuredmedia":[{"embeddable":true,"href":"https:\/\/www.luleey.com\/de\/wp-json\/wp\/v2\/media\/12903"}],"wp:attachment":[{"href":"https:\/\/www.luleey.com\/de\/wp-json\/wp\/v2\/media?parent=12860"}],"wp:term":[{"taxonomy":"product_brand","embeddable":true,"href":"https:\/\/www.luleey.com\/de\/wp-json\/wp\/v2\/product_brand?post=12860"},{"taxonomy":"product_cat","embeddable":true,"href":"https:\/\/www.luleey.com\/de\/wp-json\/wp\/v2\/product_cat?post=12860"},{"taxonomy":"product_tag","embeddable":true,"href":"https:\/\/www.luleey.com\/de\/wp-json\/wp\/v2\/product_tag?post=12860"}],"curies":[{"name":"wp","href":"https:\/\/api.w.org\/{rel}","templated":true}]}}