{"id":12869,"date":"2024-07-19T00:57:52","date_gmt":"2024-07-18T16:57:52","guid":{"rendered":"https:\/\/www.luleey.com\/?post_type=product&#038;p=12869"},"modified":"2025-08-02T22:29:59","modified_gmt":"2025-08-02T14:29:59","slug":"1-pon-gpon-olt","status":"publish","type":"product","link":"https:\/\/www.luleey.com\/de\/produkt-2\/1-pon-gpon-olt\/","title":{"rendered":"1 PON GPON OLT, LL-GPOLT-G01"},"content":{"rendered":"<div class=\"title--wrap--Ms9Zv4A\">\n<h3>Eigenschaften<\/h3>\n<ol>\n<li>1 PON GPON OLT max. 128 Kunden<\/li>\n<li>Unterst\u00fctzt flexible DBA und vor- und nachgelagerte Verkehrssteuerung<\/li>\n<li>Unterst\u00fctzung der automatischen Erkennung von ONUs, automatische Erkennung und Autorisierung<\/li>\n<li>VLAN-Unterst\u00fctzung<\/li>\n<li>Unterst\u00fctzung von Multicast und IGMP-Snooping<\/li>\n<li data-spm-anchor-id=\"a2g0o.detail.1000023.i1.745aNgYHNgYHlS\">Flash-Speicher: 32MB<\/li>\n<li>DDR: 512MB<\/li>\n<li>PON-Funktion: unterst\u00fctzt automatische Registrierung, ONU Whitelist und Blacklist, DBA-Konfiguration<\/li>\n<li>Verwaltungssoftware: CLI\/WEB\/SNMP\/NMS<\/li>\n<li data-spm-anchor-id=\"a2g0o.detail.1000023.i2.745aNgYHNgYHlS\">Unterst\u00fctzung von IGMP Snooping\/Proxy und Port-Isolierung<\/li>\n<\/ol>\n<div class=\"structure-row\">\n<div class=\"col-left\" data-spm-anchor-id=\"a2700.details.0.i25.78ff2908MBBelt\">\n<div class=\"structure-row\">\n<h3>Spezifikation<\/h3>\n<table width=\"754\">\n<tbody>\n<tr>\n<td width=\"236\">Modell<\/td>\n<td width=\"518\">LL-GPOLT-G01<\/td>\n<\/tr>\n<tr>\n<td>Ger\u00e4tetyp<\/td>\n<td>GPON OLT<\/td>\n<\/tr>\n<tr>\n<td>GPON-Anschluss<\/td>\n<td>1x GPON<\/td>\n<\/tr>\n<tr>\n<td>SFP-Anschluss<\/td>\n<td>1x SFP+<\/td>\n<\/tr>\n<tr>\n<td>Ethernet-Anschluss<\/td>\n<td>4x 10\/100\/1000M<\/td>\n<\/tr>\n<tr>\n<td>Management-Anschluss<\/td>\n<td>1x Konsolenanschluss<\/td>\n<\/tr>\n<tr>\n<td>Aufteilungsverh\u00e4ltnis<\/td>\n<td>1:128<\/td>\n<\/tr>\n<tr>\n<td>Blitzlicht<\/td>\n<td>32MB<\/td>\n<\/tr>\n<tr>\n<td>DDR<\/td>\n<td>512MB<\/td>\n<\/tr>\n<tr>\n<td>Gr\u00f6\u00dfe<\/td>\n<td>186mm x157mm x39mm<\/td>\n<\/tr>\n<tr>\n<td>Normen<\/td>\n<td width=\"518\">IEEE802.3\uff0810Base-T\uff09<br \/>\nIEEE802.3u\uff08100Base-TX\uff09<br \/>\nIEEE802.3z\uff081000BASE-X\uff09<br \/>\nIEEE802.3ab\uff081000Base-T\uff09<br \/>\nIEEE802.1Q\uff08VLAN\uff09<\/td>\n<\/tr>\n<tr>\n<td>Umwelt<\/td>\n<td width=\"518\">Arbeitsumgebung: -10C~55 \u2103<br \/>\nLagerumgebung: -40 \u2103~80 \u2103<br \/>\nLuftfeuchtigkeit bei Lagerung: 5%~95% (keine Kondensation)<\/td>\n<\/tr>\n<tr>\n<td>Strom<\/td>\n<td>12V GLEICHSTROM<\/td>\n<\/tr>\n<tr>\n<td>PON-Funktion<\/td>\n<td width=\"518\">Unterst\u00fctzung der automatischen Registrierung<br \/>\nONU Whitelist und Blacklist<br \/>\nDBA-Konfiguration<\/td>\n<\/tr>\n<tr>\n<td>Konfiguration und Verwaltung<\/td>\n<td width=\"518\">CLI, WEB, SNMP\/NMS<br \/>\nKomponenten und Firmware<br \/>\nEingabeaufforderung<br \/>\nUnterst\u00fctzung der Ping- und Disconnect-Funktion<br \/>\nUnterst\u00fctzung der Protokoll- und Polizeiverwaltung<\/td>\n<\/tr>\n<tr>\n<td>L2-Funktion<\/td>\n<td width=\"518\">Unterst\u00fctzt VLAN<br \/>\nUnterst\u00fctzt IGMP Snooping\/Proxy<br \/>\nUnterst\u00fctzung der Portisolierung<\/td>\n<\/tr>\n<\/tbody>\n<\/table>\n<\/div>\n<\/div>\n<\/div>\n<\/div>","protected":false},"excerpt":{"rendered":"<p>G01 ist eine GPON-OLT-Serie im Geh\u00e4use. Das System zeichnet sich durch gute Stabilit\u00e4t und hohe Zuverl\u00e4ssigkeit aus. Unterst\u00fctzt mehrere Verwaltungsmethoden wie CLI, WEB und SNMP. Das Produkt bietet 1 Downlink-GPON-Schnittstelle, 4 * 1000base-T Uplink-Ethernet-Schnittstelle und 1 Uplink-SFP+-Schnittstelle. Geeignet f\u00fcr d\u00fcnn besiedelte, abgelegene und kostensensitive Gebiete, intelligente Industrieparks, Gesch\u00e4ftsgeb\u00e4ude, FTTRs usw. Jeder GPON-Port unterst\u00fctzt ein maximales Segmentierungsverh\u00e4ltnis von 1:128, unterst\u00fctzt maximal 128 GPON-Benutzer und unterst\u00fctzt verschiedene Arten von ONUs in verschiedenen Netzwerken.<\/p>","protected":false},"featured_media":17974,"comment_status":"open","ping_status":"closed","template":"","meta":[],"product_brand":[],"product_cat":[360],"product_tag":[83,106,227,229],"class_list":{"0":"post-12869","1":"product","2":"type-product","3":"status-publish","4":"has-post-thumbnail","6":"product_cat-gpon-olt","7":"product_tag-1-gpon","8":"product_tag-128-onu","9":"product_tag-g01","10":"product_tag-gpon-olt","12":"first","13":"instock","14":"shipping-taxable","15":"purchasable","16":"product-type-variable","17":"has-default-attributes"},"_links":{"self":[{"href":"https:\/\/www.luleey.com\/de\/wp-json\/wp\/v2\/product\/12869","targetHints":{"allow":["GET"]}}],"collection":[{"href":"https:\/\/www.luleey.com\/de\/wp-json\/wp\/v2\/product"}],"about":[{"href":"https:\/\/www.luleey.com\/de\/wp-json\/wp\/v2\/types\/product"}],"replies":[{"embeddable":true,"href":"https:\/\/www.luleey.com\/de\/wp-json\/wp\/v2\/comments?post=12869"}],"wp:featuredmedia":[{"embeddable":true,"href":"https:\/\/www.luleey.com\/de\/wp-json\/wp\/v2\/media\/17974"}],"wp:attachment":[{"href":"https:\/\/www.luleey.com\/de\/wp-json\/wp\/v2\/media?parent=12869"}],"wp:term":[{"taxonomy":"product_brand","embeddable":true,"href":"https:\/\/www.luleey.com\/de\/wp-json\/wp\/v2\/product_brand?post=12869"},{"taxonomy":"product_cat","embeddable":true,"href":"https:\/\/www.luleey.com\/de\/wp-json\/wp\/v2\/product_cat?post=12869"},{"taxonomy":"product_tag","embeddable":true,"href":"https:\/\/www.luleey.com\/de\/wp-json\/wp\/v2\/product_tag?post=12869"}],"curies":[{"name":"wp","href":"https:\/\/api.w.org\/{rel}","templated":true}]}}