{"id":12871,"date":"2024-07-19T00:57:52","date_gmt":"2024-07-18T16:57:52","guid":{"rendered":"https:\/\/www.luleey.com\/?post_type=product&#038;p=12871"},"modified":"2025-07-17T09:24:25","modified_gmt":"2025-07-17T01:24:25","slug":"sc-apc-optical-fiber-ftth-connector","status":"publish","type":"product","link":"https:\/\/www.luleey.com\/de\/produkt-2\/sc-apc-optical-fiber-ftth-connector\/","title":{"rendered":"SC APC Glasfaser FTTH Stecker"},"content":{"rendered":"<h3>Eigenschaften<\/h3>\n<ol>\n<li>FTTH-Stecker, geringe Einf\u00fcged\u00e4mpfung, hohe R\u00fcckflussd\u00e4mpfung<\/li>\n<li>Simplex, Duplex, Quad verf\u00fcgbar<\/li>\n<li>Anhaltend gute Leistung<\/li>\n<li>Verwendung von niedrigen Kosten ,Verwendung von guter Leistung<\/li>\n<li>Schnelle Installation<\/li>\n<\/ol>\n<p><strong>Anmeldung<\/strong><\/p>\n<ul>\n<li>\n<p data-spm-anchor-id=\"a2g0o.detail.1000023.i5.1539lRTZlRTZje\">Verteilung der Fasern<\/p>\n<\/li>\n<li>LAN und WAN<\/li>\n<li>FTTH-Applikaitonen<\/li>\n<li>CATV<\/li>\n<li>Pr\u00fcfger\u00e4te<\/li>\n<li>\n<p data-spm-anchor-id=\"a2g0o.detail.1000023.i4.1539lRTZlRTZje\">Telekommunikationssysteme<\/p>\n<\/li>\n<\/ul>\n<h3>Spezifikation<\/h3>\n<table width=\"413\">\n<tbody>\n<tr>\n<td width=\"173\">Modell<\/td>\n<td width=\"240\">LL-QC-55-SCAPC<\/td>\n<\/tr>\n<tr>\n<td>Einf\u00fcgungsd\u00e4mpfung<\/td>\n<td>weniger als oder gleich 0,3 dB<\/td>\n<\/tr>\n<tr>\n<td>R\u00fcckflussd\u00e4mpfung<\/td>\n<td>gr\u00f6\u00dfer als oder gleich 50 dB<\/td>\n<\/tr>\n<tr>\n<td>L\u00e4nge<\/td>\n<td>55mm<\/td>\n<\/tr>\n<tr>\n<td>Betriebstemperatur<\/td>\n<td>-40~+85 Grad Celsius<\/td>\n<\/tr>\n<tr>\n<td>Wiederverwendung<\/td>\n<td>Unterst\u00fctzung<\/td>\n<\/tr>\n<tr>\n<td>Standardtest<\/td>\n<td>f\u00fcr Fall, Spannung, Vibration und Verdrehung.<\/td>\n<\/tr>\n<\/tbody>\n<\/table>","protected":false},"excerpt":{"rendered":"<p>FTTH-Stecker SC APC Glasfaserkabel Schnellanschluss Adapter f\u00fcr FTTH\/CATV-Netzwerk<\/p>","protected":false},"featured_media":12911,"comment_status":"open","ping_status":"closed","template":"","meta":[],"product_brand":[],"product_cat":[368],"product_tag":[277,306],"class_list":{"0":"post-12871","1":"product","2":"type-product","3":"status-publish","4":"has-post-thumbnail","6":"product_cat-quick-connector-and-connector-panel","7":"product_tag-optical-fiber-connector","8":"product_tag-sc-apc","10":"first","11":"instock","12":"shipping-taxable","13":"purchasable","14":"product-type-variable","15":"has-default-attributes"},"_links":{"self":[{"href":"https:\/\/www.luleey.com\/de\/wp-json\/wp\/v2\/product\/12871","targetHints":{"allow":["GET"]}}],"collection":[{"href":"https:\/\/www.luleey.com\/de\/wp-json\/wp\/v2\/product"}],"about":[{"href":"https:\/\/www.luleey.com\/de\/wp-json\/wp\/v2\/types\/product"}],"replies":[{"embeddable":true,"href":"https:\/\/www.luleey.com\/de\/wp-json\/wp\/v2\/comments?post=12871"}],"wp:featuredmedia":[{"embeddable":true,"href":"https:\/\/www.luleey.com\/de\/wp-json\/wp\/v2\/media\/12911"}],"wp:attachment":[{"href":"https:\/\/www.luleey.com\/de\/wp-json\/wp\/v2\/media?parent=12871"}],"wp:term":[{"taxonomy":"product_brand","embeddable":true,"href":"https:\/\/www.luleey.com\/de\/wp-json\/wp\/v2\/product_brand?post=12871"},{"taxonomy":"product_cat","embeddable":true,"href":"https:\/\/www.luleey.com\/de\/wp-json\/wp\/v2\/product_cat?post=12871"},{"taxonomy":"product_tag","embeddable":true,"href":"https:\/\/www.luleey.com\/de\/wp-json\/wp\/v2\/product_tag?post=12871"}],"curies":[{"name":"wp","href":"https:\/\/api.w.org\/{rel}","templated":true}]}}