{"id":12893,"date":"2024-07-19T00:58:16","date_gmt":"2024-07-18T16:58:16","guid":{"rendered":"https:\/\/www.luleey.com\/?post_type=product&#038;p=12893"},"modified":"2024-12-17T10:48:37","modified_gmt":"2024-12-17T02:48:37","slug":"24-port-2-5g-poe-ethernet-switch-l3-layers-management-switch","status":"publish","type":"product","link":"https:\/\/www.luleey.com\/de\/produkt-2\/24-port-2-5g-poe-ethernet-switch-l3-layers-management-switch\/","title":{"rendered":"24 Port 2.5G POE Ethernet Switch L3 Schichten Management Switch"},"content":{"rendered":"<h3><span style=\"font-family: arial, helvetica, sans-serif;\">Eigenschaften<\/span><\/h3>\n<ol>\n<li style=\"font-size: 16px;\"><span style=\"font-family: arial, helvetica, sans-serif;\">2.5G \u00dcbertragungsrate, 2.5G Ethernet Switch\u00a0<\/span><\/li>\n<li style=\"font-size: 16px;\"><span style=\"font-family: arial, helvetica, sans-serif;\">Unterst\u00fctzt 10G SFP+, Switch 10gb<\/span><\/li>\n<li style=\"font-size: 16px;\"><span style=\"font-family: arial, helvetica, sans-serif;\">Unterst\u00fctzt dreischichtiges Netzwerkmanagement<\/span><\/li>\n<li style=\"font-size: 16px;\"><span style=\"font-family: arial, helvetica, sans-serif;\">Mehrere Routing-Protokolle, L3-Schichten Management Switch<\/span><\/li>\n<li style=\"font-size: 16px;\"><span style=\"font-family: arial, helvetica, sans-serif;\">16M Zwischenspeicher<\/span><\/li>\n<li style=\"font-size: 16px;\"><span style=\"font-family: arial, helvetica, sans-serif;\">4KV-Blitzschutz<\/span><\/li>\n<li style=\"font-size: 16px;\"><span style=\"font-family: arial, helvetica, sans-serif;\">Best\u00e4ndigkeit gegen hohe und niedrige Temperaturen<\/span><\/li>\n<li><span style=\"font-family: arial, helvetica, sans-serif;\">POE Ethernet Switch 400W PoE Leistung, 1-4 Ports max bis zu 90W PoE Leistung, 5-9 Ports max bis zu 30W PoE Leistung<\/span><\/li>\n<\/ol>\n<h3><span style=\"font-family: arial, helvetica, sans-serif;\">Spezifikation<\/span><\/h3>\n<table style=\"border-collapse: collapse; width: 64.7191%; height: 876px;\">\n<tbody>\n<tr style=\"height: 45px;\">\n<td style=\"width: 21.3858%; height: 45px;\"><span style=\"font-family: arial, helvetica, sans-serif;\">Modell<\/span><\/td>\n<td style=\"width: 75.6944%; height: 45px;\" width=\"284\"><span style=\"font-family: arial, helvetica, sans-serif;\">LL-L3MES-SW-2.5G-24POE-6SFP+<\/span><\/td>\n<\/tr>\n<tr style=\"height: 46px;\">\n<td style=\"width: 21.3858%; height: 46px;\"><span style=\"font-family: arial, helvetica, sans-serif;\">\u00a0Hafen<\/span><\/td>\n<td style=\"width: 75.6944%; height: 46px;\" width=\"739\"><span style=\"font-family: arial, helvetica, sans-serif;\">24 x 100\/1000\/2500M PoE-Ethernet-Anschluss<\/span><br \/>\n<span style=\"font-family: arial, helvetica, sans-serif;\">6 x SFP+ Anschluss<\/span><br \/>\n<span style=\"font-family: arial, helvetica, sans-serif;\">1 x Konsolenanschluss<\/span><\/td>\n<\/tr>\n<tr style=\"height: 106px;\">\n<td style=\"width: 21.3858%; height: 106px;\"><span style=\"font-family: arial, helvetica, sans-serif;\">Netzwerk-Protokoll<\/span><\/td>\n<td style=\"width: 75.6944%; height: 106px;\"><span style=\"font-family: arial, helvetica, sans-serif;\">IEEE802.3<\/span><br \/>\n<span style=\"font-family: arial, helvetica, sans-serif;\">IEEE802.3u<\/span><br \/>\n<span style=\"font-family: arial, helvetica, sans-serif;\">IEEE 802.3ab<\/span><br \/>\n<span style=\"font-family: arial, helvetica, sans-serif;\">IEEE802.3z<\/span><br \/>\n<span style=\"font-family: arial, helvetica, sans-serif;\">IEEE 802.3ae<\/span><br \/>\n<span style=\"font-family: arial, helvetica, sans-serif;\">IEEE802.3x<\/span><br \/>\n<span style=\"font-family: arial, helvetica, sans-serif;\">IEEE 802.3az<\/span><br \/>\n<span style=\"font-family: arial, helvetica, sans-serif;\">IEEE 802.3ad<\/span><br \/>\n<span style=\"font-family: arial, helvetica, sans-serif;\">IEEE 802.1AB LLDP\/LLDP MED<\/span><br \/>\n<span style=\"font-family: arial, helvetica, sans-serif;\">IEEE 802.1D Spanning Tree Protokoll<\/span><br \/>\n<span style=\"font-family: arial, helvetica, sans-serif;\">IEEE 802.1W RSTP<\/span><br \/>\n<span style=\"font-family: arial, helvetica, sans-serif;\">IEEE 802.1s MSTP<\/span><br \/>\n<span style=\"font-family: arial, helvetica, sans-serif;\">IEEE802.1Q<\/span><br \/>\n<span style=\"font-family: arial, helvetica, sans-serif;\">IEEE 802.1p<\/span><br \/>\n<span style=\"font-family: arial, helvetica, sans-serif;\">IEEE802.1X<\/span><\/td>\n<\/tr>\n<tr style=\"height: 261px;\">\n<td style=\"width: 21.3858%; height: 261px;\"><span style=\"font-family: arial, helvetica, sans-serif;\">Leistung<\/span><\/td>\n<td style=\"width: 75.6944%; height: 261px;\"><span style=\"font-family: arial, helvetica, sans-serif;\">Backplane-Bandbreite: 240Gbps<\/span><br \/>\n<span style=\"font-family: arial, helvetica, sans-serif;\">Weiterleitungsrate der Pakete: 178.56Mpps<\/span><br \/>\n<span style=\"font-family: arial, helvetica, sans-serif;\">Speicher DDR: 512MByte<\/span><br \/>\n<span style=\"font-family: arial, helvetica, sans-serif;\">Flash: 32MByte<\/span><br \/>\n<span style=\"font-family: arial, helvetica, sans-serif;\">MAC-Adresstabelle: 32K<\/span><br \/>\n<span style=\"font-family: arial, helvetica, sans-serif;\">Paket-Cache: 16Mbit<\/span><br \/>\n<span style=\"font-family: arial, helvetica, sans-serif;\">Riesiger Rahmen: 10K Bytes<\/span><br \/>\n<span style=\"font-family: arial, helvetica, sans-serif;\">VLANs: VLAN-Bereich 1-4094, maximal aktives VLAN ist 4K<\/span><\/td>\n<\/tr>\n<tr style=\"height: 50px;\">\n<td style=\"width: 21.3858%; height: 50px;\"><span style=\"font-family: arial, helvetica, sans-serif;\">Stromspannung<\/span><\/td>\n<td style=\"width: 75.6944%; height: 50px;\"><span style=\"font-family: arial, helvetica, sans-serif;\">Betriebsspannung: AC100-240V, 50\/60Hz<\/span><br \/>\n<span style=\"font-family: arial, helvetica, sans-serif;\">Stromversorgung: DC54 V7.69A , 12V5A<\/span><br \/>\n<span style=\"font-family: arial, helvetica, sans-serif;\">POE-Ausgang: maximal 400 W<\/span><\/td>\n<\/tr>\n<tr style=\"height: 46px;\">\n<td style=\"width: 21.3858%; height: 46px;\"><span style=\"font-family: arial, helvetica, sans-serif;\">Physikalische Struktur<\/span><\/td>\n<td style=\"width: 75.6944%; height: 46px;\"><span style=\"font-family: arial, helvetica, sans-serif;\">Einbau: Standard 1U-Rack-Installation, Desktop-Installation<\/span><br \/>\n<span style=\"font-family: arial, helvetica, sans-serif;\">Produktgr\u00f6\u00dfe (LXBXH): 440 x 281 x 44MM <\/span><span style=\"font-family: arial, helvetica, sans-serif;\">Verpackungsgr\u00f6\u00dfe (LXBXH): 500 x 365 x 85MM<\/span><\/td>\n<\/tr>\n<tr style=\"height: 46px;\">\n<td style=\"width: 21.3858%; height: 46px;\">L3 Funktion<\/td>\n<td style=\"width: 75.6944%; height: 46px;\">Leitweglenkung, RIP, OSPF, IPV4, IPV6<\/td>\n<\/tr>\n<tr style=\"height: 46px;\">\n<td style=\"width: 21.3858%; height: 46px;\">L2 Funktion<\/td>\n<td style=\"width: 75.6944%; height: 46px;\">Port-Konfiguration, Pfad-Aggregation, Burst-Kontrolle, Port-Spiegelung, Port-Sicherheit, Port-Isolierung, Port-Geschwindigkeitsbegrenzung, Road-Test, VLAN, MAC-Adresse, Generierung, LLDP, Wiedergabe, QOS<\/td>\n<\/tr>\n<tr style=\"height: 46px;\">\n<td style=\"width: 21.3858%; height: 46px;\"><span style=\"font-family: arial, helvetica, sans-serif;\">Anzeigelampe:<\/span><\/td>\n<td style=\"width: 75.6944%; height: 46px;\"><span style=\"font-family: arial, helvetica, sans-serif;\">PWR (Betriebsleuchte), SYS (Systemleuchte), PoE-Stromversorgungsleuchte Link\/ACT (Datenleuchte), PoE (PoE-Anzeigeleuchte) SFP-Anschlussleuchte<\/span><\/td>\n<\/tr>\n<tr style=\"height: 46px;\">\n<td style=\"width: 21.3858%; height: 46px;\"><span style=\"font-family: arial, helvetica, sans-serif;\">Arbeitsumfeld<\/span><\/td>\n<td style=\"width: 75.6944%; height: 46px;\"><span style=\"font-family: arial, helvetica, sans-serif;\">Arbeitstemperatur: -10~50 \u2103<\/span><\/p>\n<p><span style=\"font-family: arial, helvetica, sans-serif;\">Lagertemperatur: -40~70 \u2103<\/span><\/p>\n<p><span style=\"font-family: arial, helvetica, sans-serif;\">Arbeitsfeuchtigkeit: 10%~90%, nicht kondensierend<\/span><\/p>\n<p><span style=\"font-family: arial, helvetica, sans-serif;\">Luftfeuchtigkeit bei Lagerung: 5%~90%, keine Kondensation<\/span><\/td>\n<\/tr>\n<\/tbody>\n<\/table>\n<p>&nbsp;<\/p>","protected":false},"excerpt":{"rendered":"<p><span style=\"font-family: arial, helvetica, sans-serif;\">Management Switch bietet 24\u00d7100\/1000\/2500M adaptive POE-Ports, 6x 10Gb SFP+ Ports, Switch 10gb und 1 Konsolenport; eine umfassende Sicherheitskontrollstrategie und CPU-Schutzrichtlinie (CPUProtect-Richtlinie) verbessern die Fehlertoleranz und gew\u00e4hrleisten einen stabilen Netzwerkbetrieb und Lastausgleich von Links; das Ger\u00e4t unterst\u00fctzt automatische DoS-Angriffsvermeidung und SNMP, IEEE802.1, Spanning-Tree- und Fast-Spanning-Tree-Protokolle, Link-Aggregation und andere Funktionen. Erweiterte Sicherheitsfunktionen und Quality of Service (QoS) k\u00f6nnen als Core-, Distributed- oder Access-Layer-Switches mit hoher Portdichte und einfacher Verwaltung eingesetzt werden.<\/span><\/p>","protected":false},"featured_media":12935,"comment_status":"open","ping_status":"closed","template":"","meta":[],"product_brand":[],"product_cat":[258,290],"product_tag":[124,132,208,244,289,322],"class_list":{"0":"post-12893","1":"product","2":"type-product","3":"status-publish","4":"has-post-thumbnail","6":"product_cat-managed-switches","7":"product_cat-poe-switches","8":"product_tag-2-5g","9":"product_tag-24-port","10":"product_tag-ethernet-switch","11":"product_tag-l3-managed","12":"product_tag-poe","13":"product_tag-sfp","15":"first","16":"instock","17":"shipping-taxable","18":"purchasable","19":"product-type-variable"},"_links":{"self":[{"href":"https:\/\/www.luleey.com\/de\/wp-json\/wp\/v2\/product\/12893","targetHints":{"allow":["GET"]}}],"collection":[{"href":"https:\/\/www.luleey.com\/de\/wp-json\/wp\/v2\/product"}],"about":[{"href":"https:\/\/www.luleey.com\/de\/wp-json\/wp\/v2\/types\/product"}],"replies":[{"embeddable":true,"href":"https:\/\/www.luleey.com\/de\/wp-json\/wp\/v2\/comments?post=12893"}],"wp:featuredmedia":[{"embeddable":true,"href":"https:\/\/www.luleey.com\/de\/wp-json\/wp\/v2\/media\/12935"}],"wp:attachment":[{"href":"https:\/\/www.luleey.com\/de\/wp-json\/wp\/v2\/media?parent=12893"}],"wp:term":[{"taxonomy":"product_brand","embeddable":true,"href":"https:\/\/www.luleey.com\/de\/wp-json\/wp\/v2\/product_brand?post=12893"},{"taxonomy":"product_cat","embeddable":true,"href":"https:\/\/www.luleey.com\/de\/wp-json\/wp\/v2\/product_cat?post=12893"},{"taxonomy":"product_tag","embeddable":true,"href":"https:\/\/www.luleey.com\/de\/wp-json\/wp\/v2\/product_tag?post=12893"}],"curies":[{"name":"wp","href":"https:\/\/api.w.org\/{rel}","templated":true}]}}