{"id":12895,"date":"2024-07-19T00:58:16","date_gmt":"2024-07-18T16:58:16","guid":{"rendered":"https:\/\/www.luleey.com\/?post_type=product&#038;p=12895"},"modified":"2024-12-17T10:46:43","modified_gmt":"2024-12-17T02:46:43","slug":"poe-8-port-2-5g-ethernet-switch-sfp-unmanaged-switch-2","status":"publish","type":"product","link":"https:\/\/www.luleey.com\/de\/produkt-2\/poe-8-port-2-5g-ethernet-switch-sfp-unmanaged-switch-2\/","title":{"rendered":"POE 8 Port 2.5G Ethernet Switch SFP+ Unmanaged Switch"},"content":{"rendered":"<h3><span style=\"font-size: 18pt; font-weight: bold; font-family: Georgia, 'Times New Roman', 'Bitstream Charter', Times, serif;\">Eigenschaften<\/span><\/h3>\n<ol>\n<li>Port-Geschwindigkeit: 8\u00d72.5Gbps Ports unterst\u00fctzen POE, 1x10G SFP+ Uplink Port<\/li>\n<li>Leistungsaufnahme der Maschine:\u2264 120W DC52V 2.3A, Einzelanschluss \u2264 30W<\/li>\n<li>Ethernet-Hochgeschwindigkeitsanschluss: 8 x 10M\/100M\/1000M\/2.5G adaptiver Anschluss<\/li>\n<li>Optionale POE-Version: unterst\u00fctzt das 802.3AF\/AT-Standardprotokoll mit einer maximalen Leistung von 30 W an einem Anschluss, was die Einrichtung von Sicherheitsnetzwerken erleichtert<\/li>\n<li>Hochgeschwindigkeits-Weiterleitung: Die interne Integration eines Caches mit hoher Kapazit\u00e4t reduziert effektiv die Latenzzeit bei der Datenweiterleitung, und alle Ports k\u00f6nnen eine nicht blockierende Weiterleitung in Leitungsgeschwindigkeit erreichen<\/li>\n<li>Effiziente W\u00e4rmeableitung: Metallmaterial, doppelseitige L\u00fcftungsschlitze<\/li>\n<li>Plug and Play: Je nach Art des eingesteckten Netzwerkkabels kann MDI\/MDIX automatisch umgeschaltet werden, und die Effizienz der Ports kann ohne jegliche Konfiguration automatisch ausgehandelt werden.<\/li>\n<\/ol>\n<p><strong>4KT-Blitzschutz<\/strong><br \/>\n1. Die Produktschale ist aus hochwertigen Blechen gefertigt und hat eine hochfeste Blitzschutzwirkung.<br \/>\n2. Es kann auch bei schlechtem Wetter im Freien verwendet werden.<\/p>\n<p><strong>Plug and Play, keine Einrichtung erforderlich<\/strong><br \/>\n1. Keine Einstellungen erforderlich, unterst\u00fctzt Hot Swapping<br \/>\n2. Schlie\u00dfen Sie die optische Faser und das Netzwerkkabel an, um<\/p>\n<p><strong>Breites Spektrum von Anwendungen<\/strong><br \/>\n1.Krankenhaus<br \/>\n2.Unternehmen<br \/>\n3. Schule<br \/>\n4. Supermarkt<br \/>\n5. Familie<\/p>\n<h3>Spezifikation<\/h3>\n<table width=\"790\">\n<tbody>\n<tr>\n<td>Modell<\/td>\n<td>LL-ESNM-825GE1SFP+POE<\/td>\n<\/tr>\n<tr>\n<td width=\"229\">Leistungsaufnahme<\/td>\n<td width=\"561\">\u00a0AC 100-240V<\/td>\n<\/tr>\n<tr>\n<td>Weiterleitungsrate der Pakete<\/td>\n<td>\u00a044.64Mbps<\/td>\n<\/tr>\n<tr>\n<td>MAC-Adresse<\/td>\n<td>\u00a04K<\/td>\n<\/tr>\n<tr>\n<td>Backplane-Bandbreite<\/td>\n<td>\u00a060Gbps<\/td>\n<\/tr>\n<tr>\n<td>Vorw\u00e4rts-Modus<\/td>\n<td>\u00a0speichern und weiterleiten<\/td>\n<\/tr>\n<tr>\n<td>Netzwerk-Protokoll<\/td>\n<td>\u00a0IEEE802.3 IEEE802.3u IEEE802.3x IEEE802.3ab IEEE802.3bz<\/td>\n<\/tr>\n<tr>\n<td>Anforderungen an Netzwerkmedien<\/td>\n<td>\u00a010\/100\/1000BASE-TX, Kat. 6 und h\u00f6her, ungeschirmtes Twisted Pair<\/td>\n<\/tr>\n<tr>\n<td>\u00dcbertragungsentfernung des Netzwerkkabels<\/td>\n<td>\u00a0weniger als oder gleich 100 Meter<\/td>\n<\/tr>\n<tr>\n<td>Funktionen des Netzwerkanschlusses<\/td>\n<td>\u00a0schnelle Weiterleitung, automatisches MAC-Lernen und Alterung, IEEE802.3X-Vollduplex-Flusskontrolle und Backpressure-Halbduplex-Flusskontrolle<\/td>\n<\/tr>\n<tr>\n<td>Arbeitstemperatur<\/td>\n<td>\u00a0-10\u2103~55\u2103<\/td>\n<\/tr>\n<tr>\n<td>Lagertemperatur<\/td>\n<td>\u00a0-40\u2103~85\u2103<\/td>\n<\/tr>\n<tr>\n<td>Gr\u00f6\u00dfe<\/td>\n<td>\u00a0198mm*74mm*29mm (Version mit 8 Anschl\u00fcssen)<\/td>\n<\/tr>\n<tr>\n<td>POE<\/td>\n<td>\u00a0Insgesamt 120 W<\/td>\n<\/tr>\n<\/tbody>\n<\/table>\n<p>&nbsp;<\/p>","protected":false},"excerpt":{"rendered":"<p>2.5G POE-Ethernet-Switch, reibungslosere Weiterleitung bei Leitungsgeschwindigkeit<br \/>\n1. Einf\u00fchrung eines l\u00e4ndlichen Weiterleitungsmechanismus und interne Integration eines Caches mit hoher Kapazit\u00e4t<br \/>\n2. Effektive Reduzierung der Verz\u00f6gerung bei der Datenweiterleitung und Verbesserung der Weiterleitungseffizienz<br \/>\n3. Alle Ports verf\u00fcgen \u00fcber eine nicht blockierende Weiterleitung in Leitungsgeschwindigkeit, wodurch die Daten\u00fcbertragung reibungsloser verl\u00e4uft.<\/p>","protected":false},"featured_media":12281,"comment_status":"open","ping_status":"closed","template":"","meta":[],"product_brand":[],"product_cat":[290],"product_tag":[124,173,208,289,322],"class_list":{"0":"post-12895","1":"product","2":"type-product","3":"status-publish","4":"has-post-thumbnail","6":"product_cat-poe-switches","7":"product_tag-2-5g","8":"product_tag-8-port","9":"product_tag-ethernet-switch","10":"product_tag-poe","11":"product_tag-sfp","13":"first","14":"instock","15":"sale","16":"shipping-taxable","17":"purchasable","18":"product-type-variable"},"_links":{"self":[{"href":"https:\/\/www.luleey.com\/de\/wp-json\/wp\/v2\/product\/12895","targetHints":{"allow":["GET"]}}],"collection":[{"href":"https:\/\/www.luleey.com\/de\/wp-json\/wp\/v2\/product"}],"about":[{"href":"https:\/\/www.luleey.com\/de\/wp-json\/wp\/v2\/types\/product"}],"replies":[{"embeddable":true,"href":"https:\/\/www.luleey.com\/de\/wp-json\/wp\/v2\/comments?post=12895"}],"wp:featuredmedia":[{"embeddable":true,"href":"https:\/\/www.luleey.com\/de\/wp-json\/wp\/v2\/media\/12281"}],"wp:attachment":[{"href":"https:\/\/www.luleey.com\/de\/wp-json\/wp\/v2\/media?parent=12895"}],"wp:term":[{"taxonomy":"product_brand","embeddable":true,"href":"https:\/\/www.luleey.com\/de\/wp-json\/wp\/v2\/product_brand?post=12895"},{"taxonomy":"product_cat","embeddable":true,"href":"https:\/\/www.luleey.com\/de\/wp-json\/wp\/v2\/product_cat?post=12895"},{"taxonomy":"product_tag","embeddable":true,"href":"https:\/\/www.luleey.com\/de\/wp-json\/wp\/v2\/product_tag?post=12895"}],"curies":[{"name":"wp","href":"https:\/\/api.w.org\/{rel}","templated":true}]}}